{"id":223,"date":"2017-11-22T09:12:16","date_gmt":"2017-11-22T08:12:16","guid":{"rendered":"http:\/\/regeszet.bibl.u-szeged.hu\/?page_id=223"},"modified":"2017-11-25T10:57:43","modified_gmt":"2017-11-25T09:57:43","slug":"tanszeki-kirandulas","status":"publish","type":"page","link":"https:\/\/regeszet.bibl.u-szeged.hu\/index.php\/partiscon-tdk\/tanszeki-kirandulas\/","title":{"rendered":"Tansz\u00e9ki kir\u00e1ndul\u00e1s"},"content":{"rendered":"<p>Tansz\u00e9k\u00fcnk hallgat\u00f3i \u00e9s oktat\u00f3i minden \u00e9v tavasz\u00e1n tansz\u00e9ki kir\u00e1ndul\u00e1son vesznek r\u00e9szt, melynek c\u00e9lja az, hogy K\u00e1rp\u00e1t-medence egy-egy szeglet\u00e9nek r\u00e9g\u00e9szeti nevezetess\u00e9geit megismerj\u00e9k, tanulm\u00e1nyozz\u00e1k.<\/p>\n","protected":false},"excerpt":{"rendered":"<p>Tansz\u00e9k\u00fcnk hallgat\u00f3i \u00e9s oktat\u00f3i minden \u00e9v tavasz\u00e1n tansz\u00e9ki kir\u00e1ndul\u00e1son vesznek r\u00e9szt, melynek c\u00e9lja az, hogy K\u00e1rp\u00e1t-medence egy-egy szeglet\u00e9nek r\u00e9g\u00e9szeti nevezetess\u00e9geit megismerj\u00e9k, tanulm\u00e1nyozz\u00e1k.<\/p>\n","protected":false},"author":1,"featured_media":0,"parent":52,"menu_order":6,"comment_status":"closed","ping_status":"closed","template":"","meta":{"footnotes":""},"class_list":["post-223","page","type-page","status-publish","hentry"],"_links":{"self":[{"href":"https:\/\/regeszet.bibl.u-szeged.hu\/index.php\/wp-json\/wp\/v2\/pages\/223","targetHints":{"allow":["GET"]}}],"collection":[{"href":"https:\/\/regeszet.bibl.u-szeged.hu\/index.php\/wp-json\/wp\/v2\/pages"}],"about":[{"href":"https:\/\/regeszet.bibl.u-szeged.hu\/index.php\/wp-json\/wp\/v2\/types\/page"}],"author":[{"embeddable":true,"href":"https:\/\/regeszet.bibl.u-szeged.hu\/index.php\/wp-json\/wp\/v2\/users\/1"}],"replies":[{"embeddable":true,"href":"https:\/\/regeszet.bibl.u-szeged.hu\/index.php\/wp-json\/wp\/v2\/comments?post=223"}],"version-history":[{"count":2,"href":"https:\/\/regeszet.bibl.u-szeged.hu\/index.php\/wp-json\/wp\/v2\/pages\/223\/revisions"}],"predecessor-version":[{"id":1253,"href":"https:\/\/regeszet.bibl.u-szeged.hu\/index.php\/wp-json\/wp\/v2\/pages\/223\/revisions\/1253"}],"up":[{"embeddable":true,"href":"https:\/\/regeszet.bibl.u-szeged.hu\/index.php\/wp-json\/wp\/v2\/pages\/52"}],"wp:attachment":[{"href":"https:\/\/regeszet.bibl.u-szeged.hu\/index.php\/wp-json\/wp\/v2\/media?parent=223"}],"curies":[{"name":"wp","href":"https:\/\/api.w.org\/{rel}","templated":true}]}}