{"id":231,"date":"2017-11-22T09:13:51","date_gmt":"2017-11-22T08:13:51","guid":{"rendered":"http:\/\/regeszet.bibl.u-szeged.hu\/?page_id=231"},"modified":"2017-11-25T11:15:22","modified_gmt":"2017-11-25T10:15:22","slug":"2015-2016","status":"publish","type":"page","link":"https:\/\/regeszet.bibl.u-szeged.hu\/index.php\/partiscon-tdk\/tdk-eloadasok\/2015-2016\/","title":{"rendered":"2015\/2016"},"content":{"rendered":"<p>A 2015\/2016-\u00f6s f\u00e9l\u00e9vben Ecsedy Istv\u00e1n nyugalmazott r\u00e9g\u00e9sz, M\u00fcller R\u00f3bert, a keszthelyi m\u00fazeum nyugalmazott igazgat\u00f3ja, Garam \u00c9va, a Magyar Nemzeti M\u00fazeum nyugalmazott munkat\u00e1rsa, Mr\u00e1v Zsolt, a Magyar Nemzeti M\u00fazeum munkat\u00e1rsa \u00e9s Somogyi P\u00e9ter tartott tansz\u00e9k\u00fcnk\u00f6n el\u0151ad\u00e1st.<\/p>\n","protected":false},"excerpt":{"rendered":"<p>A 2015\/2016-\u00f6s f\u00e9l\u00e9vben Ecsedy Istv\u00e1n nyugalmazott r\u00e9g\u00e9sz, M\u00fcller R\u00f3bert, a keszthelyi m\u00fazeum nyugalmazott igazgat\u00f3ja, Garam \u00c9va, a Magyar Nemzeti M\u00fazeum nyugalmazott munkat\u00e1rsa, Mr\u00e1v Zsolt, a Magyar Nemzeti M\u00fazeum munkat\u00e1rsa \u00e9s Somogyi P\u00e9ter tartott tansz\u00e9k\u00fcnk\u00f6n el\u0151ad\u00e1st.<\/p>\n","protected":false},"author":1,"featured_media":0,"parent":213,"menu_order":2,"comment_status":"closed","ping_status":"closed","template":"","meta":{"footnotes":""},"class_list":["post-231","page","type-page","status-publish","hentry"],"_links":{"self":[{"href":"https:\/\/regeszet.bibl.u-szeged.hu\/index.php\/wp-json\/wp\/v2\/pages\/231","targetHints":{"allow":["GET"]}}],"collection":[{"href":"https:\/\/regeszet.bibl.u-szeged.hu\/index.php\/wp-json\/wp\/v2\/pages"}],"about":[{"href":"https:\/\/regeszet.bibl.u-szeged.hu\/index.php\/wp-json\/wp\/v2\/types\/page"}],"author":[{"embeddable":true,"href":"https:\/\/regeszet.bibl.u-szeged.hu\/index.php\/wp-json\/wp\/v2\/users\/1"}],"replies":[{"embeddable":true,"href":"https:\/\/regeszet.bibl.u-szeged.hu\/index.php\/wp-json\/wp\/v2\/comments?post=231"}],"version-history":[{"count":4,"href":"https:\/\/regeszet.bibl.u-szeged.hu\/index.php\/wp-json\/wp\/v2\/pages\/231\/revisions"}],"predecessor-version":[{"id":1282,"href":"https:\/\/regeszet.bibl.u-szeged.hu\/index.php\/wp-json\/wp\/v2\/pages\/231\/revisions\/1282"}],"up":[{"embeddable":true,"href":"https:\/\/regeszet.bibl.u-szeged.hu\/index.php\/wp-json\/wp\/v2\/pages\/213"}],"wp:attachment":[{"href":"https:\/\/regeszet.bibl.u-szeged.hu\/index.php\/wp-json\/wp\/v2\/media?parent=231"}],"curies":[{"name":"wp","href":"https:\/\/api.w.org\/{rel}","templated":true}]}}