{"id":233,"date":"2017-11-22T09:14:06","date_gmt":"2017-11-22T08:14:06","guid":{"rendered":"http:\/\/regeszet.bibl.u-szeged.hu\/?page_id=233"},"modified":"2017-11-25T11:13:28","modified_gmt":"2017-11-25T10:13:28","slug":"2014-2015","status":"publish","type":"page","link":"https:\/\/regeszet.bibl.u-szeged.hu\/index.php\/partiscon-tdk\/tdk-eloadasok\/2014-2015\/","title":{"rendered":"2014\/2015"},"content":{"rendered":"<p>A 2014\/2015-\u00f6s f\u00e9l\u00e9vben Dr. Pusztai Tam\u00e1s, a Herman Ott\u00f3 M\u00fazeum igazgat\u00f3ja \u00e9s Dr. T\u00f6r\u00f6k Tibor, az SZTE Genetikai Tansz\u00e9k munkat\u00e1rsa tartott tansz\u00e9k\u00fcnk\u00f6n el\u0151ad\u00e1st.<\/p>\n","protected":false},"excerpt":{"rendered":"<p>A 2014\/2015-\u00f6s f\u00e9l\u00e9vben Dr. Pusztai Tam\u00e1s, a Herman Ott\u00f3 M\u00fazeum igazgat\u00f3ja \u00e9s Dr. T\u00f6r\u00f6k Tibor, az SZTE Genetikai Tansz\u00e9k munkat\u00e1rsa tartott tansz\u00e9k\u00fcnk\u00f6n el\u0151ad\u00e1st.<\/p>\n","protected":false},"author":1,"featured_media":0,"parent":213,"menu_order":3,"comment_status":"closed","ping_status":"closed","template":"","meta":{"footnotes":""},"class_list":["post-233","page","type-page","status-publish","hentry"],"_links":{"self":[{"href":"https:\/\/regeszet.bibl.u-szeged.hu\/index.php\/wp-json\/wp\/v2\/pages\/233","targetHints":{"allow":["GET"]}}],"collection":[{"href":"https:\/\/regeszet.bibl.u-szeged.hu\/index.php\/wp-json\/wp\/v2\/pages"}],"about":[{"href":"https:\/\/regeszet.bibl.u-szeged.hu\/index.php\/wp-json\/wp\/v2\/types\/page"}],"author":[{"embeddable":true,"href":"https:\/\/regeszet.bibl.u-szeged.hu\/index.php\/wp-json\/wp\/v2\/users\/1"}],"replies":[{"embeddable":true,"href":"https:\/\/regeszet.bibl.u-szeged.hu\/index.php\/wp-json\/wp\/v2\/comments?post=233"}],"version-history":[{"count":3,"href":"https:\/\/regeszet.bibl.u-szeged.hu\/index.php\/wp-json\/wp\/v2\/pages\/233\/revisions"}],"predecessor-version":[{"id":1281,"href":"https:\/\/regeszet.bibl.u-szeged.hu\/index.php\/wp-json\/wp\/v2\/pages\/233\/revisions\/1281"}],"up":[{"embeddable":true,"href":"https:\/\/regeszet.bibl.u-szeged.hu\/index.php\/wp-json\/wp\/v2\/pages\/213"}],"wp:attachment":[{"href":"https:\/\/regeszet.bibl.u-szeged.hu\/index.php\/wp-json\/wp\/v2\/media?parent=233"}],"curies":[{"name":"wp","href":"https:\/\/api.w.org\/{rel}","templated":true}]}}