{"id":237,"date":"2017-11-22T09:14:45","date_gmt":"2017-11-22T08:14:45","guid":{"rendered":"http:\/\/regeszet.bibl.u-szeged.hu\/?page_id=237"},"modified":"2017-11-25T11:56:01","modified_gmt":"2017-11-25T10:56:01","slug":"2015-2016","status":"publish","type":"page","link":"https:\/\/regeszet.bibl.u-szeged.hu\/index.php\/partiscon-tdk\/elsosok-bemutatkozasa\/2015-2016\/","title":{"rendered":"2016\/2017"},"content":{"rendered":"<p><strong>Els\u0151s\u00f6k bemutatkoz\u00f3 estje a Sz\u00e9chenyi Cafe-ban<\/strong><\/p>\n<p>Mint minden \u00e9vben, most is megtartottuk a m\u00e1r hagyom\u00e1nynak sz\u00e1m\u00edt\u00f3 az <em>Els\u0151s\u00f6k bemutatkoz\u00f3 estj\u00e9<\/em>t. Id\u00e9n nem m\u00e1st kellett el\u0151adniuk els\u0151seinknek, mint a Feh\u00e9rl\u00f3fi\u00e1t. Ezt a l\u00e1tsz\u00f3lag el\u00e9g neh\u00e9z feladatot remek\u00fcl teljes\u00edtett\u00e9k, ugyanis moderniz\u00e1lt\u00e1k \u00e9s kiss\u00e9 kisz\u00ednezt\u00e9k a t\u00f6rt\u00e9netet, ezzel mosolyt csalva tan\u00e1raink \u00e9s a fels\u0151bb \u00e9vesek arc\u00e1ra. Egy biztos: ez egy rendk\u00edv\u00fcl kreat\u00edv bemutatkoz\u00e1s volt, \u00e9s az el\u0151ad\u00e1sra is sok\u00e1ig eml\u00e9kezni fogunk. Ezut\u00e1n az els\u0151s\u00f6k egyes\u00e9vel r\u00f6viden bemutatkoztak, elmondt\u00e1k, hogy a r\u00e9g\u00e9szeten bel\u00fcl pontosan mely ter\u00fclet fel\u00e9 szeretn\u00e9nek orient\u00e1l\u00f3dni a k\u00e9s\u0151bbiekben.<\/p>\n<p>Ezut\u00e1n megkezd\u0151d\u00f6tt a m\u00e1r j\u00f3l ismert csapatj\u00e1t\u00e9k, a jelenl\u00e9v\u0151ket csapatokra osztott\u00e1k \u00e9s megkezd\u0151d\u00f6tt a j\u00e1t\u00e9k. A r\u00e9sztvev\u0151k t\u00f6bb versenysz\u00e1mban is kipr\u00f3b\u00e1lhatt\u00e1k magukat (p\u00e9ld\u00e1ul tortaev\u00e9s, \u00f3da\u00edr\u00e1s, s\u00f6rv\u00e1lt\u00f3).<\/p>\n<p style=\"text-align: right;\">Walter R\u00e9ka<\/p>\n<p>&nbsp;<\/p>\n<p>Fot\u00f3: Walter R\u00e9ka<\/p>\n<div class=\"rgg-container\" data-rgg-id=\"1\">    <div class=\"rgg-imagegrid captions-title captions-effect-none \" data-rgg-id=\"1\">\n                    <a href=\"https:\/\/regeszet.bibl.u-szeged.hu\/wp-content\/uploads\/2017\/11\/1.jpg\" data-rel=\"rgg\" rel=\"rgg\" title=\"\" class=\"rgg-disabled size-medium rgg-img\" data-src=\"https:\/\/regeszet.bibl.u-szeged.hu\/wp-content\/uploads\/2017\/11\/1.jpg\" data-ratio=\"1.5\" data-height=\"200\" data-width=\"300\" aria-label=\"\">\n                            <\/a>\n                    <a href=\"https:\/\/regeszet.bibl.u-szeged.hu\/wp-content\/uploads\/2017\/11\/2.jpg\" data-rel=\"rgg\" rel=\"rgg\" title=\"\" class=\"rgg-disabled size-medium rgg-img\" data-src=\"https:\/\/regeszet.bibl.u-szeged.hu\/wp-content\/uploads\/2017\/11\/2.jpg\" data-ratio=\"1.5\" data-height=\"200\" data-width=\"300\" aria-label=\"\">\n                            <\/a>\n                    <a href=\"https:\/\/regeszet.bibl.u-szeged.hu\/wp-content\/uploads\/2017\/11\/3.jpg\" data-rel=\"rgg\" rel=\"rgg\" title=\"\" class=\"rgg-disabled size-medium rgg-img\" data-src=\"https:\/\/regeszet.bibl.u-szeged.hu\/wp-content\/uploads\/2017\/11\/3.jpg\" data-ratio=\"1\" data-height=\"200\" data-width=\"200\" aria-label=\"\">\n                            <\/a>\n                    <a href=\"https:\/\/regeszet.bibl.u-szeged.hu\/wp-content\/uploads\/2017\/11\/4.jpg\" data-rel=\"rgg\" rel=\"rgg\" title=\"\" class=\"rgg-disabled size-medium rgg-img\" data-src=\"https:\/\/regeszet.bibl.u-szeged.hu\/wp-content\/uploads\/2017\/11\/4.jpg\" data-ratio=\"1\" data-height=\"200\" data-width=\"200\" aria-label=\"\">\n                            <\/a>\n            <\/div>\n<\/div>\n","protected":false},"excerpt":{"rendered":"<p>Els\u0151s\u00f6k bemutatkoz\u00f3 estje a Sz\u00e9chenyi Cafe-ban Mint minden \u00e9vben, most is megtartottuk a m\u00e1r hagyom\u00e1nynak sz\u00e1m\u00edt\u00f3 az Els\u0151s\u00f6k bemutatkoz\u00f3 estj\u00e9t. Id\u00e9n nem m\u00e1st kellett el\u0151adniuk els\u0151seinknek, mint a Feh\u00e9rl\u00f3fi\u00e1t. Ezt a l\u00e1tsz\u00f3lag el\u00e9g neh\u00e9z feladatot remek\u00fcl teljes\u00edtett\u00e9k, ugyanis moderniz\u00e1lt\u00e1k \u00e9s kiss\u00e9 kisz\u00ednezt\u00e9k a t\u00f6rt\u00e9netet, ezzel mosolyt csalva tan\u00e1raink \u00e9s a fels\u0151bb \u00e9vesek arc\u00e1ra. Egy biztos: &hellip; <a href=\"https:\/\/regeszet.bibl.u-szeged.hu\/index.php\/partiscon-tdk\/elsosok-bemutatkozasa\/2015-2016\/\" class=\"more-link\"><span class=\"screen-reader-text\">2016\/2017<\/span> b\u0151vebben&#8230; <span class=\"meta-nav\">&rarr;<\/span><\/a><\/p>\n","protected":false},"author":1,"featured_media":0,"parent":215,"menu_order":1,"comment_status":"closed","ping_status":"closed","template":"","meta":{"footnotes":""},"class_list":["post-237","page","type-page","status-publish","hentry"],"_links":{"self":[{"href":"https:\/\/regeszet.bibl.u-szeged.hu\/index.php\/wp-json\/wp\/v2\/pages\/237","targetHints":{"allow":["GET"]}}],"collection":[{"href":"https:\/\/regeszet.bibl.u-szeged.hu\/index.php\/wp-json\/wp\/v2\/pages"}],"about":[{"href":"https:\/\/regeszet.bibl.u-szeged.hu\/index.php\/wp-json\/wp\/v2\/types\/page"}],"author":[{"embeddable":true,"href":"https:\/\/regeszet.bibl.u-szeged.hu\/index.php\/wp-json\/wp\/v2\/users\/1"}],"replies":[{"embeddable":true,"href":"https:\/\/regeszet.bibl.u-szeged.hu\/index.php\/wp-json\/wp\/v2\/comments?post=237"}],"version-history":[{"count":3,"href":"https:\/\/regeszet.bibl.u-szeged.hu\/index.php\/wp-json\/wp\/v2\/pages\/237\/revisions"}],"predecessor-version":[{"id":1364,"href":"https:\/\/regeszet.bibl.u-szeged.hu\/index.php\/wp-json\/wp\/v2\/pages\/237\/revisions\/1364"}],"up":[{"embeddable":true,"href":"https:\/\/regeszet.bibl.u-szeged.hu\/index.php\/wp-json\/wp\/v2\/pages\/215"}],"wp:attachment":[{"href":"https:\/\/regeszet.bibl.u-szeged.hu\/index.php\/wp-json\/wp\/v2\/media?parent=237"}],"curies":[{"name":"wp","href":"https:\/\/api.w.org\/{rel}","templated":true}]}}