{"id":239,"date":"2017-11-22T09:15:01","date_gmt":"2017-11-22T08:15:01","guid":{"rendered":"http:\/\/regeszet.bibl.u-szeged.hu\/?page_id=239"},"modified":"2017-11-25T11:53:23","modified_gmt":"2017-11-25T10:53:23","slug":"2014-2015","status":"publish","type":"page","link":"https:\/\/regeszet.bibl.u-szeged.hu\/index.php\/partiscon-tdk\/elsosok-bemutatkozasa\/2014-2015\/","title":{"rendered":"2014\/2015"},"content":{"rendered":"<p><strong>Els\u0151 \u00e9vesek bemutatkoz\u00f3 estje<\/strong><\/p>\n<p>2014 okt\u00f3ber\u00e9ben ism\u00e9t megrendezt\u00fck a hagyom\u00e1nyoss\u00e1 v\u00e1lt els\u0151\u00e9ves r\u00e9g\u00e9szhallgat\u00f3k bemutatkoz\u00f3 est\u00e9je. Az esem\u00e9nynek a S\u00e1rk\u00e1ny Pub adott helyett, ahov\u00e1 este nyolct\u00f3l gy\u00fclekeztek tansz\u00e9k\u00fcnk oktat\u00f3i \u00e9s egykori\/jelenlegi hallgat\u00f3i. Az este kezd\u0151 momentumak\u00e9nt az \u00fajdons\u00fclt hallgat\u00f3k bemutatkoz\u00f3 \u201esz\u00edndarabj\u00e1t\u201d l\u00e1thattuk a sz\u00ednpadon. Ennek t\u00e9m\u00e1ja a <em>Brian \u00e9lete<\/em> c\u00edm\u0171 klasszikuss\u00e1 v\u00e1lt film volt, amit az els\u0151 \u00e9vesek m\u00e1r az el\u0151z\u0151 napokban megkapt\u00e1k. A r\u00f6vid, de ann\u00e1l frapp\u00e1nsabb \u201ek\u00f6vez\u00e9s\u201d jelenet\u00e9t l\u00e1thattuk a hallgat\u00f3kt\u00f3l, akik k\u00fcl\u00f6nb\u00f6z\u0151 jelmezekkel,\u00a0 kell\u00e9kekkel \u00e9s \u201e\u00e1l\u201dszak\u00e1llal is k\u00e9sz\u00fcltek a fell\u00e9p\u00e9sre. Az el\u0151ad\u00e1son sokat nevethett\u00fcnk, botr\u00e1nkozhattunk, a v\u00e9g\u00e9n term\u00e9szetesen a rossz megkapta m\u00e9lt\u00f3 b\u00fcntet\u00e9s\u00e9t. Mindezt megsp\u00e9kelte a <em>Monty Python<\/em> film tipikus nyelvezete. Ezt az el\u0151ad\u00e1st egy n\u00e9gytag\u00fa zs\u0171ri \u00e9rt\u00e9kelte, az \u00f6sszegz\u00e9st R\u00e9v\u00e9sz tan\u00e1r \u00far ismertette az \u00fajdons\u00fclt\u00a0 \u201esz\u00edn\u00e9szekkel.\u201d Ezut\u00e1n az els\u0151s\u00f6k egyes\u00e9vel r\u00f6viden bemutatkoztak, elmondt\u00e1k, hogy a r\u00e9g\u00e9szeten bel\u00fcl pontosan mely ter\u00fclet fel\u00e9 szeretn\u00e9nek orient\u00e1l\u00f3dni a k\u00e9s\u0151bbiekben. A folytat\u00e1sban azok az els\u0151s mesterk\u00e9pz\u00e9ses hallgat\u00f3k mutatkoztak be, akik m\u00e1s egyetemeken v\u00e9gezt\u00e9k az alapszakot. A k\u00f6t\u00f6tt program ut\u00e1n k\u00f6vetkezhetett a mulatoz\u00e1s, amihez seg\u00edts\u00e9get ny\u00fajtott az aznapra meghirdetett \u201eitalb\u00f6rze.\u201d Az est folyam\u00e1n ennek a kivet\u00edtett t\u00e1bl\u00e1zat\u00e1ra meredtek a szemek, minek esett le \u00e9ppen az \u00e1ra, vagy melyik kedvenc italunk dr\u00e1gult meg sajn\u00e1latosan. Hajnalba ny\u00fal\u00f3an folyt az ismerked\u00e9s, t\u00e1rsalg\u00e1s, az utols\u00f3 vend\u00e9g t\u00e1voz\u00e1sa ut\u00e1n m\u00e1r csak a terem \u00f6sszepakol\u00e1sa maradt a szervez\u0151 di\u00e1kokra\/tan\u00e1rokra.<\/p>\n<p style=\"text-align: right;\">Parczen Anna<\/p>\n<p>&nbsp;<\/p>\n<div class=\"rgg-container\" data-rgg-id=\"1\">    <div class=\"rgg-imagegrid captions-title captions-effect-none \" data-rgg-id=\"1\">\n                    <a href=\"https:\/\/regeszet.bibl.u-szeged.hu\/wp-content\/uploads\/2017\/11\/DSCN4738.jpg\" data-rel=\"rgg\" rel=\"rgg\" title=\"\" class=\"rgg-disabled size-medium rgg-img\" data-src=\"https:\/\/regeszet.bibl.u-szeged.hu\/wp-content\/uploads\/2017\/11\/DSCN4738.jpg\" data-ratio=\"1.3333333333333\" data-height=\"225\" data-width=\"300\" aria-label=\"\">\n                            <\/a>\n                    <a href=\"https:\/\/regeszet.bibl.u-szeged.hu\/wp-content\/uploads\/2017\/11\/DSCN4751.jpg\" data-rel=\"rgg\" rel=\"rgg\" title=\"\" class=\"rgg-disabled size-medium rgg-img\" data-src=\"https:\/\/regeszet.bibl.u-szeged.hu\/wp-content\/uploads\/2017\/11\/DSCN4751.jpg\" data-ratio=\"1.3333333333333\" data-height=\"225\" data-width=\"300\" aria-label=\"\">\n                            <\/a>\n                    <a href=\"https:\/\/regeszet.bibl.u-szeged.hu\/wp-content\/uploads\/2017\/11\/DSCN4753.jpg\" data-rel=\"rgg\" rel=\"rgg\" title=\"\" class=\"rgg-disabled size-medium rgg-img\" data-src=\"https:\/\/regeszet.bibl.u-szeged.hu\/wp-content\/uploads\/2017\/11\/DSCN4753.jpg\" data-ratio=\"1.3333333333333\" data-height=\"225\" data-width=\"300\" aria-label=\"\">\n                            <\/a>\n                    <a href=\"https:\/\/regeszet.bibl.u-szeged.hu\/wp-content\/uploads\/2017\/11\/DSCN4754.jpg\" data-rel=\"rgg\" rel=\"rgg\" title=\"\" class=\"rgg-disabled size-medium rgg-img\" data-src=\"https:\/\/regeszet.bibl.u-szeged.hu\/wp-content\/uploads\/2017\/11\/DSCN4754.jpg\" data-ratio=\"1.3333333333333\" data-height=\"225\" data-width=\"300\" aria-label=\"\">\n                            <\/a>\n                    <a href=\"https:\/\/regeszet.bibl.u-szeged.hu\/wp-content\/uploads\/2017\/11\/DSCN4755.jpg\" data-rel=\"rgg\" rel=\"rgg\" title=\"\" class=\"rgg-disabled size-medium rgg-img\" data-src=\"https:\/\/regeszet.bibl.u-szeged.hu\/wp-content\/uploads\/2017\/11\/DSCN4755.jpg\" data-ratio=\"1.3333333333333\" data-height=\"225\" data-width=\"300\" aria-label=\"\">\n                            <\/a>\n                    <a href=\"https:\/\/regeszet.bibl.u-szeged.hu\/wp-content\/uploads\/2017\/11\/DSCN4756.jpg\" data-rel=\"rgg\" rel=\"rgg\" title=\"\" class=\"rgg-disabled size-medium rgg-img\" data-src=\"https:\/\/regeszet.bibl.u-szeged.hu\/wp-content\/uploads\/2017\/11\/DSCN4756.jpg\" data-ratio=\"0.75\" data-height=\"300\" data-width=\"225\" aria-label=\"\">\n                            <\/a>\n            <\/div>\n<\/div>\n<p>&nbsp;<\/p>\n<p>Tov\u00e1bbi fot\u00f3k: <a href=\"https:\/\/www.facebook.com\/partiscontdk\/photos_stream\" target=\"_blank\" rel=\"noopener\">https:\/\/www.facebook.com\/partiscontdk\/photos_stream<\/a><\/p>\n","protected":false},"excerpt":{"rendered":"<p>Els\u0151 \u00e9vesek bemutatkoz\u00f3 estje 2014 okt\u00f3ber\u00e9ben ism\u00e9t megrendezt\u00fck a hagyom\u00e1nyoss\u00e1 v\u00e1lt els\u0151\u00e9ves r\u00e9g\u00e9szhallgat\u00f3k bemutatkoz\u00f3 est\u00e9je. Az esem\u00e9nynek a S\u00e1rk\u00e1ny Pub adott helyett, ahov\u00e1 este nyolct\u00f3l gy\u00fclekeztek tansz\u00e9k\u00fcnk oktat\u00f3i \u00e9s egykori\/jelenlegi hallgat\u00f3i. Az este kezd\u0151 momentumak\u00e9nt az \u00fajdons\u00fclt hallgat\u00f3k bemutatkoz\u00f3 \u201esz\u00edndarabj\u00e1t\u201d l\u00e1thattuk a sz\u00ednpadon. Ennek t\u00e9m\u00e1ja a Brian \u00e9lete c\u00edm\u0171 klasszikuss\u00e1 v\u00e1lt film volt, amit az &hellip; <a href=\"https:\/\/regeszet.bibl.u-szeged.hu\/index.php\/partiscon-tdk\/elsosok-bemutatkozasa\/2014-2015\/\" class=\"more-link\"><span class=\"screen-reader-text\">2014\/2015<\/span> b\u0151vebben&#8230; <span class=\"meta-nav\">&rarr;<\/span><\/a><\/p>\n","protected":false},"author":1,"featured_media":0,"parent":215,"menu_order":2,"comment_status":"closed","ping_status":"closed","template":"","meta":{"footnotes":""},"class_list":["post-239","page","type-page","status-publish","hentry"],"_links":{"self":[{"href":"https:\/\/regeszet.bibl.u-szeged.hu\/index.php\/wp-json\/wp\/v2\/pages\/239","targetHints":{"allow":["GET"]}}],"collection":[{"href":"https:\/\/regeszet.bibl.u-szeged.hu\/index.php\/wp-json\/wp\/v2\/pages"}],"about":[{"href":"https:\/\/regeszet.bibl.u-szeged.hu\/index.php\/wp-json\/wp\/v2\/types\/page"}],"author":[{"embeddable":true,"href":"https:\/\/regeszet.bibl.u-szeged.hu\/index.php\/wp-json\/wp\/v2\/users\/1"}],"replies":[{"embeddable":true,"href":"https:\/\/regeszet.bibl.u-szeged.hu\/index.php\/wp-json\/wp\/v2\/comments?post=239"}],"version-history":[{"count":4,"href":"https:\/\/regeszet.bibl.u-szeged.hu\/index.php\/wp-json\/wp\/v2\/pages\/239\/revisions"}],"predecessor-version":[{"id":1358,"href":"https:\/\/regeszet.bibl.u-szeged.hu\/index.php\/wp-json\/wp\/v2\/pages\/239\/revisions\/1358"}],"up":[{"embeddable":true,"href":"https:\/\/regeszet.bibl.u-szeged.hu\/index.php\/wp-json\/wp\/v2\/pages\/215"}],"wp:attachment":[{"href":"https:\/\/regeszet.bibl.u-szeged.hu\/index.php\/wp-json\/wp\/v2\/media?parent=239"}],"curies":[{"name":"wp","href":"https:\/\/api.w.org\/{rel}","templated":true}]}}