{"id":2412,"date":"2018-11-26T08:26:27","date_gmt":"2018-11-26T07:26:27","guid":{"rendered":"http:\/\/regeszet.bibl.u-szeged.hu\/?page_id=2412"},"modified":"2022-02-08T09:51:09","modified_gmt":"2022-02-08T08:51:09","slug":"mtmt-adminisztrator","status":"publish","type":"page","link":"https:\/\/regeszet.bibl.u-szeged.hu\/index.php\/munkatarsak\/mtmt-adminisztrator\/","title":{"rendered":"MTMT adminisztr\u00e1tor"},"content":{"rendered":"<p><strong><span style=\"font-size: 18pt;\"><img loading=\"lazy\" decoding=\"async\" class=\"alignright wp-image-3869\" src=\"http:\/\/regeszet.bibl.u-szeged.hu\/wp-content\/uploads\/2021\/03\/Walter-Dorottya-1-271x300.jpg\" alt=\"\" width=\"300\" height=\"332\" srcset=\"https:\/\/regeszet.bibl.u-szeged.hu\/wp-content\/uploads\/2021\/03\/Walter-Dorottya-1-271x300.jpg 271w, https:\/\/regeszet.bibl.u-szeged.hu\/wp-content\/uploads\/2021\/03\/Walter-Dorottya-1.jpg 376w\" sizes=\"auto, (max-width: 300px) 100vw, 300px\" \/>Walter Dorottya<\/span><\/strong><\/p>\n<p><strong>Doktori iskola, doktori program:<\/strong> SZTE BTK, T\u00f6rt\u00e9nelemtudom\u00e1nyi Doktori Iskola, Medievisztika-R\u00e9g\u00e9szet Doktori Program<br \/>\n<strong>V\u00e9gzetts\u00e9g:<\/strong> r\u00e9g\u00e9sz<br \/>\n<strong>Kutat\u00e1si ter\u00fclet:<\/strong> Az Alf\u00f6ld k\u00e9s\u0151 cs\u00e1sz\u00e1rkor\u00e1nak t\u00f6rt\u00e9nete \u00e9s r\u00e9g\u00e9szete, a k\u00e9s\u0151 szarmata kori telepek \u00e9s temet\u0151k kutat\u00e1sa<\/p>\n<p><strong>E-mail:<\/strong> walterdorottya6@gmail.com<\/p>\n<p><strong>Linkek:<\/strong><br \/>\n<a href=\"http:\/\/regeszet.bibl.u-szeged.hu\/wp-content\/uploads\/2021\/03\/Walter-Dorottya_szakmai-eletrajz_2021.pdf\" target=\"_blank\" rel=\"noopener\">Szakmai \u00f6n\u00e9letrajz<\/a><br \/>\n<a href=\"https:\/\/m2.mtmt.hu\/gui2\/?type=authors&amp;mode=browse&amp;sel=10067808\" target=\"_blank\" rel=\"noopener\">Publik\u00e1ci\u00f3k<\/a><\/p>\n","protected":false},"excerpt":{"rendered":"<p>Walter Dorottya Doktori iskola, doktori program: SZTE BTK, T\u00f6rt\u00e9nelemtudom\u00e1nyi Doktori Iskola, Medievisztika-R\u00e9g\u00e9szet Doktori Program V\u00e9gzetts\u00e9g: r\u00e9g\u00e9sz Kutat\u00e1si ter\u00fclet: Az Alf\u00f6ld k\u00e9s\u0151 cs\u00e1sz\u00e1rkor\u00e1nak t\u00f6rt\u00e9nete \u00e9s r\u00e9g\u00e9szete, a k\u00e9s\u0151 szarmata kori telepek \u00e9s temet\u0151k kutat\u00e1sa E-mail: walterdorottya6@gmail.com Linkek: Szakmai \u00f6n\u00e9letrajz Publik\u00e1ci\u00f3k<\/p>\n","protected":false},"author":1,"featured_media":0,"parent":40,"menu_order":0,"comment_status":"closed","ping_status":"closed","template":"","meta":{"footnotes":""},"class_list":["post-2412","page","type-page","status-publish","hentry"],"_links":{"self":[{"href":"https:\/\/regeszet.bibl.u-szeged.hu\/index.php\/wp-json\/wp\/v2\/pages\/2412","targetHints":{"allow":["GET"]}}],"collection":[{"href":"https:\/\/regeszet.bibl.u-szeged.hu\/index.php\/wp-json\/wp\/v2\/pages"}],"about":[{"href":"https:\/\/regeszet.bibl.u-szeged.hu\/index.php\/wp-json\/wp\/v2\/types\/page"}],"author":[{"embeddable":true,"href":"https:\/\/regeszet.bibl.u-szeged.hu\/index.php\/wp-json\/wp\/v2\/users\/1"}],"replies":[{"embeddable":true,"href":"https:\/\/regeszet.bibl.u-szeged.hu\/index.php\/wp-json\/wp\/v2\/comments?post=2412"}],"version-history":[{"count":4,"href":"https:\/\/regeszet.bibl.u-szeged.hu\/index.php\/wp-json\/wp\/v2\/pages\/2412\/revisions"}],"predecessor-version":[{"id":4552,"href":"https:\/\/regeszet.bibl.u-szeged.hu\/index.php\/wp-json\/wp\/v2\/pages\/2412\/revisions\/4552"}],"up":[{"embeddable":true,"href":"https:\/\/regeszet.bibl.u-szeged.hu\/index.php\/wp-json\/wp\/v2\/pages\/40"}],"wp:attachment":[{"href":"https:\/\/regeszet.bibl.u-szeged.hu\/index.php\/wp-json\/wp\/v2\/media?parent=2412"}],"curies":[{"name":"wp","href":"https:\/\/api.w.org\/{rel}","templated":true}]}}