{"id":243,"date":"2017-11-22T09:15:40","date_gmt":"2017-11-22T08:15:40","guid":{"rendered":"http:\/\/regeszet.bibl.u-szeged.hu\/?page_id=243"},"modified":"2017-11-25T13:38:03","modified_gmt":"2017-11-25T12:38:03","slug":"2015-2016","status":"publish","type":"page","link":"https:\/\/regeszet.bibl.u-szeged.hu\/index.php\/partiscon-tdk\/mikulas-buli\/2015-2016\/","title":{"rendered":"2015\/2016"},"content":{"rendered":"<p>Tansz\u00e9k\u00fcnk 2015-\u00f6s rendezv\u00e9nyeinek sor\u00e1t, a december 9-\u00e9n megrendezett Mikul\u00e1s-buli z\u00e1rta, melynek ez\u00fattal a Boh\u00e9m tanya adott otthont. Este 8-t\u00f3l folyamatosan gy\u00fclekeztek tansz\u00e9k\u00fcnk hallgat\u00f3i, \u00e9s volt hallgat\u00f3k is megtisztelt\u00e9k r\u00e9szv\u00e9tel\u00fckkel az esem\u00e9nyt.<\/p>\n<p>A bemeleg\u00edt\u0151 poharazgat\u00e1sok ut\u00e1n a hallgat\u00f3k h\u00e1rom csapatba szervez\u0151dve egy r\u00f6vid versenyen vettek r\u00e9szt, mely sor\u00e1n s\u00fctem\u00e9nyev\u0151, s\u00f6riv\u00f3, \u00e9s kreat\u00edv k\u00e9pess\u00e9geiket csillogtathatt\u00e1k meg. A kreat\u00edv feladat sor\u00e1n egy-egy h\u00edres r\u00e9g\u00e9szeti leletet vagy t\u00e1rgyt\u00edpust kellett elk\u00e9sz\u00edteni\u00fck, k\u00fcl\u00f6nb\u00f6z\u0151 alapanyagok felhaszn\u00e1l\u00e1s\u00e1val. Az elk\u00e9sz\u00fclt alkot\u00e1sokat a helysz\u00ednen PhD hallgat\u00f3kb\u00f3l szervezett zs\u0171ri pontozta. A versenyben r\u00e9sztvev\u0151 csapatok \u00e9dess\u00e9g \u00e9s italjutalomban r\u00e9szes\u00fcltek.<\/p>\n<p>A hagyom\u00e1nyos kar\u00e1csonyi s\u00fctis\u00fct\u0151 versenyt az idei \u00e9vben Walter Dorottya m\u00e9zeskal\u00e1csa nyerte meg.<\/p>\n<div class=\"rgg-container\" data-rgg-id=\"1\">    <div class=\"rgg-imagegrid captions-title captions-effect-none \" data-rgg-id=\"1\">\n                    <a href=\"https:\/\/regeszet.bibl.u-szeged.hu\/wp-content\/uploads\/2017\/11\/1-1.jpg\" data-rel=\"rgg\" rel=\"rgg\" title=\"\" class=\"rgg-disabled size-medium rgg-img\" data-src=\"https:\/\/regeszet.bibl.u-szeged.hu\/wp-content\/uploads\/2017\/11\/1-1.jpg\" data-ratio=\"1.3333333333333\" data-height=\"225\" data-width=\"300\" aria-label=\"\">\n                            <\/a>\n                    <a href=\"https:\/\/regeszet.bibl.u-szeged.hu\/wp-content\/uploads\/2017\/11\/3-1.jpg\" data-rel=\"rgg\" rel=\"rgg\" title=\"\" class=\"rgg-disabled size-medium rgg-img\" data-src=\"https:\/\/regeszet.bibl.u-szeged.hu\/wp-content\/uploads\/2017\/11\/3-1.jpg\" data-ratio=\"1.3333333333333\" data-height=\"225\" data-width=\"300\" aria-label=\"\">\n                            <\/a>\n                    <a href=\"https:\/\/regeszet.bibl.u-szeged.hu\/wp-content\/uploads\/2017\/11\/7.jpg\" data-rel=\"rgg\" rel=\"rgg\" title=\"\" class=\"rgg-disabled size-medium rgg-img\" data-src=\"https:\/\/regeszet.bibl.u-szeged.hu\/wp-content\/uploads\/2017\/11\/7.jpg\" data-ratio=\"1.3333333333333\" data-height=\"225\" data-width=\"300\" aria-label=\"\">\n                            <\/a>\n                    <a href=\"https:\/\/regeszet.bibl.u-szeged.hu\/wp-content\/uploads\/2017\/11\/8.jpg\" data-rel=\"rgg\" rel=\"rgg\" title=\"\" class=\"rgg-disabled size-medium rgg-img\" data-src=\"https:\/\/regeszet.bibl.u-szeged.hu\/wp-content\/uploads\/2017\/11\/8.jpg\" data-ratio=\"1.3333333333333\" data-height=\"225\" data-width=\"300\" aria-label=\"\">\n                            <\/a>\n                    <a href=\"https:\/\/regeszet.bibl.u-szeged.hu\/wp-content\/uploads\/2017\/11\/9.jpg\" data-rel=\"rgg\" rel=\"rgg\" title=\"\" class=\"rgg-disabled size-medium rgg-img\" data-src=\"https:\/\/regeszet.bibl.u-szeged.hu\/wp-content\/uploads\/2017\/11\/9.jpg\" data-ratio=\"1.3333333333333\" data-height=\"225\" data-width=\"300\" aria-label=\"\">\n                            <\/a>\n                    <a href=\"https:\/\/regeszet.bibl.u-szeged.hu\/wp-content\/uploads\/2017\/11\/10-3.jpg\" data-rel=\"rgg\" rel=\"rgg\" title=\"\" class=\"rgg-disabled size-medium rgg-img\" data-src=\"https:\/\/regeszet.bibl.u-szeged.hu\/wp-content\/uploads\/2017\/11\/10-3.jpg\" data-ratio=\"0.75\" data-height=\"300\" data-width=\"225\" aria-label=\"\">\n                            <\/a>\n                    <a href=\"https:\/\/regeszet.bibl.u-szeged.hu\/wp-content\/uploads\/2017\/11\/14-2.jpg\" data-rel=\"rgg\" rel=\"rgg\" title=\"\" class=\"rgg-disabled size-medium rgg-img\" data-src=\"https:\/\/regeszet.bibl.u-szeged.hu\/wp-content\/uploads\/2017\/11\/14-2.jpg\" data-ratio=\"1.3333333333333\" data-height=\"225\" data-width=\"300\" aria-label=\"\">\n                            <\/a>\n            <\/div>\n<\/div>\n","protected":false},"excerpt":{"rendered":"<p>Tansz\u00e9k\u00fcnk 2015-\u00f6s rendezv\u00e9nyeinek sor\u00e1t, a december 9-\u00e9n megrendezett Mikul\u00e1s-buli z\u00e1rta, melynek ez\u00fattal a Boh\u00e9m tanya adott otthont. Este 8-t\u00f3l folyamatosan gy\u00fclekeztek tansz\u00e9k\u00fcnk hallgat\u00f3i, \u00e9s volt hallgat\u00f3k is megtisztelt\u00e9k r\u00e9szv\u00e9tel\u00fckkel az esem\u00e9nyt. A bemeleg\u00edt\u0151 poharazgat\u00e1sok ut\u00e1n a hallgat\u00f3k h\u00e1rom csapatba szervez\u0151dve egy r\u00f6vid versenyen vettek r\u00e9szt, mely sor\u00e1n s\u00fctem\u00e9nyev\u0151, s\u00f6riv\u00f3, \u00e9s kreat\u00edv k\u00e9pess\u00e9geiket csillogtathatt\u00e1k meg. A &hellip; <a href=\"https:\/\/regeszet.bibl.u-szeged.hu\/index.php\/partiscon-tdk\/mikulas-buli\/2015-2016\/\" class=\"more-link\"><span class=\"screen-reader-text\">2015\/2016<\/span> b\u0151vebben&#8230; <span class=\"meta-nav\">&rarr;<\/span><\/a><\/p>\n","protected":false},"author":1,"featured_media":0,"parent":217,"menu_order":2,"comment_status":"closed","ping_status":"closed","template":"","meta":{"footnotes":""},"class_list":["post-243","page","type-page","status-publish","hentry"],"_links":{"self":[{"href":"https:\/\/regeszet.bibl.u-szeged.hu\/index.php\/wp-json\/wp\/v2\/pages\/243","targetHints":{"allow":["GET"]}}],"collection":[{"href":"https:\/\/regeszet.bibl.u-szeged.hu\/index.php\/wp-json\/wp\/v2\/pages"}],"about":[{"href":"https:\/\/regeszet.bibl.u-szeged.hu\/index.php\/wp-json\/wp\/v2\/types\/page"}],"author":[{"embeddable":true,"href":"https:\/\/regeszet.bibl.u-szeged.hu\/index.php\/wp-json\/wp\/v2\/users\/1"}],"replies":[{"embeddable":true,"href":"https:\/\/regeszet.bibl.u-szeged.hu\/index.php\/wp-json\/wp\/v2\/comments?post=243"}],"version-history":[{"count":3,"href":"https:\/\/regeszet.bibl.u-szeged.hu\/index.php\/wp-json\/wp\/v2\/pages\/243\/revisions"}],"predecessor-version":[{"id":1431,"href":"https:\/\/regeszet.bibl.u-szeged.hu\/index.php\/wp-json\/wp\/v2\/pages\/243\/revisions\/1431"}],"up":[{"embeddable":true,"href":"https:\/\/regeszet.bibl.u-szeged.hu\/index.php\/wp-json\/wp\/v2\/pages\/217"}],"wp:attachment":[{"href":"https:\/\/regeszet.bibl.u-szeged.hu\/index.php\/wp-json\/wp\/v2\/media?parent=243"}],"curies":[{"name":"wp","href":"https:\/\/api.w.org\/{rel}","templated":true}]}}