{"id":249,"date":"2017-11-22T09:16:31","date_gmt":"2017-11-22T08:16:31","guid":{"rendered":"http:\/\/regeszet.bibl.u-szeged.hu\/?page_id=249"},"modified":"2017-11-25T13:30:17","modified_gmt":"2017-11-25T12:30:17","slug":"2015-2016","status":"publish","type":"page","link":"https:\/\/regeszet.bibl.u-szeged.hu\/index.php\/partiscon-tdk\/farsang\/2015-2016\/","title":{"rendered":"2015\/2016"},"content":{"rendered":"<p><strong>Farsang a 2-es klubban<\/strong><\/p>\n<p>2016. febru\u00e1r 24-\u00e9n rendezt\u00fck meg tansz\u00e9k\u00fcnk farsangi mulats\u00e1g\u00e1t, melynek ez\u00fattal a 2-es klub adott otthont. A szervez\u0151k igyekeztek v\u00e1ltozatos feladatokkal \u00e9s egy r\u00f6vid csapatversennyel mozg\u00f3s\u00edtani az \u00f6sszegy\u0171lt kis t\u00e1rsas\u00e1got, mely sor\u00e1n mindenki kamatoztathatta kreat\u00edv \u00e9s \u00fcgyess\u00e9gi energi\u00e1it.<\/p>\n<p>Term\u00e9szetesen a jelmezverseny ebben az \u00e9vben sem maradt el. A versenyz\u0151k r\u00f6vid bemutatkoz\u00e1sa ut\u00e1n mindenki egy\u00e9nileg adhatta le szavazatait az \u00e1ltala legjobbnak v\u00e9lt jelmezre. Az els\u0151 helyet Olgyai Jani nyerte mint <em>Wolverine\/farkas<\/em> (kis haz\u00e1nkban csak rozsom\u00e1k). A m\u00e1sodik helyezett Parczen Anna lett <em>pantomimes<\/em> jelmez\u00e9vel, \u00e9s a harmadik helyez\u00e9st a <em>tarsolylemezek<\/em> form\u00e1ci\u00f3 (Hergott Krist\u00f3f \u2013Bors\u00f3di Martin) nyerte el.<\/p>\n<p>A farsangi s\u00fctis\u00fct\u0151 versenyt Kov\u00e1cs Szabina nyerte a <em>Kinder bueno<\/em> szelet\u00e9vel.<\/p>\n<div class=\"rgg-container\" data-rgg-id=\"1\">    <div class=\"rgg-imagegrid captions-title captions-effect-none \" data-rgg-id=\"1\">\n                    <a href=\"https:\/\/regeszet.bibl.u-szeged.hu\/wp-content\/uploads\/2017\/11\/DSC0084-1.jpg\" data-rel=\"rgg\" rel=\"rgg\" title=\"\" class=\"rgg-disabled size-medium rgg-img\" data-src=\"https:\/\/regeszet.bibl.u-szeged.hu\/wp-content\/uploads\/2017\/11\/DSC0084-1.jpg\" data-ratio=\"0.66666666666667\" data-height=\"300\" data-width=\"200\" aria-label=\"\">\n                            <\/a>\n                    <a href=\"https:\/\/regeszet.bibl.u-szeged.hu\/wp-content\/uploads\/2017\/11\/DSC0086.jpg\" data-rel=\"rgg\" rel=\"rgg\" title=\"\" class=\"rgg-disabled size-medium rgg-img\" data-src=\"https:\/\/regeszet.bibl.u-szeged.hu\/wp-content\/uploads\/2017\/11\/DSC0086.jpg\" data-ratio=\"1.5\" data-height=\"200\" data-width=\"300\" aria-label=\"\">\n                            <\/a>\n                    <a href=\"https:\/\/regeszet.bibl.u-szeged.hu\/wp-content\/uploads\/2017\/11\/DSC0092.jpg\" data-rel=\"rgg\" rel=\"rgg\" title=\"\" class=\"rgg-disabled size-medium rgg-img\" data-src=\"https:\/\/regeszet.bibl.u-szeged.hu\/wp-content\/uploads\/2017\/11\/DSC0092.jpg\" data-ratio=\"1.5\" data-height=\"200\" data-width=\"300\" aria-label=\"\">\n                            <\/a>\n                    <a href=\"https:\/\/regeszet.bibl.u-szeged.hu\/wp-content\/uploads\/2017\/11\/DSC0104.jpg\" data-rel=\"rgg\" rel=\"rgg\" title=\"\" class=\"rgg-disabled size-medium rgg-img\" data-src=\"https:\/\/regeszet.bibl.u-szeged.hu\/wp-content\/uploads\/2017\/11\/DSC0104.jpg\" data-ratio=\"1.5\" data-height=\"200\" data-width=\"300\" aria-label=\"\">\n                            <\/a>\n                    <a href=\"https:\/\/regeszet.bibl.u-szeged.hu\/wp-content\/uploads\/2017\/11\/DSC0110.jpg\" data-rel=\"rgg\" rel=\"rgg\" title=\"\" class=\"rgg-disabled size-medium rgg-img\" data-src=\"https:\/\/regeszet.bibl.u-szeged.hu\/wp-content\/uploads\/2017\/11\/DSC0110.jpg\" data-ratio=\"1.5\" data-height=\"200\" data-width=\"300\" aria-label=\"\">\n                            <\/a>\n                    <a href=\"https:\/\/regeszet.bibl.u-szeged.hu\/wp-content\/uploads\/2017\/11\/DSC0129.jpg\" data-rel=\"rgg\" rel=\"rgg\" title=\"\" class=\"rgg-disabled size-medium rgg-img\" data-src=\"https:\/\/regeszet.bibl.u-szeged.hu\/wp-content\/uploads\/2017\/11\/DSC0129.jpg\" data-ratio=\"1.5\" data-height=\"200\" data-width=\"300\" aria-label=\"\">\n                            <\/a>\n                    <a href=\"https:\/\/regeszet.bibl.u-szeged.hu\/wp-content\/uploads\/2017\/11\/DSC0130.jpg\" data-rel=\"rgg\" rel=\"rgg\" title=\"\" class=\"rgg-disabled size-medium rgg-img\" data-src=\"https:\/\/regeszet.bibl.u-szeged.hu\/wp-content\/uploads\/2017\/11\/DSC0130.jpg\" data-ratio=\"1.5\" data-height=\"200\" data-width=\"300\" aria-label=\"\">\n                            <\/a>\n            <\/div>\n<\/div>\n","protected":false},"excerpt":{"rendered":"<p>Farsang a 2-es klubban 2016. febru\u00e1r 24-\u00e9n rendezt\u00fck meg tansz\u00e9k\u00fcnk farsangi mulats\u00e1g\u00e1t, melynek ez\u00fattal a 2-es klub adott otthont. A szervez\u0151k igyekeztek v\u00e1ltozatos feladatokkal \u00e9s egy r\u00f6vid csapatversennyel mozg\u00f3s\u00edtani az \u00f6sszegy\u0171lt kis t\u00e1rsas\u00e1got, mely sor\u00e1n mindenki kamatoztathatta kreat\u00edv \u00e9s \u00fcgyess\u00e9gi energi\u00e1it. Term\u00e9szetesen a jelmezverseny ebben az \u00e9vben sem maradt el. A versenyz\u0151k r\u00f6vid bemutatkoz\u00e1sa ut\u00e1n &hellip; <a href=\"https:\/\/regeszet.bibl.u-szeged.hu\/index.php\/partiscon-tdk\/farsang\/2015-2016\/\" class=\"more-link\"><span class=\"screen-reader-text\">2015\/2016<\/span> b\u0151vebben&#8230; <span class=\"meta-nav\">&rarr;<\/span><\/a><\/p>\n","protected":false},"author":1,"featured_media":0,"parent":219,"menu_order":1,"comment_status":"closed","ping_status":"closed","template":"","meta":{"footnotes":""},"class_list":["post-249","page","type-page","status-publish","hentry"],"_links":{"self":[{"href":"https:\/\/regeszet.bibl.u-szeged.hu\/index.php\/wp-json\/wp\/v2\/pages\/249","targetHints":{"allow":["GET"]}}],"collection":[{"href":"https:\/\/regeszet.bibl.u-szeged.hu\/index.php\/wp-json\/wp\/v2\/pages"}],"about":[{"href":"https:\/\/regeszet.bibl.u-szeged.hu\/index.php\/wp-json\/wp\/v2\/types\/page"}],"author":[{"embeddable":true,"href":"https:\/\/regeszet.bibl.u-szeged.hu\/index.php\/wp-json\/wp\/v2\/users\/1"}],"replies":[{"embeddable":true,"href":"https:\/\/regeszet.bibl.u-szeged.hu\/index.php\/wp-json\/wp\/v2\/comments?post=249"}],"version-history":[{"count":3,"href":"https:\/\/regeszet.bibl.u-szeged.hu\/index.php\/wp-json\/wp\/v2\/pages\/249\/revisions"}],"predecessor-version":[{"id":1416,"href":"https:\/\/regeszet.bibl.u-szeged.hu\/index.php\/wp-json\/wp\/v2\/pages\/249\/revisions\/1416"}],"up":[{"embeddable":true,"href":"https:\/\/regeszet.bibl.u-szeged.hu\/index.php\/wp-json\/wp\/v2\/pages\/219"}],"wp:attachment":[{"href":"https:\/\/regeszet.bibl.u-szeged.hu\/index.php\/wp-json\/wp\/v2\/media?parent=249"}],"curies":[{"name":"wp","href":"https:\/\/api.w.org\/{rel}","templated":true}]}}