{"id":251,"date":"2017-11-22T09:16:44","date_gmt":"2017-11-22T08:16:44","guid":{"rendered":"http:\/\/regeszet.bibl.u-szeged.hu\/?page_id=251"},"modified":"2017-11-25T13:26:45","modified_gmt":"2017-11-25T12:26:45","slug":"2014-2015","status":"publish","type":"page","link":"https:\/\/regeszet.bibl.u-szeged.hu\/index.php\/partiscon-tdk\/farsang\/2014-2015\/","title":{"rendered":"2014\/2015"},"content":{"rendered":"<p><strong>Farsangi b\u00e1l a Kapc\u00e1ban<\/strong><\/p>\n<p>Tansz\u00e9k\u00fcnk 2015. febru\u00e1r 25-\u00e9n rendezte meg a m\u00e1r hagyom\u00e1nyos farsangi \u201emulats\u00e1g\u00e1t\u201d, ez alkalommal a Kapca K\u00e1v\u00e9z\u00f3 \u00e9s Bisztr\u00f3ban. A szervez\u0151k v\u00e1ltozatos programokat \u00e1ll\u00edtottak \u00f6ssze. El\u0151sz\u00f6r a jelmezverseny r\u00e9sztvev\u0151i vonultak fel \u00e9s mutatkoztak be a k\u00f6z\u00f6ns\u00e9gnek. Majd a csapatverseny k\u00f6vetkezett, amelyen a r\u00e9sztvev\u0151knek k\u00fcl\u00f6nf\u00e9le csapat\u00e9p\u00edt\u0151 feladatokat kellett teljes\u00edteni\u00fck. P\u00e9ld\u00e1ul egy-egy adott korszakra jellemz\u0151 m\u0171alkot\u00e1st kellett kre\u00e1lniuk k\u00fcl\u00f6nf\u00e9le mat\u00e9ri\u00e1kb\u00f3l (\u00edgy sz\u00fcletett meg p\u00e9ld\u00e1nak ok\u00e1\u00e9rt a s\u00f3lisztgyurma s\u00e1rk\u00e1ny vagy wc-pap\u00edr m\u00famia). \u00a0A csapatverseny \u00e9s f\u00e1nks\u00fct\u0151verseny r\u00e9sztvev\u0151it a helysz\u00ednen megv\u00e1lasztott zs\u0171ri b\u00edr\u00e1lta, m\u00edg a jelmezekre egy\u00e9nileg lehetett szavazni. Az est folyam\u00e1n vend\u00e9g\u00fcnk volt a <em>Let the cigar die<\/em> k\u00e9t tagja is, akik akusztikus form\u00e1ci\u00f3ban zen\u00e9ltek eg\u00e9szen az programokat z\u00e1r\u00f3 tombolah\u00faz\u00e1sig \u00e9s eredm\u00e9nyhirdet\u00e9sig.<\/p>\n<p style=\"text-align: right;\">Kurucz Klaudia<\/p>\n<p>&nbsp;<\/p>\n<div class=\"rgg-container\" data-rgg-id=\"1\">    <div class=\"rgg-imagegrid captions-title captions-effect-none \" data-rgg-id=\"1\">\n                    <a href=\"https:\/\/regeszet.bibl.u-szeged.hu\/wp-content\/uploads\/2017\/11\/11001927_282854741838606_1352768694254145879_n.jpg\" data-rel=\"rgg\" rel=\"rgg\" title=\"\" class=\"rgg-disabled size-medium rgg-img\" data-src=\"https:\/\/regeszet.bibl.u-szeged.hu\/wp-content\/uploads\/2017\/11\/11001927_282854741838606_1352768694254145879_n.jpg\" data-ratio=\"0.70666666666667\" data-height=\"300\" data-width=\"212\" aria-label=\"\">\n                            <\/a>\n                    <a href=\"https:\/\/regeszet.bibl.u-szeged.hu\/wp-content\/uploads\/2017\/11\/1514982_284020721722008_9116617995749468389_n.jpg\" data-rel=\"rgg\" rel=\"rgg\" title=\"\" class=\"rgg-disabled size-medium rgg-img\" data-src=\"https:\/\/regeszet.bibl.u-szeged.hu\/wp-content\/uploads\/2017\/11\/1514982_284020721722008_9116617995749468389_n.jpg\" data-ratio=\"1.3333333333333\" data-height=\"225\" data-width=\"300\" aria-label=\"\">\n                            <\/a>\n                    <a href=\"https:\/\/regeszet.bibl.u-szeged.hu\/wp-content\/uploads\/2017\/11\/1958284_284020011722079_191535446807017578_n.jpg\" data-rel=\"rgg\" rel=\"rgg\" title=\"\" class=\"rgg-disabled size-medium rgg-img\" data-src=\"https:\/\/regeszet.bibl.u-szeged.hu\/wp-content\/uploads\/2017\/11\/1958284_284020011722079_191535446807017578_n.jpg\" data-ratio=\"1.3333333333333\" data-height=\"225\" data-width=\"300\" aria-label=\"\">\n                            <\/a>\n                    <a href=\"https:\/\/regeszet.bibl.u-szeged.hu\/wp-content\/uploads\/2017\/11\/10407738_284017588388988_2858557851264967609_n.jpg\" data-rel=\"rgg\" rel=\"rgg\" title=\"\" class=\"rgg-disabled size-medium rgg-img\" data-src=\"https:\/\/regeszet.bibl.u-szeged.hu\/wp-content\/uploads\/2017\/11\/10407738_284017588388988_2858557851264967609_n.jpg\" data-ratio=\"1.3333333333333\" data-height=\"225\" data-width=\"300\" aria-label=\"\">\n                            <\/a>\n                    <a href=\"https:\/\/regeszet.bibl.u-szeged.hu\/wp-content\/uploads\/2017\/11\/10428456_284020638388683_6891393575718055896_n.jpg\" data-rel=\"rgg\" rel=\"rgg\" title=\"\" class=\"rgg-disabled size-medium rgg-img\" data-src=\"https:\/\/regeszet.bibl.u-szeged.hu\/wp-content\/uploads\/2017\/11\/10428456_284020638388683_6891393575718055896_n.jpg\" data-ratio=\"1.3333333333333\" data-height=\"225\" data-width=\"300\" aria-label=\"\">\n                            <\/a>\n                    <a href=\"https:\/\/regeszet.bibl.u-szeged.hu\/wp-content\/uploads\/2017\/11\/10433093_284020055055408_5615869094268019943_n.jpg\" data-rel=\"rgg\" rel=\"rgg\" title=\"\" class=\"rgg-disabled size-medium rgg-img\" data-src=\"https:\/\/regeszet.bibl.u-szeged.hu\/wp-content\/uploads\/2017\/11\/10433093_284020055055408_5615869094268019943_n.jpg\" data-ratio=\"1.3333333333333\" data-height=\"225\" data-width=\"300\" aria-label=\"\">\n                            <\/a>\n                    <a href=\"https:\/\/regeszet.bibl.u-szeged.hu\/wp-content\/uploads\/2017\/11\/10947197_284020171722063_2947272472904079229_n.jpg\" data-rel=\"rgg\" rel=\"rgg\" title=\"\" class=\"rgg-disabled size-medium rgg-img\" data-src=\"https:\/\/regeszet.bibl.u-szeged.hu\/wp-content\/uploads\/2017\/11\/10947197_284020171722063_2947272472904079229_n.jpg\" data-ratio=\"1.3333333333333\" data-height=\"225\" data-width=\"300\" aria-label=\"\">\n                            <\/a>\n                    <a href=\"https:\/\/regeszet.bibl.u-szeged.hu\/wp-content\/uploads\/2017\/11\/10953200_284017095055704_2978755106093544933_n.jpg\" data-rel=\"rgg\" rel=\"rgg\" title=\"\" class=\"rgg-disabled size-medium rgg-img\" data-src=\"https:\/\/regeszet.bibl.u-szeged.hu\/wp-content\/uploads\/2017\/11\/10953200_284017095055704_2978755106093544933_n.jpg\" data-ratio=\"0.75\" data-height=\"300\" data-width=\"225\" aria-label=\"\">\n                            <\/a>\n                    <a href=\"https:\/\/regeszet.bibl.u-szeged.hu\/wp-content\/uploads\/2017\/11\/10968244_284020188388728_5376288215342797780_n.jpg\" data-rel=\"rgg\" rel=\"rgg\" title=\"\" class=\"rgg-disabled size-medium rgg-img\" data-src=\"https:\/\/regeszet.bibl.u-szeged.hu\/wp-content\/uploads\/2017\/11\/10968244_284020188388728_5376288215342797780_n.jpg\" data-ratio=\"1.3333333333333\" data-height=\"225\" data-width=\"300\" aria-label=\"\">\n                            <\/a>\n                    <a href=\"https:\/\/regeszet.bibl.u-szeged.hu\/wp-content\/uploads\/2017\/11\/10985298_284017861722294_5753858295083201178_n.jpg\" data-rel=\"rgg\" rel=\"rgg\" title=\"\" class=\"rgg-disabled size-medium rgg-img\" data-src=\"https:\/\/regeszet.bibl.u-szeged.hu\/wp-content\/uploads\/2017\/11\/10985298_284017861722294_5753858295083201178_n.jpg\" data-ratio=\"0.75\" data-height=\"300\" data-width=\"225\" aria-label=\"\">\n                            <\/a>\n                    <a href=\"https:\/\/regeszet.bibl.u-szeged.hu\/wp-content\/uploads\/2017\/11\/10995667_284020678388679_3314237607809889508_n.jpg\" data-rel=\"rgg\" rel=\"rgg\" title=\"\" class=\"rgg-disabled size-medium rgg-img\" data-src=\"https:\/\/regeszet.bibl.u-szeged.hu\/wp-content\/uploads\/2017\/11\/10995667_284020678388679_3314237607809889508_n.jpg\" data-ratio=\"1.3333333333333\" data-height=\"225\" data-width=\"300\" aria-label=\"\">\n                            <\/a>\n                    <a href=\"https:\/\/regeszet.bibl.u-szeged.hu\/wp-content\/uploads\/2017\/11\/11026027_284020568388690_5478303679656082905_n.jpg\" data-rel=\"rgg\" rel=\"rgg\" title=\"\" class=\"rgg-disabled size-medium rgg-img\" data-src=\"https:\/\/regeszet.bibl.u-szeged.hu\/wp-content\/uploads\/2017\/11\/11026027_284020568388690_5478303679656082905_n.jpg\" data-ratio=\"1.3333333333333\" data-height=\"225\" data-width=\"300\" aria-label=\"\">\n                            <\/a>\n                    <a href=\"https:\/\/regeszet.bibl.u-szeged.hu\/wp-content\/uploads\/2017\/11\/11034217_284020281722052_598389758238600423_n.jpg\" data-rel=\"rgg\" rel=\"rgg\" title=\"\" class=\"rgg-disabled size-medium rgg-img\" data-src=\"https:\/\/regeszet.bibl.u-szeged.hu\/wp-content\/uploads\/2017\/11\/11034217_284020281722052_598389758238600423_n.jpg\" data-ratio=\"1.3333333333333\" data-height=\"225\" data-width=\"300\" aria-label=\"\">\n                            <\/a>\n                    <a href=\"https:\/\/regeszet.bibl.u-szeged.hu\/wp-content\/uploads\/2017\/11\/11035307_284021591721921_4004065309157708439_n.jpg\" data-rel=\"rgg\" rel=\"rgg\" title=\"\" class=\"rgg-disabled size-medium rgg-img\" data-src=\"https:\/\/regeszet.bibl.u-szeged.hu\/wp-content\/uploads\/2017\/11\/11035307_284021591721921_4004065309157708439_n.jpg\" data-ratio=\"1.3333333333333\" data-height=\"225\" data-width=\"300\" aria-label=\"\">\n                            <\/a>\n            <\/div>\n<\/div>\n<p>&nbsp;<\/p>\n<p>Tov\u00e1bbi fot\u00f3k: <a href=\"https:\/\/www.facebook.com\/partiscontdk\/photos_stream\" target=\"_blank\" rel=\"noopener\">https:\/\/www.facebook.com\/partiscontdk\/photos_stream<\/a><\/p>\n","protected":false},"excerpt":{"rendered":"<p>Farsangi b\u00e1l a Kapc\u00e1ban Tansz\u00e9k\u00fcnk 2015. febru\u00e1r 25-\u00e9n rendezte meg a m\u00e1r hagyom\u00e1nyos farsangi \u201emulats\u00e1g\u00e1t\u201d, ez alkalommal a Kapca K\u00e1v\u00e9z\u00f3 \u00e9s Bisztr\u00f3ban. A szervez\u0151k v\u00e1ltozatos programokat \u00e1ll\u00edtottak \u00f6ssze. El\u0151sz\u00f6r a jelmezverseny r\u00e9sztvev\u0151i vonultak fel \u00e9s mutatkoztak be a k\u00f6z\u00f6ns\u00e9gnek. Majd a csapatverseny k\u00f6vetkezett, amelyen a r\u00e9sztvev\u0151knek k\u00fcl\u00f6nf\u00e9le csapat\u00e9p\u00edt\u0151 feladatokat kellett teljes\u00edteni\u00fck. P\u00e9ld\u00e1ul egy-egy adott korszakra &hellip; <a href=\"https:\/\/regeszet.bibl.u-szeged.hu\/index.php\/partiscon-tdk\/farsang\/2014-2015\/\" class=\"more-link\"><span class=\"screen-reader-text\">2014\/2015<\/span> b\u0151vebben&#8230; <span class=\"meta-nav\">&rarr;<\/span><\/a><\/p>\n","protected":false},"author":1,"featured_media":0,"parent":219,"menu_order":2,"comment_status":"closed","ping_status":"closed","template":"","meta":{"footnotes":""},"class_list":["post-251","page","type-page","status-publish","hentry"],"_links":{"self":[{"href":"https:\/\/regeszet.bibl.u-szeged.hu\/index.php\/wp-json\/wp\/v2\/pages\/251","targetHints":{"allow":["GET"]}}],"collection":[{"href":"https:\/\/regeszet.bibl.u-szeged.hu\/index.php\/wp-json\/wp\/v2\/pages"}],"about":[{"href":"https:\/\/regeszet.bibl.u-szeged.hu\/index.php\/wp-json\/wp\/v2\/types\/page"}],"author":[{"embeddable":true,"href":"https:\/\/regeszet.bibl.u-szeged.hu\/index.php\/wp-json\/wp\/v2\/users\/1"}],"replies":[{"embeddable":true,"href":"https:\/\/regeszet.bibl.u-szeged.hu\/index.php\/wp-json\/wp\/v2\/comments?post=251"}],"version-history":[{"count":4,"href":"https:\/\/regeszet.bibl.u-szeged.hu\/index.php\/wp-json\/wp\/v2\/pages\/251\/revisions"}],"predecessor-version":[{"id":1407,"href":"https:\/\/regeszet.bibl.u-szeged.hu\/index.php\/wp-json\/wp\/v2\/pages\/251\/revisions\/1407"}],"up":[{"embeddable":true,"href":"https:\/\/regeszet.bibl.u-szeged.hu\/index.php\/wp-json\/wp\/v2\/pages\/219"}],"wp:attachment":[{"href":"https:\/\/regeszet.bibl.u-szeged.hu\/index.php\/wp-json\/wp\/v2\/media?parent=251"}],"curies":[{"name":"wp","href":"https:\/\/api.w.org\/{rel}","templated":true}]}}