{"id":2536,"date":"2019-02-04T08:34:50","date_gmt":"2019-02-04T07:34:50","guid":{"rendered":"http:\/\/regeszet.bibl.u-szeged.hu\/?page_id=2536"},"modified":"2019-02-04T08:34:50","modified_gmt":"2019-02-04T07:34:50","slug":"unkp","status":"publish","type":"page","link":"https:\/\/regeszet.bibl.u-szeged.hu\/index.php\/tehetseggondozas\/unkp\/","title":{"rendered":"\u00daNKP"},"content":{"rendered":"<p>Tansz\u00e9k\u00fcnk t\u00f6bb hallgat\u00f3ja is sikeresen p\u00e1ly\u00e1zott az \u00daj Nemzeti Kiv\u00e1l\u00f3s\u00e1g Program (\u00daNKP) \u00f6szt\u00f6nd\u00edj-p\u00e1ly\u00e1zat\u00e1nak keret\u00e9ben. Az \u00f6szt\u00f6nd\u00edj a hallgat\u00f3i, kutat\u00f3i kiv\u00e1l\u00f3s\u00e1g t\u00e1mogat\u00e1s\u00e1ra j\u00f6tt l\u00e9tre, \u00e9s\u00a0alapk\u00e9pz\u00e9sben, mesterk\u00e9pz\u00e9sben vagy doktori k\u00e9pz\u00e9sben r\u00e9sztvev\u0151 hallgat\u00f3k, doktorjel\u00f6ltek \u00e9s fiatal kutat\u00f3k p\u00e1ly\u00e1zhatnak r\u00e1.<\/p>\n","protected":false},"excerpt":{"rendered":"<p>Tansz\u00e9k\u00fcnk t\u00f6bb hallgat\u00f3ja is sikeresen p\u00e1ly\u00e1zott az \u00daj Nemzeti Kiv\u00e1l\u00f3s\u00e1g Program (\u00daNKP) \u00f6szt\u00f6nd\u00edj-p\u00e1ly\u00e1zat\u00e1nak keret\u00e9ben. Az \u00f6szt\u00f6nd\u00edj a hallgat\u00f3i, kutat\u00f3i kiv\u00e1l\u00f3s\u00e1g t\u00e1mogat\u00e1s\u00e1ra j\u00f6tt l\u00e9tre, \u00e9s\u00a0alapk\u00e9pz\u00e9sben, mesterk\u00e9pz\u00e9sben vagy doktori k\u00e9pz\u00e9sben r\u00e9sztvev\u0151 hallgat\u00f3k, doktorjel\u00f6ltek \u00e9s fiatal kutat\u00f3k p\u00e1ly\u00e1zhatnak r\u00e1.<\/p>\n","protected":false},"author":1,"featured_media":0,"parent":49,"menu_order":3,"comment_status":"closed","ping_status":"closed","template":"","meta":{"footnotes":""},"class_list":["post-2536","page","type-page","status-publish","hentry"],"_links":{"self":[{"href":"https:\/\/regeszet.bibl.u-szeged.hu\/index.php\/wp-json\/wp\/v2\/pages\/2536","targetHints":{"allow":["GET"]}}],"collection":[{"href":"https:\/\/regeszet.bibl.u-szeged.hu\/index.php\/wp-json\/wp\/v2\/pages"}],"about":[{"href":"https:\/\/regeszet.bibl.u-szeged.hu\/index.php\/wp-json\/wp\/v2\/types\/page"}],"author":[{"embeddable":true,"href":"https:\/\/regeszet.bibl.u-szeged.hu\/index.php\/wp-json\/wp\/v2\/users\/1"}],"replies":[{"embeddable":true,"href":"https:\/\/regeszet.bibl.u-szeged.hu\/index.php\/wp-json\/wp\/v2\/comments?post=2536"}],"version-history":[{"count":1,"href":"https:\/\/regeszet.bibl.u-szeged.hu\/index.php\/wp-json\/wp\/v2\/pages\/2536\/revisions"}],"predecessor-version":[{"id":2537,"href":"https:\/\/regeszet.bibl.u-szeged.hu\/index.php\/wp-json\/wp\/v2\/pages\/2536\/revisions\/2537"}],"up":[{"embeddable":true,"href":"https:\/\/regeszet.bibl.u-szeged.hu\/index.php\/wp-json\/wp\/v2\/pages\/49"}],"wp:attachment":[{"href":"https:\/\/regeszet.bibl.u-szeged.hu\/index.php\/wp-json\/wp\/v2\/media?parent=2536"}],"curies":[{"name":"wp","href":"https:\/\/api.w.org\/{rel}","templated":true}]}}