{"id":2538,"date":"2019-02-04T08:50:07","date_gmt":"2019-02-04T07:50:07","guid":{"rendered":"http:\/\/regeszet.bibl.u-szeged.hu\/?page_id=2538"},"modified":"2019-02-26T23:06:43","modified_gmt":"2019-02-26T22:06:43","slug":"pap-evelin","status":"publish","type":"page","link":"https:\/\/regeszet.bibl.u-szeged.hu\/index.php\/tehetseggondozas\/unkp\/pap-evelin\/","title":{"rendered":"Pap Evelin"},"content":{"rendered":"<p><strong>P\u00e1ly\u00e1zat \u00e1ltal \u00e9rintett id\u0151intervallum<\/strong>:\u00a02017\/2018-as tan\u00e9v<\/p>\n<p><strong>Kutat\u00e1s t\u00e9m\u00e1ja<\/strong>:\u00a0F\u0151nyed-G\u00f3ly\u00e1sfa \u00c1rp\u00e1d-kori temet\u0151j\u00e9nek r\u00e9g\u00e9szeti \u00e9s archaeometriai elemz\u00e9se\u00a0(11-13. sz\u00e1zad)<\/p>\n<p><strong>T\u00e9mavezet\u0151<\/strong>: Dr. habil. Wolf M\u00e1ria<\/p>\n<p><strong>\u00d6sszefoglal\u00f3<\/strong>:\u00a0T\u00e9m\u00e1m a F\u0151nyed\u2013G\u00f3ly\u00e1sfa elnevez\u00e9s\u0171 lel\u0151helyen felt\u00e1rt, \u00c1rp\u00e1d-kori (11-13. sz\u00e1zad) templom k\u00f6r\u00fcli temet\u0151 vizsg\u00e1lata, multidiszciplin\u00e1ris, teljess\u00e9gre t\u00f6rekv\u0151 elemz\u00e9se. R\u00e9g\u00e9szeti szempont\u00fa \u00e9rtelmez\u00e9sre az 535 egy\u00e9n maradv\u00e1nyait rejt\u0151 ter\u00fclet, az antropol\u00f3giai anyag, a s\u00edrok elhelyezked\u00e9se \u00e9s viszonya ker\u00fclt a k\u00fcl\u00f6nf\u00e9le jelens\u00e9gek \u00e1br\u00e1zol\u00e1sa seg\u00edts\u00e9g\u00e9vel, illetve anal\u00f3gi\u00e1k alapj\u00e1n c\u00e9lozva meg a keltez\u00e9st, az egyes haszn\u00e1lati peri\u00f3dusok elk\u00fcl\u00f6n\u00edt\u00e9s\u00e9t. A puszt\u00e1n r\u00e9g\u00e9szet eszk\u00f6zeivel nyerhet\u0151 inform\u00e1ci\u00f3kon t\u00fal az elem\u00f6sszet\u00e9tel-eredm\u00e9nyek ki\u00e9rt\u00e9kel\u00e9se nyom\u00e1n k\u00fcl\u00f6nf\u00e9le csoportok elk\u00fcl\u00f6n\u00edt\u00e9s\u00e9re, nyersanyag-lel\u0151helyre val\u00f3 k\u00f6vetkeztet\u00e9sre is m\u00f3d ny\u00edlt. A leletek k\u00e9miai \u00f6sszet\u00e9telbeli adatainak meghat\u00e1roz\u00e1s\u00e1t roncsol\u00e1smentesen, r\u00f6ntgen fluoreszcens, Raman spektroszk\u00f3pi\u00e1s \u00e9s r\u00f6ntgen radiogr\u00e1fi\u00e1s m\u0171szerekkel, k\u00fcl\u00f6nf\u00e9le nyersanyagb\u00f3l (ez\u00fcst, r\u00e9z, \u00f3lom) k\u00e9sz\u00edtett f\u00e9mt\u00e1rgyakon, f\u0151k\u00e9nt \u00e9kszereken, valamint vast\u00e1rgyakon v\u00e9gezt\u00fck. Az embertani anyag kapcs\u00e1n pedig a temet\u0151t haszn\u00e1l\u00f3 n\u00e9pess\u00e9g demogr\u00e1fiai viszonyainak, paleopatol\u00f3gi\u00e1s elv\u00e1ltoz\u00e1sainak felder\u00edt\u00e9s\u00e9re v\u00e1llalkoztunk.<\/p>\n<p><a href=\"http:\/\/regeszet.bibl.u-szeged.hu\/wp-content\/uploads\/2019\/02\/Pap-Evelin_Fonyed_Golyasfa.jpg\"><img loading=\"lazy\" decoding=\"async\" class=\"aligncenter wp-image-2539\" src=\"http:\/\/regeszet.bibl.u-szeged.hu\/wp-content\/uploads\/2019\/02\/Pap-Evelin_Fonyed_Golyasfa.jpg\" alt=\"\" width=\"400\" height=\"593\" \/><\/a><\/p>\n","protected":false},"excerpt":{"rendered":"<p>P\u00e1ly\u00e1zat \u00e1ltal \u00e9rintett id\u0151intervallum:\u00a02017\/2018-as tan\u00e9v Kutat\u00e1s t\u00e9m\u00e1ja:\u00a0F\u0151nyed-G\u00f3ly\u00e1sfa \u00c1rp\u00e1d-kori temet\u0151j\u00e9nek r\u00e9g\u00e9szeti \u00e9s archaeometriai elemz\u00e9se\u00a0(11-13. sz\u00e1zad) T\u00e9mavezet\u0151: Dr. habil. Wolf M\u00e1ria \u00d6sszefoglal\u00f3:\u00a0T\u00e9m\u00e1m a F\u0151nyed\u2013G\u00f3ly\u00e1sfa elnevez\u00e9s\u0171 lel\u0151helyen felt\u00e1rt, \u00c1rp\u00e1d-kori (11-13. sz\u00e1zad) templom k\u00f6r\u00fcli temet\u0151 vizsg\u00e1lata, multidiszciplin\u00e1ris, teljess\u00e9gre t\u00f6rekv\u0151 elemz\u00e9se. R\u00e9g\u00e9szeti szempont\u00fa \u00e9rtelmez\u00e9sre az 535 egy\u00e9n maradv\u00e1nyait rejt\u0151 ter\u00fclet, az antropol\u00f3giai anyag, a s\u00edrok elhelyezked\u00e9se \u00e9s viszonya ker\u00fclt a &hellip; <a href=\"https:\/\/regeszet.bibl.u-szeged.hu\/index.php\/tehetseggondozas\/unkp\/pap-evelin\/\" class=\"more-link\"><span class=\"screen-reader-text\">Pap Evelin<\/span> b\u0151vebben&#8230; <span class=\"meta-nav\">&rarr;<\/span><\/a><\/p>\n","protected":false},"author":1,"featured_media":0,"parent":2536,"menu_order":3,"comment_status":"closed","ping_status":"closed","template":"","meta":{"footnotes":""},"class_list":["post-2538","page","type-page","status-publish","hentry"],"_links":{"self":[{"href":"https:\/\/regeszet.bibl.u-szeged.hu\/index.php\/wp-json\/wp\/v2\/pages\/2538","targetHints":{"allow":["GET"]}}],"collection":[{"href":"https:\/\/regeszet.bibl.u-szeged.hu\/index.php\/wp-json\/wp\/v2\/pages"}],"about":[{"href":"https:\/\/regeszet.bibl.u-szeged.hu\/index.php\/wp-json\/wp\/v2\/types\/page"}],"author":[{"embeddable":true,"href":"https:\/\/regeszet.bibl.u-szeged.hu\/index.php\/wp-json\/wp\/v2\/users\/1"}],"replies":[{"embeddable":true,"href":"https:\/\/regeszet.bibl.u-szeged.hu\/index.php\/wp-json\/wp\/v2\/comments?post=2538"}],"version-history":[{"count":6,"href":"https:\/\/regeszet.bibl.u-szeged.hu\/index.php\/wp-json\/wp\/v2\/pages\/2538\/revisions"}],"predecessor-version":[{"id":2627,"href":"https:\/\/regeszet.bibl.u-szeged.hu\/index.php\/wp-json\/wp\/v2\/pages\/2538\/revisions\/2627"}],"up":[{"embeddable":true,"href":"https:\/\/regeszet.bibl.u-szeged.hu\/index.php\/wp-json\/wp\/v2\/pages\/2536"}],"wp:attachment":[{"href":"https:\/\/regeszet.bibl.u-szeged.hu\/index.php\/wp-json\/wp\/v2\/media?parent=2538"}],"curies":[{"name":"wp","href":"https:\/\/api.w.org\/{rel}","templated":true}]}}