{"id":2541,"date":"2019-02-04T08:55:17","date_gmt":"2019-02-04T07:55:17","guid":{"rendered":"http:\/\/regeszet.bibl.u-szeged.hu\/?page_id=2541"},"modified":"2019-02-26T23:07:51","modified_gmt":"2019-02-26T22:07:51","slug":"takacs-melinda","status":"publish","type":"page","link":"https:\/\/regeszet.bibl.u-szeged.hu\/index.php\/tehetseggondozas\/unkp\/takacs-melinda\/","title":{"rendered":"Tak\u00e1cs Melinda"},"content":{"rendered":"<p><strong>P\u00e1ly\u00e1zat \u00e1ltal \u00e9rintett id\u0151intervallum<\/strong>: 2016\/2017-es tan\u00e9v<\/p>\n<p><strong>Kutat\u00e1s t\u00e9m\u00e1ja<\/strong>: Az avar tov\u00e1bb\u00e9l\u00e9s komplex vizsg\u00e1lata a Fels\u0151-Tisza-vid\u00e9k kora k\u00f6z\u00e9pkori telep\u00fcl\u00e9seinek t\u00fckr\u00e9ben<\/p>\n<p><strong>T\u00e9mavezet\u0151<\/strong>: Dr. habil. R\u00e9v\u00e9sz L\u00e1szl\u00f3, Dr. Szabados Gy\u00f6rgy<\/p>\n<p><strong>\u00d6sszefoglal\u00f3<\/strong>: Katal\u00f3gus k\u00e9sz\u00edt\u00e9se SzSzB megye r\u00e9g\u00e9szetileg kutatott avar kori telep\u00fcl\u00e9seir\u0151l, megk\u00f6zel\u00edt\u0151leg 70 lel\u0151hely regisztr\u00e1l\u00e1sa \u00e9s f\u0151bb adatainak konzekvens r\u00f6gz\u00edt\u00e9se. Alapvet\u0151en adatt\u00e1ri inform\u00e1ci\u00f3kkal dolgoztam, a leletek egy r\u00e9sz\u00e9t \u00e1t is n\u00e9ztem, sajnos az \u00f6sszes lel\u0151helyre nem jutott id\u0151. A katal\u00f3gus \u00f6ssze\u00e1ll\u00edt\u00e1s\u00e1nak hozad\u00e9kak\u00e9nt a megye k\u00f6z\u00e9p\/k\u00e9s\u0151 avar kori temet\u0151it is \u00f6sszegy\u0171jt\u00f6ttem. (A korai avart az\u00e9rt nem, mert az j\u00f3l feldolgozott.) Alapvet\u0151 telep\u00fcl\u00e9st\u00f6rt\u00e9neti k\u00f6vetkeztet\u00e9seket siker\u00fclt levonnom, a katal\u00f3gus j\u00f3 kiindul\u00f3pont a j\u00f6v\u0151beli kutat\u00e1sokhoz (akit \u00e9rdekel), v\u00e9gre lehet tudni, hogy mi alapj\u00e1n vontunk le eddig k\u00f6vetkeztet\u00e9seket, \u00e9s mi a val\u00f3s\u00e1g. Emellett az \u00daNKP int\u00e9zm\u00e9nyi t\u00e1mogat\u00e1sa tette lehet\u0151v\u00e9, hogy kiadjuk az alf\u00f6ldk\u00f6tetet.<\/p>\n<p><strong>Publik\u00e1ci\u00f3k<\/strong>:<\/p>\n<p>1. Tak\u00e1cs Melinda: Szabolcs-Szatm\u00e1r-Bereg megye k\u00e9s\u0151 avar kori lel\u0151helyei\/Late Avar Age Sites of Szabolcs-Szatm\u00e1r-Bereg County. In: \u201eVadr\u00f3zs\u00e1b\u00f3l t\u00fcnd\u00e9rs\u00edpot csin\u00e1ltam.\u201d T<em>anulm\u00e1nyok Istv\u00e1novits Eszter 60. sz\u00fclet\u00e9snapj\u00e1ra.\/\u201dTo make a fairy\u2019s whistle from a briar rose\u201d Studies presented to Eszter Istv\u00e1novits on her sixtieth birthday<\/em>. Ny\u00edregyh\u00e1za 2018, 603\u2013627.<\/p>\n<p>2. <em>Az Alf\u00f6ld a 9. sz\u00e1zadban II. \u2013 \u00daj eredm\u00e9nyek. V\u00e1logat\u00e1s &#8222;Az Alf\u00f6ld a 9. sz\u00e1zadban II. \u2013 \u00daj eredm\u00e9nyek&#8221; c\u00edm\u0171 konferenci\u00e1n 2014. m\u00e1jus 21-23. k\u00f6z\u00f6tt elhangzott el\u0151ad\u00e1sok anyagaib\u00f3l<\/em>, <em>MTA SZAB Sz\u00e9kh\u00e1z, Szeged<\/em>. [Monogr\u00e1fi\u00e1k a Szegedi Tudom\u00e1nyegyetem R\u00e9g\u00e9szeti Tansz\u00e9k\u00e9r\u0151l 4.] F\u0151szerk.: R\u00e9v\u00e9sz L\u00e1szl\u00f3, Szerk.: Tak\u00e1cs Melinda. Szeged 2017.<\/p>\n<p><a href=\"http:\/\/regeszet.bibl.u-szeged.hu\/wp-content\/uploads\/2019\/02\/Takacs-Melinda.jpg\"><img loading=\"lazy\" decoding=\"async\" class=\"aligncenter wp-image-2587\" src=\"http:\/\/regeszet.bibl.u-szeged.hu\/wp-content\/uploads\/2019\/02\/Takacs-Melinda.jpg\" alt=\"\" width=\"200\" height=\"249\" \/><\/a><\/p>\n","protected":false},"excerpt":{"rendered":"<p>P\u00e1ly\u00e1zat \u00e1ltal \u00e9rintett id\u0151intervallum: 2016\/2017-es tan\u00e9v Kutat\u00e1s t\u00e9m\u00e1ja: Az avar tov\u00e1bb\u00e9l\u00e9s komplex vizsg\u00e1lata a Fels\u0151-Tisza-vid\u00e9k kora k\u00f6z\u00e9pkori telep\u00fcl\u00e9seinek t\u00fckr\u00e9ben T\u00e9mavezet\u0151: Dr. habil. R\u00e9v\u00e9sz L\u00e1szl\u00f3, Dr. Szabados Gy\u00f6rgy \u00d6sszefoglal\u00f3: Katal\u00f3gus k\u00e9sz\u00edt\u00e9se SzSzB megye r\u00e9g\u00e9szetileg kutatott avar kori telep\u00fcl\u00e9seir\u0151l, megk\u00f6zel\u00edt\u0151leg 70 lel\u0151hely regisztr\u00e1l\u00e1sa \u00e9s f\u0151bb adatainak konzekvens r\u00f6gz\u00edt\u00e9se. Alapvet\u0151en adatt\u00e1ri inform\u00e1ci\u00f3kkal dolgoztam, a leletek egy r\u00e9sz\u00e9t \u00e1t &hellip; <a href=\"https:\/\/regeszet.bibl.u-szeged.hu\/index.php\/tehetseggondozas\/unkp\/takacs-melinda\/\" class=\"more-link\"><span class=\"screen-reader-text\">Tak\u00e1cs Melinda<\/span> b\u0151vebben&#8230; <span class=\"meta-nav\">&rarr;<\/span><\/a><\/p>\n","protected":false},"author":1,"featured_media":0,"parent":2536,"menu_order":2,"comment_status":"closed","ping_status":"closed","template":"","meta":{"footnotes":""},"class_list":["post-2541","page","type-page","status-publish","hentry"],"_links":{"self":[{"href":"https:\/\/regeszet.bibl.u-szeged.hu\/index.php\/wp-json\/wp\/v2\/pages\/2541","targetHints":{"allow":["GET"]}}],"collection":[{"href":"https:\/\/regeszet.bibl.u-szeged.hu\/index.php\/wp-json\/wp\/v2\/pages"}],"about":[{"href":"https:\/\/regeszet.bibl.u-szeged.hu\/index.php\/wp-json\/wp\/v2\/types\/page"}],"author":[{"embeddable":true,"href":"https:\/\/regeszet.bibl.u-szeged.hu\/index.php\/wp-json\/wp\/v2\/users\/1"}],"replies":[{"embeddable":true,"href":"https:\/\/regeszet.bibl.u-szeged.hu\/index.php\/wp-json\/wp\/v2\/comments?post=2541"}],"version-history":[{"count":7,"href":"https:\/\/regeszet.bibl.u-szeged.hu\/index.php\/wp-json\/wp\/v2\/pages\/2541\/revisions"}],"predecessor-version":[{"id":2628,"href":"https:\/\/regeszet.bibl.u-szeged.hu\/index.php\/wp-json\/wp\/v2\/pages\/2541\/revisions\/2628"}],"up":[{"embeddable":true,"href":"https:\/\/regeszet.bibl.u-szeged.hu\/index.php\/wp-json\/wp\/v2\/pages\/2536"}],"wp:attachment":[{"href":"https:\/\/regeszet.bibl.u-szeged.hu\/index.php\/wp-json\/wp\/v2\/media?parent=2541"}],"curies":[{"name":"wp","href":"https:\/\/api.w.org\/{rel}","templated":true}]}}