{"id":255,"date":"2017-11-22T09:17:19","date_gmt":"2017-11-22T08:17:19","guid":{"rendered":"http:\/\/regeszet.bibl.u-szeged.hu\/?page_id=255"},"modified":"2017-11-25T13:18:39","modified_gmt":"2017-11-25T12:18:39","slug":"2015-2016","status":"publish","type":"page","link":"https:\/\/regeszet.bibl.u-szeged.hu\/index.php\/partiscon-tdk\/tanszeki-fozoverseny\/2015-2016\/","title":{"rendered":"2015\/2016"},"content":{"rendered":"<p><strong>Tansz\u00e9ki f\u0151z\u0151verseny 2016<\/strong><\/p>\n<p>2016. m\u00e1jus 11-\u00e9n ker\u00fclt sor tansz\u00e9k\u00fcnk t\u00f6bb \u00e9vre visszany\u00fal\u00f3 hagyom\u00e1nyokkal rendelkez\u0151 f\u0151z\u0151verseny\u00e9re, melynek a V\u00e1rkert biztos\u00edtott otthont ebben az \u00e9vben is. A f\u0151z\u0151versenyen id\u00e9n is sz\u00e9p sz\u00e1m\u00fa csapat m\u00e9rte \u00f6ssze gasztron\u00f3mi\u00e1ban val\u00f3 j\u00e1rtass\u00e1g\u00e1t. A jelenlegi \u00e9s volt hallgat\u00f3kb\u00f3l \u00e9s a megh\u00edvott tansz\u00e9kekb\u0151l verbuv\u00e1l\u00f3dott csapatok \u00e9teleit Szajb\u00e9ly Mih\u00e1ly d\u00e9k\u00e1n \u00far, Kothencz Mih\u00e1ly a Tanulm\u00e1nyi Oszt\u00e1ly oszt\u00e1lyvezet\u0151je, \u00e9s Vajda Zolt\u00e1n d\u00e9k\u00e1nhelyettes \u00far \u00e9rt\u00e9kelte, \u00e9s a legjobbakat aj\u00e1nd\u00e9kokkal \u00e9s oklevelekkel d\u00edjazta. Az \u201eArany\u201d-fakanalat az MA I. \u00e9vesekb\u0151l \u00e1ll\u00f3 \u201eKuktak\u00e1n\u201d csapat vihette haza. Az \u201eEz\u00fcst\u201d-fakanalat az Altajisztika Tansz\u00e9k, a \u201eBronz\u201d-fakanalat pedig a N\u00e9prajz Tansz\u00e9k csapata nyerte el.<\/p>\n<p>Ebben az \u00e9vben is sor ker\u00fclt a p\u00e1linkamustra megrendez\u00e9s\u00e9re, ahova sz\u00e9p sz\u00e1mmal \u00e9s finom, h\u00e1zi f\u0151z\u00e9s\u0171 p\u00e1link\u00e1kkal jelentkeztek a r\u00e9sztvev\u0151k. Id\u00e9n rendezv\u00e9ny\u00fcnket elker\u00fclte a vihark\u00e1r, \u00edgy mindenki zavartalanul mulathatott z\u00e1r\u00f3r\u00e1ig.<\/p>\n<p><a href=\"http:\/\/regeszet.bibl.u-szeged.hu\/wp-content\/uploads\/2017\/11\/F\u0151z\u0151verseny-2016.jpg\"><img loading=\"lazy\" decoding=\"async\" class=\"alignnone size-full wp-image-1377\" src=\"http:\/\/regeszet.bibl.u-szeged.hu\/wp-content\/uploads\/2017\/11\/F\u0151z\u0151verseny-2016.jpg\" alt=\"\" width=\"960\" height=\"540\" \/><\/a><\/p>\n","protected":false},"excerpt":{"rendered":"<p>Tansz\u00e9ki f\u0151z\u0151verseny 2016 2016. m\u00e1jus 11-\u00e9n ker\u00fclt sor tansz\u00e9k\u00fcnk t\u00f6bb \u00e9vre visszany\u00fal\u00f3 hagyom\u00e1nyokkal rendelkez\u0151 f\u0151z\u0151verseny\u00e9re, melynek a V\u00e1rkert biztos\u00edtott otthont ebben az \u00e9vben is. A f\u0151z\u0151versenyen id\u00e9n is sz\u00e9p sz\u00e1m\u00fa csapat m\u00e9rte \u00f6ssze gasztron\u00f3mi\u00e1ban val\u00f3 j\u00e1rtass\u00e1g\u00e1t. A jelenlegi \u00e9s volt hallgat\u00f3kb\u00f3l \u00e9s a megh\u00edvott tansz\u00e9kekb\u0151l verbuv\u00e1l\u00f3dott csapatok \u00e9teleit Szajb\u00e9ly Mih\u00e1ly d\u00e9k\u00e1n \u00far, Kothencz Mih\u00e1ly a &hellip; <a href=\"https:\/\/regeszet.bibl.u-szeged.hu\/index.php\/partiscon-tdk\/tanszeki-fozoverseny\/2015-2016\/\" class=\"more-link\"><span class=\"screen-reader-text\">2015\/2016<\/span> b\u0151vebben&#8230; <span class=\"meta-nav\">&rarr;<\/span><\/a><\/p>\n","protected":false},"author":1,"featured_media":0,"parent":221,"menu_order":1,"comment_status":"closed","ping_status":"closed","template":"","meta":{"footnotes":""},"class_list":["post-255","page","type-page","status-publish","hentry"],"_links":{"self":[{"href":"https:\/\/regeszet.bibl.u-szeged.hu\/index.php\/wp-json\/wp\/v2\/pages\/255","targetHints":{"allow":["GET"]}}],"collection":[{"href":"https:\/\/regeszet.bibl.u-szeged.hu\/index.php\/wp-json\/wp\/v2\/pages"}],"about":[{"href":"https:\/\/regeszet.bibl.u-szeged.hu\/index.php\/wp-json\/wp\/v2\/types\/page"}],"author":[{"embeddable":true,"href":"https:\/\/regeszet.bibl.u-szeged.hu\/index.php\/wp-json\/wp\/v2\/users\/1"}],"replies":[{"embeddable":true,"href":"https:\/\/regeszet.bibl.u-szeged.hu\/index.php\/wp-json\/wp\/v2\/comments?post=255"}],"version-history":[{"count":2,"href":"https:\/\/regeszet.bibl.u-szeged.hu\/index.php\/wp-json\/wp\/v2\/pages\/255\/revisions"}],"predecessor-version":[{"id":1378,"href":"https:\/\/regeszet.bibl.u-szeged.hu\/index.php\/wp-json\/wp\/v2\/pages\/255\/revisions\/1378"}],"up":[{"embeddable":true,"href":"https:\/\/regeszet.bibl.u-szeged.hu\/index.php\/wp-json\/wp\/v2\/pages\/221"}],"wp:attachment":[{"href":"https:\/\/regeszet.bibl.u-szeged.hu\/index.php\/wp-json\/wp\/v2\/media?parent=255"}],"curies":[{"name":"wp","href":"https:\/\/api.w.org\/{rel}","templated":true}]}}