{"id":257,"date":"2017-11-22T09:17:34","date_gmt":"2017-11-22T08:17:34","guid":{"rendered":"http:\/\/regeszet.bibl.u-szeged.hu\/?page_id=257"},"modified":"2017-11-25T13:17:19","modified_gmt":"2017-11-25T12:17:19","slug":"2014-2015","status":"publish","type":"page","link":"https:\/\/regeszet.bibl.u-szeged.hu\/index.php\/partiscon-tdk\/tanszeki-fozoverseny\/2014-2015\/","title":{"rendered":"2014\/2015"},"content":{"rendered":"<p><strong>Tansz\u00e9ki f\u0151z\u0151verseny a V\u00e1rkertben<\/strong><\/p>\n<p>2015. m\u00e1jus 6-\u00e1n ker\u00fclt sor tansz\u00e9k\u00fcnk imm\u00e1r hagyom\u00e1nyoss\u00e1 v\u00e1lt f\u0151z\u0151verseny\u00e9re a V\u00e1rkertben. A megm\u00e9rettet\u00e9sen 9 csapat m\u00e9rte \u00f6ssze f\u0151z\u0151tud\u00e1s\u00e1t \u2013 k\u00f6zt\u00fck az Embertani Tansz\u00e9k \u00e9s az Altajisztika Tansz\u00e9k csapataival \u2013 akik finomabbn\u00e1l finomabb fog\u00e1sokat k\u00e9sz\u00edtettek.<\/p>\n<p>Az elk\u00e9sz\u00fclt \u00e9teleket Szajb\u00e9ly Mih\u00e1ly d\u00e9k\u00e1n \u00far, Kothencz Mih\u00e1ly a Tanulm\u00e1nyi Oszt\u00e1ly oszt\u00e1lyvezet\u0151je \u00e9s Vajda Zolt\u00e1n d\u00e9k\u00e1nhelyettes \u00far \u00e9rt\u00e9kelte, \u00e9s a legjobbakat aj\u00e1nd\u00e9kokkal \u00e9s oklevelekkel d\u00edjazta. A v\u00e1ndor \u201eArany\u201d-fakanalat a <em>Kisg\u00f6mb\u00f6c<\/em> nev\u0171 csapat vihette haza (a csapat tagjai: Harcz Klaudia, Ign\u00e1th Katalin, T\u00f3th N\u00f3ra, Berta Norbert, \u00e9s Mell\u00e1r Bal\u00e1zs). Az \u201eEz\u00fcst\u201d-fakanalat az Altajisztika Tansz\u00e9k csapata, a \u201eBronz\u201d-fakanalat az Embertani Tansz\u00e9k csapata nyerte el.<\/p>\n<p>Id\u00e9n el\u0151sz\u00f6r, a F\u0151z\u0151verseny keretein bel\u00fcl p\u00e1linkamustr\u00e1t is rendezt\u00fcnk, amelyen ki-ki saj\u00e1t, h\u00e1zi k\u00e9sz\u00edt\u00e9s\u0171 \u201esz\u00edver\u0151s\u00edt\u0151j\u00e9vel\u201d indulhatott a megtisztel\u0151 <em>Tansz\u00e9k P\u00e1link\u00e1ja<\/em> c\u00edm\u00e9rt. A j\u00f3 hangulatot, m\u00e9g a hirtelen j\u00f6tt m\u00e1jusi vihar sem tudta elrontani.<\/p>\n<p style=\"text-align: right;\">Moln\u00e1r Karola<\/p>\n<p>&nbsp;<\/p>\n<div class=\"rgg-container\" data-rgg-id=\"1\">    <div class=\"rgg-imagegrid captions-title captions-effect-none \" data-rgg-id=\"1\">\n                    <a href=\"https:\/\/regeszet.bibl.u-szeged.hu\/wp-content\/uploads\/2017\/11\/21827_291668767623870_5921039245492701469_n.jpg\" data-rel=\"rgg\" rel=\"rgg\" title=\"\" class=\"rgg-disabled size-medium rgg-img\" data-src=\"https:\/\/regeszet.bibl.u-szeged.hu\/wp-content\/uploads\/2017\/11\/21827_291668767623870_5921039245492701469_n.jpg\" data-ratio=\"1.3333333333333\" data-height=\"225\" data-width=\"300\" aria-label=\"\">\n                            <\/a>\n                    <a href=\"https:\/\/regeszet.bibl.u-szeged.hu\/wp-content\/uploads\/2017\/11\/10454337_291667960957284_9140433184027291343_n.jpg\" data-rel=\"rgg\" rel=\"rgg\" title=\"\" class=\"rgg-disabled size-medium rgg-img\" data-src=\"https:\/\/regeszet.bibl.u-szeged.hu\/wp-content\/uploads\/2017\/11\/10454337_291667960957284_9140433184027291343_n.jpg\" data-ratio=\"1.3333333333333\" data-height=\"225\" data-width=\"300\" aria-label=\"\">\n                            <\/a>\n                    <a href=\"https:\/\/regeszet.bibl.u-szeged.hu\/wp-content\/uploads\/2017\/11\/11011030_291669627623784_8581293271587006124_n.jpg\" data-rel=\"rgg\" rel=\"rgg\" title=\"\" class=\"rgg-disabled size-medium rgg-img\" data-src=\"https:\/\/regeszet.bibl.u-szeged.hu\/wp-content\/uploads\/2017\/11\/11011030_291669627623784_8581293271587006124_n.jpg\" data-ratio=\"1.3333333333333\" data-height=\"225\" data-width=\"300\" aria-label=\"\">\n                            <\/a>\n                    <a href=\"https:\/\/regeszet.bibl.u-szeged.hu\/wp-content\/uploads\/2017\/11\/11143203_291670014290412_3966095914742568868_n.jpg\" data-rel=\"rgg\" rel=\"rgg\" title=\"\" class=\"rgg-disabled size-medium rgg-img\" data-src=\"https:\/\/regeszet.bibl.u-szeged.hu\/wp-content\/uploads\/2017\/11\/11143203_291670014290412_3966095914742568868_n.jpg\" data-ratio=\"1.3333333333333\" data-height=\"225\" data-width=\"300\" aria-label=\"\">\n                            <\/a>\n                    <a href=\"https:\/\/regeszet.bibl.u-szeged.hu\/wp-content\/uploads\/2017\/11\/11165069_291664687624278_7321038902396122493_n.jpg\" data-rel=\"rgg\" rel=\"rgg\" title=\"\" class=\"rgg-disabled size-medium rgg-img\" data-src=\"https:\/\/regeszet.bibl.u-szeged.hu\/wp-content\/uploads\/2017\/11\/11165069_291664687624278_7321038902396122493_n.jpg\" data-ratio=\"1.3333333333333\" data-height=\"225\" data-width=\"300\" aria-label=\"\">\n                            <\/a>\n                    <a href=\"https:\/\/regeszet.bibl.u-szeged.hu\/wp-content\/uploads\/2017\/11\/11204981_291668177623929_8260496126229442205_n.jpg\" data-rel=\"rgg\" rel=\"rgg\" title=\"\" class=\"rgg-disabled size-medium rgg-img\" data-src=\"https:\/\/regeszet.bibl.u-szeged.hu\/wp-content\/uploads\/2017\/11\/11204981_291668177623929_8260496126229442205_n.jpg\" data-ratio=\"1.3333333333333\" data-height=\"225\" data-width=\"300\" aria-label=\"\">\n                            <\/a>\n                    <a href=\"https:\/\/regeszet.bibl.u-szeged.hu\/wp-content\/uploads\/2017\/11\/11218834_291666584290755_3875473837372554820_n.jpg\" data-rel=\"rgg\" rel=\"rgg\" title=\"\" class=\"rgg-disabled size-medium rgg-img\" data-src=\"https:\/\/regeszet.bibl.u-szeged.hu\/wp-content\/uploads\/2017\/11\/11218834_291666584290755_3875473837372554820_n.jpg\" data-ratio=\"1.3333333333333\" data-height=\"225\" data-width=\"300\" aria-label=\"\">\n                            <\/a>\n                    <a href=\"https:\/\/regeszet.bibl.u-szeged.hu\/wp-content\/uploads\/2017\/11\/11253739_291669164290497_4382119607858531128_n.jpg\" data-rel=\"rgg\" rel=\"rgg\" title=\"\" class=\"rgg-disabled size-medium rgg-img\" data-src=\"https:\/\/regeszet.bibl.u-szeged.hu\/wp-content\/uploads\/2017\/11\/11253739_291669164290497_4382119607858531128_n.jpg\" data-ratio=\"0.75\" data-height=\"300\" data-width=\"225\" aria-label=\"\">\n                            <\/a>\n            <\/div>\n<\/div>\n<p>&nbsp;<\/p>\n<p>Tov\u00e1bbi fot\u00f3k: <a href=\"https:\/\/www.facebook.com\/partiscontdk\/photos_stream\" target=\"_blank\" rel=\"noopener\">https:\/\/www.facebook.com\/partiscontdk\/photos_stream<\/a><\/p>\n","protected":false},"excerpt":{"rendered":"<p>Tansz\u00e9ki f\u0151z\u0151verseny a V\u00e1rkertben 2015. m\u00e1jus 6-\u00e1n ker\u00fclt sor tansz\u00e9k\u00fcnk imm\u00e1r hagyom\u00e1nyoss\u00e1 v\u00e1lt f\u0151z\u0151verseny\u00e9re a V\u00e1rkertben. A megm\u00e9rettet\u00e9sen 9 csapat m\u00e9rte \u00f6ssze f\u0151z\u0151tud\u00e1s\u00e1t \u2013 k\u00f6zt\u00fck az Embertani Tansz\u00e9k \u00e9s az Altajisztika Tansz\u00e9k csapataival \u2013 akik finomabbn\u00e1l finomabb fog\u00e1sokat k\u00e9sz\u00edtettek. Az elk\u00e9sz\u00fclt \u00e9teleket Szajb\u00e9ly Mih\u00e1ly d\u00e9k\u00e1n \u00far, Kothencz Mih\u00e1ly a Tanulm\u00e1nyi Oszt\u00e1ly oszt\u00e1lyvezet\u0151je \u00e9s Vajda Zolt\u00e1n &hellip; <a href=\"https:\/\/regeszet.bibl.u-szeged.hu\/index.php\/partiscon-tdk\/tanszeki-fozoverseny\/2014-2015\/\" class=\"more-link\"><span class=\"screen-reader-text\">2014\/2015<\/span> b\u0151vebben&#8230; <span class=\"meta-nav\">&rarr;<\/span><\/a><\/p>\n","protected":false},"author":1,"featured_media":0,"parent":221,"menu_order":2,"comment_status":"closed","ping_status":"closed","template":"","meta":{"footnotes":""},"class_list":["post-257","page","type-page","status-publish","hentry"],"_links":{"self":[{"href":"https:\/\/regeszet.bibl.u-szeged.hu\/index.php\/wp-json\/wp\/v2\/pages\/257","targetHints":{"allow":["GET"]}}],"collection":[{"href":"https:\/\/regeszet.bibl.u-szeged.hu\/index.php\/wp-json\/wp\/v2\/pages"}],"about":[{"href":"https:\/\/regeszet.bibl.u-szeged.hu\/index.php\/wp-json\/wp\/v2\/types\/page"}],"author":[{"embeddable":true,"href":"https:\/\/regeszet.bibl.u-szeged.hu\/index.php\/wp-json\/wp\/v2\/users\/1"}],"replies":[{"embeddable":true,"href":"https:\/\/regeszet.bibl.u-szeged.hu\/index.php\/wp-json\/wp\/v2\/comments?post=257"}],"version-history":[{"count":5,"href":"https:\/\/regeszet.bibl.u-szeged.hu\/index.php\/wp-json\/wp\/v2\/pages\/257\/revisions"}],"predecessor-version":[{"id":1376,"href":"https:\/\/regeszet.bibl.u-szeged.hu\/index.php\/wp-json\/wp\/v2\/pages\/257\/revisions\/1376"}],"up":[{"embeddable":true,"href":"https:\/\/regeszet.bibl.u-szeged.hu\/index.php\/wp-json\/wp\/v2\/pages\/221"}],"wp:attachment":[{"href":"https:\/\/regeszet.bibl.u-szeged.hu\/index.php\/wp-json\/wp\/v2\/media?parent=257"}],"curies":[{"name":"wp","href":"https:\/\/api.w.org\/{rel}","templated":true}]}}