{"id":2579,"date":"2019-02-14T12:36:51","date_gmt":"2019-02-14T11:36:51","guid":{"rendered":"http:\/\/regeszet.bibl.u-szeged.hu\/?page_id=2579"},"modified":"2019-02-27T00:42:47","modified_gmt":"2019-02-26T23:42:47","slug":"molnar-karola","status":"publish","type":"page","link":"https:\/\/regeszet.bibl.u-szeged.hu\/index.php\/tehetseggondozas\/unkp\/molnar-karola\/","title":{"rendered":"Moln\u00e1r Karola"},"content":{"rendered":"<p><strong>P\u00e1ly\u00e1zat \u00e1ltal \u00e9rintett id\u0151intervallum<\/strong>: 2016\/2017-es tan\u00e9v<\/p>\n<p><strong>Kutat\u00e1si t\u00e9m\u00e1ja<\/strong>: Kecskem\u00e9t-Nagyk\u0151r\u00f6si utca 7\u20139. lel\u0151hely k\u00fatjainak vizsg\u00e1lata. Adatok a k\u00f6z\u00e9pkori-kora \u00fajkori kutak vizsg\u00e1lat\u00e1hoz<\/p>\n<p><strong>T\u00e9mavezet\u0151<\/strong>: Dr. habil. Wolf M\u00e1ria<\/p>\n<p><strong>\u00d6sszefoglal\u00f3<\/strong>:\u00a0Kutat\u00e1som sor\u00e1n egy r\u00e9g\u00e9szeti lel\u0151hely r\u00e9szletes, t\u00f6bb tudom\u00e1nyter\u00fclet bevon\u00e1s\u00e1val t\u00f6rt\u00e9n\u0151 vizsg\u00e1lat\u00e1ra v\u00e1llalkoztam. C\u00e9lom egyr\u00e9szt egy \u00fajonnan felt\u00e1rt lel\u0151hely feldolgoz\u00e1sa \u00e9s k\u00f6zz\u00e9t\u00e9tele volt, tov\u00e1bb\u00e1 szerettem volna r\u00e1ir\u00e1ny\u00edtani a figyelmet egy viszonylag kev\u00e9sb\u00e9 kutatott objektumt\u00edpusra, a kutakra. Mindezek mellett a rendelkez\u00e9sre \u00e1ll\u00f3 \u00edr\u00e1sos forr\u00e1sok, v\u00e1rost\u00f6rt\u00e9neti munk\u00e1k, forr\u00e1skiadv\u00e1nyok \u00e9s term\u00e9szettudom\u00e1nyos vizsg\u00e1latok seg\u00edts\u00e9g\u00e9vel arra kerestem a v\u00e1laszt, hogy a lel\u0151hely hol helyezkedett el a korabeli v\u00e1roson bel\u00fcl, illetve milyen szerepet t\u00f6lthetett be annak \u00e9let\u00e9ben. A lel\u0151helyen felt\u00e1rt \u00f6t k\u00fat k\u00f6z\u00fcl a legid\u0151sebb a 30. objektum (hord\u00f3val b\u00e9lelt k\u00fat, 15. sz\u00e1zad), melyet a 19. objektum (hord\u00f3val \u00e9s \u00e1csolt deszkaszerkezet\u0171 k\u00e1v\u00e1val ell\u00e1tott k\u00fat, 15\u201316. sz\u00e1zad) \u00e9s a 26. objektum (hord\u00f3val b\u00e9lelt k\u00fat, 15\u201316. sz\u00e1zad) k\u00f6vetett. A kora \u00fajkor id\u0151szak\u00e1ra keltezhet\u0151 a 13. objektum (\u00e1csolt deszkaszerkezettel b\u00e9lelt k\u00fat, 16\u201317. sz\u00e1zad) \u00e9s a 29. objektum (\u00e1csolt deszkaszerkezettel b\u00e9lelt k\u00fat, 17\u201318. sz\u00e1zad). A dendrokronol\u00f3giai vizsg\u00e1latok seg\u00edts\u00e9g\u00e9vel Kecskem\u00e9t korabeli kereskedelmi kapcsolataiba is betekint\u00e9st nyerhett\u00fcnk. A 29. objektumb\u00f3l sz\u00e1rmaz\u00f3 kerek falap osztr\u00e1k ter\u00fcletr\u0151l, m\u00edg a 19. \u00e9s 26. objektumokban elhelyezett hord\u00f3k Erd\u00e9ly ter\u00fclet\u00e9r\u0151l sz\u00e1rmaznak. Az \u00e1ltalam vizsg\u00e1lt lel\u0151hely egy fontos \u00fatvonal mellett helyezkedett el, a v\u00e1roson k\u00edv\u00fcl, de hozz\u00e1 k\u00f6zel es\u0151 ter\u00fcleten. A korabeli Kecskem\u00e9t egyik fontos v\u00edznyer\u0151 hely\u00e9nek sz\u00e1m\u00edthatott, mivel az \u00edr\u00e1sos forr\u00e1sok is azt igazolj\u00e1k, hogy a v\u00e1rosnak neh\u00e9zs\u00e9get okozott a tiszta iv\u00f3v\u00edz beszerz\u00e9se \u00e9s biztos\u00edt\u00e1sa. Az archeobotanikai vizsg\u00e1lat eredm\u00e9nyei alapj\u00e1n a lel\u0151hely v\u00edzj\u00e1rta ter\u00fclet volt, ez\u00e9rt is l\u00e9tes\u00edtett\u00e9k itt a kutakat t\u00f6bb egym\u00e1st k\u00f6vet\u0151 id\u0151szakban. Id\u0151nk\u00e9nt viszont a v\u00edz t\u00fal is tenghetett, mely t\u00f6nkretette ezeket a l\u00e9tes\u00edtm\u00e9nyeket, \u00edgy felhagy\u00e1suk ut\u00e1n szem\u00e9tg\u00f6d\u00f6rk\u00e9nt t\u00f6lt\u0151dtek fel. M\u00edg a 15\u201316. sz\u00e1zadban a term\u00e9szettudom\u00e1nyos vizsg\u00e1latok alapj\u00e1n a lel\u0151hely k\u00f6rnyezete rendezett volt, addig a 17\u201318. sz\u00e1zadra a k\u00f6rny\u00e9k elhanyagoltt\u00e1 v\u00e1lt, val\u00f3sz\u00edn\u0171leg az erre halad\u00f3 \u00fat nyomvonala m\u00f3dosulhatott, \u00edgy ker\u00fclt sor a lel\u0151hely be\u00e9p\u00edt\u00e9sre is a 18\u201319. sz\u00e1zadban.<\/p>\n<p><strong>Publik\u00e1ci\u00f3k<\/strong>:<\/p>\n<p>1. Kecskem\u00e9t\u2013Nagyk\u0151r\u00f6si utca 7\u20139. lel\u0151hely k\u00fatjainak vizsg\u00e1lata. Adatok a k\u00e9s\u0151 k\u00f6z\u00e9pkori-kora \u00fajkori kutak vizsg\u00e1lat\u00e1hoz. In:\u00a0<em>Acta Iuvenum Sectio Archaeologica. Tomus III. Acta Universitatis Segediensis<\/em>. F\u0151szerkeszt\u0151:\u00a0R\u00e9v\u00e9sz L\u00e1szl\u00f3;\u00a0Szerkesztette:\u00a0B\u00edr\u00f3 Gy\u00f6ngyv\u00e9r \u2013 Pint\u00e9r-Nagy Katalin \u2013 Tak\u00e1cs Melinda. Szeged 2017. 129\u2013151.<\/p>\n<p>2. Moln\u00e1r K.\u2013Szil\u00e1gyi V.\u2013Wolf M.\u2013T\u00f3th M.: Kecskem\u00e9t-Nagyk\u0151r\u00f6si utca 7\u20139. lel\u0151hely k\u00e9s\u0151 k\u00f6z\u00e9pkori-kora \u00fajkori feh\u00e9rre \u00e9g\u0151 ker\u00e1mi\u00e1inak archeometriai (\u00e1sv\u00e1ny-k\u0151zettani) vizsg\u00e1lata. In.: <em>Archeometriai M\u0171hely<\/em>\u00a0XV.\/1. (2018) 13\u201328.<\/p>\n<p>3. Moln\u00e1r K.\u2013Varga M.: K\u00e9s\u0151 k\u00f6z\u00e9pkori \u00e9s kora \u00fajkori kutak Kecskem\u00e9t belv\u00e1ros\u00e1b\u00f3l. In.: <em>Fiatal k\u00f6z\u00e9pkoros r\u00e9g\u00e9szek IX. konferenci\u00e1j\u00e1nak k\u00f6tete<\/em>. V\u00e1rhat\u00f3 megjelen\u00e9s: 2019.<\/p>\n<p><a href=\"http:\/\/regeszet.bibl.u-szeged.hu\/wp-content\/uploads\/2019\/02\/Molnar-Karola_kut.jpg\"><img loading=\"lazy\" decoding=\"async\" class=\"aligncenter wp-image-2580\" src=\"http:\/\/regeszet.bibl.u-szeged.hu\/wp-content\/uploads\/2019\/02\/Molnar-Karola_kut.jpg\" alt=\"\" width=\"400\" height=\"300\" \/><\/a><\/p>\n","protected":false},"excerpt":{"rendered":"<p>P\u00e1ly\u00e1zat \u00e1ltal \u00e9rintett id\u0151intervallum: 2016\/2017-es tan\u00e9v Kutat\u00e1si t\u00e9m\u00e1ja: Kecskem\u00e9t-Nagyk\u0151r\u00f6si utca 7\u20139. lel\u0151hely k\u00fatjainak vizsg\u00e1lata. Adatok a k\u00f6z\u00e9pkori-kora \u00fajkori kutak vizsg\u00e1lat\u00e1hoz T\u00e9mavezet\u0151: Dr. habil. Wolf M\u00e1ria \u00d6sszefoglal\u00f3:\u00a0Kutat\u00e1som sor\u00e1n egy r\u00e9g\u00e9szeti lel\u0151hely r\u00e9szletes, t\u00f6bb tudom\u00e1nyter\u00fclet bevon\u00e1s\u00e1val t\u00f6rt\u00e9n\u0151 vizsg\u00e1lat\u00e1ra v\u00e1llalkoztam. C\u00e9lom egyr\u00e9szt egy \u00fajonnan felt\u00e1rt lel\u0151hely feldolgoz\u00e1sa \u00e9s k\u00f6zz\u00e9t\u00e9tele volt, tov\u00e1bb\u00e1 szerettem volna r\u00e1ir\u00e1ny\u00edtani a figyelmet egy viszonylag &hellip; <a href=\"https:\/\/regeszet.bibl.u-szeged.hu\/index.php\/tehetseggondozas\/unkp\/molnar-karola\/\" class=\"more-link\"><span class=\"screen-reader-text\">Moln\u00e1r Karola<\/span> b\u0151vebben&#8230; <span class=\"meta-nav\">&rarr;<\/span><\/a><\/p>\n","protected":false},"author":1,"featured_media":0,"parent":2536,"menu_order":1,"comment_status":"closed","ping_status":"closed","template":"","meta":{"footnotes":""},"class_list":["post-2579","page","type-page","status-publish","hentry"],"_links":{"self":[{"href":"https:\/\/regeszet.bibl.u-szeged.hu\/index.php\/wp-json\/wp\/v2\/pages\/2579","targetHints":{"allow":["GET"]}}],"collection":[{"href":"https:\/\/regeszet.bibl.u-szeged.hu\/index.php\/wp-json\/wp\/v2\/pages"}],"about":[{"href":"https:\/\/regeszet.bibl.u-szeged.hu\/index.php\/wp-json\/wp\/v2\/types\/page"}],"author":[{"embeddable":true,"href":"https:\/\/regeszet.bibl.u-szeged.hu\/index.php\/wp-json\/wp\/v2\/users\/1"}],"replies":[{"embeddable":true,"href":"https:\/\/regeszet.bibl.u-szeged.hu\/index.php\/wp-json\/wp\/v2\/comments?post=2579"}],"version-history":[{"count":2,"href":"https:\/\/regeszet.bibl.u-szeged.hu\/index.php\/wp-json\/wp\/v2\/pages\/2579\/revisions"}],"predecessor-version":[{"id":2654,"href":"https:\/\/regeszet.bibl.u-szeged.hu\/index.php\/wp-json\/wp\/v2\/pages\/2579\/revisions\/2654"}],"up":[{"embeddable":true,"href":"https:\/\/regeszet.bibl.u-szeged.hu\/index.php\/wp-json\/wp\/v2\/pages\/2536"}],"wp:attachment":[{"href":"https:\/\/regeszet.bibl.u-szeged.hu\/index.php\/wp-json\/wp\/v2\/media?parent=2579"}],"curies":[{"name":"wp","href":"https:\/\/api.w.org\/{rel}","templated":true}]}}