{"id":2605,"date":"2019-02-14T20:58:05","date_gmt":"2019-02-14T19:58:05","guid":{"rendered":"http:\/\/regeszet.bibl.u-szeged.hu\/?page_id=2605"},"modified":"2025-10-31T16:28:59","modified_gmt":"2025-10-31T15:28:59","slug":"torocsik-istvan","status":"publish","type":"page","link":"https:\/\/regeszet.bibl.u-szeged.hu\/index.php\/munkatarsak\/oktatoink\/torocsik-istvan\/","title":{"rendered":"Dr. T\u00f6r\u0151csik Istv\u00e1n"},"content":{"rendered":"<p><strong><a href=\"http:\/\/regeszet.bibl.u-szeged.hu\/wp-content\/uploads\/2019\/02\/Torocsik-Istvan_.jpg\"><img loading=\"lazy\" decoding=\"async\" class=\"alignright wp-image-2607\" src=\"http:\/\/regeszet.bibl.u-szeged.hu\/wp-content\/uploads\/2019\/02\/Torocsik-Istvan_.jpg\" alt=\"\" width=\"300\" height=\"363\" \/><\/a><\/strong>egyetemi tan\u00e1rseg\u00e9d<\/p>\n<p><strong>V\u00e9gzetts\u00e9g<\/strong>:\u00a0t\u00f6rt\u00e9n\u00e9sz-r\u00e9g\u00e9sz-n\u00e9prajzkutat\u00f3<\/p>\n<p><strong>Kutat\u00e1si ter\u00fclet<\/strong>:\u00a0k\u00f6z\u00e9pkor \u00e9s kora \u00fajkor<\/p>\n<p><strong>E-mail<\/strong>:\u00a0torocsik.istvan76@gmail.com<\/p>\n<p><strong>Fogad\u00f3\u00f3ra<\/strong>: kedd 13:00\u201314:00<\/p>\n<p><strong>Linkek<\/strong>:<br \/>\n<a href=\"http:\/\/regeszet.bibl.u-szeged.hu\/wp-content\/uploads\/2019\/02\/Torocsik-Istvan_szakmai-oneletrajz.pdf\" target=\"_blank\" rel=\"noopener\">Szakmai \u00f6n\u00e9letrajz<\/a><br \/>\n<a href=\"https:\/\/m2.mtmt.hu\/gui2\/?type=authors&amp;mode=browse&amp;sel=10061026\" target=\"_blank\" rel=\"noopener\">Publik\u00e1ci\u00f3k<\/a><\/p>\n","protected":false},"excerpt":{"rendered":"<p>egyetemi tan\u00e1rseg\u00e9d V\u00e9gzetts\u00e9g:\u00a0t\u00f6rt\u00e9n\u00e9sz-r\u00e9g\u00e9sz-n\u00e9prajzkutat\u00f3 Kutat\u00e1si ter\u00fclet:\u00a0k\u00f6z\u00e9pkor \u00e9s kora \u00fajkor E-mail:\u00a0torocsik.istvan76@gmail.com Fogad\u00f3\u00f3ra: kedd 13:00\u201314:00 Linkek: Szakmai \u00f6n\u00e9letrajz Publik\u00e1ci\u00f3k<\/p>\n","protected":false},"author":1,"featured_media":0,"parent":102,"menu_order":13,"comment_status":"closed","ping_status":"closed","template":"","meta":{"footnotes":""},"class_list":["post-2605","page","type-page","status-publish","hentry"],"_links":{"self":[{"href":"https:\/\/regeszet.bibl.u-szeged.hu\/index.php\/wp-json\/wp\/v2\/pages\/2605","targetHints":{"allow":["GET"]}}],"collection":[{"href":"https:\/\/regeszet.bibl.u-szeged.hu\/index.php\/wp-json\/wp\/v2\/pages"}],"about":[{"href":"https:\/\/regeszet.bibl.u-szeged.hu\/index.php\/wp-json\/wp\/v2\/types\/page"}],"author":[{"embeddable":true,"href":"https:\/\/regeszet.bibl.u-szeged.hu\/index.php\/wp-json\/wp\/v2\/users\/1"}],"replies":[{"embeddable":true,"href":"https:\/\/regeszet.bibl.u-szeged.hu\/index.php\/wp-json\/wp\/v2\/comments?post=2605"}],"version-history":[{"count":9,"href":"https:\/\/regeszet.bibl.u-szeged.hu\/index.php\/wp-json\/wp\/v2\/pages\/2605\/revisions"}],"predecessor-version":[{"id":6879,"href":"https:\/\/regeszet.bibl.u-szeged.hu\/index.php\/wp-json\/wp\/v2\/pages\/2605\/revisions\/6879"}],"up":[{"embeddable":true,"href":"https:\/\/regeszet.bibl.u-szeged.hu\/index.php\/wp-json\/wp\/v2\/pages\/102"}],"wp:attachment":[{"href":"https:\/\/regeszet.bibl.u-szeged.hu\/index.php\/wp-json\/wp\/v2\/media?parent=2605"}],"curies":[{"name":"wp","href":"https:\/\/api.w.org\/{rel}","templated":true}]}}