{"id":261,"date":"2017-11-22T09:18:06","date_gmt":"2017-11-22T08:18:06","guid":{"rendered":"http:\/\/regeszet.bibl.u-szeged.hu\/?page_id=261"},"modified":"2017-11-25T13:22:42","modified_gmt":"2017-11-25T12:22:42","slug":"2015-2016","status":"publish","type":"page","link":"https:\/\/regeszet.bibl.u-szeged.hu\/index.php\/partiscon-tdk\/tanszeki-kirandulas\/2015-2016\/","title":{"rendered":"2015\/2016"},"content":{"rendered":"<p>Az SZTE BTK R\u00e9g\u00e9szeti Tansz\u00e9ke \u00e9s a Partiscon TDK 2016. \u00e1prilis 6\u20138 napj\u00e1ra \u00fajabb felejthetetlen tansz\u00e9ki kir\u00e1ndul\u00e1sra h\u00edvta oktat\u00f3it \u00e9s hallgat\u00f3it. Mostani utunk c\u00e9lja Szombathely volt, els\u0151dlegesen az Iseum Savariense Germ\u00e1nok c\u00edm\u0171 id\u0151szaki ki\u00e1ll\u00edt\u00e1s\u00e1nak megtekint\u00e9se. A di\u00e1kok anyagismeret \u00f3r\u00e1kon vettek r\u00e9szt, ahol r\u00e9szletesen megismert\u00e9k Szombathely \u0151skori, r\u00f3mai, avar-kori \u00e9s 9. sz\u00e1zadi leletanyag\u00e1t.<\/p>\n<p>\u00c1prilis 6-\u00e1n kora d\u00e9lut\u00e1n \u00e9rkezt\u00fcnk meg az egykor r\u00f3maiak \u00e1ltal lakott ter\u00fcletre. Kir\u00e1ndul\u00e1sunk els\u0151 \u00e1llom\u00e1sa a r\u00f3mai csatorna \u00e9s \u00fat megtekint\u00e9se volt az OTP Bank \u00e9p\u00fclete alatt. Az eredeti Borosty\u00e1n\u00fat k\u00f6vein \u00e1llva hallgathattuk meg B\u00edr\u00f3 Szilvia \u00e9s H\u00f3di Attila r\u00e9szletes besz\u00e1mol\u00f3it. Ezt k\u00f6vet\u0151en a Savaria M\u00fazeumban a V\u00e1ltoz\u00f3 kult\u00far\u00e1k a v\u00e1ltoz\u00f3 t\u00e1jban c\u00edm\u0171 meg\u00fajult \u0151skori \u00e1lland\u00f3 ki\u00e1ll\u00edt\u00e1s\u00e1t ismerhett\u00fck meg Hornok P\u00e9ter vezet\u00e9s\u00e9vel. A korszer\u0171, modern ki\u00e1ll\u00edt\u00e1s a neolitikumt\u00f3l kezd\u0151d\u0151en a r\u00f3mai korig bemutatja a megye r\u00e9g\u00e9szeti \u00e9s a term\u00e9szettudom\u00e1nyi leleteit. A nap befejez\u00e9sek\u00e9nt Kiss G\u00e1bor vezet\u00e9s\u00e9vel kellemes s\u00e9t\u00e1t tett\u00fcnk Szombathely belv\u00e1ros\u00e1ban, r\u00e9szletes ismertet\u00e9st kaptunk Szent M\u00e1rton v\u00e1ros\u00e1r\u00f3l, a r\u00f3mai \u00e9s a k\u00f6z\u00e9pkori v\u00e1rosszerkezetr\u0151l.<\/p>\n<p>M\u00e1sodik napunk az Iseum Savarienseben kezd\u0151d\u00f6tt, ahol Csapl\u00e1ros Andrea m\u00fazeumigazgat\u00f3 izgalmas besz\u00e1mol\u00f3j\u00e1t hallgattuk meg Savaria t\u00f6rt\u00e9net\u00e9r\u0151l, kellemes k\u00f6rnyezetben. Az Iseum Savariense \u00e1lland\u00f3 ki\u00e1ll\u00edt\u00e1s\u00e1t Sosztarits Ott\u00f3 vezet\u00e9s\u00e9vel j\u00e1rtuk k\u00f6rbe. A ki\u00e1ll\u00edt\u00e1s a 21. sz\u00e1zad ig\u00e9nyeinek megfelel\u0151en modern eszk\u00f6z\u00f6kkel, l\u00e1tv\u00e1nyos makettekkel mutatja be az Iseum r\u00f3mai kori, keleti eredet\u0171 vall\u00e1si eml\u00e9khelyet. Megcsod\u00e1ltuk az Isis-kultusz savariai\u00a0leleteit \u00e9s b\u0151vebb inform\u00e1ci\u00f3val gazdagodtunk Pannonia r\u00f3mai kori hitvil\u00e1g\u00e1r\u00f3l, \u00e9s a lakoss\u00e1g mindennapi \u00e9let\u00e9r\u0151l. A tov\u00e1bbiakban Pap Ildik\u00f3 Katalin a Germ\u00e1nok c\u00edm\u0171 ki\u00e1ll\u00edt\u00e1s kur\u00e1tora, a germ\u00e1n temet\u0151 \u00e1sat\u00e1s\u00e1r\u00f3l tartott prezent\u00e1ci\u00f3t \u00e9s t\u00e1rlatvezet\u00e9st sz\u00e1munkra. Az M86-os gyorsforgalmi \u00fat \u00e9p\u00edt\u00e9se sor\u00e1n, Szeleste \u00e9s P\u00f3sfa k\u00f6z\u00f6tt 6. sz\u00e1zadi, 112 s\u00edrb\u00f3l \u00e1ll\u00f3 temet\u0151t t\u00e1rtak fel, amelyb\u0151l a leletanyag legszebb darabjait n\u00e9zhett\u00fck meg. A ki\u00e1ll\u00edt\u00e1s bemutatja a n\u0151i \u00e9kszereket, a f\u00e9rfiak t\u00e1mad\u00f3- \u00e9s v\u00e9d\u0151fegyverzet\u00e9t, a viseleti rekonstrukci\u00f3kat, a temetkez\u00e9si szok\u00e1sokat, a halott mell\u00e9 helyezett t\u00falvil\u00e1gi \u00e9letre sz\u00e1nt \u00fatraval\u00f3kat \u00e9s a torz\u00edtott kopony\u00e1kat. A d\u00e9lut\u00e1n folyam\u00e1n a Vasi M\u00fazeumi L\u00e1tv\u00e1nyt\u00e1rban anyagismeret \u00f3r\u00e1kon vett\u00fcnk r\u00e9szt. El\u0151ad\u00e1st tartott B\u00edr\u00f3 Szilvia r\u00f3mai kor, Kiss G\u00e1bor avar kor \u00e9s Pap Ildik\u00f3 Katalin Karoling kor t\u00e9mak\u00f6r\u00f6kben. Ezt k\u00f6vet\u0151en K\u0151szegi \u00c1d\u00e1m vezet\u00e9s\u00e9vel megtekintett\u00fck a Savaria M\u00fazeum r\u00e9g\u00e9szeti rakt\u00e1r\u00e1t. A nap z\u00e1r\u00e1sak\u00e9nt ell\u00e1togatunk a J\u00e1rd\u00e1nyi Paulovics Istv\u00e1n Romkertbe, ahol a helytart\u00f3i palota romjait, a Borosty\u00e1nk\u0151\u00fat maradv\u00e1ny\u00e1t, v\u00e1mszed\u0151 \u00e1llom\u00e1st \u00e9s m\u0171helyek alapjait n\u00e9zt\u00fck meg, a k\u00f6rbevezet\u00e9st Kiss G\u00e1bor tartotta.<\/p>\n<p>Kir\u00e1ndul\u00e1sunk utols\u00f3 napj\u00e1n a j\u00e1ki Szent Gy\u00f6rgy templomot j\u00e1rtuk k\u00f6rbe R\u00e1tkai atya vezet\u00e9s\u00e9vel \u00e9s megtekintett\u00fck a Szent Jakab k\u00e1poln\u00e1t is.<\/p>\n<p>Ez\u00faton is szeretn\u00e9nk megk\u00f6sz\u00f6nni a Savaria M\u00fazeum munkat\u00e1rsainak a sok seg\u00edts\u00e9get, \u00e9s a tartalmas, hasznos programokat, el\u0151ad\u00e1sokat. K\u00f6sz\u00f6nj\u00fck oktat\u00f3inknak \u00e9s hallgat\u00f3t\u00e1rsainknak a kir\u00e1ndul\u00e1son val\u00f3 r\u00e9szv\u00e9telt!<\/p>\n<p style=\"text-align: right;\">Walter Dorottya \u2013 Moln\u00e1r Karola<\/p>\n","protected":false},"excerpt":{"rendered":"<p>Az SZTE BTK R\u00e9g\u00e9szeti Tansz\u00e9ke \u00e9s a Partiscon TDK 2016. \u00e1prilis 6\u20138 napj\u00e1ra \u00fajabb felejthetetlen tansz\u00e9ki kir\u00e1ndul\u00e1sra h\u00edvta oktat\u00f3it \u00e9s hallgat\u00f3it. Mostani utunk c\u00e9lja Szombathely volt, els\u0151dlegesen az Iseum Savariense Germ\u00e1nok c\u00edm\u0171 id\u0151szaki ki\u00e1ll\u00edt\u00e1s\u00e1nak megtekint\u00e9se. A di\u00e1kok anyagismeret \u00f3r\u00e1kon vettek r\u00e9szt, ahol r\u00e9szletesen megismert\u00e9k Szombathely \u0151skori, r\u00f3mai, avar-kori \u00e9s 9. sz\u00e1zadi leletanyag\u00e1t. \u00c1prilis 6-\u00e1n kora &hellip; <a href=\"https:\/\/regeszet.bibl.u-szeged.hu\/index.php\/partiscon-tdk\/tanszeki-kirandulas\/2015-2016\/\" class=\"more-link\"><span class=\"screen-reader-text\">2015\/2016<\/span> b\u0151vebben&#8230; <span class=\"meta-nav\">&rarr;<\/span><\/a><\/p>\n","protected":false},"author":1,"featured_media":0,"parent":223,"menu_order":1,"comment_status":"closed","ping_status":"closed","template":"","meta":{"footnotes":""},"class_list":["post-261","page","type-page","status-publish","hentry"],"_links":{"self":[{"href":"https:\/\/regeszet.bibl.u-szeged.hu\/index.php\/wp-json\/wp\/v2\/pages\/261","targetHints":{"allow":["GET"]}}],"collection":[{"href":"https:\/\/regeszet.bibl.u-szeged.hu\/index.php\/wp-json\/wp\/v2\/pages"}],"about":[{"href":"https:\/\/regeszet.bibl.u-szeged.hu\/index.php\/wp-json\/wp\/v2\/types\/page"}],"author":[{"embeddable":true,"href":"https:\/\/regeszet.bibl.u-szeged.hu\/index.php\/wp-json\/wp\/v2\/users\/1"}],"replies":[{"embeddable":true,"href":"https:\/\/regeszet.bibl.u-szeged.hu\/index.php\/wp-json\/wp\/v2\/comments?post=261"}],"version-history":[{"count":3,"href":"https:\/\/regeszet.bibl.u-szeged.hu\/index.php\/wp-json\/wp\/v2\/pages\/261\/revisions"}],"predecessor-version":[{"id":1390,"href":"https:\/\/regeszet.bibl.u-szeged.hu\/index.php\/wp-json\/wp\/v2\/pages\/261\/revisions\/1390"}],"up":[{"embeddable":true,"href":"https:\/\/regeszet.bibl.u-szeged.hu\/index.php\/wp-json\/wp\/v2\/pages\/223"}],"wp:attachment":[{"href":"https:\/\/regeszet.bibl.u-szeged.hu\/index.php\/wp-json\/wp\/v2\/media?parent=261"}],"curies":[{"name":"wp","href":"https:\/\/api.w.org\/{rel}","templated":true}]}}