{"id":2629,"date":"2019-02-26T23:25:45","date_gmt":"2019-02-26T22:25:45","guid":{"rendered":"http:\/\/regeszet.bibl.u-szeged.hu\/?page_id=2629"},"modified":"2019-02-26T23:25:45","modified_gmt":"2019-02-26T22:25:45","slug":"kinai-tanulmanyut","status":"publish","type":"page","link":"https:\/\/regeszet.bibl.u-szeged.hu\/index.php\/tehetseggondozas\/kinai-tanulmanyut\/","title":{"rendered":"K\u00ednai tanulm\u00e1ny\u00fat"},"content":{"rendered":"<p>A Pekingi Egyetem \u00e9s a szolnoki Damjanich J\u00e1nos M\u00fazeum szervez\u00e9s\u00e9ben egy k\u00f6z\u00f6s k\u00ednai-magyar csereprogram indult, amelybe\u00a0 2016-ban a Szegedi Tudom\u00e1nyegyetem R\u00e9g\u00e9szeti Tansz\u00e9ke is bekapcsol\u00f3dott. Ez\u00e1ltal hallgat\u00f3ink egy t\u00f6bbhetes tanulm\u00e1ny\u00fat keret\u00e9ben r\u00e9szt vehetnek a Pekingi Egyetem K\u00edn\u00e1ban zajl\u00f3 r\u00e9g\u00e9szeti felt\u00e1r\u00e1sain.<\/p>\n","protected":false},"excerpt":{"rendered":"<p>A Pekingi Egyetem \u00e9s a szolnoki Damjanich J\u00e1nos M\u00fazeum szervez\u00e9s\u00e9ben egy k\u00f6z\u00f6s k\u00ednai-magyar csereprogram indult, amelybe\u00a0 2016-ban a Szegedi Tudom\u00e1nyegyetem R\u00e9g\u00e9szeti Tansz\u00e9ke is bekapcsol\u00f3dott. Ez\u00e1ltal hallgat\u00f3ink egy t\u00f6bbhetes tanulm\u00e1ny\u00fat keret\u00e9ben r\u00e9szt vehetnek a Pekingi Egyetem K\u00edn\u00e1ban zajl\u00f3 r\u00e9g\u00e9szeti felt\u00e1r\u00e1sain.<\/p>\n","protected":false},"author":1,"featured_media":0,"parent":49,"menu_order":6,"comment_status":"closed","ping_status":"closed","template":"","meta":{"footnotes":""},"class_list":["post-2629","page","type-page","status-publish","hentry"],"_links":{"self":[{"href":"https:\/\/regeszet.bibl.u-szeged.hu\/index.php\/wp-json\/wp\/v2\/pages\/2629","targetHints":{"allow":["GET"]}}],"collection":[{"href":"https:\/\/regeszet.bibl.u-szeged.hu\/index.php\/wp-json\/wp\/v2\/pages"}],"about":[{"href":"https:\/\/regeszet.bibl.u-szeged.hu\/index.php\/wp-json\/wp\/v2\/types\/page"}],"author":[{"embeddable":true,"href":"https:\/\/regeszet.bibl.u-szeged.hu\/index.php\/wp-json\/wp\/v2\/users\/1"}],"replies":[{"embeddable":true,"href":"https:\/\/regeszet.bibl.u-szeged.hu\/index.php\/wp-json\/wp\/v2\/comments?post=2629"}],"version-history":[{"count":1,"href":"https:\/\/regeszet.bibl.u-szeged.hu\/index.php\/wp-json\/wp\/v2\/pages\/2629\/revisions"}],"predecessor-version":[{"id":2630,"href":"https:\/\/regeszet.bibl.u-szeged.hu\/index.php\/wp-json\/wp\/v2\/pages\/2629\/revisions\/2630"}],"up":[{"embeddable":true,"href":"https:\/\/regeszet.bibl.u-szeged.hu\/index.php\/wp-json\/wp\/v2\/pages\/49"}],"wp:attachment":[{"href":"https:\/\/regeszet.bibl.u-szeged.hu\/index.php\/wp-json\/wp\/v2\/media?parent=2629"}],"curies":[{"name":"wp","href":"https:\/\/api.w.org\/{rel}","templated":true}]}}