{"id":2641,"date":"2019-02-27T00:32:24","date_gmt":"2019-02-26T23:32:24","guid":{"rendered":"http:\/\/regeszet.bibl.u-szeged.hu\/?page_id=2641"},"modified":"2019-02-27T00:32:24","modified_gmt":"2019-02-26T23:32:24","slug":"2017-2","status":"publish","type":"page","link":"https:\/\/regeszet.bibl.u-szeged.hu\/index.php\/tehetseggondozas\/kinai-tanulmanyut\/2017-2\/","title":{"rendered":"2017"},"content":{"rendered":"<p>2017 \u0151sz\u00e9n a Szegedi Tudom\u00e1nyegyetem R\u00e9g\u00e9szeti Tansz\u00e9k\u00e9nek k\u00e9t hallgat\u00f3ja, Koczka Panna \u00e9s Varga Bianka Zsuzsanna egy h\u00f3napot t\u00f6lt\u00f6tt K\u00edn\u00e1ban a 2016-ban indult csereprogram keretein bel\u00fcl. Az els\u0151 k\u00e9t h\u00e9t alkalm\u00e1val Xi\u2019an v\u00e1ros\u00e1nak k\u00f6zel\u00e9ben a Pekingi Egyetem tansz\u00e9ki felt\u00e1r\u00e1s\u00e1n vettek r\u00e9szt, majd a h\u00e1tral\u00e9v\u0151 id\u0151ben a f\u0151v\u00e1ros f\u0151 nevezetess\u00e9geit tekintett\u00e9k meg.<\/p>\n<p><strong>Besz\u00e1mol\u00f3 &#8211; \u00c1sat\u00e1s Zhouyuan bronzkori telepen<\/strong><\/p>\n<p>A hosszas el\u0151k\u00e9sz\u00fcleteket k\u00f6vet\u0151en 2017. okt\u00f3ber 16. d\u00e9lut\u00e1nj\u00e1n landoltunk k\u00f6zvetlen j\u00e1ratunkkal Peking rep\u00fcl\u0151ter\u00e9n, majd kiss\u00e9 f\u00e1radtan, de izgalomt\u00f3l f\u0171tve egyb\u0151l a Pekingi Egyetem fel\u00e9 vett\u00fck utunk. A metr\u00f3meg\u00e1ll\u00f3ban tal\u00e1lkoztunk az eligaz\u00edt\u00f3nkkal, aki megmutatta az aznapi sz\u00e1ll\u00e1sunkat, melyet az egyetem biztos\u00edtott, valamint k\u00e9zhez kaptuk vonatjegyeinket. M\u00e1snap hajnalban az els\u0151 kisebb elt\u00e9ved\u00e9s\u00fcnket k\u00f6vet\u0151en felsz\u00e1lltunk az \u00e1sat\u00e1s helysz\u00edn\u00e9nek k\u00f6zel\u00e9be tart\u00f3 vontra, mellyel 5-6 \u00f3ra alatt tett\u00fcnk meg csaknem 1200 km-t Pekingt\u0151l Baojiba <strong>(1. k\u00e9p)<\/strong>.<\/p>\n<figure id=\"attachment_2642\" aria-describedby=\"caption-attachment-2642\" style=\"width: 300px\" class=\"wp-caption aligncenter\"><a href=\"http:\/\/regeszet.bibl.u-szeged.hu\/wp-content\/uploads\/2019\/02\/01_Baoji-ba-tart\u00f3-vonat_kicsi.jpg\"><img loading=\"lazy\" decoding=\"async\" class=\"wp-image-2642\" src=\"http:\/\/regeszet.bibl.u-szeged.hu\/wp-content\/uploads\/2019\/02\/01_Baoji-ba-tart\u00f3-vonat_kicsi.jpg\" alt=\"\" width=\"300\" height=\"400\" \/><\/a><figcaption id=\"caption-attachment-2642\" class=\"wp-caption-text\">1. Baoji-ba tart\u00f3 vonat<\/figcaption><\/figure>\n<p>A meg\u00e9rkez\u00e9s\u00fcnket k\u00f6vet\u0151en a mell\u00e9nk kiosztott di\u00e1k k\u00eds\u00e9ret\u00e9ben megtekintett\u00fck az \u00e1sat\u00e1s helysz\u00edn\u00e9t, m\u00e1snap pedig a faluban kialak\u00edtott m\u00fazeumot, benne a r\u00e9g\u00e9szeti ki\u00e1ll\u00edt\u00e1ssal. A t\u00f6bbi hallgat\u00f3val csak a harmadik napon tal\u00e1lkoztunk, mikor t\u00e9nylegesen megkezd\u0151d\u00f6tt a munka, mivel az es\u0151s id\u0151t figyelembe v\u00e9ve el\u0151ad\u00e1sokon kellett r\u00e9szt venni\u00fck. Sz\u00e1ll\u00e1sunk p\u00e1r perc s\u00e9t\u00e1ra helyezkedett el a lel\u0151helyt\u0151l, a f\u0171t\u00e9s hi\u00e1ny\u00e1t lesz\u00e1m\u00edtva minden ig\u00e9nynek megfelelt. A munka eg\u00e9sz h\u00e9ten tartott, a h\u00e9t minden napj\u00e1n a terepen tart\u00f3zkodtunk, kiv\u00e9ve mikor rendk\u00edv\u00fcl nagy \u00f6r\u00f6m\u00fcnkre vezet\u00e9ssel megtekinthett\u00fck a h\u00edres agyaghadsereget <strong>(2. k\u00e9p)<\/strong>. Minden reggel 8 \u00f3rakor volt gy\u00fclekez\u0151 a k\u00e9t kisebb falu k\u00f6z\u00f6tti f\u00f6ldeken h\u00faz\u00f3d\u00f3 \u00e1sat\u00e1s helysz\u00edn\u00e9n, majd a d\u00e9lt\u0151l 2 \u00f3r\u00e1ig tart\u00f3 pihen\u0151 ut\u00e1n 5 \u00f3r\u00e1ig tart\u00f3zkodtunk kint.<\/p>\n<figure id=\"attachment_2643\" aria-describedby=\"caption-attachment-2643\" style=\"width: 300px\" class=\"wp-caption aligncenter\"><a href=\"http:\/\/regeszet.bibl.u-szeged.hu\/wp-content\/uploads\/2019\/02\/02_Az-agyaghadsereg-egy-katon\u00e1ja_kicsi.jpg\"><img loading=\"lazy\" decoding=\"async\" class=\"wp-image-2643\" src=\"http:\/\/regeszet.bibl.u-szeged.hu\/wp-content\/uploads\/2019\/02\/02_Az-agyaghadsereg-egy-katon\u00e1ja_kicsi.jpg\" alt=\"\" width=\"300\" height=\"400\" \/><\/a><figcaption id=\"caption-attachment-2643\" class=\"wp-caption-text\">2. Az agyaghadsereg egy katon\u00e1ja<\/figcaption><\/figure>\n<p>Minden hallgat\u00f3 a sz\u00e1m\u00e1ra kijel\u00f6lt szelv\u00e9nyben dolgozott. T\u00f6bbnyire a felb\u00e9relt munk\u00e1sok v\u00e9gezt\u00e9k a fizikai munk\u00e1t, a di\u00e1kok pedig a finomabb gyakorlatokat \u00e9s a dokument\u00e1l\u00e1st. A mi feladatunk abban \u00e1llt, hogy a sz\u00e1munkra kijel\u00f6lt t\u00e1rsainkat seg\u00edts\u00fck, mely sor\u00e1n megismert\u00fck a jellegzetes k\u00ednai felt\u00e1r\u00f3 eszk\u00f6z\u00f6ket \u00e9s technik\u00e1kat, valamint mi is mes\u00e9lt\u00fcnk a k\u00f6r\u00fcl\u00f6tt\u00fcnk l\u00e9v\u0151 \u00e9rdekl\u0151d\u0151knek az \u00e1ltalunk tanult m\u00f3dszerekr\u0151l \u00e9s term\u00e9szetesen az orsz\u00e1gunkr\u00f3l is. Szinte mindenki el\u0151sz\u00f6r f\u00e9l\u00e9nkebbnek mutatkozott, de p\u00e1r emberrel siker\u00fclt egy kis id\u0151 m\u00falt\u00e1n \u00f6sszebar\u00e1tkozunk <strong>(3-4. k\u00e9p)<\/strong>. Ennek ellen\u00e9re meglep\u0151en a munk\u00e1sok int\u00e9zt\u00e9k fel\u00e9nk a legt\u00f6bb k\u00e9rd\u00e9st.<\/p>\n<figure id=\"attachment_2645\" aria-describedby=\"caption-attachment-2645\" style=\"width: 300px\" class=\"wp-caption aligncenter\"><a href=\"http:\/\/regeszet.bibl.u-szeged.hu\/wp-content\/uploads\/2019\/02\/04_Az-\u00e1sat\u00e1s-pillanatai_kicsi.jpg\"><img loading=\"lazy\" decoding=\"async\" class=\"wp-image-2645\" src=\"http:\/\/regeszet.bibl.u-szeged.hu\/wp-content\/uploads\/2019\/02\/04_Az-\u00e1sat\u00e1s-pillanatai_kicsi.jpg\" alt=\"\" width=\"300\" height=\"225\" \/><\/a><figcaption id=\"caption-attachment-2645\" class=\"wp-caption-text\">3. Az \u00e1sat\u00e1s pillanatai<\/figcaption><\/figure>\n<figure id=\"attachment_2646\" aria-describedby=\"caption-attachment-2646\" style=\"width: 300px\" class=\"wp-caption aligncenter\"><a href=\"http:\/\/regeszet.bibl.u-szeged.hu\/wp-content\/uploads\/2019\/02\/05_Az-\u00e1sat\u00e1s-pillanatai.jpg\"><img loading=\"lazy\" decoding=\"async\" class=\"wp-image-2646\" src=\"http:\/\/regeszet.bibl.u-szeged.hu\/wp-content\/uploads\/2019\/02\/05_Az-\u00e1sat\u00e1s-pillanatai.jpg\" alt=\"\" width=\"300\" height=\"169\" \/><\/a><figcaption id=\"caption-attachment-2646\" class=\"wp-caption-text\">4. Az \u00e1sat\u00e1s pillanatai<\/figcaption><\/figure>\n<p>A megannyi \u00fajdons\u00e1g \u00e9s furcsas\u00e1g megtapasztal\u00e1sa k\u00f6z\u00f6tt a k\u00ednai \u00e9tkez\u00e9s vil\u00e1g\u00e1ba is betekint\u00e9st nyert\u00fcnk <strong>(5. k\u00e9p)<\/strong>. A t\u00f6bbnyire z\u00f6lds\u00e9gekb\u0151l \u00e9s rizsb\u0151l \u00e1ll\u00f3 sz\u00ednes men\u00fct minden nap h\u00e1romszor \u00e9lvezhett\u00fck.<\/p>\n<figure id=\"attachment_2644\" aria-describedby=\"caption-attachment-2644\" style=\"width: 300px\" class=\"wp-caption aligncenter\"><a href=\"http:\/\/regeszet.bibl.u-szeged.hu\/wp-content\/uploads\/2019\/02\/03_Megszokott-k\u00ednai-reggeli_kicsi.jpg\"><img loading=\"lazy\" decoding=\"async\" class=\"wp-image-2644\" src=\"http:\/\/regeszet.bibl.u-szeged.hu\/wp-content\/uploads\/2019\/02\/03_Megszokott-k\u00ednai-reggeli_kicsi.jpg\" alt=\"\" width=\"300\" height=\"225\" \/><\/a><figcaption id=\"caption-attachment-2644\" class=\"wp-caption-text\">5. Megszokott k\u00ednai reggeli<\/figcaption><\/figure>\n<p><strong>Peking \u00e9s k\u00f6rny\u00e9k\u00e9nek felder\u00edt\u00e9se<\/strong><\/p>\n<p>A k\u00e9t h\u00e9t letelte ut\u00e1n visszat\u00e9rt\u00fcnk Pekingbe. A sz\u00e1ll\u00e1sunk a v\u00e1ros sz\u00e9l\u00e9n helyezkedett el nem messze az egyik legforgalmasabb metr\u00f3 vonalt\u00f3l, mellyel k\u00f6nnyen be lehetett jutni a belv\u00e1rosba. A gyors \u00e9s bar\u00e1ts\u00e1gos t\u00f6megk\u00f6zleked\u00e9s j\u00f3volt\u00e1b\u00f3l egyszer\u0171en eljuthattunk Peking h\u00edres \u00e9p\u00fcleteihez \u00e9s parkjaiba, s\u0151t a nevezetess\u00e9geken k\u00edv\u00fcl m\u00e9g a turist\u00e1k \u00e1ltal nem l\u00e1togatott kis utc\u00e1kon is barangoltunk. A k\u00e9t h\u00e9t remek lehet\u0151s\u00e9get adott, hogy olyan helyekre ell\u00e1togassunk, mint p\u00e9ld\u00e1ul a Tiltott V\u00e1ros<strong> (6. k\u00e9p)<\/strong>, a Tienanmen t\u00e9r, a Ny\u00e1ri Palota, vagy a L\u00e1ma templom \u00e9s a pekingi \u00e1llatkert. Megtekintett\u00fck a v\u00e1ros \u00e9kk\u00f6v\u00e9t is, az \u00c9g Templom\u00e1t, mely a Tian\u2019anmen t\u00e9rt\u0151l d\u00e9lre egy k\u00f6zel 270 hekt\u00e1ros parkban tal\u00e1lhat\u00f3, \u00e9s a Ming-dinasztia \u00e9p\u00edt\u00e9szet\u00e9nek gy\u00f6ngyszem\u00e9nek tartj\u00e1k sz\u00e1mon. A park szent helynek sz\u00e1m\u00edtott, ahol a cs\u00e1sz\u00e1r az \u00e9v sor\u00e1n a ritu\u00e1lis cerem\u00f3ni\u00e1kat hajtotta v\u00e9gre <strong>(7. k\u00e9p)<\/strong>. A leveg\u0151b\u0151l n\u00e9zve a templomok k\u00f6r alak\u00faak, alapjaik n\u00e9gyzetet form\u00e1lnak. A k\u00ednai mitol\u00f3gi\u00e1ban a k\u00f6r az \u00c9g, a n\u00e9gyzet a F\u00f6ld szimb\u00f3luma, ennek megfelel\u0151en a park \u00e9szaki oldala f\u00e9lk\u00f6r alak\u00fa, a d\u00e9li pedig sz\u00f6gletes.<\/p>\n<figure id=\"attachment_2647\" aria-describedby=\"caption-attachment-2647\" style=\"width: 300px\" class=\"wp-caption aligncenter\"><a href=\"http:\/\/regeszet.bibl.u-szeged.hu\/wp-content\/uploads\/2019\/02\/06_A-Tiltott-V\u00e1ros_kicsi.jpg\"><img loading=\"lazy\" decoding=\"async\" class=\"wp-image-2647\" src=\"http:\/\/regeszet.bibl.u-szeged.hu\/wp-content\/uploads\/2019\/02\/06_A-Tiltott-V\u00e1ros_kicsi.jpg\" alt=\"\" width=\"300\" height=\"169\" \/><\/a><figcaption id=\"caption-attachment-2647\" class=\"wp-caption-text\">6. A Tiltott V\u00e1ros<\/figcaption><\/figure>\n<figure id=\"attachment_2648\" aria-describedby=\"caption-attachment-2648\" style=\"width: 300px\" class=\"wp-caption aligncenter\"><a href=\"http:\/\/regeszet.bibl.u-szeged.hu\/wp-content\/uploads\/2019\/02\/07_Az-\u00c9g-Temploma_kicsi.jpg\"><img loading=\"lazy\" decoding=\"async\" class=\"wp-image-2648\" src=\"http:\/\/regeszet.bibl.u-szeged.hu\/wp-content\/uploads\/2019\/02\/07_Az-\u00c9g-Temploma_kicsi.jpg\" alt=\"\" width=\"300\" height=\"169\" \/><\/a><figcaption id=\"caption-attachment-2648\" class=\"wp-caption-text\">7. Az \u00c9g Temploma<\/figcaption><\/figure>\n<p>Bej\u00e1rtuk Peking ny\u00fczsg\u0151 piacait, ahol helyi k\u00e9zm\u0171ves term\u00e9keket tekinthet\u00fcnk meg, \u00e9s megk\u00f3stolhattuk az utcai \u00e1rusokn\u00e1l kaphat\u00f3 h\u00edres, sz\u00e1munkra legt\u00f6bbsz\u00f6r furcsa t\u00e1vol keleti \u00e9teleket. Betekinthett\u00fcnk a pekingi emberek h\u00e9tk\u00f6znapjaiba is, v\u00e9gigballagtunk Hutong sz\u0171k utc\u00e1in, s\u0151t m\u00e9g riks\u00e1n is utaztunk. Ezeken k\u00edv\u00fcl volt szerencs\u00e9k megcsod\u00e1lni a Beihai parkot, mely a vil\u00e1g leg\u0151sibb \u00e9s legink\u00e1bb \u00e9ps\u00e9gben fennmaradt cs\u00e1sz\u00e1ri parkja, m\u00e1r t\u00f6bb mint 800 \u00e9ves m\u00faltra tekint vissza. A park f\u0151leg a Beihai t\u00f3b\u00f3l \u00e9s a Qionghua-szigetb\u0151l, vagyis a J\u00e1de-szigetb\u0151l \u00e1ll. A Liao-, a Jin- \u00e9s a Yuan-dinasztia cs\u00e1sz\u00e1rainak t\u00e9li palot\u00e1ja kapott itt helyet, majd a Ming- \u00e9s a Qing-dinasztia cs\u00e1sz\u00e1rainak parkj\u00e1v\u00e1 v\u00e1lt, mely semmit nem vesztett a b\u00e1j\u00e1b\u00f3l az \u00e9vek sor\u00e1n <strong>(8. k\u00e9p)<\/strong>.<\/p>\n<figure id=\"attachment_2649\" aria-describedby=\"caption-attachment-2649\" style=\"width: 300px\" class=\"wp-caption aligncenter\"><a href=\"http:\/\/regeszet.bibl.u-szeged.hu\/wp-content\/uploads\/2019\/02\/08_A-Beihai-park-bej\u00e1rata_kicsi.jpg\"><img loading=\"lazy\" decoding=\"async\" class=\"wp-image-2649\" src=\"http:\/\/regeszet.bibl.u-szeged.hu\/wp-content\/uploads\/2019\/02\/08_A-Beihai-park-bej\u00e1rata_kicsi.jpg\" alt=\"\" width=\"300\" height=\"169\" \/><\/a><figcaption id=\"caption-attachment-2649\" class=\"wp-caption-text\">8. A Beihai park bej\u00e1rata<\/figcaption><\/figure>\n<p>A f\u0151v\u00e1rosban val\u00f3 tart\u00f3zkod\u00e1sunk utols\u00f3 szombatj\u00e1n, a korai \u00f3r\u00e1kban megl\u00e1togattuk a Jingshan parkot, ahova a helyi id\u0151sek sz\u00edvesen j\u00e1rnak, hogy k\u00f6z\u00f6sen padokon \u00fclve \u00e9nekeljenek, esetleg torn\u00e1zzanak, de akadtak olyanok is, akik k\u00fcl\u00f6nb\u00f6z\u0151 t\u00e1ncokat lejtettek.<\/p>\n<p>K\u00e9t napra siker\u00fclt elszakadnunk Peking ny\u00fczsg\u0151 mindennapjait\u00f3l \u00e9s elutaztunk a K\u00ednai Nagyfalhoz \u00e9s megtekintett\u00fck a Ming s\u00edrokat is, melyek f\u0151v\u00e1rost\u00f3l mintegy 50 kilom\u00e9terre \u00e9szakra fekv\u0151 fest\u0151i sz\u00e9ps\u00e9g\u0171 v\u00f6lgyben helyezkednek el.<\/p>\n<p>K\u00f6sz\u00f6nettel tartozunk a Szegedi Tudom\u00e1nyegyetem \u00e9s a Pekingi Egyetem int\u00e9zm\u00e9ny\u00e9nek \u00e9s tan\u00e1rainak, valamint Hopp\u00e1l Krisztin\u00e1nak, hogy lehet\u0151v\u00e9 tett\u00e9k sz\u00e1munkra ezt az \u00e9letre sz\u00f3l\u00f3 tapasztalatokban \u00e9s kalandokban gazdag utaz\u00e1st.<\/p>\n<p>Koczka Panna, Varga Bianka Zsuzsanna<\/p>\n","protected":false},"excerpt":{"rendered":"<p>2017 \u0151sz\u00e9n a Szegedi Tudom\u00e1nyegyetem R\u00e9g\u00e9szeti Tansz\u00e9k\u00e9nek k\u00e9t hallgat\u00f3ja, Koczka Panna \u00e9s Varga Bianka Zsuzsanna egy h\u00f3napot t\u00f6lt\u00f6tt K\u00edn\u00e1ban a 2016-ban indult csereprogram keretein bel\u00fcl. Az els\u0151 k\u00e9t h\u00e9t alkalm\u00e1val Xi\u2019an v\u00e1ros\u00e1nak k\u00f6zel\u00e9ben a Pekingi Egyetem tansz\u00e9ki felt\u00e1r\u00e1s\u00e1n vettek r\u00e9szt, majd a h\u00e1tral\u00e9v\u0151 id\u0151ben a f\u0151v\u00e1ros f\u0151 nevezetess\u00e9geit tekintett\u00e9k meg. Besz\u00e1mol\u00f3 &#8211; \u00c1sat\u00e1s Zhouyuan bronzkori &hellip; <a href=\"https:\/\/regeszet.bibl.u-szeged.hu\/index.php\/tehetseggondozas\/kinai-tanulmanyut\/2017-2\/\" class=\"more-link\"><span class=\"screen-reader-text\">2017<\/span> b\u0151vebben&#8230; <span class=\"meta-nav\">&rarr;<\/span><\/a><\/p>\n","protected":false},"author":1,"featured_media":0,"parent":2629,"menu_order":2,"comment_status":"closed","ping_status":"closed","template":"","meta":{"footnotes":""},"class_list":["post-2641","page","type-page","status-publish","hentry"],"_links":{"self":[{"href":"https:\/\/regeszet.bibl.u-szeged.hu\/index.php\/wp-json\/wp\/v2\/pages\/2641","targetHints":{"allow":["GET"]}}],"collection":[{"href":"https:\/\/regeszet.bibl.u-szeged.hu\/index.php\/wp-json\/wp\/v2\/pages"}],"about":[{"href":"https:\/\/regeszet.bibl.u-szeged.hu\/index.php\/wp-json\/wp\/v2\/types\/page"}],"author":[{"embeddable":true,"href":"https:\/\/regeszet.bibl.u-szeged.hu\/index.php\/wp-json\/wp\/v2\/users\/1"}],"replies":[{"embeddable":true,"href":"https:\/\/regeszet.bibl.u-szeged.hu\/index.php\/wp-json\/wp\/v2\/comments?post=2641"}],"version-history":[{"count":1,"href":"https:\/\/regeszet.bibl.u-szeged.hu\/index.php\/wp-json\/wp\/v2\/pages\/2641\/revisions"}],"predecessor-version":[{"id":2650,"href":"https:\/\/regeszet.bibl.u-szeged.hu\/index.php\/wp-json\/wp\/v2\/pages\/2641\/revisions\/2650"}],"up":[{"embeddable":true,"href":"https:\/\/regeszet.bibl.u-szeged.hu\/index.php\/wp-json\/wp\/v2\/pages\/2629"}],"wp:attachment":[{"href":"https:\/\/regeszet.bibl.u-szeged.hu\/index.php\/wp-json\/wp\/v2\/media?parent=2641"}],"curies":[{"name":"wp","href":"https:\/\/api.w.org\/{rel}","templated":true}]}}