{"id":2682,"date":"2019-03-04T14:04:02","date_gmt":"2019-03-04T13:04:02","guid":{"rendered":"http:\/\/regeszet.bibl.u-szeged.hu\/?page_id=2682"},"modified":"2019-03-04T20:53:33","modified_gmt":"2019-03-04T19:53:33","slug":"2018-2019","status":"publish","type":"page","link":"https:\/\/regeszet.bibl.u-szeged.hu\/index.php\/partiscon-tdk\/farsang\/2018-2019\/","title":{"rendered":"2018\/2019"},"content":{"rendered":"<p>Az idei farsangi mulats\u00e1gnak febru\u00e1r 27-\u00e9n a V\u00e1rosi Rock Klub adott otthont. A rendezv\u00e9ny nagyon j\u00f3 hangulatban telt, a r\u00e9sztvev\u0151k remek jelmezekkel k\u00e9sz\u00fcltek \u00e9s szellemes vet\u00e9lked\u0151ben m\u00e9rhett\u00e9k \u00f6ssze k\u00e9pess\u00e9geiket. Ismert kutat\u00f3k nev\u00e9t kellett kital\u00e1lni munk\u00e1ss\u00e1guk k\u00f6r\u00fcl\u00edr\u00e1sa alapj\u00e1n, az elsz\u00e1ntabbak s\u00f6rv\u00e1lt\u00f3ban vehettek r\u00e9szt, \u00e9s persze a tansz\u00e9khez sz\u00f3l\u00f3 \u00f3da \u00edr\u00e1sa sem maradhatott el a feladatok sor\u00e1b\u00f3l. A versenyben a 2. csapat v\u00e9gzett az \u00e9len, m\u00e1sodik helyez\u00e9st \u00e9rt el a 3. csapat, harmadik helyezett lett az 1. csapat.<\/p>\n<p>A jelmezesek k\u00f6z\u00fcl a Szikszai Ferenc \u00e9s Varga Zsolt alkotta\u00a0<em>Funky men <\/em>koprodukci\u00f3 \u00e9rdemelte ki az els\u0151 helyez\u00e9st, a m\u00e1sodik helyet Szikszer B\u00e1lint <em>Minyon<\/em> alak\u00edt\u00e1sa, a harmadik helyet pedig a Bors\u00f3di Martin \u00e9s Hergott Krist\u00f3f \u00e1ltal bemutatott\u00a0<em>PapLAN<\/em>\u00a0kre\u00e1ci\u00f3 nyerte el.<\/p>\n<p>F\u0151szervez\u0151: Majzik Vivien<br \/>\nFot\u00f3: Walter R\u00e9ka (Camelot photo)<\/p>\n<p>K\u00f6sz\u00f6nj\u00fck a szervez\u0151knek ezt a remek est\u00e9t!<\/p>\n<p><a href=\"http:\/\/regeszet.bibl.u-szeged.hu\/wp-content\/uploads\/2019\/03\/DSC0002.jpg\"><img loading=\"lazy\" decoding=\"async\" class=\"alignnone wp-image-2759\" src=\"http:\/\/regeszet.bibl.u-szeged.hu\/wp-content\/uploads\/2019\/03\/DSC0002.jpg\" alt=\"\" width=\"300\" height=\"200\" \/><\/a> <a href=\"http:\/\/regeszet.bibl.u-szeged.hu\/wp-content\/uploads\/2019\/03\/DSC0004.jpg\"><img loading=\"lazy\" decoding=\"async\" class=\"alignnone size-medium wp-image-2758\" src=\"http:\/\/regeszet.bibl.u-szeged.hu\/wp-content\/uploads\/2019\/03\/DSC0004.jpg\" alt=\"\" width=\"300\" height=\"200\" \/><\/a> <a href=\"http:\/\/regeszet.bibl.u-szeged.hu\/wp-content\/uploads\/2019\/03\/DSC0007.jpg\"><img loading=\"lazy\" decoding=\"async\" class=\"alignnone size-medium wp-image-2757\" src=\"http:\/\/regeszet.bibl.u-szeged.hu\/wp-content\/uploads\/2019\/03\/DSC0007.jpg\" alt=\"\" width=\"300\" height=\"200\" \/><\/a> <a href=\"http:\/\/regeszet.bibl.u-szeged.hu\/wp-content\/uploads\/2019\/03\/DSC0009.jpg\"><img loading=\"lazy\" decoding=\"async\" class=\"alignnone size-medium wp-image-2756\" src=\"http:\/\/regeszet.bibl.u-szeged.hu\/wp-content\/uploads\/2019\/03\/DSC0009.jpg\" alt=\"\" width=\"300\" height=\"200\" \/><\/a> <a href=\"http:\/\/regeszet.bibl.u-szeged.hu\/wp-content\/uploads\/2019\/03\/DSC0014.jpg\"><img loading=\"lazy\" decoding=\"async\" class=\"alignnone size-medium wp-image-2755\" src=\"http:\/\/regeszet.bibl.u-szeged.hu\/wp-content\/uploads\/2019\/03\/DSC0014.jpg\" alt=\"\" width=\"300\" height=\"200\" \/><\/a> <a href=\"http:\/\/regeszet.bibl.u-szeged.hu\/wp-content\/uploads\/2019\/03\/DSC0016.jpg\"><img loading=\"lazy\" decoding=\"async\" class=\"alignnone size-medium wp-image-2754\" src=\"http:\/\/regeszet.bibl.u-szeged.hu\/wp-content\/uploads\/2019\/03\/DSC0016.jpg\" alt=\"\" width=\"300\" height=\"200\" \/><\/a> <a href=\"http:\/\/regeszet.bibl.u-szeged.hu\/wp-content\/uploads\/2019\/03\/DSC0018.jpg\"><img loading=\"lazy\" decoding=\"async\" class=\"alignnone size-medium wp-image-2753\" src=\"http:\/\/regeszet.bibl.u-szeged.hu\/wp-content\/uploads\/2019\/03\/DSC0018.jpg\" alt=\"\" width=\"300\" height=\"200\" \/><\/a> <a href=\"http:\/\/regeszet.bibl.u-szeged.hu\/wp-content\/uploads\/2019\/03\/DSC0022.jpg\"><img loading=\"lazy\" decoding=\"async\" class=\"alignnone size-medium wp-image-2752\" src=\"http:\/\/regeszet.bibl.u-szeged.hu\/wp-content\/uploads\/2019\/03\/DSC0022.jpg\" alt=\"\" width=\"300\" height=\"200\" \/><\/a> <a href=\"http:\/\/regeszet.bibl.u-szeged.hu\/wp-content\/uploads\/2019\/03\/DSC0025.jpg\"><img loading=\"lazy\" decoding=\"async\" class=\"alignnone size-medium wp-image-2751\" src=\"http:\/\/regeszet.bibl.u-szeged.hu\/wp-content\/uploads\/2019\/03\/DSC0025.jpg\" alt=\"\" width=\"200\" height=\"300\" \/><\/a> <a href=\"http:\/\/regeszet.bibl.u-szeged.hu\/wp-content\/uploads\/2019\/03\/DSC0029.jpg\"><img loading=\"lazy\" decoding=\"async\" class=\"alignnone size-medium wp-image-2750\" src=\"http:\/\/regeszet.bibl.u-szeged.hu\/wp-content\/uploads\/2019\/03\/DSC0029.jpg\" alt=\"\" width=\"200\" height=\"300\" \/><\/a> <a href=\"http:\/\/regeszet.bibl.u-szeged.hu\/wp-content\/uploads\/2019\/03\/DSC0032.jpg\"><img loading=\"lazy\" decoding=\"async\" class=\"alignnone size-medium wp-image-2749\" src=\"http:\/\/regeszet.bibl.u-szeged.hu\/wp-content\/uploads\/2019\/03\/DSC0032.jpg\" alt=\"\" width=\"300\" height=\"200\" \/><\/a> <a href=\"http:\/\/regeszet.bibl.u-szeged.hu\/wp-content\/uploads\/2019\/03\/DSC0033.jpg\"><img loading=\"lazy\" decoding=\"async\" class=\"alignnone size-medium wp-image-2748\" src=\"http:\/\/regeszet.bibl.u-szeged.hu\/wp-content\/uploads\/2019\/03\/DSC0033.jpg\" alt=\"\" width=\"300\" height=\"200\" \/><\/a> <a href=\"http:\/\/regeszet.bibl.u-szeged.hu\/wp-content\/uploads\/2019\/03\/DSC0036.jpg\"><img loading=\"lazy\" decoding=\"async\" class=\"alignnone size-medium wp-image-2747\" src=\"http:\/\/regeszet.bibl.u-szeged.hu\/wp-content\/uploads\/2019\/03\/DSC0036.jpg\" alt=\"\" width=\"300\" height=\"200\" \/><\/a> <a href=\"http:\/\/regeszet.bibl.u-szeged.hu\/wp-content\/uploads\/2019\/03\/DSC0038.jpg\"><img loading=\"lazy\" decoding=\"async\" class=\"alignnone size-medium wp-image-2746\" src=\"http:\/\/regeszet.bibl.u-szeged.hu\/wp-content\/uploads\/2019\/03\/DSC0038.jpg\" alt=\"\" width=\"300\" height=\"200\" \/><\/a> <a href=\"http:\/\/regeszet.bibl.u-szeged.hu\/wp-content\/uploads\/2019\/03\/DSC0041.jpg\"><img loading=\"lazy\" decoding=\"async\" class=\"alignnone size-medium wp-image-2745\" src=\"http:\/\/regeszet.bibl.u-szeged.hu\/wp-content\/uploads\/2019\/03\/DSC0041.jpg\" alt=\"\" width=\"300\" height=\"200\" \/><\/a> <a href=\"http:\/\/regeszet.bibl.u-szeged.hu\/wp-content\/uploads\/2019\/03\/DSC0045.jpg\"><img loading=\"lazy\" decoding=\"async\" class=\"alignnone size-medium wp-image-2744\" src=\"http:\/\/regeszet.bibl.u-szeged.hu\/wp-content\/uploads\/2019\/03\/DSC0045.jpg\" alt=\"\" width=\"300\" height=\"200\" \/><\/a> <a href=\"http:\/\/regeszet.bibl.u-szeged.hu\/wp-content\/uploads\/2019\/03\/DSC0048.jpg\"><img loading=\"lazy\" decoding=\"async\" class=\"alignnone size-medium wp-image-2743\" src=\"http:\/\/regeszet.bibl.u-szeged.hu\/wp-content\/uploads\/2019\/03\/DSC0048.jpg\" alt=\"\" width=\"300\" height=\"200\" \/><\/a> <a href=\"http:\/\/regeszet.bibl.u-szeged.hu\/wp-content\/uploads\/2019\/03\/DSC0051.jpg\"><img loading=\"lazy\" decoding=\"async\" class=\"alignnone size-medium wp-image-2742\" src=\"http:\/\/regeszet.bibl.u-szeged.hu\/wp-content\/uploads\/2019\/03\/DSC0051.jpg\" alt=\"\" width=\"300\" height=\"200\" \/><\/a> <a href=\"http:\/\/regeszet.bibl.u-szeged.hu\/wp-content\/uploads\/2019\/03\/DSC0053.jpg\"><img loading=\"lazy\" decoding=\"async\" class=\"alignnone size-medium wp-image-2741\" src=\"http:\/\/regeszet.bibl.u-szeged.hu\/wp-content\/uploads\/2019\/03\/DSC0053.jpg\" alt=\"\" width=\"300\" height=\"200\" \/><\/a> <a href=\"http:\/\/regeszet.bibl.u-szeged.hu\/wp-content\/uploads\/2019\/03\/DSC0056.jpg\"><img loading=\"lazy\" decoding=\"async\" class=\"alignnone size-medium wp-image-2740\" src=\"http:\/\/regeszet.bibl.u-szeged.hu\/wp-content\/uploads\/2019\/03\/DSC0056.jpg\" alt=\"\" width=\"300\" height=\"200\" \/><\/a> <a href=\"http:\/\/regeszet.bibl.u-szeged.hu\/wp-content\/uploads\/2019\/03\/DSC0058.jpg\"><img loading=\"lazy\" decoding=\"async\" class=\"alignnone size-medium wp-image-2739\" src=\"http:\/\/regeszet.bibl.u-szeged.hu\/wp-content\/uploads\/2019\/03\/DSC0058.jpg\" alt=\"\" width=\"300\" height=\"200\" \/><\/a> <a href=\"http:\/\/regeszet.bibl.u-szeged.hu\/wp-content\/uploads\/2019\/03\/DSC0062.jpg\"><img loading=\"lazy\" decoding=\"async\" class=\"alignnone size-medium wp-image-2738\" src=\"http:\/\/regeszet.bibl.u-szeged.hu\/wp-content\/uploads\/2019\/03\/DSC0062.jpg\" alt=\"\" width=\"300\" height=\"200\" \/><\/a> <a href=\"http:\/\/regeszet.bibl.u-szeged.hu\/wp-content\/uploads\/2019\/03\/DSC0063.jpg\"><img loading=\"lazy\" decoding=\"async\" class=\"alignnone size-medium wp-image-2737\" src=\"http:\/\/regeszet.bibl.u-szeged.hu\/wp-content\/uploads\/2019\/03\/DSC0063.jpg\" alt=\"\" width=\"300\" height=\"200\" \/><\/a> <a href=\"http:\/\/regeszet.bibl.u-szeged.hu\/wp-content\/uploads\/2019\/03\/DSC0067.jpg\"><img loading=\"lazy\" decoding=\"async\" class=\"alignnone size-medium wp-image-2736\" src=\"http:\/\/regeszet.bibl.u-szeged.hu\/wp-content\/uploads\/2019\/03\/DSC0067.jpg\" alt=\"\" width=\"300\" height=\"200\" \/><\/a> <a href=\"http:\/\/regeszet.bibl.u-szeged.hu\/wp-content\/uploads\/2019\/03\/DSC0069.jpg\"><img loading=\"lazy\" decoding=\"async\" class=\"alignnone size-medium wp-image-2735\" src=\"http:\/\/regeszet.bibl.u-szeged.hu\/wp-content\/uploads\/2019\/03\/DSC0069.jpg\" alt=\"\" width=\"300\" height=\"200\" \/><\/a> <a href=\"http:\/\/regeszet.bibl.u-szeged.hu\/wp-content\/uploads\/2019\/03\/DSC0075.jpg\"><img loading=\"lazy\" decoding=\"async\" class=\"alignnone size-medium wp-image-2734\" src=\"http:\/\/regeszet.bibl.u-szeged.hu\/wp-content\/uploads\/2019\/03\/DSC0075.jpg\" alt=\"\" width=\"300\" height=\"200\" \/><\/a> <a href=\"http:\/\/regeszet.bibl.u-szeged.hu\/wp-content\/uploads\/2019\/03\/DSC0081.jpg\"><img loading=\"lazy\" decoding=\"async\" class=\"alignnone size-medium wp-image-2733\" src=\"http:\/\/regeszet.bibl.u-szeged.hu\/wp-content\/uploads\/2019\/03\/DSC0081.jpg\" alt=\"\" width=\"300\" height=\"200\" \/><\/a> <a href=\"http:\/\/regeszet.bibl.u-szeged.hu\/wp-content\/uploads\/2019\/03\/DSC0082.jpg\"><img loading=\"lazy\" decoding=\"async\" class=\"alignnone size-medium wp-image-2732\" src=\"http:\/\/regeszet.bibl.u-szeged.hu\/wp-content\/uploads\/2019\/03\/DSC0082.jpg\" alt=\"\" width=\"300\" height=\"200\" \/><\/a> <a href=\"http:\/\/regeszet.bibl.u-szeged.hu\/wp-content\/uploads\/2019\/03\/DSC0083.jpg\"><img loading=\"lazy\" decoding=\"async\" class=\"alignnone size-medium wp-image-2731\" src=\"http:\/\/regeszet.bibl.u-szeged.hu\/wp-content\/uploads\/2019\/03\/DSC0083.jpg\" alt=\"\" width=\"300\" height=\"200\" \/><\/a> <a href=\"http:\/\/regeszet.bibl.u-szeged.hu\/wp-content\/uploads\/2019\/03\/DSC0087.jpg\"><img loading=\"lazy\" decoding=\"async\" class=\"alignnone size-medium wp-image-2730\" src=\"http:\/\/regeszet.bibl.u-szeged.hu\/wp-content\/uploads\/2019\/03\/DSC0087.jpg\" alt=\"\" width=\"300\" height=\"200\" \/><\/a> <a href=\"http:\/\/regeszet.bibl.u-szeged.hu\/wp-content\/uploads\/2019\/03\/DSC0100.jpg\"><img loading=\"lazy\" decoding=\"async\" class=\"alignnone size-medium wp-image-2729\" src=\"http:\/\/regeszet.bibl.u-szeged.hu\/wp-content\/uploads\/2019\/03\/DSC0100.jpg\" alt=\"\" width=\"300\" height=\"200\" \/><\/a> <a href=\"http:\/\/regeszet.bibl.u-szeged.hu\/wp-content\/uploads\/2019\/03\/DSC0109.jpg\"><img loading=\"lazy\" decoding=\"async\" class=\"alignnone size-medium wp-image-2728\" src=\"http:\/\/regeszet.bibl.u-szeged.hu\/wp-content\/uploads\/2019\/03\/DSC0109.jpg\" alt=\"\" width=\"300\" height=\"200\" \/><\/a> <a href=\"http:\/\/regeszet.bibl.u-szeged.hu\/wp-content\/uploads\/2019\/03\/DSC0111.jpg\"><img loading=\"lazy\" decoding=\"async\" class=\"alignnone size-medium wp-image-2727\" src=\"http:\/\/regeszet.bibl.u-szeged.hu\/wp-content\/uploads\/2019\/03\/DSC0111.jpg\" alt=\"\" width=\"300\" height=\"200\" \/><\/a> <a href=\"http:\/\/regeszet.bibl.u-szeged.hu\/wp-content\/uploads\/2019\/03\/DSC0112.jpg\"><img loading=\"lazy\" decoding=\"async\" class=\"alignnone size-medium wp-image-2726\" src=\"http:\/\/regeszet.bibl.u-szeged.hu\/wp-content\/uploads\/2019\/03\/DSC0112.jpg\" alt=\"\" width=\"300\" height=\"200\" \/><\/a><img loading=\"lazy\" decoding=\"async\" class=\"alignnone size-medium wp-image-2725\" src=\"http:\/\/regeszet.bibl.u-szeged.hu\/wp-content\/uploads\/2019\/03\/DSC0113.jpg\" alt=\"\" width=\"200\" height=\"300\" \/> <a href=\"http:\/\/regeszet.bibl.u-szeged.hu\/wp-content\/uploads\/2019\/03\/DSC0116.jpg\"><img loading=\"lazy\" decoding=\"async\" class=\"alignnone size-medium wp-image-2724\" src=\"http:\/\/regeszet.bibl.u-szeged.hu\/wp-content\/uploads\/2019\/03\/DSC0116.jpg\" alt=\"\" width=\"200\" height=\"300\" \/><\/a> <a href=\"http:\/\/regeszet.bibl.u-szeged.hu\/wp-content\/uploads\/2019\/03\/DSC0123.jpg\"><img loading=\"lazy\" decoding=\"async\" class=\"alignnone wp-image-2723\" src=\"http:\/\/regeszet.bibl.u-szeged.hu\/wp-content\/uploads\/2019\/03\/DSC0123.jpg\" alt=\"\" width=\"200\" height=\"300\" \/><\/a><\/p>\n","protected":false},"excerpt":{"rendered":"<p>Az idei farsangi mulats\u00e1gnak febru\u00e1r 27-\u00e9n a V\u00e1rosi Rock Klub adott otthont. A rendezv\u00e9ny nagyon j\u00f3 hangulatban telt, a r\u00e9sztvev\u0151k remek jelmezekkel k\u00e9sz\u00fcltek \u00e9s szellemes vet\u00e9lked\u0151ben m\u00e9rhett\u00e9k \u00f6ssze k\u00e9pess\u00e9geiket. Ismert kutat\u00f3k nev\u00e9t kellett kital\u00e1lni munk\u00e1ss\u00e1guk k\u00f6r\u00fcl\u00edr\u00e1sa alapj\u00e1n, az elsz\u00e1ntabbak s\u00f6rv\u00e1lt\u00f3ban vehettek r\u00e9szt, \u00e9s persze a tansz\u00e9khez sz\u00f3l\u00f3 \u00f3da \u00edr\u00e1sa sem maradhatott el a feladatok sor\u00e1b\u00f3l. &hellip; <a href=\"https:\/\/regeszet.bibl.u-szeged.hu\/index.php\/partiscon-tdk\/farsang\/2018-2019\/\" class=\"more-link\"><span class=\"screen-reader-text\">2018\/2019<\/span> b\u0151vebben&#8230; <span class=\"meta-nav\">&rarr;<\/span><\/a><\/p>\n","protected":false},"author":1,"featured_media":0,"parent":219,"menu_order":1,"comment_status":"closed","ping_status":"closed","template":"","meta":{"footnotes":""},"class_list":["post-2682","page","type-page","status-publish","hentry"],"_links":{"self":[{"href":"https:\/\/regeszet.bibl.u-szeged.hu\/index.php\/wp-json\/wp\/v2\/pages\/2682","targetHints":{"allow":["GET"]}}],"collection":[{"href":"https:\/\/regeszet.bibl.u-szeged.hu\/index.php\/wp-json\/wp\/v2\/pages"}],"about":[{"href":"https:\/\/regeszet.bibl.u-szeged.hu\/index.php\/wp-json\/wp\/v2\/types\/page"}],"author":[{"embeddable":true,"href":"https:\/\/regeszet.bibl.u-szeged.hu\/index.php\/wp-json\/wp\/v2\/users\/1"}],"replies":[{"embeddable":true,"href":"https:\/\/regeszet.bibl.u-szeged.hu\/index.php\/wp-json\/wp\/v2\/comments?post=2682"}],"version-history":[{"count":14,"href":"https:\/\/regeszet.bibl.u-szeged.hu\/index.php\/wp-json\/wp\/v2\/pages\/2682\/revisions"}],"predecessor-version":[{"id":2773,"href":"https:\/\/regeszet.bibl.u-szeged.hu\/index.php\/wp-json\/wp\/v2\/pages\/2682\/revisions\/2773"}],"up":[{"embeddable":true,"href":"https:\/\/regeszet.bibl.u-szeged.hu\/index.php\/wp-json\/wp\/v2\/pages\/219"}],"wp:attachment":[{"href":"https:\/\/regeszet.bibl.u-szeged.hu\/index.php\/wp-json\/wp\/v2\/media?parent=2682"}],"curies":[{"name":"wp","href":"https:\/\/api.w.org\/{rel}","templated":true}]}}