{"id":2783,"date":"2019-04-04T13:00:25","date_gmt":"2019-04-04T11:00:25","guid":{"rendered":"http:\/\/regeszet.bibl.u-szeged.hu\/?page_id=2783"},"modified":"2026-03-22T08:00:21","modified_gmt":"2026-03-22T07:00:21","slug":"minor-kepzes","status":"publish","type":"page","link":"https:\/\/regeszet.bibl.u-szeged.hu\/index.php\/oktatas\/minor-kepzes\/","title":{"rendered":"Minor k\u00e9pz\u00e9s"},"content":{"rendered":"<p>A r\u00e9g\u00e9szet minor 4 f\u00e9l\u00e9ves k\u00e9pz\u00e9s, melyet a szegedi b\u00f6lcs\u00e9szkarr\u00f3l b\u00e1rmely alapszakos hallgat\u00f3 felvehet. Az alapszakos k\u00e9pz\u00e9sben r\u00e9sztvev\u0151k az els\u0151 tan\u00e9v\u00fck v\u00e9g\u00e9n v\u00e1laszthatj\u00e1k a r\u00e9g\u00e9szet minort, \u00e9s a m\u00e1sodik tan\u00e9vben kapcsol\u00f3dhatnak be a k\u00e9pz\u00e9s\u00fcnkbe.<\/p>\n<p><a href=\"http:\/\/regeszet.bibl.u-szeged.hu\/wp-content\/uploads\/2020\/09\/Haloterv_Regeszet_Minor.xls\" target=\"_blank\" rel=\"noopener noreferrer\">A r\u00e9g\u00e9szet minor k\u00e9pz\u00e9s h\u00e1l\u00f3terv\u00e9nek let\u00f6lt\u00e9se<\/a><\/p>\n<p>A r\u00e9g\u00e9szet minor k\u00e9pz\u00e9sen 50 kreditet kell a hallgat\u00f3nak teljes\u00edtenie. Az els\u0151 k\u00e9t \u00e9vben bevezet\u0151 tant\u00e1rgyakat (Bevezet\u00e9s az \u0151skorba, Bevezet\u00e9s az \u00f3kor r\u00e9g\u00e9szet\u00e9be, Bevezet\u00e9s a n\u00e9pv\u00e1ndorl\u00e1skorba, Bevezet\u00e9s a k\u00f6z\u00e9pkorba) kell teljes\u00edteni\u00fck, \u00e9s ezt k\u00f6vet\u0151en h\u00e1rom alapszakos specializ\u00e1ci\u00f3 (\u0151skor, n\u00e9pv\u00e1ndorl\u00e1skor, k\u00f6z\u00e9pkor) t\u00e1rgyaib\u00f3l v\u00e1laszthatnak n\u00e9gy el\u0151ad\u00e1st \u00e9s n\u00e9gy szemin\u00e1riumot. A r\u00e9g\u00e9szeti felt\u00e1r\u00e1sok m\u00f3dszertan\u00e1val \u00e9s a m\u00fazeumok tev\u00e9kenys\u00e9g\u00e9vel kapcsolatos \u00e1ltal\u00e1nos ismereteket, valamint a r\u00e9g\u00e9szek munk\u00e1j\u00e1t seg\u00edt\u0151 term\u00e9szettudom\u00e1nyokkal kapcsolatos alapismereteket is elsaj\u00e1t\u00edtj\u00e1k a hallgat\u00f3ink (Bevezet\u00e9s az archaeometri\u00e1ba, R\u00e9g\u00e9szeti kutat\u00e1s \u00e9s feldolgoz\u00e1s m\u00f3dszertana, \u00e1sat\u00e1si technol\u00f3gia). A k\u00e9pz\u00e9s id\u0151szak\u00e1ba es\u0151 ny\u00e1ron \u00e1sat\u00e1si gyakorlatot kell teljes\u00edteni\u00fck a hallgat\u00f3knak.<\/p>\n<p><a href=\"http:\/\/regeszet.bibl.u-szeged.hu\/wp-content\/uploads\/2017\/11\/Tanszeki_kirandulas_044-1.jpg\"><img loading=\"lazy\" decoding=\"async\" class=\"aligncenter wp-image-1619\" src=\"http:\/\/regeszet.bibl.u-szeged.hu\/wp-content\/uploads\/2017\/11\/Tanszeki_kirandulas_044-1.jpg\" alt=\"\" width=\"300\" height=\"451\" \/><\/a><br \/>\nA k\u00e9pz\u00e9s betekint\u00e9st ny\u00fajt a K\u00e1rp\u00e1t-medence, K\u00f6z\u00e9p- \u00e9s Kelet-Eur\u00f3pa, valamint a Balk\u00e1n-f\u00e9lsziget \u0151skori, n\u00e9pv\u00e1ndorl\u00e1s kori \u00e9s k\u00f6z\u00e9pkori r\u00e9g\u00e9szet\u00e9be, de emellett tanulhatsz a muzeol\u00f3gi\u00e1r\u00f3l \u00e9s a r\u00e9g\u00e9szethez szorosan kapcsol\u00f3d\u00f3 term\u00e9szettudom\u00e1nyos vizsg\u00e1latokr\u00f3l is. Egy\u00fattal gyakorlati ismeretekre is szert tehetsz \u00e9vk\u00f6zi m\u00fazeumi anyagismereti \u00f3r\u00e1kon \u00e9s a ny\u00e1ri tan\u00e1sat\u00e1sokon. Az anyagismereti gyakorlatok t\u00f6bbs\u00e9g\u00e9nek a tansz\u00e9ki gy\u0171jtem\u00e9ny\u00fcnk mellett a budapesti \u00e9s az alf\u00f6ldi m\u00fazeumok r\u00e9g\u00e9szeti gy\u0171jtem\u00e9nyei adnak helyet.<\/p>\n<p>A hallgat\u00f3k m\u00e1r a k\u00e9pz\u00e9s elej\u00e9t\u0151l bekapcsol\u00f3dhatnak a szegedi r\u00e9g\u00e9szhallgat\u00f3k \u00f6ntev\u00e9keny egyes\u00fclet\u00e9nek (Partiscon TDK) programjaiba.<\/p>\n<p>&nbsp;<\/p>\n<p><iframe loading=\"lazy\" title=\"SZTE BTK R\u00e9g\u00e9szeti Tansz\u00e9k\" width=\"604\" height=\"340\" src=\"https:\/\/www.youtube.com\/embed\/4qZqVnvkHzA?feature=oembed\" frameborder=\"0\" allow=\"accelerometer; autoplay; clipboard-write; encrypted-media; gyroscope; picture-in-picture; web-share\" referrerpolicy=\"strict-origin-when-cross-origin\" allowfullscreen><\/iframe><\/p>\n","protected":false},"excerpt":{"rendered":"<p>A r\u00e9g\u00e9szet minor 4 f\u00e9l\u00e9ves k\u00e9pz\u00e9s, melyet a szegedi b\u00f6lcs\u00e9szkarr\u00f3l b\u00e1rmely alapszakos hallgat\u00f3 felvehet. Az alapszakos k\u00e9pz\u00e9sben r\u00e9sztvev\u0151k az els\u0151 tan\u00e9v\u00fck v\u00e9g\u00e9n v\u00e1laszthatj\u00e1k a r\u00e9g\u00e9szet minort, \u00e9s a m\u00e1sodik tan\u00e9vben kapcsol\u00f3dhatnak be a k\u00e9pz\u00e9s\u00fcnkbe. A r\u00e9g\u00e9szet minor k\u00e9pz\u00e9s h\u00e1l\u00f3terv\u00e9nek let\u00f6lt\u00e9se A r\u00e9g\u00e9szet minor k\u00e9pz\u00e9sen 50 kreditet kell a hallgat\u00f3nak teljes\u00edtenie. Az els\u0151 k\u00e9t \u00e9vben bevezet\u0151 &hellip; <a href=\"https:\/\/regeszet.bibl.u-szeged.hu\/index.php\/oktatas\/minor-kepzes\/\" class=\"more-link\"><span class=\"screen-reader-text\">Minor k\u00e9pz\u00e9s<\/span> b\u0151vebben&#8230; <span class=\"meta-nav\">&rarr;<\/span><\/a><\/p>\n","protected":false},"author":1,"featured_media":0,"parent":43,"menu_order":3,"comment_status":"closed","ping_status":"closed","template":"","meta":{"footnotes":""},"class_list":["post-2783","page","type-page","status-publish","hentry"],"_links":{"self":[{"href":"https:\/\/regeszet.bibl.u-szeged.hu\/index.php\/wp-json\/wp\/v2\/pages\/2783","targetHints":{"allow":["GET"]}}],"collection":[{"href":"https:\/\/regeszet.bibl.u-szeged.hu\/index.php\/wp-json\/wp\/v2\/pages"}],"about":[{"href":"https:\/\/regeszet.bibl.u-szeged.hu\/index.php\/wp-json\/wp\/v2\/types\/page"}],"author":[{"embeddable":true,"href":"https:\/\/regeszet.bibl.u-szeged.hu\/index.php\/wp-json\/wp\/v2\/users\/1"}],"replies":[{"embeddable":true,"href":"https:\/\/regeszet.bibl.u-szeged.hu\/index.php\/wp-json\/wp\/v2\/comments?post=2783"}],"version-history":[{"count":9,"href":"https:\/\/regeszet.bibl.u-szeged.hu\/index.php\/wp-json\/wp\/v2\/pages\/2783\/revisions"}],"predecessor-version":[{"id":3541,"href":"https:\/\/regeszet.bibl.u-szeged.hu\/index.php\/wp-json\/wp\/v2\/pages\/2783\/revisions\/3541"}],"up":[{"embeddable":true,"href":"https:\/\/regeszet.bibl.u-szeged.hu\/index.php\/wp-json\/wp\/v2\/pages\/43"}],"wp:attachment":[{"href":"https:\/\/regeszet.bibl.u-szeged.hu\/index.php\/wp-json\/wp\/v2\/media?parent=2783"}],"curies":[{"name":"wp","href":"https:\/\/api.w.org\/{rel}","templated":true}]}}