{"id":279,"date":"2017-11-22T09:21:15","date_gmt":"2017-11-22T08:21:15","guid":{"rendered":"http:\/\/regeszet.bibl.u-szeged.hu\/?page_id=279"},"modified":"2026-03-18T06:42:46","modified_gmt":"2026-03-18T05:42:46","slug":"orarend","status":"publish","type":"page","link":"https:\/\/regeszet.bibl.u-szeged.hu\/index.php\/hallgatoknak\/orarend\/","title":{"rendered":"\u00d3rarend"},"content":{"rendered":"<p style=\"text-align: center;\">2025\/2026. II. f\u00e9l\u00e9v<\/p>\n<p><img loading=\"lazy\" decoding=\"async\" class=\"aligncenter wp-image-7044 size-full\" src=\"http:\/\/regeszet.bibl.u-szeged.hu\/wp-content\/uploads\/2026\/03\/orarend__2025_2026._II.felev_1.jpg\" alt=\"\" width=\"1755\" height=\"1241\" srcset=\"https:\/\/regeszet.bibl.u-szeged.hu\/wp-content\/uploads\/2026\/03\/orarend__2025_2026._II.felev_1.jpg 1755w, https:\/\/regeszet.bibl.u-szeged.hu\/wp-content\/uploads\/2026\/03\/orarend__2025_2026._II.felev_1-300x212.jpg 300w, https:\/\/regeszet.bibl.u-szeged.hu\/wp-content\/uploads\/2026\/03\/orarend__2025_2026._II.felev_1-1024x724.jpg 1024w, https:\/\/regeszet.bibl.u-szeged.hu\/wp-content\/uploads\/2026\/03\/orarend__2025_2026._II.felev_1-768x543.jpg 768w, https:\/\/regeszet.bibl.u-szeged.hu\/wp-content\/uploads\/2026\/03\/orarend__2025_2026._II.felev_1-1536x1086.jpg 1536w\" sizes=\"auto, (max-width: 1755px) 100vw, 1755px\" \/><br \/>\n<img loading=\"lazy\" decoding=\"async\" class=\"aligncenter wp-image-7046 size-full\" src=\"http:\/\/regeszet.bibl.u-szeged.hu\/wp-content\/uploads\/2026\/03\/orarend__2025_2026._II.felev_2.jpg\" alt=\"\" width=\"1755\" height=\"1241\" srcset=\"https:\/\/regeszet.bibl.u-szeged.hu\/wp-content\/uploads\/2026\/03\/orarend__2025_2026._II.felev_2.jpg 1755w, https:\/\/regeszet.bibl.u-szeged.hu\/wp-content\/uploads\/2026\/03\/orarend__2025_2026._II.felev_2-300x212.jpg 300w, https:\/\/regeszet.bibl.u-szeged.hu\/wp-content\/uploads\/2026\/03\/orarend__2025_2026._II.felev_2-1024x724.jpg 1024w, https:\/\/regeszet.bibl.u-szeged.hu\/wp-content\/uploads\/2026\/03\/orarend__2025_2026._II.felev_2-768x543.jpg 768w, https:\/\/regeszet.bibl.u-szeged.hu\/wp-content\/uploads\/2026\/03\/orarend__2025_2026._II.felev_2-1536x1086.jpg 1536w\" sizes=\"auto, (max-width: 1755px) 100vw, 1755px\" \/><\/p>\n<h6 style=\"text-align: center;\"><a href=\"http:\/\/regeszet.bibl.u-szeged.hu\/wp-content\/uploads\/2026\/03\/orarend__2025_2026._II.felev_.pdf\" target=\"_blank\" rel=\"noopener\">Az \u00f3rarend let\u00f6lt\u00e9se pdf form\u00e1tumban<\/a><\/h6>\n","protected":false},"excerpt":{"rendered":"<p>2025\/2026. II. f\u00e9l\u00e9v Az \u00f3rarend let\u00f6lt\u00e9se pdf form\u00e1tumban<\/p>\n","protected":false},"author":1,"featured_media":0,"parent":64,"menu_order":1,"comment_status":"closed","ping_status":"closed","template":"","meta":{"footnotes":""},"class_list":["post-279","page","type-page","status-publish","hentry"],"_links":{"self":[{"href":"https:\/\/regeszet.bibl.u-szeged.hu\/index.php\/wp-json\/wp\/v2\/pages\/279","targetHints":{"allow":["GET"]}}],"collection":[{"href":"https:\/\/regeszet.bibl.u-szeged.hu\/index.php\/wp-json\/wp\/v2\/pages"}],"about":[{"href":"https:\/\/regeszet.bibl.u-szeged.hu\/index.php\/wp-json\/wp\/v2\/types\/page"}],"author":[{"embeddable":true,"href":"https:\/\/regeszet.bibl.u-szeged.hu\/index.php\/wp-json\/wp\/v2\/users\/1"}],"replies":[{"embeddable":true,"href":"https:\/\/regeszet.bibl.u-szeged.hu\/index.php\/wp-json\/wp\/v2\/comments?post=279"}],"version-history":[{"count":48,"href":"https:\/\/regeszet.bibl.u-szeged.hu\/index.php\/wp-json\/wp\/v2\/pages\/279\/revisions"}],"predecessor-version":[{"id":7047,"href":"https:\/\/regeszet.bibl.u-szeged.hu\/index.php\/wp-json\/wp\/v2\/pages\/279\/revisions\/7047"}],"up":[{"embeddable":true,"href":"https:\/\/regeszet.bibl.u-szeged.hu\/index.php\/wp-json\/wp\/v2\/pages\/64"}],"wp:attachment":[{"href":"https:\/\/regeszet.bibl.u-szeged.hu\/index.php\/wp-json\/wp\/v2\/media?parent=279"}],"curies":[{"name":"wp","href":"https:\/\/api.w.org\/{rel}","templated":true}]}}