{"id":283,"date":"2017-11-22T09:21:53","date_gmt":"2017-11-22T08:21:53","guid":{"rendered":"http:\/\/regeszet.bibl.u-szeged.hu\/?page_id=283"},"modified":"2026-03-18T11:25:55","modified_gmt":"2026-03-18T10:25:55","slug":"tajekoztato-vegzos-hallgatok-reszere","status":"publish","type":"page","link":"https:\/\/regeszet.bibl.u-szeged.hu\/index.php\/hallgatoknak\/tajekoztato-vegzos-hallgatok-reszere\/","title":{"rendered":"T\u00e1j\u00e9koztat\u00f3 v\u00e9gz\u0151s hallgat\u00f3k r\u00e9sz\u00e9re"},"content":{"rendered":"<h3>Szakdolgozat<\/h3>\n<p><strong>A szakdolgozat tartalmi \u00e9s formai k\u00f6vetelm\u00e9nyeit a tansz\u00e9k hat\u00e1rozza meg. <\/strong>Felt\u00f6lt\u00e9s\/bead\u00e1s el\u0151tt k\u00e9r\u00fcnk mindenkit, hogy t\u00e1j\u00e9koz\u00f3djon a r\u00e1 vonatkoz\u00f3 el\u0151\u00edr\u00e1sokr\u00f3l, egyeztessen t\u00e9mavezet\u0151j\u00e9vel.<\/p>\n<p>A szakdolgozat c\u00edmlapj\u00e1nak mint\u00e1j\u00e1t l\u00e1sd a <a href=\"https:\/\/arts.u-szeged.hu\/hallgatoknak\/zarovizsga-2023-januar\/szakdolgozat-belso\" target=\"_blank\" rel=\"noopener noreferrer\">mell\u00e9kletben<\/a>.<\/p>\n<p><strong>R\u00e9gi rendszer\u0171, egyetemi szint\u0171, illetve MA k\u00e9pz\u00e9s:<\/strong> A szakdolgozat terjedelme: 35-60 oldal, egy oldal kb. 26 sor, 1,5-\u00f6s sork\u00f6zzel 12-es bet\u0171m\u00e9ret.<\/p>\n<p><strong>BA szakok szakdolgozati k\u00f6vetelm\u00e9nyei:<\/strong> A k\u00e9pz\u00e9s munkanyelv\u00e9n legal\u00e1bb 20, de legfeljebb 35 oldal terjedelemben, 12-es bet\u0171m\u00e9retben, 1,5-es sork\u00f6zzel meg\u00edrt \u00f6n\u00e1ll\u00f3 munka, melyben a tartalom \u00e9s irodalomjegyz\u00e9k a 20-35 oldal terjedelmen fel\u00fcl \u00e9rtend\u0151.<\/p>\n<p><strong>Marg\u00f3k m\u00e9rete:<br \/>\n<\/strong>Fels\u0151: 2,5 cm<br \/>\nBal: 3 cm<br \/>\nJobb: 2 cm<\/p>\n<p>A <strong>szakdolgozati t\u00e9mav\u00e1laszt\u00f3 lap<\/strong> <a href=\"http:\/\/regeszet.bibl.u-szeged.hu\/wp-content\/uploads\/2020\/02\/T\u00e9mav\u00e1laszt\u00f3-lap.pdf\" target=\"_blank\" rel=\"noopener noreferrer\">innen let\u00f6lthet\u0151<\/a>.<\/p>\n<p>A <strong>szakdolgozatot\u00a0 <\/strong>(PDF form\u00e1tumban) <strong>2026. \u00e1prilis 14 \u2013 m\u00e1jus 4. (h\u00e9tf\u0151) 14:59 <\/strong>k\u00f6z\u00f6tt\u00a0kell felt\u00f6lteni a Modulo-ba.<br \/>\nA lead\u00e1si hat\u00e1rid\u0151 meghosszabb\u00edt\u00e1s\u00e1ra nincs lehet\u0151s\u00e9g, aki a hat\u00e1rid\u0151t elmulasztja, nem z\u00e1r\u00f3vizsg\u00e1zhat.<\/p>\n<p>A szakdolgozat elektronikus v\u00e1ltozat\u00e1t <strong>a R\u00e9g\u00e9szeti Tansz\u00e9k, valamint a t\u00e9mavezet\u0151 e-mail c\u00edm\u00e9re is el kell k\u00fcldeni <span style=\"text-decoration: underline;\">legk\u00e9s\u0151bb 2026. m\u00e1jus 4. (h\u00e9tf\u0151) 15 \u00f3r\u00e1ig<\/span><\/strong> \u00fagy, hogy a hallgat\u00f3 a szakdolgozatot \u00e9s az esetleges mell\u00e9kleteket m\u00e1r felt\u00f6lt\u00f6tte a Modulo-ba.<br \/>\nA R\u00e9g\u00e9szeti Tansz\u00e9k e-mail c\u00edme: <strong>szte.btk.regeszeti.tanszek@gmail.com<\/strong><br \/>\nA t\u00e9mavezet\u0151k e-mail c\u00edme a honlapon a <strong>Munkat\u00e1rsak\/Oktat\u00f3ink<\/strong> f\u00fcl alatt tal\u00e1lhat\u00f3 a megfelel\u0151 oktat\u00f3 kiv\u00e1laszt\u00e1s\u00e1val.<br \/>\nEmellett<strong> egy nyomtatott, spir\u00e1lozott p\u00e9ld\u00e1nyt<\/strong> k\u00e9r\u00fcnk leadni a tansz\u00e9ki adminisztr\u00e1torunkn\u00e1l (Walter Dorottya) <strong>2026. m\u00e1jus 8-ig<\/strong>.<\/p>\n<p><strong>Azoknak a hallgat\u00f3knak is be kell jelentkezni\u00fck z\u00e1r\u00f3vizsg\u00e1ra \u00e9s a szakdolgozat\u00e1t \u00e9s\/vagy portf\u00f3li\u00f3j\u00e1t is \u00fajra fel kell t\u00f6lteni\u00fck, akik ism\u00e9telt z\u00e1r\u00f3vizsg\u00e1t tesznek<\/strong> (kor\u00e1bban m\u00e1r z\u00e1r\u00f3vizsg\u00e1ztak, de a z\u00e1r\u00f3vizsga egyik r\u00e9sze pl.: opponens, v\u00e9d\u00e9s, elm\u00e9leti k\u00e9rd\u00e9s nem siker\u00fclt vagy nem szerezte meg id\u0151re az abszolut\u00f3riumot). Ism\u00e9telt z\u00e1r\u00f3vizsg\u00e1z\u00f3 hallgat\u00f3knak a pl\u00e1giumnyilatkozatot \u00e9s az MI nyilatkozatot is csatolniuk kell.<\/p>\n<p><strong>A pl\u00e1giumnyilatkozatot \u00e9s az MI nyilatkozatot<\/strong> mindenki k\u00f6teles a szakdolgozat\/portf\u00f3li\u00f3 elej\u00e9re beilleszteni! A vonatkoz\u00f3 szab\u00e1lyzatok <a href=\"https:\/\/arts.u-szeged.hu\/karunkrol\/szabalyzatok\" target=\"_blank\" rel=\"noopener\">itt<\/a>, a kit\u00f6ltend\u0151 dokumentumok pedig <a href=\"https:\/\/arts.u-szeged.hu\/oktatas\/tanulmanyi-osztaly\/formanyomtatvanyok\" target=\"_blank\" rel=\"noopener\">itt<\/a> \u00e9rhet\u0151k el.<br \/>\n(A nyilatkozatokat ki kell nyomtatni, k\u00e9k tollal al\u00e1\u00edrni, majd beszkennelve csatolni kell a szakdolgozathoz.)<\/p>\n<p>A hat\u00e1rid\u0151 ut\u00e1n szakdolgozat m\u00e1r nem fogadhat\u00f3 be, annak lead\u00e1sa m\u00e1r csak a k\u00f6vetkez\u0151 z\u00e1r\u00f3vizsga-id\u0151szakban lehets\u00e9ges az akkori bead\u00e1si hat\u00e1rid\u0151ben.<\/p>\n<h3><\/h3>\n<h3>Abszolut\u00f3rium<\/h3>\n<p>Az <strong>abszolut\u00f3rium nyilatkozat<\/strong> bead\u00e1s\u00e1ra (kiz\u00e1r\u00f3lag m\u00e9g akt\u00edv jogviszonnyal rendelkez\u0151 hallgat\u00f3knak kell) ki\u00edrt feladatot a <strong>CooSpace<\/strong> megadott sz\u00ednter\u00e9ben kell beny\u00fajtani (<strong>BTK Z\u00e1r\u00f3vizsga\/Final Exam\/2026 j\u00fanius<\/strong>). A Coospace szint\u00e9rre a Szakdolgozat felt\u00f6lt\u00e9st k\u00f6vet\u0151en, legk\u00e9s\u0151bb 2026. m\u00e1jus 13-ig ker\u00fclnek fel a hallgat\u00f3k.<\/p>\n<p><u>Abszolut\u00f3rium-nyilatkozatok bead\u00e1s\u00e1nak hat\u00e1rideje:<br \/>\n<\/u>&#8211; MA:\u00a0<strong>2026. m\u00e1jus 27.<\/strong><br \/>\n&#8211; BA:\u00a0<strong>2026. j\u00fanius 3.<\/strong><\/p>\n<h3>Z\u00e1r\u00f3vizsga<\/h3>\n<p>Z\u00e1r\u00f3vizsg\u00e1ra bejelentkezni a <strong>MODULO<\/strong>-ban kell\u00a0<strong>2026. \u00e1prilis 14 \u2013 m\u00e1jus 4. (h\u00e9tf\u0151) 14:59 <\/strong>k\u00f6z\u00f6tt.<br \/>\nA Z\u00e1r\u00f3vizsga-beoszt\u00e1s a NEPTUN-ban megtekinthet\u0151 (NEPTUN \u2013 saj\u00e1t fel\u00fclet men\u00fcje \u2013 vizsg\u00e1k \u2013 z\u00e1r\u00f3vizsg\u00e1k).<br \/>\nNftv. 50. \u00a7 (5) Nem bocs\u00e1that\u00f3 z\u00e1r\u00f3vizsg\u00e1ra az a hallgat\u00f3, aki a fels\u0151oktat\u00e1si int\u00e9zm\u00e9nnyel szemben fenn\u00e1ll\u00f3 fizet\u00e9si k\u00f6telezetts\u00e9g\u00e9nek nem tett eleget. <strong>A tartoz\u00e1st a NEPTUN fel\u00fclet\u00e9n online kell kiegyenl\u00edteni legk\u00e9s\u0151bb 2026. m\u00e1jus 22-ig.<\/strong><\/p>\n<h3><\/h3>\n<h3>Tov\u00e1bbi inform\u00e1ci\u00f3k<\/h3>\n<p>A szakdolgozat-lead\u00e1ssal, a nyelvvizsga-k\u00f6vetelm\u00e9nyekkel, illetve\u00a0 a z\u00e1r\u00f3vizsga-beoszt\u00e1ssal kapcsolatos tov\u00e1bbi inform\u00e1ci\u00f3k:<br \/>\nSZTE BTK honlapj\u00e1n l\u00e1sd:<br \/>\n<a href=\"https:\/\/arts.u-szeged.hu\/hirek\/tanulmanyi-hirek\/teendok-hataridok-2026\" target=\"_blank\" rel=\"noopener\">&#8211; Teend\u0151k \u00e9s hat\u00e1rid\u0151k a 2026 j\u00fanius\u00e1ban v\u00e9gz\u0151knek<\/a><br \/>\n<a href=\"https:\/\/arts.u-szeged.hu\/oktatas\/tajekoztatok\/zarovizsga-informaciok\" target=\"_blank\" rel=\"noopener\">&#8211; Z\u00e1r\u00f3vizsga inform\u00e1ci\u00f3k a 2026 j\u00fanius\u00e1ban v\u00e9gz\u0151knek<\/a><\/p>\n<p>A v\u00e9gz\u0151s hallgat\u00f3knak sz\u00f3l\u00f3 t\u00e1j\u00e9koztat\u00f3 let\u00f6lthet\u0151 <a href=\"https:\/\/arts.u-szeged.hu\/oktatas\/zarovizsga-informaciok\/2026-juniusaban-vegzok\" target=\"_blank\" rel=\"noopener noreferrer\">ezen a linken<\/a>.<\/p>\n","protected":false},"excerpt":{"rendered":"<p>Szakdolgozat A szakdolgozat tartalmi \u00e9s formai k\u00f6vetelm\u00e9nyeit a tansz\u00e9k hat\u00e1rozza meg. Felt\u00f6lt\u00e9s\/bead\u00e1s el\u0151tt k\u00e9r\u00fcnk mindenkit, hogy t\u00e1j\u00e9koz\u00f3djon a r\u00e1 vonatkoz\u00f3 el\u0151\u00edr\u00e1sokr\u00f3l, egyeztessen t\u00e9mavezet\u0151j\u00e9vel. A szakdolgozat c\u00edmlapj\u00e1nak mint\u00e1j\u00e1t l\u00e1sd a mell\u00e9kletben. R\u00e9gi rendszer\u0171, egyetemi szint\u0171, illetve MA k\u00e9pz\u00e9s: A szakdolgozat terjedelme: 35-60 oldal, egy oldal kb. 26 sor, 1,5-\u00f6s sork\u00f6zzel 12-es bet\u0171m\u00e9ret. BA szakok szakdolgozati k\u00f6vetelm\u00e9nyei: &hellip; <a href=\"https:\/\/regeszet.bibl.u-szeged.hu\/index.php\/hallgatoknak\/tajekoztato-vegzos-hallgatok-reszere\/\" class=\"more-link\"><span class=\"screen-reader-text\">T\u00e1j\u00e9koztat\u00f3 v\u00e9gz\u0151s hallgat\u00f3k r\u00e9sz\u00e9re<\/span> b\u0151vebben&#8230; <span class=\"meta-nav\">&rarr;<\/span><\/a><\/p>\n","protected":false},"author":1,"featured_media":0,"parent":64,"menu_order":3,"comment_status":"closed","ping_status":"closed","template":"","meta":{"footnotes":""},"class_list":["post-283","page","type-page","status-publish","hentry"],"_links":{"self":[{"href":"https:\/\/regeszet.bibl.u-szeged.hu\/index.php\/wp-json\/wp\/v2\/pages\/283","targetHints":{"allow":["GET"]}}],"collection":[{"href":"https:\/\/regeszet.bibl.u-szeged.hu\/index.php\/wp-json\/wp\/v2\/pages"}],"about":[{"href":"https:\/\/regeszet.bibl.u-szeged.hu\/index.php\/wp-json\/wp\/v2\/types\/page"}],"author":[{"embeddable":true,"href":"https:\/\/regeszet.bibl.u-szeged.hu\/index.php\/wp-json\/wp\/v2\/users\/1"}],"replies":[{"embeddable":true,"href":"https:\/\/regeszet.bibl.u-szeged.hu\/index.php\/wp-json\/wp\/v2\/comments?post=283"}],"version-history":[{"count":38,"href":"https:\/\/regeszet.bibl.u-szeged.hu\/index.php\/wp-json\/wp\/v2\/pages\/283\/revisions"}],"predecessor-version":[{"id":7120,"href":"https:\/\/regeszet.bibl.u-szeged.hu\/index.php\/wp-json\/wp\/v2\/pages\/283\/revisions\/7120"}],"up":[{"embeddable":true,"href":"https:\/\/regeszet.bibl.u-szeged.hu\/index.php\/wp-json\/wp\/v2\/pages\/64"}],"wp:attachment":[{"href":"https:\/\/regeszet.bibl.u-szeged.hu\/index.php\/wp-json\/wp\/v2\/media?parent=283"}],"curies":[{"name":"wp","href":"https:\/\/api.w.org\/{rel}","templated":true}]}}