{"id":285,"date":"2017-11-22T09:22:09","date_gmt":"2017-11-22T08:22:09","guid":{"rendered":"http:\/\/regeszet.bibl.u-szeged.hu\/?page_id=285"},"modified":"2022-02-08T13:36:22","modified_gmt":"2022-02-08T12:36:22","slug":"hasznos-linkek","status":"publish","type":"page","link":"https:\/\/regeszet.bibl.u-szeged.hu\/index.php\/hallgatoknak\/hasznos-linkek\/","title":{"rendered":"Hasznos linkek"},"content":{"rendered":"<p><strong>Magyar-n\u00e9met, n\u00e9met-magyar r\u00e9g\u00e9sz sz\u00f3t\u00e1r<\/strong><br \/>\n<a href=\"http:\/\/www.tankonyvtar.hu\/konyvek\/nemet-magyar-magyar\/nemet-magyar-magyar-081029-40\" target=\"_blank\" rel=\"noopener noreferrer\">http:\/\/www.tankonyvtar.hu\/konyvek\/nemet-magyar-magyar\/nemet-magyar-magyar-081029-40<\/a><\/p>\n<p><strong>Magyar Digit\u00e1lis M\u00fazeumi K\u00f6nyvt\u00e1r<\/strong><br \/>\n<a href=\"http:\/\/muzeum.arcanum.hu\/kiadvanyok\/opt\/a101029.htm?v=pdf&amp;a=start_f\" target=\"_blank\" rel=\"noopener noreferrer\">http:\/\/muzeum.arcanum.hu\/kiadvanyok\/opt\/a101029.htm?v=pdf&amp;a=start_f<\/a><\/p>\n<p><strong>A Habsburg Birodalom katonai felm\u00e9r\u00e9sei<\/strong><br \/>\n<a href=\"http:\/\/archivportal.arcanum.hu\/maps\/html\/katfelm2b_google.html\" target=\"_blank\" rel=\"noopener noreferrer\">http:\/\/archivportal.arcanum.hu\/maps\/html\/katfelm2b_google.html<\/a><\/p>\n<p><strong>Arcanum adatb\u00e1zisok<\/strong><br \/>\n<a href=\"http:\/\/www.arcanum.hu\/adatbazisok\/\" target=\"_blank\" rel=\"noopener noreferrer\">http:\/\/www.arcanum.hu\/adatbazisok\/<\/a><\/p>\n<p><strong>Balassi Kiad\u00f3 interneten olvashat\u00f3 kiadv\u00e1nyai<\/strong><br \/>\n<a href=\"http:\/\/www.balassikiado.hu\/BB\/\" target=\"_blank\" rel=\"noopener noreferrer\">http:\/\/www.balassikiado.hu\/BB\/<\/a><\/p>\n<p><strong>R\u00e9gi MOL-os adatb\u00e1zis<\/strong><br \/>\n<a href=\"http:\/\/www.arcanum.hu\/mol\/lpext.dll\/?f=templates&amp;fn=main-h.htm&amp;2.0\" target=\"_blank\" rel=\"noopener noreferrer\">http:\/\/www.arcanum.hu\/mol\/lpext.dll\/?f=templates&amp;fn=main-h.htm&amp;2.0<\/a><\/p>\n<p><strong>Magyar Orsz\u00e1gos Lev\u00e9lt\u00e1r \u2212 Arcanum Adatb\u00e1zis<\/strong><br \/>\n<a href=\"http:\/\/mol.arcanum.hu\/\" target=\"_blank\" rel=\"noopener noreferrer\">http:\/\/mol.arcanum.hu\/<\/a><\/p>\n<p><strong>A k\u00f6z\u00e9pkori Magyarorsz\u00e1g lev\u00e9lt\u00e1ri forr\u00e1sainak adatb\u00e1zisa<\/strong><br \/>\nMagyar Orsz\u00e1gos Lev\u00e9lt\u00e1rban 1874-2009 k\u00f6z\u00f6tt a Moh\u00e1cs el\u0151tti gy\u0171jtem\u00e9nyekhez\u00a0\u00a0 k\u00e9sz\u00fclt lev\u00e9lt\u00e1ri seg\u00e9dletek elektronikus feldolgoz\u00e1s\u00e1val. Diplomatikai Lev\u00e9lt\u00e1r (DL) Diplomatikai F\u00e9nyk\u00e9pgy\u0171jtem\u00e9ny\u00a0 (DF)<br \/>\n<a href=\"http:\/\/mol.arcanum.hu\/dldf\/opt\/a101129htm?v=pdf&amp;a=start\" target=\"_blank\" rel=\"noopener noreferrer\">http:\/\/mol.arcanum.hu\/dldf\/opt\/a101129htm?v=pdf&amp;a=start<\/a><\/p>\n<p><strong>A k\u00f6z\u00e9pkori Magyarorsz\u00e1g digit\u00e1lis k\u00f6nyvt\u00e1ra<\/strong><br \/>\n<a href=\"http:\/\/mol.arcanum.hu\/medieval\/opt\/a101101.htm?v=pdf&amp;a=start_f\" target=\"_blank\" rel=\"noopener noreferrer\">http:\/\/mol.arcanum.hu\/medieval\/opt\/a101101.htm?v=pdf&amp;a=start_f<\/a><\/p>\n<p><strong>Kir\u00e1lyi K\u00f6nyvek (latinul Libri Regii)<\/strong><br \/>\n<a href=\"http:\/\/mol.arcanum.hu\/digidat\/opt\/a100513.htm?v=moldigidat&amp;a=start&amp;a1=\" target=\"_blank\" rel=\"noopener noreferrer\">http:\/\/mol.arcanum.hu\/digidat\/opt\/a100513.htm?v=moldigidat&amp;a=start&amp;a1=<\/a><\/p>\n<p><strong>Urabria et consriptiones<\/strong><br \/>\n<a href=\"http:\/\/mol.arcanum.hu\/urbarium\/opt\/a101112.htm?v=pdf&amp;a=start\" target=\"_blank\" rel=\"noopener noreferrer\">http:\/\/mol.arcanum.hu\/urbarium\/opt\/a101112.htm?v=pdf&amp;a=start<\/a><\/p>\n<p><strong>Magyar Lev\u00e9lt\u00e1ri port\u00e1l<\/strong><br \/>\n<a href=\"http:\/\/archivportal.hu\/id-571-fond_es_allagjegyzek.html\" target=\"_blank\" rel=\"noopener noreferrer\">http:\/\/archivportal.hu\/id-571-fond_es_allagjegyzek.html<\/a><\/p>\n<p><strong>Arcanum Digit\u00e1lis Adatt\u00e1r<\/strong><br \/>\n<a href=\"http:\/\/adtplus.arcanum.hu\/hu\/\" target=\"_blank\" rel=\"noopener noreferrer\">http:\/\/adtplus.arcanum.hu\/hu\/<\/a><\/p>\n<p><strong>ARCHEOCOMP Multidiszciplin\u00e1ris R\u00e9g\u00e9szettudom\u00e1nyi Egyes\u00fclet kiadv\u00e1nyai<\/strong><br \/>\n<a href=\"http:\/\/www.ace.hu\/kiadvanyok.html\" target=\"_blank\" rel=\"noopener noreferrer\">http:\/\/www.ace.hu\/kiadvanyok.html<\/a><\/p>\n<p><strong>Hungaricana K\u00f6zgy\u0171jtem\u00e9nyi Port\u00e1l<\/strong><br \/>\n<a href=\"https:\/\/hungaricana.hu\/hu\/\" target=\"_blank\" rel=\"noopener\">https:\/\/hungaricana.hu\/hu\/<\/a><\/p>\n<p><strong>Online forr\u00e1sok otthonr\u00f3l<\/strong><br \/>\n<a href=\"http:\/\/www.ek.szte.hu\/online-forrasok-otthonrol\/\" target=\"_blank\" rel=\"noopener\">http:\/\/www.ek.szte.hu\/online-forrasok-otthonrol\/<\/a><\/p>\n","protected":false},"excerpt":{"rendered":"<p>Magyar-n\u00e9met, n\u00e9met-magyar r\u00e9g\u00e9sz sz\u00f3t\u00e1r http:\/\/www.tankonyvtar.hu\/konyvek\/nemet-magyar-magyar\/nemet-magyar-magyar-081029-40 Magyar Digit\u00e1lis M\u00fazeumi K\u00f6nyvt\u00e1r http:\/\/muzeum.arcanum.hu\/kiadvanyok\/opt\/a101029.htm?v=pdf&amp;a=start_f A Habsburg Birodalom katonai felm\u00e9r\u00e9sei http:\/\/archivportal.arcanum.hu\/maps\/html\/katfelm2b_google.html Arcanum adatb\u00e1zisok http:\/\/www.arcanum.hu\/adatbazisok\/ Balassi Kiad\u00f3 interneten olvashat\u00f3 kiadv\u00e1nyai http:\/\/www.balassikiado.hu\/BB\/ R\u00e9gi MOL-os adatb\u00e1zis http:\/\/www.arcanum.hu\/mol\/lpext.dll\/?f=templates&amp;fn=main-h.htm&amp;2.0 Magyar Orsz\u00e1gos Lev\u00e9lt\u00e1r \u2212 Arcanum Adatb\u00e1zis http:\/\/mol.arcanum.hu\/ A k\u00f6z\u00e9pkori Magyarorsz\u00e1g lev\u00e9lt\u00e1ri forr\u00e1sainak adatb\u00e1zisa Magyar Orsz\u00e1gos Lev\u00e9lt\u00e1rban 1874-2009 k\u00f6z\u00f6tt a Moh\u00e1cs el\u0151tti gy\u0171jtem\u00e9nyekhez\u00a0\u00a0 k\u00e9sz\u00fclt lev\u00e9lt\u00e1ri seg\u00e9dletek elektronikus &hellip; <a href=\"https:\/\/regeszet.bibl.u-szeged.hu\/index.php\/hallgatoknak\/hasznos-linkek\/\" class=\"more-link\"><span class=\"screen-reader-text\">Hasznos linkek<\/span> b\u0151vebben&#8230; <span class=\"meta-nav\">&rarr;<\/span><\/a><\/p>\n","protected":false},"author":1,"featured_media":0,"parent":64,"menu_order":4,"comment_status":"closed","ping_status":"closed","template":"","meta":{"footnotes":""},"class_list":["post-285","page","type-page","status-publish","hentry"],"_links":{"self":[{"href":"https:\/\/regeszet.bibl.u-szeged.hu\/index.php\/wp-json\/wp\/v2\/pages\/285","targetHints":{"allow":["GET"]}}],"collection":[{"href":"https:\/\/regeszet.bibl.u-szeged.hu\/index.php\/wp-json\/wp\/v2\/pages"}],"about":[{"href":"https:\/\/regeszet.bibl.u-szeged.hu\/index.php\/wp-json\/wp\/v2\/types\/page"}],"author":[{"embeddable":true,"href":"https:\/\/regeszet.bibl.u-szeged.hu\/index.php\/wp-json\/wp\/v2\/users\/1"}],"replies":[{"embeddable":true,"href":"https:\/\/regeszet.bibl.u-szeged.hu\/index.php\/wp-json\/wp\/v2\/comments?post=285"}],"version-history":[{"count":8,"href":"https:\/\/regeszet.bibl.u-szeged.hu\/index.php\/wp-json\/wp\/v2\/pages\/285\/revisions"}],"predecessor-version":[{"id":4594,"href":"https:\/\/regeszet.bibl.u-szeged.hu\/index.php\/wp-json\/wp\/v2\/pages\/285\/revisions\/4594"}],"up":[{"embeddable":true,"href":"https:\/\/regeszet.bibl.u-szeged.hu\/index.php\/wp-json\/wp\/v2\/pages\/64"}],"wp:attachment":[{"href":"https:\/\/regeszet.bibl.u-szeged.hu\/index.php\/wp-json\/wp\/v2\/media?parent=285"}],"curies":[{"name":"wp","href":"https:\/\/api.w.org\/{rel}","templated":true}]}}