{"id":2854,"date":"2019-04-18T00:03:10","date_gmt":"2019-04-17T22:03:10","guid":{"rendered":"http:\/\/regeszet.bibl.u-szeged.hu\/?page_id=2854"},"modified":"2019-05-10T00:08:55","modified_gmt":"2019-05-09T22:08:55","slug":"zatyko-csilla","status":"publish","type":"page","link":"https:\/\/regeszet.bibl.u-szeged.hu\/index.php\/partiscon-tdk\/tdk-eloadasok\/2018-2019\/zatyko-csilla\/","title":{"rendered":"Zatyk\u00f3 Csilla"},"content":{"rendered":"<p>Dr. Zatyk\u00f3 Csilla, az MTA BTK R\u00e9g\u00e9szeti Int\u00e9zet\u00e9nek f\u0151munkat\u00e1rsa <em>K\u00f6rnyezetr\u00e9g\u00e9szet \u2013 t\u00e1jr\u00e9g\u00e9szet<\/em> c\u00edmmel tartott el\u0151ad\u00e1st tansz\u00e9k\u00fcnk\u00f6n 2019. \u00e1prilis 17-\u00e9n.<\/p>\n<div class=\"rgg-container\" data-rgg-id=\"1\">    <div class=\"rgg-imagegrid captions-title captions-effect-none \" data-rgg-id=\"1\">\n                    <a href=\"https:\/\/regeszet.bibl.u-szeged.hu\/wp-content\/uploads\/2019\/05\/Zatyko-Csilla_TDK-eloadas_2019.jpg\" data-rel=\"rgg\" rel=\"rgg\" title=\"\" class=\"rgg-disabled size-medium rgg-img\" data-src=\"https:\/\/regeszet.bibl.u-szeged.hu\/wp-content\/uploads\/2019\/05\/Zatyko-Csilla_TDK-eloadas_2019.jpg\" data-ratio=\"0.70666666666667\" data-height=\"300\" data-width=\"212\" aria-label=\"\">\n                            <\/a>\n                    <a href=\"https:\/\/regeszet.bibl.u-szeged.hu\/wp-content\/uploads\/2019\/05\/Zatyko-Csilla_TDK-eloadas_2019_.jpg\" data-rel=\"rgg\" rel=\"rgg\" title=\"\" class=\"rgg-disabled size-medium rgg-img\" data-src=\"https:\/\/regeszet.bibl.u-szeged.hu\/wp-content\/uploads\/2019\/05\/Zatyko-Csilla_TDK-eloadas_2019_.jpg\" data-ratio=\"1.3333333333333\" data-height=\"225\" data-width=\"300\" aria-label=\"\">\n                            <\/a>\n            <\/div>\n<\/div>\n","protected":false},"excerpt":{"rendered":"<p>Dr. Zatyk\u00f3 Csilla, az MTA BTK R\u00e9g\u00e9szeti Int\u00e9zet\u00e9nek f\u0151munkat\u00e1rsa K\u00f6rnyezetr\u00e9g\u00e9szet \u2013 t\u00e1jr\u00e9g\u00e9szet c\u00edmmel tartott el\u0151ad\u00e1st tansz\u00e9k\u00fcnk\u00f6n 2019. \u00e1prilis 17-\u00e9n.<\/p>\n","protected":false},"author":1,"featured_media":0,"parent":2850,"menu_order":1,"comment_status":"closed","ping_status":"closed","template":"","meta":{"footnotes":""},"class_list":["post-2854","page","type-page","status-publish","hentry"],"_links":{"self":[{"href":"https:\/\/regeszet.bibl.u-szeged.hu\/index.php\/wp-json\/wp\/v2\/pages\/2854","targetHints":{"allow":["GET"]}}],"collection":[{"href":"https:\/\/regeszet.bibl.u-szeged.hu\/index.php\/wp-json\/wp\/v2\/pages"}],"about":[{"href":"https:\/\/regeszet.bibl.u-szeged.hu\/index.php\/wp-json\/wp\/v2\/types\/page"}],"author":[{"embeddable":true,"href":"https:\/\/regeszet.bibl.u-szeged.hu\/index.php\/wp-json\/wp\/v2\/users\/1"}],"replies":[{"embeddable":true,"href":"https:\/\/regeszet.bibl.u-szeged.hu\/index.php\/wp-json\/wp\/v2\/comments?post=2854"}],"version-history":[{"count":5,"href":"https:\/\/regeszet.bibl.u-szeged.hu\/index.php\/wp-json\/wp\/v2\/pages\/2854\/revisions"}],"predecessor-version":[{"id":2860,"href":"https:\/\/regeszet.bibl.u-szeged.hu\/index.php\/wp-json\/wp\/v2\/pages\/2854\/revisions\/2860"}],"up":[{"embeddable":true,"href":"https:\/\/regeszet.bibl.u-szeged.hu\/index.php\/wp-json\/wp\/v2\/pages\/2850"}],"wp:attachment":[{"href":"https:\/\/regeszet.bibl.u-szeged.hu\/index.php\/wp-json\/wp\/v2\/media?parent=2854"}],"curies":[{"name":"wp","href":"https:\/\/api.w.org\/{rel}","templated":true}]}}