{"id":2916,"date":"2019-03-12T11:04:42","date_gmt":"2019-03-12T10:04:42","guid":{"rendered":"http:\/\/regeszet.bibl.u-szeged.hu\/?page_id=2916"},"modified":"2019-05-10T11:50:39","modified_gmt":"2019-05-10T09:50:39","slug":"2018-2","status":"publish","type":"page","link":"https:\/\/regeszet.bibl.u-szeged.hu\/index.php\/tehetseggondozas\/kinai-tanulmanyut\/2018-2\/","title":{"rendered":"2018"},"content":{"rendered":"<p>2018 \u0151sz\u00e9n a Szegedi Tudom\u00e1nyegyetem R\u00e9g\u00e9szeti Tansz\u00e9k\u00e9nek egy hallgat\u00f3ja, illetve egy doktorand\u00e1ja, Lovas Csenge \u00e9s Luk\u00e1cs Nikoletta utazott K\u00edn\u00e1ba a 2016-ban indult csereprogram keretein bel\u00fcl. Egy h\u00f3napos kintl\u00e9t\u00fck alatt a Pekingi Egyetem tansz\u00e9ki felt\u00e1r\u00e1s\u00e1n vettek r\u00e9szt, majd a f\u0151bb nevezetess\u00e9geket tekintett\u00e9k meg.<\/p>\n<p><strong>K\u00ednai kaland<\/strong><\/p>\n<p>2018-ban Luk\u00e1cs Nikolett\u00e1val mi lehett\u00fcnk a szerencs\u00e9sek, akik r\u00e9szt vehett\u00fcnk a pekingi egyetem \u00e1sat\u00e1s\u00e1n. Az \u0151szi szemeszterben egy h\u00f3napot t\u00f6lthett\u00fcnk el e csod\u00e1latos \u00e9s t\u00e1voli kult\u00fara \u00f6lel\u00e9s\u00e9ben.<\/p>\n<p>H\u00e1rom ujjlenyomatv\u00e9tellel \u00e9s 2 \u00f3r\u00e1val a landol\u00e1s ut\u00e1n, v\u00e9gre nagyot szippanthattunk a cs\u00edp\u0151s, sz\u00fcrke pekingi szmogb\u00f3l. A taxi (amir\u0151l persze k\u00e9s\u0151bb kider\u00fclt, hogy nem az) egy koszos \u00e9s cseppet sem bizalomgerjeszt\u0151 utc\u00e1ban, dud\u00e1lva t\u00f6rte mag\u00e1nak az utat, majd befordult egy hatalmas kapun. Felhajtott az amerikai filmekb\u0151l ismert be\u00e1ll\u00f3ra a forg\u00f3ajt\u00f3 el\u0151tt, majd a sof\u0151r kinyitotta az ajt\u00f3t. N\u00e9h\u00e1ny perccel k\u00e9s\u0151bb m\u00e1r f\u00e1radtan roskadhattunk le a m\u00e1rv\u00e1nypadl\u00f3s, krist\u00e1lycsill\u00e1ros hotelben az illatos, f\u00e9ny\u00e1rban \u00fasz\u00f3 szob\u00e1nk arany \u00e1gytakar\u00f3j\u00e1ra.<\/p>\n<p>Ez h\u00e1t K\u00edna! \u00c1ltal\u00e1ban nem az \u00e1lmok orsz\u00e1ga&#8230; De nek\u00fcnk igen. A m\u00e9lys\u00e9gek \u00e9s magass\u00e1gok haz\u00e1ja, minden \u00e9rtelemben. A selyem \u00e9s a forr\u00f3 tea titokzatosan b\u00f3d\u00edt\u00f3 bujas\u00e1ga, sz\u00ednes pagod\u00e1kat rejt\u0151 m\u00e9lyz\u00f6ld erd\u0151k, havas sziklacsipk\u00e9k szemet gy\u00f6ny\u00f6rk\u00f6dtet\u0151 l\u00e1tv\u00e1nya egy\u00fctt j\u00e1r az 1,3 milli\u00e1rdnyi ember termelte mocsokkal, b\u0171zl\u0151 zs\u00fafolt k\u00fclv\u00e1rosi utc\u00e1kkal \u00e9s atomkatasztr\u00f3fa ut\u00e1ni hangulatot id\u00e9z\u0151 sz\u00e9lj\u00e1rta szellemh\u00e1zakkal. M\u00e9gis minden kommunista val\u00f3s\u00e1g m\u00f6g\u00f6tt ott van annak az \u0151si \u00e9s eltiporhatatlan civiliz\u00e1ci\u00f3nak a sz\u00e9ps\u00e9ge \u00e9s hatalma, ami el\u0151tt tisztelettel borul t\u00e9rdre az ember. Amely l\u00e9trehozta a Nagy Falat, a tal\u00e1n legfantasztikusabb emberi k\u00e9z alkotta monstrumot <strong>(1. k\u00e9p)<\/strong>. Csak \u00e1ll, m\u00e1llik \u00e9s t\u00f6rik, de mement\u00f3ja az \u00f6reg id\u0151nek, ami nem tudta bel\u00e9 v\u00e1jni a vasfog\u00e1t. Csin Si Huang-ti z\u00f6ldell\u0151 s\u00edrhalma f\u00f6l\u00f6tt is eltelt t\u00f6bb mint 2000 \u00e9v, de a hadsereg csak \u00e1ll, rezzen\u00e9stelen agyag arccal \u0151rzi a cs\u00e1sz\u00e1r \u00e1lm\u00e1t, aki el akarta temetni mag\u00e1val a vil\u00e1got <strong>(2. k\u00e9p)<\/strong>.<\/p>\n<figure id=\"attachment_2921\" aria-describedby=\"caption-attachment-2921\" style=\"width: 300px\" class=\"wp-caption aligncenter\"><a href=\"http:\/\/regeszet.bibl.u-szeged.hu\/wp-content\/uploads\/2019\/05\/01_Szmogban-uszo-Nagy-Fal_.jpg\"><img loading=\"lazy\" decoding=\"async\" class=\"wp-image-2921\" src=\"http:\/\/regeszet.bibl.u-szeged.hu\/wp-content\/uploads\/2019\/05\/01_Szmogban-uszo-Nagy-Fal_.jpg\" alt=\"\" width=\"300\" height=\"225\" \/><\/a><figcaption id=\"caption-attachment-2921\" class=\"wp-caption-text\">1. Szmogban \u00fasz\u00f3 Nagy Fal<\/figcaption><\/figure>\n<figure id=\"attachment_2922\" aria-describedby=\"caption-attachment-2922\" style=\"width: 300px\" class=\"wp-caption aligncenter\"><a href=\"http:\/\/regeszet.bibl.u-szeged.hu\/wp-content\/uploads\/2019\/05\/02_Az-agyaghadseregnel_.jpg\"><img loading=\"lazy\" decoding=\"async\" class=\"wp-image-2922\" src=\"http:\/\/regeszet.bibl.u-szeged.hu\/wp-content\/uploads\/2019\/05\/02_Az-agyaghadseregnel_.jpg\" alt=\"\" width=\"300\" height=\"225\" \/><\/a><figcaption id=\"caption-attachment-2922\" class=\"wp-caption-text\">2. Az agyaghadseregn\u00e9l<\/figcaption><\/figure>\n<p>A r\u00e9g\u00e9szek K\u00e1na\u00e1nja ez. Ahogy bakancsban kil\u00e9pt\u00fcnk a lel\u0151hely sz\u00fcrke talaj\u00e1ra, ecsettel a kez\u00fcnkben, hirtelen olyan romantika fogott el, mintha egy hollywoodi produkci\u00f3 v\u00e1szn\u00e1ra l\u00e9pt\u00fcnk volna. A lemen\u0151 nap f\u00e9ny\u00e9ben v\u00f6r\u00f6sen t\u00e1ncoltak a r\u00e9g\u00e9szeti t\u00e1bor lobog\u00f3i \u00e9s ha a sz\u00e9l elvitte a szmogot, h\u00f3f\u00f6dte hegycs\u00facsok kacsingattak a \u201efalu\u201d toronyh\u00e1zai m\u00f6g\u00fcl. A felt\u00e1r\u00e1s menete teljesen k\u00fcl\u00f6nb\u00f6z\u00f6tt a hazait\u00f3l. K\u00fcl\u00f6nb\u00f6z\u00f6tt a leletanyag, a talaj, a szersz\u00e1m, amivel megpr\u00f3b\u00e1ltuk lefejteni az \u00e9vsz\u00e1zados r\u00f6g\u00f6ket egyetlen, f\u00e9ltve \u0151rz\u00f6tt ker\u00e1mi\u00e1nkr\u00f3l <strong>(3. k\u00e9p)<\/strong>. Minden mozdulat \u00fajk\u00e9nt hatott ebben a kontextusban \u00e9s m\u00e1r sikernek k\u00f6nyvelt\u00fck el, hogy a v\u00e9g\u00e9re legal\u00e1bb a r\u00e9tegeket \u00e9s a foltokat nagyr\u00e9szt felismert\u00fck. Rengeteg \u00faj dolgot tanultunk a talajminta v\u00e9telt\u0151l a hurkap\u00e1lc\u00e1s s\u00edrbont\u00e1sig \u00e9s gyakorlott felsz\u00ednhorol\u00f3k lett\u00fcnk <strong>(4. k\u00e9p)<\/strong>. Emberi kapcsolatokban \u00e9s gasztron\u00f3miai \u00e9lm\u00e9nyekben sem volt hi\u00e1ny: tal\u00e1lkoztunk Sissi \u00e9s Kamar\u00e1s M\u00e1t\u00e9 rajong\u00f3 k\u00ednai l\u00e1nnyal, akivel Gr\u00f3f Andr\u00e1ssy Gyul\u00e1r\u00f3l besz\u00e9lgethett\u00fcnk egy tradicion\u00e1lis k\u00ednai Hot pot mellett \u00e9s persze annyit te\u00e1ztunk amennyi bel\u00e9nk f\u00e9rt <strong>(5. k\u00e9p)<\/strong>. F\u00e9lhom\u00e1lyban, apr\u00f3 cs\u00e9sz\u00e9kb\u0151l kortyolgathattunk k\u00fcl\u00f6nleges ned\u0171ket, mik\u00f6zben egy h\u00f6lgy heves gesztikul\u00e1l\u00e1ssal mes\u00e9lt nek\u00fcnk a k\u00ednai tea t\u00f6rt\u00e9net\u00e9r\u0151l egy ford\u00edt\u00f3program seg\u00edts\u00e9g\u00e9vel. K\u00e9t hetet \u00e9lt\u00fck Indiana Jones vadreg\u00e9nyes \u00e9let\u00e9t az els\u0151 cs\u00e1sz\u00e1rok v\u00e1rosa mellett, majd a kult\u00fara felt\u00e9rk\u00e9pez\u00e9s\u00e9nek egy felsz\u00ednesebb m\u00f3dj\u00e1ba fogtunk.<\/p>\n<figure id=\"attachment_2923\" aria-describedby=\"caption-attachment-2923\" style=\"width: 300px\" class=\"wp-caption aligncenter\"><a href=\"http:\/\/regeszet.bibl.u-szeged.hu\/wp-content\/uploads\/2019\/05\/03_Egy-szepseges-keramia_.jpg\"><img loading=\"lazy\" decoding=\"async\" class=\"wp-image-2923\" src=\"http:\/\/regeszet.bibl.u-szeged.hu\/wp-content\/uploads\/2019\/05\/03_Egy-szepseges-keramia_.jpg\" alt=\"\" width=\"300\" height=\"225\" \/><\/a><figcaption id=\"caption-attachment-2923\" class=\"wp-caption-text\">3. Egy sz\u00e9ps\u00e9ges ker\u00e1mia<\/figcaption><\/figure>\n<figure id=\"attachment_2924\" aria-describedby=\"caption-attachment-2924\" style=\"width: 300px\" class=\"wp-caption aligncenter\"><a href=\"http:\/\/regeszet.bibl.u-szeged.hu\/wp-content\/uploads\/2019\/05\/04_Sirobontas-hurkapalcaval_.jpg\"><img loading=\"lazy\" decoding=\"async\" class=\"wp-image-2924\" src=\"http:\/\/regeszet.bibl.u-szeged.hu\/wp-content\/uploads\/2019\/05\/04_Sirobontas-hurkapalcaval_.jpg\" alt=\"\" width=\"300\" height=\"225\" \/><\/a><figcaption id=\"caption-attachment-2924\" class=\"wp-caption-text\">4. S\u00edrbont\u00e1s hurkap\u00e1lc\u00e1val<\/figcaption><\/figure>\n<figure id=\"attachment_2925\" aria-describedby=\"caption-attachment-2925\" style=\"width: 300px\" class=\"wp-caption aligncenter\"><a href=\"http:\/\/regeszet.bibl.u-szeged.hu\/wp-content\/uploads\/2019\/05\/05_Hot-pot_.jpg\"><img loading=\"lazy\" decoding=\"async\" class=\"wp-image-2925\" src=\"http:\/\/regeszet.bibl.u-szeged.hu\/wp-content\/uploads\/2019\/05\/05_Hot-pot_.jpg\" alt=\"\" width=\"300\" height=\"400\" \/><\/a><figcaption id=\"caption-attachment-2925\" class=\"wp-caption-text\">5. Hot pot<\/figcaption><\/figure>\n<p>A vonat 300 km\/\u00f3r\u00e1val siklott el\u0151re a p\u00e1ly\u00e1n \u00e9s mi 1600 km-t utaztunk be 2 h\u00e9t alatt. Nagyon sok, \u00e9s m\u00e9gis olyan apr\u00f3 szelete az orsz\u00e1gnak. De siker\u00fclt tal\u00e1n meg\u00edzleln\u00fcnk a selyemherny\u00f3 \u00e9s skorpi\u00f3 \u00edz\u00e9n k\u00edv\u00fcl a k\u00ednai vid\u00e9k felejthetetlen zamat\u00e1t is <strong>(6-7. k\u00e9p)<\/strong>. Peking gy\u00f6ny\u00f6r\u0171 <strong>(8-9. k\u00e9p)<\/strong>, de egy orsz\u00e1g sz\u00edve mindig vid\u00e9ken dobog. Az emberek is m\u00e1sok. Az arcuk nem kerek, feh\u00e9r \u00e9s puha, mint a pekingi panelekben. \u00c9les, nap \u00e9rlelte von\u00e1sok k\u00f6z\u00fcl csillognak az apr\u00f3, v\u00e1gott, fekete szemek. Kem\u00e9ny sorsuk a homlokukra van \u00edrva \u00e9s a tenyer\u00fck \u00e9rdess\u00e9ge megmutatja, milyen neh\u00e9z munk\u00e1val hajtj\u00e1k az uralmuk al\u00e1 a hegyet, ami a meg\u00e9lhet\u00e9s\u00fck, m\u00e9gis boldogok. Ez t\u00e9nyleg a perif\u00e9ria, a legdinamikusabban fejl\u0151d\u0151 orsz\u00e1g h\u00e1tra maradt usz\u00e1lya a nagy siets\u00e9gben. Majd ott van mellette a l\u00fcktet\u0151 metropoliszok sz\u00ednes, piros lampionos belv\u00e1rosa, a tiszta, turista-kompatibilis macskak\u00f6vek feket\u00e9je, egy-egy t\u00f6rt\u00e9nelmi negyed f\u00fcst\u00f6l\u0151 illat\u00fa \u00fatveszt\u0151je, a zajos muszlim piacok sz\u00edn \u00e9s \u00edz orgi\u00e1ja, amit\u0151l megtelik a szem a sz\u00e1j a f\u00fcl.<\/p>\n<figure id=\"attachment_2926\" aria-describedby=\"caption-attachment-2926\" style=\"width: 300px\" class=\"wp-caption aligncenter\"><a href=\"http:\/\/regeszet.bibl.u-szeged.hu\/wp-content\/uploads\/2019\/05\/06_Buddha_.jpg\"><img loading=\"lazy\" decoding=\"async\" class=\"wp-image-2926\" src=\"http:\/\/regeszet.bibl.u-szeged.hu\/wp-content\/uploads\/2019\/05\/06_Buddha_.jpg\" alt=\"\" width=\"300\" height=\"225\" \/><\/a><figcaption id=\"caption-attachment-2926\" class=\"wp-caption-text\">6. Buddha<\/figcaption><\/figure>\n<figure id=\"attachment_2927\" aria-describedby=\"caption-attachment-2927\" style=\"width: 300px\" class=\"wp-caption aligncenter\"><a href=\"http:\/\/regeszet.bibl.u-szeged.hu\/wp-content\/uploads\/2019\/05\/07_Mount-Huashan_.jpg\"><img loading=\"lazy\" decoding=\"async\" class=\"wp-image-2927\" src=\"http:\/\/regeszet.bibl.u-szeged.hu\/wp-content\/uploads\/2019\/05\/07_Mount-Huashan_.jpg\" alt=\"\" width=\"300\" height=\"244\" \/><\/a><figcaption id=\"caption-attachment-2927\" class=\"wp-caption-text\">7. Mount Huashan<\/figcaption><\/figure>\n<figure id=\"attachment_2928\" aria-describedby=\"caption-attachment-2928\" style=\"width: 300px\" class=\"wp-caption aligncenter\"><a href=\"http:\/\/regeszet.bibl.u-szeged.hu\/wp-content\/uploads\/2019\/05\/08_Nyari-Palota_.jpg\"><img loading=\"lazy\" decoding=\"async\" class=\"wp-image-2928\" src=\"http:\/\/regeszet.bibl.u-szeged.hu\/wp-content\/uploads\/2019\/05\/08_Nyari-Palota_.jpg\" alt=\"\" width=\"300\" height=\"123\" \/><\/a><figcaption id=\"caption-attachment-2928\" class=\"wp-caption-text\">8. Ny\u00e1ri Palota<\/figcaption><\/figure>\n<figure id=\"attachment_2920\" aria-describedby=\"caption-attachment-2920\" style=\"width: 300px\" class=\"wp-caption aligncenter\"><a href=\"http:\/\/regeszet.bibl.u-szeged.hu\/wp-content\/uploads\/2019\/05\/09_Az-Eg-temploma_.jpg\"><img loading=\"lazy\" decoding=\"async\" class=\"wp-image-2920\" src=\"http:\/\/regeszet.bibl.u-szeged.hu\/wp-content\/uploads\/2019\/05\/09_Az-Eg-temploma_.jpg\" alt=\"\" width=\"300\" height=\"225\" \/><\/a><figcaption id=\"caption-attachment-2920\" class=\"wp-caption-text\">9. Az \u00c9g temploma<\/figcaption><\/figure>\n<p>Nem valami sok az egy h\u00f3nap kint, hogy az ember felfogja mindazt, amit l\u00e1t. M\u00e9gis ha kicsit meg\u00e9rzi, nem lehet betelni vele. Csak futni lehet a lampionok alatt, ugr\u00e1lni \u00e9s m\u00e9lyen magunkba sz\u00edvni az \u00e9lm\u00e9nyt. Mert olyan felfoghatatlanul sz\u00ednes az \u00daristen fest\u0151palett\u00e1ja, hogy egy pillant\u00e1s kev\u00e9s.<\/p>\n<p>Sz\u00f6veg: Lovas Csenge<\/p>\n<p>K\u00e9pek: Lovas Csenge, Luk\u00e1cs Nikoletta<\/p>\n","protected":false},"excerpt":{"rendered":"<p>2018 \u0151sz\u00e9n a Szegedi Tudom\u00e1nyegyetem R\u00e9g\u00e9szeti Tansz\u00e9k\u00e9nek egy hallgat\u00f3ja, illetve egy doktorand\u00e1ja, Lovas Csenge \u00e9s Luk\u00e1cs Nikoletta utazott K\u00edn\u00e1ba a 2016-ban indult csereprogram keretein bel\u00fcl. Egy h\u00f3napos kintl\u00e9t\u00fck alatt a Pekingi Egyetem tansz\u00e9ki felt\u00e1r\u00e1s\u00e1n vettek r\u00e9szt, majd a f\u0151bb nevezetess\u00e9geket tekintett\u00e9k meg. K\u00ednai kaland 2018-ban Luk\u00e1cs Nikolett\u00e1val mi lehett\u00fcnk a szerencs\u00e9sek, akik r\u00e9szt vehett\u00fcnk a &hellip; <a href=\"https:\/\/regeszet.bibl.u-szeged.hu\/index.php\/tehetseggondozas\/kinai-tanulmanyut\/2018-2\/\" class=\"more-link\"><span class=\"screen-reader-text\">2018<\/span> b\u0151vebben&#8230; <span class=\"meta-nav\">&rarr;<\/span><\/a><\/p>\n","protected":false},"author":1,"featured_media":0,"parent":2629,"menu_order":3,"comment_status":"closed","ping_status":"closed","template":"","meta":{"footnotes":""},"class_list":["post-2916","page","type-page","status-publish","hentry"],"_links":{"self":[{"href":"https:\/\/regeszet.bibl.u-szeged.hu\/index.php\/wp-json\/wp\/v2\/pages\/2916","targetHints":{"allow":["GET"]}}],"collection":[{"href":"https:\/\/regeszet.bibl.u-szeged.hu\/index.php\/wp-json\/wp\/v2\/pages"}],"about":[{"href":"https:\/\/regeszet.bibl.u-szeged.hu\/index.php\/wp-json\/wp\/v2\/types\/page"}],"author":[{"embeddable":true,"href":"https:\/\/regeszet.bibl.u-szeged.hu\/index.php\/wp-json\/wp\/v2\/users\/1"}],"replies":[{"embeddable":true,"href":"https:\/\/regeszet.bibl.u-szeged.hu\/index.php\/wp-json\/wp\/v2\/comments?post=2916"}],"version-history":[{"count":3,"href":"https:\/\/regeszet.bibl.u-szeged.hu\/index.php\/wp-json\/wp\/v2\/pages\/2916\/revisions"}],"predecessor-version":[{"id":2931,"href":"https:\/\/regeszet.bibl.u-szeged.hu\/index.php\/wp-json\/wp\/v2\/pages\/2916\/revisions\/2931"}],"up":[{"embeddable":true,"href":"https:\/\/regeszet.bibl.u-szeged.hu\/index.php\/wp-json\/wp\/v2\/pages\/2629"}],"wp:attachment":[{"href":"https:\/\/regeszet.bibl.u-szeged.hu\/index.php\/wp-json\/wp\/v2\/media?parent=2916"}],"curies":[{"name":"wp","href":"https:\/\/api.w.org\/{rel}","templated":true}]}}