{"id":3197,"date":"2019-10-15T13:01:56","date_gmt":"2019-10-15T11:01:56","guid":{"rendered":"http:\/\/regeszet.bibl.u-szeged.hu\/?page_id=3197"},"modified":"2019-10-15T13:01:56","modified_gmt":"2019-10-15T11:01:56","slug":"2019-2020","status":"publish","type":"page","link":"https:\/\/regeszet.bibl.u-szeged.hu\/index.php\/partiscon-tdk\/elsosok-bemutatkozasa\/2019-2020\/","title":{"rendered":"2019\/2020"},"content":{"rendered":"<p>Els\u0151s r\u00e9g\u00e9szhallgat\u00f3ink \u201ehivatalosan\u201d is bemutatkoztak a tansz\u00e9k\u00fcnk\u00f6n. A Partiscon TDK \u00e1ltal szervezett, 2019. okt\u00f3ber 9-\u00e9n tartott rendezv\u00e9nyen a B\u00e1nk b\u00e1nt mutatt\u00e1k be \u00fajdons\u00fclt hallgat\u00f3ink saj\u00e1t rendez\u00e9s \u00e9s forgat\u00f3k\u00f6nyv alapj\u00e1n.<br \/>\nA rendezv\u00e9ny f\u0151szervez\u0151je: Majzik Vivien<br \/>\nFot\u00f3: Szikszai Ferenc<\/p>\n<div class=\"rgg-container\" data-rgg-id=\"1\">    <div class=\"rgg-imagegrid captions-title captions-effect-none \" data-rgg-id=\"1\">\n                    <a href=\"https:\/\/regeszet.bibl.u-szeged.hu\/wp-content\/uploads\/2019\/10\/Elsosok-bemutatkozasa_2.jpg\" data-rel=\"rgg\" rel=\"rgg\" title=\"\" class=\"rgg-disabled size-medium rgg-img\" data-src=\"https:\/\/regeszet.bibl.u-szeged.hu\/wp-content\/uploads\/2019\/10\/Elsosok-bemutatkozasa_2.jpg\" data-ratio=\"0.69333333333333\" data-height=\"300\" data-width=\"208\" aria-label=\"\">\n                            <\/a>\n                    <a href=\"https:\/\/regeszet.bibl.u-szeged.hu\/wp-content\/uploads\/2019\/10\/Elsosok-bemutatkozasa_14.jpg\" data-rel=\"rgg\" rel=\"rgg\" title=\"\" class=\"rgg-disabled size-medium rgg-img\" data-src=\"https:\/\/regeszet.bibl.u-szeged.hu\/wp-content\/uploads\/2019\/10\/Elsosok-bemutatkozasa_14.jpg\" data-ratio=\"1.3333333333333\" data-height=\"225\" data-width=\"300\" aria-label=\"\">\n                            <\/a>\n                    <a href=\"https:\/\/regeszet.bibl.u-szeged.hu\/wp-content\/uploads\/2019\/10\/Elsosok-bemutatkozasa_13.jpg\" data-rel=\"rgg\" rel=\"rgg\" title=\"\" class=\"rgg-disabled size-medium rgg-img\" data-src=\"https:\/\/regeszet.bibl.u-szeged.hu\/wp-content\/uploads\/2019\/10\/Elsosok-bemutatkozasa_13.jpg\" data-ratio=\"1.3333333333333\" data-height=\"225\" data-width=\"300\" aria-label=\"\">\n                            <\/a>\n                    <a href=\"https:\/\/regeszet.bibl.u-szeged.hu\/wp-content\/uploads\/2019\/10\/Elsosok-bemutatkozasa_12.jpg\" data-rel=\"rgg\" rel=\"rgg\" title=\"\" class=\"rgg-disabled size-medium rgg-img\" data-src=\"https:\/\/regeszet.bibl.u-szeged.hu\/wp-content\/uploads\/2019\/10\/Elsosok-bemutatkozasa_12.jpg\" data-ratio=\"1.3333333333333\" data-height=\"225\" data-width=\"300\" aria-label=\"\">\n                            <\/a>\n                    <a href=\"https:\/\/regeszet.bibl.u-szeged.hu\/wp-content\/uploads\/2019\/10\/Elsosok-bemutatkozasa_11.jpg\" data-rel=\"rgg\" rel=\"rgg\" title=\"\" class=\"rgg-disabled size-medium rgg-img\" data-src=\"https:\/\/regeszet.bibl.u-szeged.hu\/wp-content\/uploads\/2019\/10\/Elsosok-bemutatkozasa_11.jpg\" data-ratio=\"1.3333333333333\" data-height=\"225\" data-width=\"300\" aria-label=\"\">\n                            <\/a>\n                    <a href=\"https:\/\/regeszet.bibl.u-szeged.hu\/wp-content\/uploads\/2019\/10\/Elsosok-bemutatkozasa_10.jpg\" data-rel=\"rgg\" rel=\"rgg\" title=\"\" class=\"rgg-disabled size-medium rgg-img\" data-src=\"https:\/\/regeszet.bibl.u-szeged.hu\/wp-content\/uploads\/2019\/10\/Elsosok-bemutatkozasa_10.jpg\" data-ratio=\"1.3333333333333\" data-height=\"225\" data-width=\"300\" aria-label=\"\">\n                            <\/a>\n                    <a href=\"https:\/\/regeszet.bibl.u-szeged.hu\/wp-content\/uploads\/2019\/10\/Elsosok-bemutatkozasa_9.jpg\" data-rel=\"rgg\" rel=\"rgg\" title=\"\" class=\"rgg-disabled size-medium rgg-img\" data-src=\"https:\/\/regeszet.bibl.u-szeged.hu\/wp-content\/uploads\/2019\/10\/Elsosok-bemutatkozasa_9.jpg\" data-ratio=\"1.3333333333333\" data-height=\"225\" data-width=\"300\" aria-label=\"\">\n                            <\/a>\n                    <a href=\"https:\/\/regeszet.bibl.u-szeged.hu\/wp-content\/uploads\/2019\/10\/Elsosok-bemutatkozasa_8.jpg\" data-rel=\"rgg\" rel=\"rgg\" title=\"\" class=\"rgg-disabled size-medium rgg-img\" data-src=\"https:\/\/regeszet.bibl.u-szeged.hu\/wp-content\/uploads\/2019\/10\/Elsosok-bemutatkozasa_8.jpg\" data-ratio=\"1.3333333333333\" data-height=\"225\" data-width=\"300\" aria-label=\"\">\n                            <\/a>\n                    <a href=\"https:\/\/regeszet.bibl.u-szeged.hu\/wp-content\/uploads\/2019\/10\/Elsosok-bemutatkozasa_7.jpg\" data-rel=\"rgg\" rel=\"rgg\" title=\"\" class=\"rgg-disabled size-medium rgg-img\" data-src=\"https:\/\/regeszet.bibl.u-szeged.hu\/wp-content\/uploads\/2019\/10\/Elsosok-bemutatkozasa_7.jpg\" data-ratio=\"1.3333333333333\" data-height=\"225\" data-width=\"300\" aria-label=\"\">\n                            <\/a>\n                    <a href=\"https:\/\/regeszet.bibl.u-szeged.hu\/wp-content\/uploads\/2019\/10\/Elsosok-bemutatkozasa_6.jpg\" data-rel=\"rgg\" rel=\"rgg\" title=\"\" class=\"rgg-disabled size-medium rgg-img\" data-src=\"https:\/\/regeszet.bibl.u-szeged.hu\/wp-content\/uploads\/2019\/10\/Elsosok-bemutatkozasa_6.jpg\" data-ratio=\"1.3333333333333\" data-height=\"225\" data-width=\"300\" aria-label=\"\">\n                            <\/a>\n                    <a href=\"https:\/\/regeszet.bibl.u-szeged.hu\/wp-content\/uploads\/2019\/10\/Elsosok-bemutatkozasa_5.jpg\" data-rel=\"rgg\" rel=\"rgg\" title=\"\" class=\"rgg-disabled size-medium rgg-img\" data-src=\"https:\/\/regeszet.bibl.u-szeged.hu\/wp-content\/uploads\/2019\/10\/Elsosok-bemutatkozasa_5.jpg\" data-ratio=\"1.3333333333333\" data-height=\"225\" data-width=\"300\" aria-label=\"\">\n                            <\/a>\n                    <a href=\"https:\/\/regeszet.bibl.u-szeged.hu\/wp-content\/uploads\/2019\/10\/Elsosok-bemutatkozasa_4.jpg\" data-rel=\"rgg\" rel=\"rgg\" title=\"\" class=\"rgg-disabled size-medium rgg-img\" data-src=\"https:\/\/regeszet.bibl.u-szeged.hu\/wp-content\/uploads\/2019\/10\/Elsosok-bemutatkozasa_4.jpg\" data-ratio=\"0.75\" data-height=\"300\" data-width=\"225\" aria-label=\"\">\n                            <\/a>\n                    <a href=\"https:\/\/regeszet.bibl.u-szeged.hu\/wp-content\/uploads\/2019\/10\/Elsosok-bemutatkozasa_3.jpg\" data-rel=\"rgg\" rel=\"rgg\" title=\"\" class=\"rgg-disabled size-medium rgg-img\" data-src=\"https:\/\/regeszet.bibl.u-szeged.hu\/wp-content\/uploads\/2019\/10\/Elsosok-bemutatkozasa_3.jpg\" data-ratio=\"1.3333333333333\" data-height=\"225\" data-width=\"300\" aria-label=\"\">\n                            <\/a>\n                    <a href=\"https:\/\/regeszet.bibl.u-szeged.hu\/wp-content\/uploads\/2019\/10\/Elsosok-bemutatkozasa_1.jpg\" data-rel=\"rgg\" rel=\"rgg\" title=\"\" class=\"rgg-disabled size-medium rgg-img\" data-src=\"https:\/\/regeszet.bibl.u-szeged.hu\/wp-content\/uploads\/2019\/10\/Elsosok-bemutatkozasa_1.jpg\" data-ratio=\"1.3333333333333\" data-height=\"225\" data-width=\"300\" aria-label=\"\">\n                            <\/a>\n                    <a href=\"https:\/\/regeszet.bibl.u-szeged.hu\/wp-content\/uploads\/2019\/10\/Elsosok-bemutatkozasa_15.jpg\" data-rel=\"rgg\" rel=\"rgg\" title=\"\" class=\"rgg-disabled size-medium rgg-img\" data-src=\"https:\/\/regeszet.bibl.u-szeged.hu\/wp-content\/uploads\/2019\/10\/Elsosok-bemutatkozasa_15.jpg\" data-ratio=\"1.3333333333333\" data-height=\"225\" data-width=\"300\" aria-label=\"\">\n                            <\/a>\n                    <a href=\"https:\/\/regeszet.bibl.u-szeged.hu\/wp-content\/uploads\/2019\/10\/Elsosok-bemutatkozasa_16.jpg\" data-rel=\"rgg\" rel=\"rgg\" title=\"\" class=\"rgg-disabled size-medium rgg-img\" data-src=\"https:\/\/regeszet.bibl.u-szeged.hu\/wp-content\/uploads\/2019\/10\/Elsosok-bemutatkozasa_16.jpg\" data-ratio=\"1.3333333333333\" data-height=\"225\" data-width=\"300\" aria-label=\"\">\n                            <\/a>\n            <\/div>\n<\/div>\n","protected":false},"excerpt":{"rendered":"<p>Els\u0151s r\u00e9g\u00e9szhallgat\u00f3ink \u201ehivatalosan\u201d is bemutatkoztak a tansz\u00e9k\u00fcnk\u00f6n. A Partiscon TDK \u00e1ltal szervezett, 2019. okt\u00f3ber 9-\u00e9n tartott rendezv\u00e9nyen a B\u00e1nk b\u00e1nt mutatt\u00e1k be \u00fajdons\u00fclt hallgat\u00f3ink saj\u00e1t rendez\u00e9s \u00e9s forgat\u00f3k\u00f6nyv alapj\u00e1n. A rendezv\u00e9ny f\u0151szervez\u0151je: Majzik Vivien Fot\u00f3: Szikszai Ferenc<\/p>\n","protected":false},"author":1,"featured_media":0,"parent":215,"menu_order":1,"comment_status":"closed","ping_status":"closed","template":"","meta":{"footnotes":""},"class_list":["post-3197","page","type-page","status-publish","hentry"],"_links":{"self":[{"href":"https:\/\/regeszet.bibl.u-szeged.hu\/index.php\/wp-json\/wp\/v2\/pages\/3197","targetHints":{"allow":["GET"]}}],"collection":[{"href":"https:\/\/regeszet.bibl.u-szeged.hu\/index.php\/wp-json\/wp\/v2\/pages"}],"about":[{"href":"https:\/\/regeszet.bibl.u-szeged.hu\/index.php\/wp-json\/wp\/v2\/types\/page"}],"author":[{"embeddable":true,"href":"https:\/\/regeszet.bibl.u-szeged.hu\/index.php\/wp-json\/wp\/v2\/users\/1"}],"replies":[{"embeddable":true,"href":"https:\/\/regeszet.bibl.u-szeged.hu\/index.php\/wp-json\/wp\/v2\/comments?post=3197"}],"version-history":[{"count":1,"href":"https:\/\/regeszet.bibl.u-szeged.hu\/index.php\/wp-json\/wp\/v2\/pages\/3197\/revisions"}],"predecessor-version":[{"id":3198,"href":"https:\/\/regeszet.bibl.u-szeged.hu\/index.php\/wp-json\/wp\/v2\/pages\/3197\/revisions\/3198"}],"up":[{"embeddable":true,"href":"https:\/\/regeszet.bibl.u-szeged.hu\/index.php\/wp-json\/wp\/v2\/pages\/215"}],"wp:attachment":[{"href":"https:\/\/regeszet.bibl.u-szeged.hu\/index.php\/wp-json\/wp\/v2\/media?parent=3197"}],"curies":[{"name":"wp","href":"https:\/\/api.w.org\/{rel}","templated":true}]}}