{"id":3668,"date":"2020-10-26T12:30:06","date_gmt":"2020-10-26T11:30:06","guid":{"rendered":"http:\/\/regeszet.bibl.u-szeged.hu\/?page_id=3668"},"modified":"2020-10-26T12:30:06","modified_gmt":"2020-10-26T11:30:06","slug":"2020-2021","status":"publish","type":"page","link":"https:\/\/regeszet.bibl.u-szeged.hu\/index.php\/partiscon-tdk\/elsosok-bemutatkozasa\/2020-2021\/","title":{"rendered":"2020\/2021"},"content":{"rendered":"<p>Az els\u0151s r\u00e9g\u00e9szhallgat\u00f3ink \u201ehivatalosan\u201d is bemutatkoztak a tansz\u00e9k\u00fcnk\u00f6n 2020. okt\u00f3ber 21-\u00e9n. A Partiscon TDK \u00e1ltal szervezett rendezv\u00e9nyen egy saj\u00e1t tematik\u00e1j\u00fa \u00e9s rendez\u00e9s\u0171 \u201e<em>Archaeo Show<\/em>\u201d m\u0171sorral \u00f6rvendeztett\u00e9k meg a jelenl\u00e9v\u0151ket.<br \/>\nA rendezv\u00e9ny f\u0151szervez\u0151je: Varr\u00f3 Bal\u00e1zs<\/p>\n<div class=\"rgg-container\" data-rgg-id=\"1\">    <div class=\"rgg-imagegrid captions-title captions-effect-none \" data-rgg-id=\"1\">\n                    <a href=\"https:\/\/regeszet.bibl.u-szeged.hu\/wp-content\/uploads\/2020\/10\/Els\u0151\u00e9ves-r\u00e9g\u00e9szhallgat\u00f3k-bemutatkoz\u00e1sa_01.jpg\" data-rel=\"rgg\" rel=\"rgg\" title=\"\" class=\"rgg-disabled size-medium rgg-img\" data-src=\"https:\/\/regeszet.bibl.u-szeged.hu\/wp-content\/uploads\/2020\/10\/Els\u0151\u00e9ves-r\u00e9g\u00e9szhallgat\u00f3k-bemutatkoz\u00e1sa_01.jpg\" data-ratio=\"1.3333333333333\" data-height=\"225\" data-width=\"300\" aria-label=\"\">\n                            <\/a>\n                    <a href=\"https:\/\/regeszet.bibl.u-szeged.hu\/wp-content\/uploads\/2020\/10\/Els\u0151\u00e9ves-r\u00e9g\u00e9szhallgat\u00f3k-bemutatkoz\u00e1sa_02.jpg\" data-rel=\"rgg\" rel=\"rgg\" title=\"\" class=\"rgg-disabled size-medium rgg-img\" data-src=\"https:\/\/regeszet.bibl.u-szeged.hu\/wp-content\/uploads\/2020\/10\/Els\u0151\u00e9ves-r\u00e9g\u00e9szhallgat\u00f3k-bemutatkoz\u00e1sa_02.jpg\" data-ratio=\"1.3333333333333\" data-height=\"225\" data-width=\"300\" aria-label=\"\">\n                            <\/a>\n                    <a href=\"https:\/\/regeszet.bibl.u-szeged.hu\/wp-content\/uploads\/2020\/10\/Els\u0151\u00e9ves-r\u00e9g\u00e9szhallgat\u00f3k-bemutatkoz\u00e1sa_05.jpg\" data-rel=\"rgg\" rel=\"rgg\" title=\"\" class=\"rgg-disabled size-medium rgg-img\" data-src=\"https:\/\/regeszet.bibl.u-szeged.hu\/wp-content\/uploads\/2020\/10\/Els\u0151\u00e9ves-r\u00e9g\u00e9szhallgat\u00f3k-bemutatkoz\u00e1sa_05.jpg\" data-ratio=\"1.3333333333333\" data-height=\"225\" data-width=\"300\" aria-label=\"\">\n                            <\/a>\n                    <a href=\"https:\/\/regeszet.bibl.u-szeged.hu\/wp-content\/uploads\/2020\/10\/Els\u0151\u00e9ves-r\u00e9g\u00e9szhallgat\u00f3k-bemutatkoz\u00e1sa_03.jpg\" data-rel=\"rgg\" rel=\"rgg\" title=\"\" class=\"rgg-disabled size-medium rgg-img\" data-src=\"https:\/\/regeszet.bibl.u-szeged.hu\/wp-content\/uploads\/2020\/10\/Els\u0151\u00e9ves-r\u00e9g\u00e9szhallgat\u00f3k-bemutatkoz\u00e1sa_03.jpg\" data-ratio=\"1.3333333333333\" data-height=\"225\" data-width=\"300\" aria-label=\"\">\n                            <\/a>\n                    <a href=\"https:\/\/regeszet.bibl.u-szeged.hu\/wp-content\/uploads\/2020\/10\/Els\u0151\u00e9ves-r\u00e9g\u00e9szhallgat\u00f3k-bemutatkoz\u00e1sa_06.jpg\" data-rel=\"rgg\" rel=\"rgg\" title=\"\" class=\"rgg-disabled size-medium rgg-img\" data-src=\"https:\/\/regeszet.bibl.u-szeged.hu\/wp-content\/uploads\/2020\/10\/Els\u0151\u00e9ves-r\u00e9g\u00e9szhallgat\u00f3k-bemutatkoz\u00e1sa_06.jpg\" data-ratio=\"1.3333333333333\" data-height=\"225\" data-width=\"300\" aria-label=\"\">\n                            <\/a>\n                    <a href=\"https:\/\/regeszet.bibl.u-szeged.hu\/wp-content\/uploads\/2020\/10\/Els\u0151\u00e9ves-r\u00e9g\u00e9szhallgat\u00f3k-bemutatkoz\u00e1sa_04.jpg\" data-rel=\"rgg\" rel=\"rgg\" title=\"\" class=\"rgg-disabled size-medium rgg-img\" data-src=\"https:\/\/regeszet.bibl.u-szeged.hu\/wp-content\/uploads\/2020\/10\/Els\u0151\u00e9ves-r\u00e9g\u00e9szhallgat\u00f3k-bemutatkoz\u00e1sa_04.jpg\" data-ratio=\"1.3333333333333\" data-height=\"225\" data-width=\"300\" aria-label=\"\">\n                            <\/a>\n            <\/div>\n<\/div>\n<p>&nbsp;<\/p>\n","protected":false},"excerpt":{"rendered":"<p>Az els\u0151s r\u00e9g\u00e9szhallgat\u00f3ink \u201ehivatalosan\u201d is bemutatkoztak a tansz\u00e9k\u00fcnk\u00f6n 2020. okt\u00f3ber 21-\u00e9n. A Partiscon TDK \u00e1ltal szervezett rendezv\u00e9nyen egy saj\u00e1t tematik\u00e1j\u00fa \u00e9s rendez\u00e9s\u0171 \u201eArchaeo Show\u201d m\u0171sorral \u00f6rvendeztett\u00e9k meg a jelenl\u00e9v\u0151ket. A rendezv\u00e9ny f\u0151szervez\u0151je: Varr\u00f3 Bal\u00e1zs &nbsp;<\/p>\n","protected":false},"author":1,"featured_media":0,"parent":215,"menu_order":1,"comment_status":"closed","ping_status":"closed","template":"","meta":{"footnotes":""},"class_list":["post-3668","page","type-page","status-publish","hentry"],"_links":{"self":[{"href":"https:\/\/regeszet.bibl.u-szeged.hu\/index.php\/wp-json\/wp\/v2\/pages\/3668","targetHints":{"allow":["GET"]}}],"collection":[{"href":"https:\/\/regeszet.bibl.u-szeged.hu\/index.php\/wp-json\/wp\/v2\/pages"}],"about":[{"href":"https:\/\/regeszet.bibl.u-szeged.hu\/index.php\/wp-json\/wp\/v2\/types\/page"}],"author":[{"embeddable":true,"href":"https:\/\/regeszet.bibl.u-szeged.hu\/index.php\/wp-json\/wp\/v2\/users\/1"}],"replies":[{"embeddable":true,"href":"https:\/\/regeszet.bibl.u-szeged.hu\/index.php\/wp-json\/wp\/v2\/comments?post=3668"}],"version-history":[{"count":1,"href":"https:\/\/regeszet.bibl.u-szeged.hu\/index.php\/wp-json\/wp\/v2\/pages\/3668\/revisions"}],"predecessor-version":[{"id":3676,"href":"https:\/\/regeszet.bibl.u-szeged.hu\/index.php\/wp-json\/wp\/v2\/pages\/3668\/revisions\/3676"}],"up":[{"embeddable":true,"href":"https:\/\/regeszet.bibl.u-szeged.hu\/index.php\/wp-json\/wp\/v2\/pages\/215"}],"wp:attachment":[{"href":"https:\/\/regeszet.bibl.u-szeged.hu\/index.php\/wp-json\/wp\/v2\/media?parent=3668"}],"curies":[{"name":"wp","href":"https:\/\/api.w.org\/{rel}","templated":true}]}}