{"id":3713,"date":"2020-11-27T11:23:39","date_gmt":"2020-11-27T10:23:39","guid":{"rendered":"http:\/\/regeszet.bibl.u-szeged.hu\/?page_id=3713"},"modified":"2021-04-17T13:44:58","modified_gmt":"2021-04-17T11:44:58","slug":"2020-2021-i-felev-tdk-konferencia","status":"publish","type":"page","link":"https:\/\/regeszet.bibl.u-szeged.hu\/index.php\/tehetseggondozas\/tdk-otdk\/2020-2021-i-felev-tdk-konferencia\/","title":{"rendered":"2020\/2021. I. f\u00e9l\u00e9v TDK"},"content":{"rendered":"<p>A 2020. november 26-\u00e1n online megrendezett konferenci\u00e1n r\u00e9szt vett h\u00e1rom r\u00e9g\u00e9szhallgat\u00f3 TDK-dolgozat\u00e1nak t\u00e9mavezet\u0151i\/opponensi v\u00e9lem\u00e9nyez\u00e9se, valamint az el\u0151ad\u00e1s\u00e1nak \u00e9rt\u00e9kel\u00e9se alapj\u00e1n a zs\u0171ribizotts\u00e1g (R\u00e9v\u00e9sz L\u00e1szl\u00f3, V\u00f6r\u00f6s Gabriella, Pint\u00e9r-Nagy Katalin) d\u00f6nt\u00e9se \u00e9rtelm\u00e9ben a k\u00f6vetkez\u0151 eredm\u00e9nyek sz\u00fclettek:<\/p>\n<ol>\n<li><strong>B\u00f3dai Eszter<\/strong>: A G\u00e1va-kult\u00fara miniat\u0171r ed\u00e9nyei Magyarorsz\u00e1g ter\u00fclet\u00e9n<br \/>\nT\u00e9mavezet\u0151: Kulcs\u00e1r Val\u00e9ria<\/li>\n<li><strong>Koml\u00f3si Janka<\/strong>: Textilmaradv\u00e1nyok Magyarorsz\u00e1g ter\u00fclet\u00e9n a r\u00f3mai korban. Region\u00e1lis k\u00fcl\u00f6nbs\u00e9gek<br \/>\nT\u00e9mavezet\u0151: Kulcs\u00e1r Val\u00e9ria<\/li>\n<li><strong>So\u00f3s Roland<\/strong>: Egy La T\u00e8ne kori sz\u00f6v\u0151h\u00e1z \u00dcll\u0151 k\u00f6rny\u00e9k\u00e9r\u0151l<br \/>\nT\u00e9mavezet\u0151: Kulcs\u00e1r Val\u00e9ria<\/li>\n<\/ol>\n<p><strong>A bizotts\u00e1g d\u00f6nt\u00e9se alapj\u00e1n mind a h\u00e1rom hallgat\u00f3 dolgozata tov\u00e1bbjutott a 2021-es tavaszi OTDK-ra.<\/strong><\/p>\n<div class=\"rgg-container\" data-rgg-id=\"1\">    <div class=\"rgg-imagegrid captions-title captions-effect-none \" data-rgg-id=\"1\">\n                    <a href=\"https:\/\/regeszet.bibl.u-szeged.hu\/wp-content\/uploads\/2020\/12\/B\u00f3dai-Eszter-TDK-el\u0151ad\u00e1sa.jpg\" data-rel=\"rgg\" rel=\"rgg\" title=\"\" class=\"rgg-disabled size-medium rgg-img\" data-src=\"https:\/\/regeszet.bibl.u-szeged.hu\/wp-content\/uploads\/2020\/12\/B\u00f3dai-Eszter-TDK-el\u0151ad\u00e1sa.jpg\" data-ratio=\"1.8987341772152\" data-height=\"158\" data-width=\"300\" aria-label=\"\">\n                            <\/a>\n                    <a href=\"https:\/\/regeszet.bibl.u-szeged.hu\/wp-content\/uploads\/2020\/12\/Koml\u00f3si-Janka-TDK-el\u0151ad\u00e1sa.jpg\" data-rel=\"rgg\" rel=\"rgg\" title=\"\" class=\"rgg-disabled size-medium rgg-img\" data-src=\"https:\/\/regeszet.bibl.u-szeged.hu\/wp-content\/uploads\/2020\/12\/Koml\u00f3si-Janka-TDK-el\u0151ad\u00e1sa.jpg\" data-ratio=\"2.1428571428571\" data-height=\"140\" data-width=\"300\" aria-label=\"\">\n                            <\/a>\n                    <a href=\"https:\/\/regeszet.bibl.u-szeged.hu\/wp-content\/uploads\/2020\/12\/So\u00f3s-Roland-TDK-el\u0151ad\u00e1sa.jpg\" data-rel=\"rgg\" rel=\"rgg\" title=\"\" class=\"rgg-disabled size-medium rgg-img\" data-src=\"https:\/\/regeszet.bibl.u-szeged.hu\/wp-content\/uploads\/2020\/12\/So\u00f3s-Roland-TDK-el\u0151ad\u00e1sa.jpg\" data-ratio=\"2.1276595744681\" data-height=\"141\" data-width=\"300\" aria-label=\"\">\n                            <\/a>\n            <\/div>\n<\/div>\n","protected":false},"excerpt":{"rendered":"<p>A 2020. november 26-\u00e1n online megrendezett konferenci\u00e1n r\u00e9szt vett h\u00e1rom r\u00e9g\u00e9szhallgat\u00f3 TDK-dolgozat\u00e1nak t\u00e9mavezet\u0151i\/opponensi v\u00e9lem\u00e9nyez\u00e9se, valamint az el\u0151ad\u00e1s\u00e1nak \u00e9rt\u00e9kel\u00e9se alapj\u00e1n a zs\u0171ribizotts\u00e1g (R\u00e9v\u00e9sz L\u00e1szl\u00f3, V\u00f6r\u00f6s Gabriella, Pint\u00e9r-Nagy Katalin) d\u00f6nt\u00e9se \u00e9rtelm\u00e9ben a k\u00f6vetkez\u0151 eredm\u00e9nyek sz\u00fclettek: B\u00f3dai Eszter: A G\u00e1va-kult\u00fara miniat\u0171r ed\u00e9nyei Magyarorsz\u00e1g ter\u00fclet\u00e9n T\u00e9mavezet\u0151: Kulcs\u00e1r Val\u00e9ria Koml\u00f3si Janka: Textilmaradv\u00e1nyok Magyarorsz\u00e1g ter\u00fclet\u00e9n a r\u00f3mai korban. Region\u00e1lis k\u00fcl\u00f6nbs\u00e9gek T\u00e9mavezet\u0151: &hellip; <a href=\"https:\/\/regeszet.bibl.u-szeged.hu\/index.php\/tehetseggondozas\/tdk-otdk\/2020-2021-i-felev-tdk-konferencia\/\" class=\"more-link\"><span class=\"screen-reader-text\">2020\/2021. I. f\u00e9l\u00e9v TDK<\/span> b\u0151vebben&#8230; <span class=\"meta-nav\">&rarr;<\/span><\/a><\/p>\n","protected":false},"author":1,"featured_media":0,"parent":174,"menu_order":0,"comment_status":"closed","ping_status":"closed","template":"","meta":{"footnotes":""},"class_list":["post-3713","page","type-page","status-publish","hentry"],"_links":{"self":[{"href":"https:\/\/regeszet.bibl.u-szeged.hu\/index.php\/wp-json\/wp\/v2\/pages\/3713","targetHints":{"allow":["GET"]}}],"collection":[{"href":"https:\/\/regeszet.bibl.u-szeged.hu\/index.php\/wp-json\/wp\/v2\/pages"}],"about":[{"href":"https:\/\/regeszet.bibl.u-szeged.hu\/index.php\/wp-json\/wp\/v2\/types\/page"}],"author":[{"embeddable":true,"href":"https:\/\/regeszet.bibl.u-szeged.hu\/index.php\/wp-json\/wp\/v2\/users\/1"}],"replies":[{"embeddable":true,"href":"https:\/\/regeszet.bibl.u-szeged.hu\/index.php\/wp-json\/wp\/v2\/comments?post=3713"}],"version-history":[{"count":2,"href":"https:\/\/regeszet.bibl.u-szeged.hu\/index.php\/wp-json\/wp\/v2\/pages\/3713\/revisions"}],"predecessor-version":[{"id":3912,"href":"https:\/\/regeszet.bibl.u-szeged.hu\/index.php\/wp-json\/wp\/v2\/pages\/3713\/revisions\/3912"}],"up":[{"embeddable":true,"href":"https:\/\/regeszet.bibl.u-szeged.hu\/index.php\/wp-json\/wp\/v2\/pages\/174"}],"wp:attachment":[{"href":"https:\/\/regeszet.bibl.u-szeged.hu\/index.php\/wp-json\/wp\/v2\/media?parent=3713"}],"curies":[{"name":"wp","href":"https:\/\/api.w.org\/{rel}","templated":true}]}}