{"id":3724,"date":"2020-12-13T11:39:01","date_gmt":"2020-12-13T10:39:01","guid":{"rendered":"http:\/\/regeszet.bibl.u-szeged.hu\/?page_id=3724"},"modified":"2023-01-23T13:47:52","modified_gmt":"2023-01-23T12:47:52","slug":"regeszeti-kviz","status":"publish","type":"page","link":"https:\/\/regeszet.bibl.u-szeged.hu\/index.php\/regeszeti-kviz\/","title":{"rendered":"R\u00e9g\u00e9szeti kv\u00edz"},"content":{"rendered":"<h3>Virtu\u00e1lis s\u00e9ta a tansz\u00e9ki gy\u0171jtem\u00e9ny\u00fcnkben &#8211; \u00edzel\u00edt\u0151 a r\u00e9g\u00e9szet vil\u00e1g\u00e1b\u00f3l, kv\u00edz kezd\u0151knek<\/h3>\n<p>Keresd a kakukktoj\u00e1st! Ez a kv\u00edz azoknak sz\u00f3l, akik \u00e9rdekl\u0151dnek a r\u00e9g\u00e9szet ir\u00e1nt, de m\u00e9g csak most ismerkednek ezzel a tudom\u00e1nyter\u00fclettel. A 10 k\u00e9rd\u00e9sb\u0151l \u00e1ll\u00f3 kv\u00edzben a R\u00e9g\u00e9szeti Tansz\u00e9k ki\u00e1ll\u00edt\u00e1s\u00e1n kereszt\u00fcl \u00e1ttekintj\u00fck a korszakokat \u00e9s n\u00e9h\u00e1ny jellegzetes t\u00e1rgyt\u00edpust, majd a kit\u00f6lt\u0151nek meg kell tal\u00e1lnia a r\u00e9g\u00e9szeti leletek k\u00f6z\u00e9 keveredett recens, vagyis modern t\u00e1rgyakat. A k\u00e9rd\u00e9sek megv\u00e1laszol\u00e1s\u00e1hoz nincs sz\u00fcks\u00e9g k\u00fcl\u00f6n\u00f6sebb r\u00e9g\u00e9szeti ismeretre,\u00a0 csup\u00e1n a mell\u00e9kelt k\u00e9pek \u00e1tn\u00e9z\u00e9s\u00e9re \u00e9s a le\u00edr\u00e1sok figyelmes elolvas\u00e1s\u00e1ra.<\/p>\n<p style=\"text-align: center;\"><a href=\"https:\/\/docs.google.com\/forms\/d\/e\/1FAIpQLSekDC6PgHv-0dm751YZF8_8_CYywt1k_H1SQO8IZ07AMuUwrA\/viewform?usp=sf_link\" target=\"_blank\" rel=\"noopener noreferrer\"><img loading=\"lazy\" decoding=\"async\" class=\"aligncenter wp-image-3741\" src=\"http:\/\/regeszet.bibl.u-szeged.hu\/wp-content\/uploads\/2020\/12\/gomb_kezd\u0151.jpg\" alt=\"\" width=\"200\" height=\"199\" \/><\/a><\/p>\n<p>&nbsp;<\/p>\n<h3>Rend a lelke mindennek &#8211; r\u00e9g\u00e9szeti kv\u00edz halad\u00f3knak<\/h3>\n<p>Ezt a kv\u00edzt azok sz\u00e1m\u00e1ra \u00e1ll\u00edtottuk \u00f6ssze, akik kedvet \u00e9reznek a mell\u00e9kelt k\u00f6tetekben kutatni, \u00e9s kinyomozni a megold\u00e1sokat. A 20 k\u00e9rd\u00e9sb\u0151l \u00e1ll\u00f3 teszt c\u00e9lja, hogy &#8222;rendet tegy\u00fcnk&#8221; a gy\u0171jtem\u00e9nyben. Az egyes r\u00e9g\u00e9szeti korszakok \u00e9s az azokra jellemz\u0151 leletek, valamint a r\u00e9g\u00e9szetben haszn\u00e1latos alapfogalmak ismeret\u00e9re van sz\u00fcks\u00e9g a sikeres kit\u00f6lt\u00e9shez<\/p>\n<p>A helyes v\u00e1laszad\u00e1sban az al\u00e1bbi olvasm\u00e1nyok seg\u00edtik a kit\u00f6lt\u0151ket:<\/p>\n<ul style=\"list-style-type: circle;\">\n<li><a href=\"http:\/\/acta.bibl.u-szeged.hu\/70819\/1\/regeszeti_tanszek_2020.pdf\" target=\"_blank\" rel=\"noopener noreferrer\"><em>\u201eAz\u00e9rt m\u00e9gis csin\u00e1lunk int\u00e9zetet is, gy\u0171jtem\u00e9nyt is\u2026\u201d V\u00e1logat\u00e1s a szegedi egyetem R\u00e9g\u00e9szeti Tansz\u00e9k\u00e9nek leleteib\u0151l<\/em>. Szerk.:\u00a0Kulcs\u00e1r Val\u00e9ria \u2013 Pint\u00e9r-Nagy Katalin. Szeged 2020.<\/a><\/li>\n<li><a href=\"http:\/\/www.ace.hu\/curric\/elte-archeometria\/irodalom\/Magyar_regeszet_az_ezredfordulon.pdf\" target=\"_blank\" rel=\"noopener noreferrer\"><em>Magyar r\u00e9g\u00e9szet az ezredfordul\u00f3n<\/em>. F\u0151szerk.: Visy Zsolt. Budapest 2003.<\/a><\/li>\n<li><a href=\"http:\/\/regeszet.org.hu\/regeszeti-kezikonyv\/\" target=\"_blank\" rel=\"noopener noreferrer\"><em>R\u00e9g\u00e9szeti k\u00e9zik\u00f6nyv<\/em>. F\u0151szerk.: M\u00fcller R\u00f3bert, szerk.: Gr\u00f3f P\u00e9ter \u2013 Horv\u00e1th Ferenc \u2013 Kulcs\u00e1r Val\u00e9ria \u2013 F. Romh\u00e1nyi Beatrix \u2013 Tari Edit \u2013 T. Bir\u00f3 Katalin. Budapest 2011.<\/a><\/li>\n<\/ul>\n<p><a href=\"https:\/\/docs.google.com\/forms\/d\/e\/1FAIpQLScmLGlFh9ZZI-2LoPFfJDczZyjPUOfV7RfP32Q_IGG8kU4oLw\/viewform?usp=sf_link\" target=\"_blank\" rel=\"noopener noreferrer\"><img loading=\"lazy\" decoding=\"async\" class=\"aligncenter wp-image-3726\" src=\"http:\/\/regeszet.bibl.u-szeged.hu\/wp-content\/uploads\/2020\/12\/gomb.jpg\" alt=\"\" width=\"200\" height=\"199\" \/><\/a><\/p>\n<p>A kv\u00edzekben szerepl\u0151, a tansz\u00e9ki gy\u0171jtem\u00e9nyhez tartoz\u00f3 t\u00e1rgyak fot\u00f3it Walter R\u00e9ka k\u00e9sz\u00edtette. A tov\u00e1bbi k\u00e9pek az internetr\u0151l sz\u00e1rmaznak.<\/p>\n<p>&nbsp;<\/p>\n","protected":false},"excerpt":{"rendered":"<p>Virtu\u00e1lis s\u00e9ta a tansz\u00e9ki gy\u0171jtem\u00e9ny\u00fcnkben &#8211; \u00edzel\u00edt\u0151 a r\u00e9g\u00e9szet vil\u00e1g\u00e1b\u00f3l, kv\u00edz kezd\u0151knek Keresd a kakukktoj\u00e1st! Ez a kv\u00edz azoknak sz\u00f3l, akik \u00e9rdekl\u0151dnek a r\u00e9g\u00e9szet ir\u00e1nt, de m\u00e9g csak most ismerkednek ezzel a tudom\u00e1nyter\u00fclettel. A 10 k\u00e9rd\u00e9sb\u0151l \u00e1ll\u00f3 kv\u00edzben a R\u00e9g\u00e9szeti Tansz\u00e9k ki\u00e1ll\u00edt\u00e1s\u00e1n kereszt\u00fcl \u00e1ttekintj\u00fck a korszakokat \u00e9s n\u00e9h\u00e1ny jellegzetes t\u00e1rgyt\u00edpust, majd a kit\u00f6lt\u0151nek meg kell &hellip; <a href=\"https:\/\/regeszet.bibl.u-szeged.hu\/index.php\/regeszeti-kviz\/\" class=\"more-link\"><span class=\"screen-reader-text\">R\u00e9g\u00e9szeti kv\u00edz<\/span> b\u0151vebben&#8230; <span class=\"meta-nav\">&rarr;<\/span><\/a><\/p>\n","protected":false},"author":1,"featured_media":0,"parent":0,"menu_order":0,"comment_status":"closed","ping_status":"closed","template":"","meta":{"footnotes":""},"class_list":["post-3724","page","type-page","status-publish","hentry"],"_links":{"self":[{"href":"https:\/\/regeszet.bibl.u-szeged.hu\/index.php\/wp-json\/wp\/v2\/pages\/3724","targetHints":{"allow":["GET"]}}],"collection":[{"href":"https:\/\/regeszet.bibl.u-szeged.hu\/index.php\/wp-json\/wp\/v2\/pages"}],"about":[{"href":"https:\/\/regeszet.bibl.u-szeged.hu\/index.php\/wp-json\/wp\/v2\/types\/page"}],"author":[{"embeddable":true,"href":"https:\/\/regeszet.bibl.u-szeged.hu\/index.php\/wp-json\/wp\/v2\/users\/1"}],"replies":[{"embeddable":true,"href":"https:\/\/regeszet.bibl.u-szeged.hu\/index.php\/wp-json\/wp\/v2\/comments?post=3724"}],"version-history":[{"count":30,"href":"https:\/\/regeszet.bibl.u-szeged.hu\/index.php\/wp-json\/wp\/v2\/pages\/3724\/revisions"}],"predecessor-version":[{"id":5293,"href":"https:\/\/regeszet.bibl.u-szeged.hu\/index.php\/wp-json\/wp\/v2\/pages\/3724\/revisions\/5293"}],"wp:attachment":[{"href":"https:\/\/regeszet.bibl.u-szeged.hu\/index.php\/wp-json\/wp\/v2\/media?parent=3724"}],"curies":[{"name":"wp","href":"https:\/\/api.w.org\/{rel}","templated":true}]}}