{"id":3772,"date":"2021-01-15T14:35:07","date_gmt":"2021-01-15T13:35:07","guid":{"rendered":"http:\/\/regeszet.bibl.u-szeged.hu\/?page_id=3772"},"modified":"2024-07-05T09:36:47","modified_gmt":"2024-07-05T07:36:47","slug":"ma-kepzes","status":"publish","type":"page","link":"https:\/\/regeszet.bibl.u-szeged.hu\/index.php\/oktatas\/felvetelizoknek\/ma-kepzes\/","title":{"rendered":"MA k\u00e9pz\u00e9s"},"content":{"rendered":"<p>A r\u00e9g\u00e9szet mesterk\u00e9pz\u00e9s c\u00e9lja: olyan szakemberek k\u00e9pz\u00e9se, akiknek kisujj\u00e1ba ker\u00fcl a mesters\u00e9g. A v\u00e9gzett hallgat\u00f3ink alkalmasak r\u00e9g\u00e9szeti forr\u00e1sok \u00e9s lel\u0151helyek felkutat\u00e1s\u00e1ra, felt\u00e1r\u00e1s\u00e1ra \u00e9s feldolgoz\u00e1s\u00e1ra, valamint ilyen jelleg\u0171 m\u00fazeumi gy\u0171jtem\u00e9nyek kezel\u00e9s\u00e9re. A r\u00e9g\u00e9szeti eml\u00e9kanyag mellett ismerik a kultur\u00e1lis \u00f6r\u00f6ks\u00e9g m\u00e1s ter\u00fcleteit is, \u00e9s felk\u00e9sz\u00fcltek arra, hogy ezen \u00f6r\u00f6ks\u00e9ggel kapcsolatos alapfeladatokat ell\u00e1ssanak minden olyan int\u00e9zm\u00e9nyben, amelynek c\u00e9lja a kultur\u00e1lis \u00f6r\u00f6ks\u00e9g felt\u00e1r\u00e1sa, v\u00e9delme, feldolgoz\u00e1sa \u00e9s bemutat\u00e1sa. \u00c9s f\u0151k\u00e9nt: rendelkeznek olyan ismeretekkel, amelyek a k\u00f6zgy\u0171jtem\u00e9nyek r\u00e9g\u00e9sz-muzeol\u00f3gus munkak\u00f6r\u00e9nek bet\u00f6lt\u00e9s\u00e9hez sz\u00fcks\u00e9gesek.<\/p>\n<p><strong>Mit tanulhatsz n\u00e1lunk?<\/strong><\/p>\n<p>A r\u00e9g\u00e9szet MA k\u00e9pz\u00e9sen bel\u00fcl n\u00e9gy specializ\u00e1ci\u00f3 k\u00f6z\u00fcl kett\u0151t, egy f\u0151- \u00e9s mell\u00e9kspecializ\u00e1ci\u00f3t kell v\u00e1lasztaniuk a hallgat\u00f3inknak.<\/p>\n<p><strong><em>Specializ\u00e1ci\u00f3k:<\/em><\/strong><\/p>\n<ul>\n<li>\u0150skori r\u00e9g\u00e9szet<\/li>\n<li>Barbaricum \u00e9s n\u00e9pv\u00e1ndorl\u00e1s kori r\u00e9g\u00e9szet<\/li>\n<li>K\u00f6z\u00e9pkori r\u00e9g\u00e9szet<\/li>\n<li>Archaeometria<\/li>\n<\/ul>\n<p><strong>Hogyan jelentkezz hozz\u00e1nk? <\/strong><\/p>\n<p>A r\u00e9g\u00e9szet MA szakra olyan hallgat\u00f3k nyerhetnek felv\u00e9telt, akiknek r\u00e9g\u00e9szet alapszakon vagy t\u00f6rt\u00e9nelem (r\u00e9g\u00e9szet) alapszakon, vagy t\u00f6rt\u00e9nelem alapk\u00e9pz\u00e9s r\u00e9g\u00e9szet specializ\u00e1ci\u00f3j\u00e1n elnyert BA szint\u0171 oklevel\u00fck van. A felv\u00e9teli sz\u00f3beli motiv\u00e1ci\u00f3s besz\u00e9lget\u00e9s keret\u00e9ben zajlik.<\/p>\n<p><strong>Mi\u00e9rt v\u00e1lassz benn\u00fcnket?<\/strong><\/p>\n<ul>\n<li>Mert kiv\u00e1l\u00f3 szakemberekt\u0151l tanulhatsz: nemcsak nagy tapasztalat\u00fa szegedi oktat\u00f3kt\u00f3l, de az orsz\u00e1g sz\u00e1mos kutat\u00f3hely\u00e9r\u0151l \u00e9s legjobb m\u00fazeumaib\u00f3l \u00e9rkezett r\u00e9g\u00e9szt\u0151l.<\/li>\n<li>Mert a szegedi r\u00e9g\u00e9szk\u00e9pz\u00e9s orsz\u00e1gos h\u00edr\u0171 abban a vonatkoz\u00e1sban is, hogy nem puszt\u00e1n elm\u00e9leti oktat\u00e1st ny\u00fajt, de n\u00e1lunk megtan\u00edtanak a r\u00e9g\u00e9szeti terepmunka, \u00e1sat\u00e1s stb. cs\u00ednj\u00e1ra-b\u00ednj\u00e1ra.<\/li>\n<li>Mert a tansz\u00e9k \u201eemberl\u00e9pt\u00e9k\u0171\u201d. Minden egyes hallgat\u00f3nkra elegend\u0151 id\u0151 jut, mindenki ismer mindenkit, nem mellesleg remek, \u00f6sszetart\u00f3 a k\u00f6z\u00f6ss\u00e9g, ahova j\u00f3 tartozni.<\/li>\n<li>Mert tansz\u00e9k\u00fcnk munkat\u00e1rsai az egyetemi oktat\u00e1s mellett sz\u00e1mos kutat\u00e1si programban vesznek r\u00e9szt, melybe a hallgat\u00f3ink is akt\u00edvan bekapcsol\u00f3dnak.<\/li>\n<li>Mert tansz\u00e9k\u00fcnk munkat\u00e1rsainak koordin\u00e1ci\u00f3j\u00e1val akt\u00edvan becsatlakozhatsz konferenci\u00e1k, tudom\u00e1nyos n\u00e9pszer\u0171s\u00edt\u0151 programok szervez\u00e9s\u00e9be, ki\u00e1ll\u00edt\u00e1sok rendez\u00e9s\u00e9be.<\/li>\n<li>Mert publik\u00e1l\u00e1si lehet\u00e9s\u00e9get biztos\u00edtunk sz\u00e1modra tansz\u00e9k\u00fcnk foly\u00f3irat\u00e1ban, az Acta Iuvenumban.<\/li>\n<li>Mert hallgat\u00f3ink az ut\u00f3bbi \u00e9vekben sorra nyerik az egyetemek k\u00f6z\u00f6tti tanulm\u00e1nyi versenyeket, megel\u0151zve a pesti, p\u00e9csi \u00e9s miskolci tansz\u00e9keket.<\/li>\n<li>Mert n\u00e1lunk lehet\u0151s\u00e9g van a tov\u00e1bbl\u00e9p\u00e9sre. A szegedi egyetem r\u00e9g\u00e9szeti k\u00e9pz\u00e9se h\u00e1romszint\u0171 oktat\u00e1si strukt\u00far\u00e1val rendelkezik, vagyis BA (Bachelor), MA (Master) \u00e9s doktori k\u00e9pz\u00e9st (PhD) is biztos\u00edt hallgat\u00f3inak.<\/li>\n<li>Mert tansz\u00e9k\u00fcnk \u201ePartiscon\u201d di\u00e1kk\u00f6re eg\u00e9sz \u00e9vben gondoskodik arr\u00f3l, hogy a tanul\u00e1s mellett ne legyen id\u0151t\u00f6k unatkozni (els\u0151s\u00f6k bemutatkoz\u00f3 estje, Mikul\u00e1s buli, farsang, f\u0151z\u0151verseny, kir\u00e1ndul\u00e1s).<\/li>\n<\/ul>\n<p><strong>Hol tudsz majd elhelyezkedni a v\u00e9gz\u00e9s ut\u00e1n?<\/strong><\/p>\n<p>A r\u00e9g\u00e9szet MA k\u00e9pz\u00e9s 4 f\u00e9l\u00e9ves nappali szak, mely MA (Master) szint\u0171 diplom\u00e1t ny\u00fajt. A n\u00e1lunk v\u00e9gzettek d\u00f6nt\u0151 t\u00f6bbs\u00e9ge r\u00f6vid id\u0151n bel\u00fcl munk\u00e1t tal\u00e1l a szakm\u00e1ban: m\u00fazeumokban, kutat\u00f3int\u00e9zetekben, de egyre t\u00f6bben a versenyszf\u00e9r\u00e1ban m\u0171k\u00f6d\u0151 r\u00e9g\u00e9szeti v\u00e1llalkoz\u00e1sokban is.<\/p>\n<p><a href=\"http:\/\/regeszet.bibl.u-szeged.hu\/wp-content\/uploads\/2017\/11\/SAM_1427-e1610694202711.jpg\"><img loading=\"lazy\" decoding=\"async\" class=\"wp-image-1269 size-full aligncenter\" src=\"http:\/\/regeszet.bibl.u-szeged.hu\/wp-content\/uploads\/2017\/11\/SAM_1427-e1610694202711.jpg\" alt=\"\" width=\"645\" height=\"369\" \/><\/a><\/p>\n<p style=\"text-align: left;\"><strong>Mi a r\u00e9g\u00e9szet? Mit csin\u00e1lnak a r\u00e9g\u00e9szek?<\/strong><\/p>\n<p style=\"text-align: left;\"><iframe loading=\"lazy\" title=\"SZTE BTK R\u00e9g\u00e9szeti Tansz\u00e9k\" width=\"604\" height=\"340\" src=\"https:\/\/www.youtube.com\/embed\/4qZqVnvkHzA?feature=oembed\" frameborder=\"0\" allow=\"accelerometer; autoplay; clipboard-write; encrypted-media; gyroscope; picture-in-picture; web-share\" referrerpolicy=\"strict-origin-when-cross-origin\" allowfullscreen><\/iframe><\/p>\n<p><iframe loading=\"lazy\" title=\"SZTEtv - Kukkants be! - R\u00e9g\u00e9szet\" width=\"604\" height=\"340\" src=\"https:\/\/www.youtube.com\/embed\/bp3m4BTVH0s?feature=oembed\" frameborder=\"0\" allow=\"accelerometer; autoplay; clipboard-write; encrypted-media; gyroscope; picture-in-picture; web-share\" referrerpolicy=\"strict-origin-when-cross-origin\" allowfullscreen><\/iframe><\/p>\n<p><iframe loading=\"lazy\" title=\"N\u00e9prajz szak \u00e9s r\u00e9g\u00e9szet szak | \u00c9s m\u00e9g ez is lehetek... - 4. r\u00e9sz | SZTE BTK\" width=\"604\" height=\"340\" src=\"https:\/\/www.youtube.com\/embed\/ZLXu2jvT960?list=PLKNLJ0resJtJ7bkf9Y1976f9BmZVSgI_1\" frameborder=\"0\" allow=\"accelerometer; autoplay; clipboard-write; encrypted-media; gyroscope; picture-in-picture; web-share\" referrerpolicy=\"strict-origin-when-cross-origin\" allowfullscreen><\/iframe><\/p>\n<p>&nbsp;<\/p>\n<p><strong>Pillanatk\u00e9pek a r\u00e9g\u00e9szhallgat\u00f3k mindennapjaib\u00f3l<\/strong><\/p>\n<div class=\"rgg-container\" data-rgg-id=\"1\">    <div class=\"rgg-imagegrid captions-title captions-effect-none \" data-rgg-id=\"1\">\n                    <a href=\"https:\/\/regeszet.bibl.u-szeged.hu\/wp-content\/uploads\/2024\/07\/01-1024x683.jpg\" data-rel=\"rgg\" rel=\"rgg\" title=\"\" class=\"rgg-disabled size-medium rgg-img\" data-src=\"https:\/\/regeszet.bibl.u-szeged.hu\/wp-content\/uploads\/2024\/07\/01-300x200.jpg\" data-ratio=\"1.5\" data-height=\"200\" data-width=\"300\" aria-label=\"\">\n                            <\/a>\n                    <a href=\"https:\/\/regeszet.bibl.u-szeged.hu\/wp-content\/uploads\/2024\/07\/02.jpg\" data-rel=\"rgg\" rel=\"rgg\" title=\"\" class=\"rgg-disabled size-medium rgg-img\" data-src=\"https:\/\/regeszet.bibl.u-szeged.hu\/wp-content\/uploads\/2024\/07\/02-300x199.jpg\" data-ratio=\"1.5075376884422\" data-height=\"199\" data-width=\"300\" aria-label=\"\">\n                            <\/a>\n                    <a href=\"https:\/\/regeszet.bibl.u-szeged.hu\/wp-content\/uploads\/2024\/07\/03-1024x768.jpg\" data-rel=\"rgg\" rel=\"rgg\" title=\"\" class=\"rgg-disabled size-medium rgg-img\" data-src=\"https:\/\/regeszet.bibl.u-szeged.hu\/wp-content\/uploads\/2024\/07\/03-300x225.jpg\" data-ratio=\"1.3333333333333\" data-height=\"225\" data-width=\"300\" aria-label=\"\">\n                            <\/a>\n                    <a href=\"https:\/\/regeszet.bibl.u-szeged.hu\/wp-content\/uploads\/2024\/07\/04.jpg\" data-rel=\"rgg\" rel=\"rgg\" title=\"\" class=\"rgg-disabled size-medium rgg-img\" data-src=\"https:\/\/regeszet.bibl.u-szeged.hu\/wp-content\/uploads\/2024\/07\/04-300x200.jpg\" data-ratio=\"1.5\" data-height=\"200\" data-width=\"300\" aria-label=\"\">\n                            <\/a>\n                    <a href=\"https:\/\/regeszet.bibl.u-szeged.hu\/wp-content\/uploads\/2024\/07\/05-768x1024.jpg\" data-rel=\"rgg\" rel=\"rgg\" title=\"\" class=\"rgg-disabled size-medium rgg-img\" data-src=\"https:\/\/regeszet.bibl.u-szeged.hu\/wp-content\/uploads\/2024\/07\/05-225x300.jpg\" data-ratio=\"0.75\" data-height=\"300\" data-width=\"225\" aria-label=\"\">\n                            <\/a>\n                    <a href=\"https:\/\/regeszet.bibl.u-szeged.hu\/wp-content\/uploads\/2024\/07\/09.jpg\" data-rel=\"rgg\" rel=\"rgg\" title=\"\" class=\"rgg-disabled size-medium rgg-img\" data-src=\"https:\/\/regeszet.bibl.u-szeged.hu\/wp-content\/uploads\/2024\/07\/09-300x199.jpg\" data-ratio=\"1.5075376884422\" data-height=\"199\" data-width=\"300\" aria-label=\"\">\n                            <\/a>\n                    <a href=\"https:\/\/regeszet.bibl.u-szeged.hu\/wp-content\/uploads\/2024\/07\/07-rotated-e1720164861566.jpg\" data-rel=\"rgg\" rel=\"rgg\" title=\"\" class=\"rgg-disabled size-medium rgg-img\" data-src=\"https:\/\/regeszet.bibl.u-szeged.hu\/wp-content\/uploads\/2024\/07\/07-rotated-e1720164861566-225x300.jpg\" data-ratio=\"0.75\" data-height=\"300\" data-width=\"225\" aria-label=\"\">\n                            <\/a>\n                    <a href=\"https:\/\/regeszet.bibl.u-szeged.hu\/wp-content\/uploads\/2024\/07\/08-rotated-e1720164831318.jpg\" data-rel=\"rgg\" rel=\"rgg\" title=\"\" class=\"rgg-disabled size-medium rgg-img\" data-src=\"https:\/\/regeszet.bibl.u-szeged.hu\/wp-content\/uploads\/2024\/07\/08-rotated-e1720164831318-225x300.jpg\" data-ratio=\"0.75\" data-height=\"300\" data-width=\"225\" aria-label=\"\">\n                            <\/a>\n                    <a href=\"https:\/\/regeszet.bibl.u-szeged.hu\/wp-content\/uploads\/2024\/07\/06-rotated-e1720164870406.jpg\" data-rel=\"rgg\" rel=\"rgg\" title=\"\" class=\"rgg-disabled size-medium rgg-img\" data-src=\"https:\/\/regeszet.bibl.u-szeged.hu\/wp-content\/uploads\/2024\/07\/06-rotated-e1720164870406-300x225.jpg\" data-ratio=\"1.3333333333333\" data-height=\"225\" data-width=\"300\" aria-label=\"\">\n                            <\/a>\n                    <a href=\"https:\/\/regeszet.bibl.u-szeged.hu\/wp-content\/uploads\/2024\/07\/10.jpg\" data-rel=\"rgg\" rel=\"rgg\" title=\"\" class=\"rgg-disabled size-medium rgg-img\" data-src=\"https:\/\/regeszet.bibl.u-szeged.hu\/wp-content\/uploads\/2024\/07\/10-300x200.jpg\" data-ratio=\"1.5\" data-height=\"200\" data-width=\"300\" aria-label=\"\">\n                            <\/a>\n            <\/div>\n<\/div>\n","protected":false},"excerpt":{"rendered":"<p>A r\u00e9g\u00e9szet mesterk\u00e9pz\u00e9s c\u00e9lja: olyan szakemberek k\u00e9pz\u00e9se, akiknek kisujj\u00e1ba ker\u00fcl a mesters\u00e9g. A v\u00e9gzett hallgat\u00f3ink alkalmasak r\u00e9g\u00e9szeti forr\u00e1sok \u00e9s lel\u0151helyek felkutat\u00e1s\u00e1ra, felt\u00e1r\u00e1s\u00e1ra \u00e9s feldolgoz\u00e1s\u00e1ra, valamint ilyen jelleg\u0171 m\u00fazeumi gy\u0171jtem\u00e9nyek kezel\u00e9s\u00e9re. A r\u00e9g\u00e9szeti eml\u00e9kanyag mellett ismerik a kultur\u00e1lis \u00f6r\u00f6ks\u00e9g m\u00e1s ter\u00fcleteit is, \u00e9s felk\u00e9sz\u00fcltek arra, hogy ezen \u00f6r\u00f6ks\u00e9ggel kapcsolatos alapfeladatokat ell\u00e1ssanak minden olyan int\u00e9zm\u00e9nyben, amelynek c\u00e9lja &hellip; <a href=\"https:\/\/regeszet.bibl.u-szeged.hu\/index.php\/oktatas\/felvetelizoknek\/ma-kepzes\/\" class=\"more-link\"><span class=\"screen-reader-text\">MA k\u00e9pz\u00e9s<\/span> b\u0151vebben&#8230; <span class=\"meta-nav\">&rarr;<\/span><\/a><\/p>\n","protected":false},"author":1,"featured_media":0,"parent":111,"menu_order":0,"comment_status":"closed","ping_status":"closed","template":"","meta":{"footnotes":""},"class_list":["post-3772","page","type-page","status-publish","hentry"],"_links":{"self":[{"href":"https:\/\/regeszet.bibl.u-szeged.hu\/index.php\/wp-json\/wp\/v2\/pages\/3772","targetHints":{"allow":["GET"]}}],"collection":[{"href":"https:\/\/regeszet.bibl.u-szeged.hu\/index.php\/wp-json\/wp\/v2\/pages"}],"about":[{"href":"https:\/\/regeszet.bibl.u-szeged.hu\/index.php\/wp-json\/wp\/v2\/types\/page"}],"author":[{"embeddable":true,"href":"https:\/\/regeszet.bibl.u-szeged.hu\/index.php\/wp-json\/wp\/v2\/users\/1"}],"replies":[{"embeddable":true,"href":"https:\/\/regeszet.bibl.u-szeged.hu\/index.php\/wp-json\/wp\/v2\/comments?post=3772"}],"version-history":[{"count":13,"href":"https:\/\/regeszet.bibl.u-szeged.hu\/index.php\/wp-json\/wp\/v2\/pages\/3772\/revisions"}],"predecessor-version":[{"id":6599,"href":"https:\/\/regeszet.bibl.u-szeged.hu\/index.php\/wp-json\/wp\/v2\/pages\/3772\/revisions\/6599"}],"up":[{"embeddable":true,"href":"https:\/\/regeszet.bibl.u-szeged.hu\/index.php\/wp-json\/wp\/v2\/pages\/111"}],"wp:attachment":[{"href":"https:\/\/regeszet.bibl.u-szeged.hu\/index.php\/wp-json\/wp\/v2\/media?parent=3772"}],"curies":[{"name":"wp","href":"https:\/\/api.w.org\/{rel}","templated":true}]}}