{"id":3818,"date":"2021-03-11T13:40:11","date_gmt":"2021-03-11T12:40:11","guid":{"rendered":"https:\/\/regeszet.bibl.u-szeged.hu\/?page_id=3818"},"modified":"2021-03-11T13:52:36","modified_gmt":"2021-03-11T12:52:36","slug":"borsodi-martin","status":"publish","type":"page","link":"https:\/\/regeszet.bibl.u-szeged.hu\/index.php\/munkatarsak\/phd-hallgatoink\/borsodi-martin\/","title":{"rendered":"Bors\u00f3di Martin"},"content":{"rendered":"<p><strong><a href=\"http:\/\/regeszet.bibl.u-szeged.hu\/wp-content\/uploads\/2021\/03\/Borsodi-Martin.jpg\"><img loading=\"lazy\" decoding=\"async\" class=\"alignright wp-image-3823\" src=\"http:\/\/regeszet.bibl.u-szeged.hu\/wp-content\/uploads\/2021\/03\/Borsodi-Martin-281x300.jpg\" alt=\"\" width=\"300\" height=\"321\" srcset=\"https:\/\/regeszet.bibl.u-szeged.hu\/wp-content\/uploads\/2021\/03\/Borsodi-Martin-281x300.jpg 281w, https:\/\/regeszet.bibl.u-szeged.hu\/wp-content\/uploads\/2021\/03\/Borsodi-Martin.jpg 468w\" sizes=\"auto, (max-width: 300px) 100vw, 300px\" \/><\/a>Doktori iskola, doktori program:<\/strong> SZTE BTK, T\u00f6rt\u00e9nelemtudom\u00e1nyi Doktori Iskola, Medievisztika-R\u00e9g\u00e9szet Doktori Program<\/p>\n<p><strong>V\u00e9gzetts\u00e9g:<\/strong> r\u00e9g\u00e9sz<\/p>\n<p><strong>Munkahely<\/strong>: &#8211;<\/p>\n<p><strong>Kutat\u00e1si ter\u00fclet:<\/strong> szarmata kor<\/p>\n<p><strong>E-mail:<\/strong> borsodi.martin@outlook.com<\/p>\n<p><strong>Linkek:<br \/>\n<\/strong><a href=\"http:\/\/regeszet.bibl.u-szeged.hu\/wp-content\/uploads\/2021\/03\/Borsodi-Martin_szakmai-eletrajz_2021.pdf\" target=\"_blank\" rel=\"noopener\">Szakmai \u00f6n\u00e9letrajz<\/a><br \/>\n<a href=\"https:\/\/m2.mtmt.hu\/gui2\/?type=authors&amp;mode=browse&amp;sel=10073274\" target=\"_blank\" rel=\"noopener\">Publik\u00e1ci\u00f3k<\/a><br \/>\n<a href=\"https:\/\/u-szeged.academia.edu\/MartinBors\u00f3di\" target=\"_blank\" rel=\"noopener\">Academia.edu profil<\/a><\/p>\n","protected":false},"excerpt":{"rendered":"<p>Doktori iskola, doktori program: SZTE BTK, T\u00f6rt\u00e9nelemtudom\u00e1nyi Doktori Iskola, Medievisztika-R\u00e9g\u00e9szet Doktori Program V\u00e9gzetts\u00e9g: r\u00e9g\u00e9sz Munkahely: &#8211; Kutat\u00e1si ter\u00fclet: szarmata kor E-mail: borsodi.martin@outlook.com Linkek: Szakmai \u00f6n\u00e9letrajz Publik\u00e1ci\u00f3k Academia.edu profil<\/p>\n","protected":false},"author":1,"featured_media":0,"parent":106,"menu_order":0,"comment_status":"closed","ping_status":"closed","template":"","meta":{"footnotes":""},"class_list":["post-3818","page","type-page","status-publish","hentry"],"_links":{"self":[{"href":"https:\/\/regeszet.bibl.u-szeged.hu\/index.php\/wp-json\/wp\/v2\/pages\/3818","targetHints":{"allow":["GET"]}}],"collection":[{"href":"https:\/\/regeszet.bibl.u-szeged.hu\/index.php\/wp-json\/wp\/v2\/pages"}],"about":[{"href":"https:\/\/regeszet.bibl.u-szeged.hu\/index.php\/wp-json\/wp\/v2\/types\/page"}],"author":[{"embeddable":true,"href":"https:\/\/regeszet.bibl.u-szeged.hu\/index.php\/wp-json\/wp\/v2\/users\/1"}],"replies":[{"embeddable":true,"href":"https:\/\/regeszet.bibl.u-szeged.hu\/index.php\/wp-json\/wp\/v2\/comments?post=3818"}],"version-history":[{"count":4,"href":"https:\/\/regeszet.bibl.u-szeged.hu\/index.php\/wp-json\/wp\/v2\/pages\/3818\/revisions"}],"predecessor-version":[{"id":3833,"href":"https:\/\/regeszet.bibl.u-szeged.hu\/index.php\/wp-json\/wp\/v2\/pages\/3818\/revisions\/3833"}],"up":[{"embeddable":true,"href":"https:\/\/regeszet.bibl.u-szeged.hu\/index.php\/wp-json\/wp\/v2\/pages\/106"}],"wp:attachment":[{"href":"https:\/\/regeszet.bibl.u-szeged.hu\/index.php\/wp-json\/wp\/v2\/media?parent=3818"}],"curies":[{"name":"wp","href":"https:\/\/api.w.org\/{rel}","templated":true}]}}