{"id":3840,"date":"2021-03-16T12:24:25","date_gmt":"2021-03-16T11:24:25","guid":{"rendered":"https:\/\/regeszet.bibl.u-szeged.hu\/?page_id=3840"},"modified":"2021-03-16T12:28:50","modified_gmt":"2021-03-16T11:28:50","slug":"varga-mate","status":"publish","type":"page","link":"https:\/\/regeszet.bibl.u-szeged.hu\/index.php\/munkatarsak\/phd-hallgatoink\/varga-mate\/","title":{"rendered":"Varga M\u00e1t\u00e9"},"content":{"rendered":"<p><strong><a href=\"http:\/\/regeszet.bibl.u-szeged.hu\/wp-content\/uploads\/2021\/03\/Varga-Mate-1.jpg\"><img loading=\"lazy\" decoding=\"async\" class=\"alignright wp-image-3844\" src=\"http:\/\/regeszet.bibl.u-szeged.hu\/wp-content\/uploads\/2021\/03\/Varga-Mate-1-257x300.jpg\" alt=\"\" width=\"300\" height=\"351\" srcset=\"https:\/\/regeszet.bibl.u-szeged.hu\/wp-content\/uploads\/2021\/03\/Varga-Mate-1-257x300.jpg 257w, https:\/\/regeszet.bibl.u-szeged.hu\/wp-content\/uploads\/2021\/03\/Varga-Mate-1-876x1024.jpg 876w, https:\/\/regeszet.bibl.u-szeged.hu\/wp-content\/uploads\/2021\/03\/Varga-Mate-1-768x898.jpg 768w, https:\/\/regeszet.bibl.u-szeged.hu\/wp-content\/uploads\/2021\/03\/Varga-Mate-1.jpg 1109w\" sizes=\"auto, (max-width: 300px) 100vw, 300px\" \/><\/a>Doktori iskola, doktori program:<\/strong> SZTE BTK, T\u00f6rt\u00e9nelemtudom\u00e1nyi Doktori Iskola, Medievisztika Program, R\u00e9g\u00e9szet szakir\u00e1ny<\/p>\n<p><strong>V\u00e9gzetts\u00e9g:<\/strong> r\u00e9g\u00e9sz<\/p>\n<p><strong>Munkahely<\/strong>: Szegedi Tudom\u00e1nyegyetem; Rippl-R\u00f3nai M\u00fazeum, Kaposv\u00e1r<\/p>\n<p><strong>Kutat\u00e1si ter\u00fclet:<\/strong> Somogy megye 10-11. sz\u00e1zadi r\u00e9g\u00e9szeti leletei<\/p>\n<p><strong>E-mail:<\/strong> vargamate12@gmail.com<\/p>\n<p><strong>Linkek:<br \/>\n<\/strong><a href=\"http:\/\/regeszet.bibl.u-szeged.hu\/wp-content\/uploads\/2021\/03\/Varga-Mate_szakmai-eletrajz_2021.pdf\" target=\"_blank\" rel=\"noopener\">Szakmai \u00f6n\u00e9letrajz<\/a><br \/>\n<a href=\"https:\/\/m2.mtmt.hu\/gui2\/?type=authors&amp;mode=browse&amp;sel=10044918\" target=\"_blank\" rel=\"noopener\">Publik\u00e1ci\u00f3k<\/a><br \/>\n<a href=\"https:\/\/u-szeged.academia.edu\/M%C3%A1t%C3%A9Varga\" target=\"_blank\" rel=\"noopener\">Academia.edu profil<\/a><\/p>\n","protected":false},"excerpt":{"rendered":"<p>Doktori iskola, doktori program: SZTE BTK, T\u00f6rt\u00e9nelemtudom\u00e1nyi Doktori Iskola, Medievisztika Program, R\u00e9g\u00e9szet szakir\u00e1ny V\u00e9gzetts\u00e9g: r\u00e9g\u00e9sz Munkahely: Szegedi Tudom\u00e1nyegyetem; Rippl-R\u00f3nai M\u00fazeum, Kaposv\u00e1r Kutat\u00e1si ter\u00fclet: Somogy megye 10-11. sz\u00e1zadi r\u00e9g\u00e9szeti leletei E-mail: vargamate12@gmail.com Linkek: Szakmai \u00f6n\u00e9letrajz Publik\u00e1ci\u00f3k Academia.edu profil<\/p>\n","protected":false},"author":1,"featured_media":0,"parent":106,"menu_order":0,"comment_status":"closed","ping_status":"closed","template":"","meta":{"footnotes":""},"class_list":["post-3840","page","type-page","status-publish","hentry"],"_links":{"self":[{"href":"https:\/\/regeszet.bibl.u-szeged.hu\/index.php\/wp-json\/wp\/v2\/pages\/3840","targetHints":{"allow":["GET"]}}],"collection":[{"href":"https:\/\/regeszet.bibl.u-szeged.hu\/index.php\/wp-json\/wp\/v2\/pages"}],"about":[{"href":"https:\/\/regeszet.bibl.u-szeged.hu\/index.php\/wp-json\/wp\/v2\/types\/page"}],"author":[{"embeddable":true,"href":"https:\/\/regeszet.bibl.u-szeged.hu\/index.php\/wp-json\/wp\/v2\/users\/1"}],"replies":[{"embeddable":true,"href":"https:\/\/regeszet.bibl.u-szeged.hu\/index.php\/wp-json\/wp\/v2\/comments?post=3840"}],"version-history":[{"count":4,"href":"https:\/\/regeszet.bibl.u-szeged.hu\/index.php\/wp-json\/wp\/v2\/pages\/3840\/revisions"}],"predecessor-version":[{"id":3848,"href":"https:\/\/regeszet.bibl.u-szeged.hu\/index.php\/wp-json\/wp\/v2\/pages\/3840\/revisions\/3848"}],"up":[{"embeddable":true,"href":"https:\/\/regeszet.bibl.u-szeged.hu\/index.php\/wp-json\/wp\/v2\/pages\/106"}],"wp:attachment":[{"href":"https:\/\/regeszet.bibl.u-szeged.hu\/index.php\/wp-json\/wp\/v2\/media?parent=3840"}],"curies":[{"name":"wp","href":"https:\/\/api.w.org\/{rel}","templated":true}]}}