{"id":3860,"date":"2021-03-17T08:58:34","date_gmt":"2021-03-17T07:58:34","guid":{"rendered":"https:\/\/regeszet.bibl.u-szeged.hu\/?page_id=3860"},"modified":"2021-03-17T09:03:29","modified_gmt":"2021-03-17T08:03:29","slug":"botyanszki-anna","status":"publish","type":"page","link":"https:\/\/regeszet.bibl.u-szeged.hu\/index.php\/munkatarsak\/phd-hallgatoink\/botyanszki-anna\/","title":{"rendered":"Boty\u00e1nszki Anna"},"content":{"rendered":"<p><strong><a href=\"http:\/\/regeszet.bibl.u-szeged.hu\/wp-content\/uploads\/2021\/03\/Botyanszki-Anna.jpg\"><img loading=\"lazy\" decoding=\"async\" class=\"alignright wp-image-3862\" src=\"http:\/\/regeszet.bibl.u-szeged.hu\/wp-content\/uploads\/2021\/03\/Botyanszki-Anna-207x300.jpg\" alt=\"\" width=\"300\" height=\"435\" srcset=\"https:\/\/regeszet.bibl.u-szeged.hu\/wp-content\/uploads\/2021\/03\/Botyanszki-Anna-207x300.jpg 207w, https:\/\/regeszet.bibl.u-szeged.hu\/wp-content\/uploads\/2021\/03\/Botyanszki-Anna-707x1024.jpg 707w, https:\/\/regeszet.bibl.u-szeged.hu\/wp-content\/uploads\/2021\/03\/Botyanszki-Anna-768x1113.jpg 768w, https:\/\/regeszet.bibl.u-szeged.hu\/wp-content\/uploads\/2021\/03\/Botyanszki-Anna-1060x1536.jpg 1060w, https:\/\/regeszet.bibl.u-szeged.hu\/wp-content\/uploads\/2021\/03\/Botyanszki-Anna.jpg 1080w\" sizes=\"auto, (max-width: 300px) 100vw, 300px\" \/><\/a>Doktori iskola, doktori program:<\/strong> SZTE BTK, T\u00f6rt\u00e9nelemtudom\u00e1nyi Doktori Iskola, Medievisztika-R\u00e9g\u00e9szet Doktori Program<\/p>\n<p><strong>V\u00e9gzetts\u00e9g:<\/strong> r\u00e9g\u00e9sz<\/p>\n<p><strong>Munkahely<\/strong>: B\u00e9k\u00e9s Megyei Korm\u00e1nyhivatal \u00c9p\u00edt\u00e9s\u00fcgyi \u00e9s \u00d6r\u00f6ks\u00e9gv\u00e9delmi F\u0151oszt\u00e1ly \u00d6r\u00f6ks\u00e9gv\u00e9delmi Oszt\u00e1ly<\/p>\n<p><strong>Kutat\u00e1si ter\u00fclet:<\/strong> A K\u00e1rp\u00e1t-medence k\u00f6z\u00e9ps\u0151 vaskora, a magyarorsz\u00e1gi szk\u00edta temet\u0151k vizsg\u00e1lata<\/p>\n<p><strong>E-mail:<\/strong> botyanna01@gmail.com<\/p>\n<p><strong>Linkek:<br \/>\n<\/strong><a href=\"http:\/\/regeszet.bibl.u-szeged.hu\/wp-content\/uploads\/2021\/03\/Botyanszki-Anna_szakmai-eletrajz_2021.pdf\" target=\"_blank\" rel=\"noopener\">Szakmai \u00f6n\u00e9letrajz<\/a><\/p>\n","protected":false},"excerpt":{"rendered":"<p>Doktori iskola, doktori program: SZTE BTK, T\u00f6rt\u00e9nelemtudom\u00e1nyi Doktori Iskola, Medievisztika-R\u00e9g\u00e9szet Doktori Program V\u00e9gzetts\u00e9g: r\u00e9g\u00e9sz Munkahely: B\u00e9k\u00e9s Megyei Korm\u00e1nyhivatal \u00c9p\u00edt\u00e9s\u00fcgyi \u00e9s \u00d6r\u00f6ks\u00e9gv\u00e9delmi F\u0151oszt\u00e1ly \u00d6r\u00f6ks\u00e9gv\u00e9delmi Oszt\u00e1ly Kutat\u00e1si ter\u00fclet: A K\u00e1rp\u00e1t-medence k\u00f6z\u00e9ps\u0151 vaskora, a magyarorsz\u00e1gi szk\u00edta temet\u0151k vizsg\u00e1lata E-mail: botyanna01@gmail.com Linkek: Szakmai \u00f6n\u00e9letrajz<\/p>\n","protected":false},"author":1,"featured_media":0,"parent":106,"menu_order":0,"comment_status":"closed","ping_status":"closed","template":"","meta":{"footnotes":""},"class_list":["post-3860","page","type-page","status-publish","hentry"],"_links":{"self":[{"href":"https:\/\/regeszet.bibl.u-szeged.hu\/index.php\/wp-json\/wp\/v2\/pages\/3860","targetHints":{"allow":["GET"]}}],"collection":[{"href":"https:\/\/regeszet.bibl.u-szeged.hu\/index.php\/wp-json\/wp\/v2\/pages"}],"about":[{"href":"https:\/\/regeszet.bibl.u-szeged.hu\/index.php\/wp-json\/wp\/v2\/types\/page"}],"author":[{"embeddable":true,"href":"https:\/\/regeszet.bibl.u-szeged.hu\/index.php\/wp-json\/wp\/v2\/users\/1"}],"replies":[{"embeddable":true,"href":"https:\/\/regeszet.bibl.u-szeged.hu\/index.php\/wp-json\/wp\/v2\/comments?post=3860"}],"version-history":[{"count":2,"href":"https:\/\/regeszet.bibl.u-szeged.hu\/index.php\/wp-json\/wp\/v2\/pages\/3860\/revisions"}],"predecessor-version":[{"id":3866,"href":"https:\/\/regeszet.bibl.u-szeged.hu\/index.php\/wp-json\/wp\/v2\/pages\/3860\/revisions\/3866"}],"up":[{"embeddable":true,"href":"https:\/\/regeszet.bibl.u-szeged.hu\/index.php\/wp-json\/wp\/v2\/pages\/106"}],"wp:attachment":[{"href":"https:\/\/regeszet.bibl.u-szeged.hu\/index.php\/wp-json\/wp\/v2\/media?parent=3860"}],"curies":[{"name":"wp","href":"https:\/\/api.w.org\/{rel}","templated":true}]}}