{"id":3865,"date":"2021-03-17T09:09:17","date_gmt":"2021-03-17T08:09:17","guid":{"rendered":"https:\/\/regeszet.bibl.u-szeged.hu\/?page_id=3865"},"modified":"2021-03-17T09:09:17","modified_gmt":"2021-03-17T08:09:17","slug":"walter-dorottya","status":"publish","type":"page","link":"https:\/\/regeszet.bibl.u-szeged.hu\/index.php\/munkatarsak\/phd-hallgatoink\/walter-dorottya\/","title":{"rendered":"Walter Dorottya"},"content":{"rendered":"<p><strong><a href=\"http:\/\/regeszet.bibl.u-szeged.hu\/wp-content\/uploads\/2021\/03\/Walter-Dorottya-1.jpg\"><img loading=\"lazy\" decoding=\"async\" class=\"alignright wp-image-3869\" src=\"http:\/\/regeszet.bibl.u-szeged.hu\/wp-content\/uploads\/2021\/03\/Walter-Dorottya-1-271x300.jpg\" alt=\"\" width=\"300\" height=\"332\" srcset=\"https:\/\/regeszet.bibl.u-szeged.hu\/wp-content\/uploads\/2021\/03\/Walter-Dorottya-1-271x300.jpg 271w, https:\/\/regeszet.bibl.u-szeged.hu\/wp-content\/uploads\/2021\/03\/Walter-Dorottya-1.jpg 376w\" sizes=\"auto, (max-width: 300px) 100vw, 300px\" \/><\/a>Doktori iskola, doktori program:<\/strong> SZTE BTK, T\u00f6rt\u00e9nelemtudom\u00e1nyi Doktori Iskola, Medievisztika-R\u00e9g\u00e9szet Doktori Program<\/p>\n<p><strong>V\u00e9gzetts\u00e9g:<\/strong> r\u00e9g\u00e9sz<\/p>\n<p><strong>Munkahely<\/strong>: &#8211;<\/p>\n<p><strong>Kutat\u00e1si ter\u00fclet:<\/strong> Az Alf\u00f6ld k\u00e9s\u0151 cs\u00e1sz\u00e1rkor\u00e1nak t\u00f6rt\u00e9nete \u00e9s r\u00e9g\u00e9szete, a k\u00e9s\u0151 szarmata kori telepek \u00e9s temet\u0151k kutat\u00e1sa<\/p>\n<p><strong>E-mail:<\/strong> walterdorottya6@gmail.com<\/p>\n<p><strong>Linkek:<br \/>\n<\/strong><a href=\"http:\/\/regeszet.bibl.u-szeged.hu\/wp-content\/uploads\/2021\/03\/Walter-Dorottya_szakmai-eletrajz_2021.pdf\" target=\"_blank\" rel=\"noopener\">Szakmai \u00f6n\u00e9letrajz<\/a><br \/>\n<a href=\"https:\/\/m2.mtmt.hu\/gui2\/?type=authors&amp;mode=browse&amp;sel=10067808\" target=\"_blank\" rel=\"noopener\">Publik\u00e1ci\u00f3k<\/a><br \/>\n<a href=\"https:\/\/u-szeged.academia.edu\/DorottyaWalter\" target=\"_blank\" rel=\"noopener\">Academia.edu profil<\/a><\/p>\n","protected":false},"excerpt":{"rendered":"<p>Doktori iskola, doktori program: SZTE BTK, T\u00f6rt\u00e9nelemtudom\u00e1nyi Doktori Iskola, Medievisztika-R\u00e9g\u00e9szet Doktori Program V\u00e9gzetts\u00e9g: r\u00e9g\u00e9sz Munkahely: &#8211; Kutat\u00e1si ter\u00fclet: Az Alf\u00f6ld k\u00e9s\u0151 cs\u00e1sz\u00e1rkor\u00e1nak t\u00f6rt\u00e9nete \u00e9s r\u00e9g\u00e9szete, a k\u00e9s\u0151 szarmata kori telepek \u00e9s temet\u0151k kutat\u00e1sa E-mail: walterdorottya6@gmail.com Linkek: Szakmai \u00f6n\u00e9letrajz Publik\u00e1ci\u00f3k Academia.edu profil<\/p>\n","protected":false},"author":1,"featured_media":0,"parent":106,"menu_order":0,"comment_status":"closed","ping_status":"closed","template":"","meta":{"footnotes":""},"class_list":["post-3865","page","type-page","status-publish","hentry"],"_links":{"self":[{"href":"https:\/\/regeszet.bibl.u-szeged.hu\/index.php\/wp-json\/wp\/v2\/pages\/3865","targetHints":{"allow":["GET"]}}],"collection":[{"href":"https:\/\/regeszet.bibl.u-szeged.hu\/index.php\/wp-json\/wp\/v2\/pages"}],"about":[{"href":"https:\/\/regeszet.bibl.u-szeged.hu\/index.php\/wp-json\/wp\/v2\/types\/page"}],"author":[{"embeddable":true,"href":"https:\/\/regeszet.bibl.u-szeged.hu\/index.php\/wp-json\/wp\/v2\/users\/1"}],"replies":[{"embeddable":true,"href":"https:\/\/regeszet.bibl.u-szeged.hu\/index.php\/wp-json\/wp\/v2\/comments?post=3865"}],"version-history":[{"count":1,"href":"https:\/\/regeszet.bibl.u-szeged.hu\/index.php\/wp-json\/wp\/v2\/pages\/3865\/revisions"}],"predecessor-version":[{"id":3870,"href":"https:\/\/regeszet.bibl.u-szeged.hu\/index.php\/wp-json\/wp\/v2\/pages\/3865\/revisions\/3870"}],"up":[{"embeddable":true,"href":"https:\/\/regeszet.bibl.u-szeged.hu\/index.php\/wp-json\/wp\/v2\/pages\/106"}],"wp:attachment":[{"href":"https:\/\/regeszet.bibl.u-szeged.hu\/index.php\/wp-json\/wp\/v2\/media?parent=3865"}],"curies":[{"name":"wp","href":"https:\/\/api.w.org\/{rel}","templated":true}]}}