{"id":3884,"date":"2021-04-06T13:09:16","date_gmt":"2021-04-06T11:09:16","guid":{"rendered":"https:\/\/regeszet.bibl.u-szeged.hu\/?page_id=3884"},"modified":"2021-04-06T13:09:16","modified_gmt":"2021-04-06T11:09:16","slug":"hrabak-zita","status":"publish","type":"page","link":"https:\/\/regeszet.bibl.u-szeged.hu\/index.php\/munkatarsak\/phd-hallgatoink\/hrabak-zita\/","title":{"rendered":"Hrab\u00e1k Zita"},"content":{"rendered":"<p><strong>Doktori iskola, doktori program:<\/strong> SZTE BTK, T\u00f6rt\u00e9nelemtudom\u00e1nyi Doktori Iskola, Medievisztika-R\u00e9g\u00e9szet Doktori Program<\/p>\n<p><strong>V\u00e9gzetts\u00e9g:<\/strong> r\u00e9g\u00e9sz<\/p>\n<p><strong>Munkahely<\/strong>: V\u00e1rkapit\u00e1nys\u00e1g Integr\u00e1lt Ter\u00fcletfejleszt\u00e9si K\u00f6zpont Nonprofit Zrt., Budapest<\/p>\n<p><strong>Kutat\u00e1si ter\u00fclet:<\/strong> A K\u00e1rp\u00e1t-medence kora vaskora, Mez\u0151cs\u00e1t-kult\u00fara, ker\u00e1miam\u0171vess\u00e9g<\/p>\n<p><strong>E-mail:<\/strong> hrabak.zita@gmail.com<\/p>\n<p><strong>Linkek:<br \/>\n<\/strong><a href=\"http:\/\/regeszet.bibl.u-szeged.hu\/wp-content\/uploads\/2021\/04\/Hrabak-Zita_szakmai-eletrajz_2021.pdf\" target=\"_blank\" rel=\"noopener\">Szakmai \u00f6n\u00e9letrajz<\/a><\/p>\n","protected":false},"excerpt":{"rendered":"<p>Doktori iskola, doktori program: SZTE BTK, T\u00f6rt\u00e9nelemtudom\u00e1nyi Doktori Iskola, Medievisztika-R\u00e9g\u00e9szet Doktori Program V\u00e9gzetts\u00e9g: r\u00e9g\u00e9sz Munkahely: V\u00e1rkapit\u00e1nys\u00e1g Integr\u00e1lt Ter\u00fcletfejleszt\u00e9si K\u00f6zpont Nonprofit Zrt., Budapest Kutat\u00e1si ter\u00fclet: A K\u00e1rp\u00e1t-medence kora vaskora, Mez\u0151cs\u00e1t-kult\u00fara, ker\u00e1miam\u0171vess\u00e9g E-mail: hrabak.zita@gmail.com Linkek: Szakmai \u00f6n\u00e9letrajz<\/p>\n","protected":false},"author":1,"featured_media":0,"parent":106,"menu_order":0,"comment_status":"closed","ping_status":"closed","template":"","meta":{"footnotes":""},"class_list":["post-3884","page","type-page","status-publish","hentry"],"_links":{"self":[{"href":"https:\/\/regeszet.bibl.u-szeged.hu\/index.php\/wp-json\/wp\/v2\/pages\/3884","targetHints":{"allow":["GET"]}}],"collection":[{"href":"https:\/\/regeszet.bibl.u-szeged.hu\/index.php\/wp-json\/wp\/v2\/pages"}],"about":[{"href":"https:\/\/regeszet.bibl.u-szeged.hu\/index.php\/wp-json\/wp\/v2\/types\/page"}],"author":[{"embeddable":true,"href":"https:\/\/regeszet.bibl.u-szeged.hu\/index.php\/wp-json\/wp\/v2\/users\/1"}],"replies":[{"embeddable":true,"href":"https:\/\/regeszet.bibl.u-szeged.hu\/index.php\/wp-json\/wp\/v2\/comments?post=3884"}],"version-history":[{"count":1,"href":"https:\/\/regeszet.bibl.u-szeged.hu\/index.php\/wp-json\/wp\/v2\/pages\/3884\/revisions"}],"predecessor-version":[{"id":3886,"href":"https:\/\/regeszet.bibl.u-szeged.hu\/index.php\/wp-json\/wp\/v2\/pages\/3884\/revisions\/3886"}],"up":[{"embeddable":true,"href":"https:\/\/regeszet.bibl.u-szeged.hu\/index.php\/wp-json\/wp\/v2\/pages\/106"}],"wp:attachment":[{"href":"https:\/\/regeszet.bibl.u-szeged.hu\/index.php\/wp-json\/wp\/v2\/media?parent=3884"}],"curies":[{"name":"wp","href":"https:\/\/api.w.org\/{rel}","templated":true}]}}