{"id":40,"date":"2017-11-22T08:02:08","date_gmt":"2017-11-22T07:02:08","guid":{"rendered":"http:\/\/regeszet.bibl.u-szeged.hu\/?page_id=40"},"modified":"2017-11-23T15:15:55","modified_gmt":"2017-11-23T14:15:55","slug":"munkatarsak","status":"publish","type":"page","link":"https:\/\/regeszet.bibl.u-szeged.hu\/index.php\/munkatarsak\/","title":{"rendered":"Munkat\u00e1rsak"},"content":{"rendered":"<p>Tansz\u00e9k\u00fcnk jelenleg 9 f\u0151b\u0151l \u00e1ll, melyb\u0151l 6 f\u0151\u00e1ll\u00e1s\u00fa oktat\u00f3. Int\u00e9zm\u00e9ny\u00fcnkben a n\u00e9gy oktatott szakir\u00e1ny k\u00f6z\u00fcl az \u0151skor szakir\u00e1ny vezet\u0151je Kulcs\u00e1r Val\u00e9ria, a Barbaricum \u00e9s n\u00e9pv\u00e1ndorl\u00e1s kor szakir\u00e1ny vezet\u0151je B. T\u00f3th \u00c1gnes, a k\u00f6z\u00e9pkor \u00e9s az archaeometria szakir\u00e1ny vezet\u0151je Wolf M\u00e1ria.<\/p>\n","protected":false},"excerpt":{"rendered":"<p>Tansz\u00e9k\u00fcnk jelenleg 9 f\u0151b\u0151l \u00e1ll, melyb\u0151l 6 f\u0151\u00e1ll\u00e1s\u00fa oktat\u00f3. Int\u00e9zm\u00e9ny\u00fcnkben a n\u00e9gy oktatott szakir\u00e1ny k\u00f6z\u00fcl az \u0151skor szakir\u00e1ny vezet\u0151je Kulcs\u00e1r Val\u00e9ria, a Barbaricum \u00e9s n\u00e9pv\u00e1ndorl\u00e1s kor szakir\u00e1ny vezet\u0151je B. T\u00f3th \u00c1gnes, a k\u00f6z\u00e9pkor \u00e9s az archaeometria szakir\u00e1ny vezet\u0151je Wolf M\u00e1ria.<\/p>\n","protected":false},"author":1,"featured_media":0,"parent":0,"menu_order":3,"comment_status":"closed","ping_status":"closed","template":"","meta":{"footnotes":""},"class_list":["post-40","page","type-page","status-publish","hentry"],"_links":{"self":[{"href":"https:\/\/regeszet.bibl.u-szeged.hu\/index.php\/wp-json\/wp\/v2\/pages\/40","targetHints":{"allow":["GET"]}}],"collection":[{"href":"https:\/\/regeszet.bibl.u-szeged.hu\/index.php\/wp-json\/wp\/v2\/pages"}],"about":[{"href":"https:\/\/regeszet.bibl.u-szeged.hu\/index.php\/wp-json\/wp\/v2\/types\/page"}],"author":[{"embeddable":true,"href":"https:\/\/regeszet.bibl.u-szeged.hu\/index.php\/wp-json\/wp\/v2\/users\/1"}],"replies":[{"embeddable":true,"href":"https:\/\/regeszet.bibl.u-szeged.hu\/index.php\/wp-json\/wp\/v2\/comments?post=40"}],"version-history":[{"count":2,"href":"https:\/\/regeszet.bibl.u-szeged.hu\/index.php\/wp-json\/wp\/v2\/pages\/40\/revisions"}],"predecessor-version":[{"id":666,"href":"https:\/\/regeszet.bibl.u-szeged.hu\/index.php\/wp-json\/wp\/v2\/pages\/40\/revisions\/666"}],"wp:attachment":[{"href":"https:\/\/regeszet.bibl.u-szeged.hu\/index.php\/wp-json\/wp\/v2\/media?parent=40"}],"curies":[{"name":"wp","href":"https:\/\/api.w.org\/{rel}","templated":true}]}}