{"id":4071,"date":"2021-10-18T15:43:28","date_gmt":"2021-10-18T13:43:28","guid":{"rendered":"https:\/\/regeszet.bibl.u-szeged.hu\/?page_id=4071"},"modified":"2023-07-03T16:48:51","modified_gmt":"2023-07-03T14:48:51","slug":"valogatas-a-szegedi-egyetem-regeszeti-tanszekenek-leleteibol","status":"publish","type":"page","link":"https:\/\/regeszet.bibl.u-szeged.hu\/index.php\/kiadvanyaink\/valogatas-a-szegedi-egyetem-regeszeti-tanszekenek-leleteibol\/","title":{"rendered":"V\u00e1logat\u00e1s a tansz\u00e9ki gy\u0171jtem\u00e9nyb\u0151l"},"content":{"rendered":"<p><strong>\u201eAz\u00e9rt m\u00e9gis csin\u00e1lunk int\u00e9zetet is, gy\u0171jtem\u00e9nyt is\u2026\u201d V\u00e1logat\u00e1s a szegedi egyetem R\u00e9g\u00e9szeti Tansz\u00e9k\u00e9nek leleteib\u0151l<\/strong><\/p>\n<p>2020-ban megjelent a Szegedi Tudom\u00e1nyegyetem R\u00e9g\u00e9szeti Tansz\u00e9k\u00e9nek gy\u0171jtem\u00e9ny\u00e9t bemutat\u00f3 k\u00f6tet <em>\u201eAz\u00e9rt m\u00e9gis csin\u00e1lunk int\u00e9zetet is, gy\u0171jtem\u00e9nyt is\u2026\u201d V\u00e1logat\u00e1s a szegedi egyetem R\u00e9g\u00e9szeti Tansz\u00e9k\u00e9nek leleteib\u0151l<\/em>\u00a0c\u00edmmel. A kiadv\u00e1ny c\u00e9lja, hogy \u00e1tfog\u00f3 k\u00e9pet ny\u00fajtson tansz\u00e9k\u00fcnk r\u00e9g\u00e9szeti t\u00e1r\u00e1r\u00f3l. Egy-egy fejezet a gy\u0171jtem\u00e9ny jellegzetes leletanyag\u00e1ra \u00e9p\u00edtve mutatja be az egyes r\u00e9g\u00e9szeti korszakok saj\u00e1toss\u00e1gait a paleolitikumt\u00f3l a k\u00f6z\u00e9pkorig.<\/p>\n<p>A k\u00f6tet elk\u00e9sz\u00edt\u00e9s\u00e9ben tansz\u00e9k\u00fcnk munkat\u00e1rsai \u00e9s PhD-hallgat\u00f3i mellett akt\u00edvan \u00e9s sz\u00e9p sz\u00e1mmal vettek r\u00e9szt a hallgat\u00f3ink is: \u00c1d\u00e1m D\u00e1niel, \u00c1d\u00e1m M\u00e1rk, B\u00f3dai Eszter, Farkas Anna, F\u00fcl\u00f6p R\u00e9ka, Komka Robin, Koml\u00f3si Janka, Major R\u00e9ka, Majzik Vivien, M\u00e1rkus T\u00edmea, \u00d6kr\u00f6s Evelin, Pel\u0151cz Judit, Pill\u00e9r P\u00e9ter, Sajti Marianna, Szikszer B\u00e1lint, Varr\u00f3 Bal\u00e1zs<\/p>\n<p>Szerkesztette: Kulcs\u00e1r Val\u00e9ria &#8211; Pint\u00e9r-Nagy Katalin<br \/>\nT\u00e1rgyfot\u00f3k: Walter R\u00e9ka<br \/>\nL\u00e1tv\u00e1nyterv, t\u00f6rdel\u00e9s: Sz\u00e9plaki T\u00fcnde \u2013 Szil\u00e1gyi Gy\u00f6rgy<\/p>\n<p>A nagy \u00e9rdekl\u0151d\u00e9sre val\u00f3 tekintettel 2023-ban megjelent a k\u00f6tet m\u00e1sodik, jav\u00edtott kiad\u00e1sa, amely a D\u00e9l-alf\u00f6ldi R\u00e9g\u00e9szeti Egylet \u00e1ltal elnyert a \u201e<em>Hazai \u00e9s hat\u00e1ron t\u00fali, <\/em><em>tehets\u00e9ggondoz\u00f3 tev\u00e9kenys\u00e9get v\u00e9gz\u0151 szervezetek t\u00e1mogat\u00e1sa<\/em>\u201d c\u00edm\u0171 p\u00e1ly\u00e1zat t\u00e1mogat\u00e1s\u00e1val val\u00f3sult meg. A p\u00e1ly\u00e1zati kateg\u00f3ria k\u00f3dja: NTP-TSZM-22<\/p>\n<p><a href=\"http:\/\/regeszet.bibl.u-szeged.hu\/wp-content\/uploads\/2020\/10\/V\u00e1logat\u00e1s-a-szegedi-egyetem-R\u00e9g\u00e9szeti-Tansz\u00e9k\u00e9nek-leleteib\u0151l.jpg\"><img loading=\"lazy\" decoding=\"async\" class=\"aligncenter wp-image-3666\" src=\"http:\/\/regeszet.bibl.u-szeged.hu\/wp-content\/uploads\/2020\/10\/V\u00e1logat\u00e1s-a-szegedi-egyetem-R\u00e9g\u00e9szeti-Tansz\u00e9k\u00e9nek-leleteib\u0151l.jpg\" alt=\"\" width=\"300\" height=\"426\" \/><\/a><\/p>\n<p style=\"text-align: center;\"><a href=\"http:\/\/regeszet.bibl.u-szeged.hu\/wp-content\/uploads\/2023\/07\/Valogatas-a-szegedi-egyetem-Regeszeti-Tanszekenek-leleteibol_2023_tartalom.pdf\" target=\"_blank\" rel=\"noopener\">Tartalomjegyz\u00e9k let\u00f6lt\u00e9se<\/a><\/p>\n<p style=\"text-align: center;\"><a href=\"https:\/\/drive.google.com\/file\/d\/1p7nI0mMnME0TI954RWFefc7ozS58Bnfu\/view?usp=drive_link\" target=\"_blank\" rel=\"noopener\">Teljes k\u00f6tet let\u00f6lt\u00e9se<\/a><\/p>\n","protected":false},"excerpt":{"rendered":"<p>\u201eAz\u00e9rt m\u00e9gis csin\u00e1lunk int\u00e9zetet is, gy\u0171jtem\u00e9nyt is\u2026\u201d V\u00e1logat\u00e1s a szegedi egyetem R\u00e9g\u00e9szeti Tansz\u00e9k\u00e9nek leleteib\u0151l 2020-ban megjelent a Szegedi Tudom\u00e1nyegyetem R\u00e9g\u00e9szeti Tansz\u00e9k\u00e9nek gy\u0171jtem\u00e9ny\u00e9t bemutat\u00f3 k\u00f6tet \u201eAz\u00e9rt m\u00e9gis csin\u00e1lunk int\u00e9zetet is, gy\u0171jtem\u00e9nyt is\u2026\u201d V\u00e1logat\u00e1s a szegedi egyetem R\u00e9g\u00e9szeti Tansz\u00e9k\u00e9nek leleteib\u0151l\u00a0c\u00edmmel. A kiadv\u00e1ny c\u00e9lja, hogy \u00e1tfog\u00f3 k\u00e9pet ny\u00fajtson tansz\u00e9k\u00fcnk r\u00e9g\u00e9szeti t\u00e1r\u00e1r\u00f3l. Egy-egy fejezet a gy\u0171jtem\u00e9ny jellegzetes leletanyag\u00e1ra \u00e9p\u00edtve &hellip; <a href=\"https:\/\/regeszet.bibl.u-szeged.hu\/index.php\/kiadvanyaink\/valogatas-a-szegedi-egyetem-regeszeti-tanszekenek-leleteibol\/\" class=\"more-link\"><span class=\"screen-reader-text\">V\u00e1logat\u00e1s a tansz\u00e9ki gy\u0171jtem\u00e9nyb\u0151l<\/span> b\u0151vebben&#8230; <span class=\"meta-nav\">&rarr;<\/span><\/a><\/p>\n","protected":false},"author":1,"featured_media":0,"parent":61,"menu_order":3,"comment_status":"closed","ping_status":"closed","template":"","meta":{"footnotes":""},"class_list":["post-4071","page","type-page","status-publish","hentry"],"_links":{"self":[{"href":"https:\/\/regeszet.bibl.u-szeged.hu\/index.php\/wp-json\/wp\/v2\/pages\/4071","targetHints":{"allow":["GET"]}}],"collection":[{"href":"https:\/\/regeszet.bibl.u-szeged.hu\/index.php\/wp-json\/wp\/v2\/pages"}],"about":[{"href":"https:\/\/regeszet.bibl.u-szeged.hu\/index.php\/wp-json\/wp\/v2\/types\/page"}],"author":[{"embeddable":true,"href":"https:\/\/regeszet.bibl.u-szeged.hu\/index.php\/wp-json\/wp\/v2\/users\/1"}],"replies":[{"embeddable":true,"href":"https:\/\/regeszet.bibl.u-szeged.hu\/index.php\/wp-json\/wp\/v2\/comments?post=4071"}],"version-history":[{"count":8,"href":"https:\/\/regeszet.bibl.u-szeged.hu\/index.php\/wp-json\/wp\/v2\/pages\/4071\/revisions"}],"predecessor-version":[{"id":5724,"href":"https:\/\/regeszet.bibl.u-szeged.hu\/index.php\/wp-json\/wp\/v2\/pages\/4071\/revisions\/5724"}],"up":[{"embeddable":true,"href":"https:\/\/regeszet.bibl.u-szeged.hu\/index.php\/wp-json\/wp\/v2\/pages\/61"}],"wp:attachment":[{"href":"https:\/\/regeszet.bibl.u-szeged.hu\/index.php\/wp-json\/wp\/v2\/media?parent=4071"}],"curies":[{"name":"wp","href":"https:\/\/api.w.org\/{rel}","templated":true}]}}