{"id":4149,"date":"2021-10-26T12:17:55","date_gmt":"2021-10-26T10:17:55","guid":{"rendered":"https:\/\/regeszet.bibl.u-szeged.hu\/?page_id=4149"},"modified":"2021-11-09T23:01:21","modified_gmt":"2021-11-09T22:01:21","slug":"a-konferencia-programja-absztraktok-program-abstracts","status":"publish","type":"page","link":"https:\/\/regeszet.bibl.u-szeged.hu\/index.php\/kutatas\/muzeumtorteneti-konferencia-museum-history-conference\/a-konferencia-programja-absztraktok-program-abstracts\/","title":{"rendered":"Program, abstracts \/ A konferencia programja, absztraktok"},"content":{"rendered":"<p><a href=\"http:\/\/regeszet.bibl.u-szeged.hu\/wp-content\/uploads\/2021\/11\/fejlec.jpg\"><img loading=\"lazy\" decoding=\"async\" class=\"aligncenter wp-image-4179 size-full\" src=\"http:\/\/regeszet.bibl.u-szeged.hu\/wp-content\/uploads\/2021\/11\/fejlec.jpg\" alt=\"\" width=\"2048\" height=\"840\" srcset=\"https:\/\/regeszet.bibl.u-szeged.hu\/wp-content\/uploads\/2021\/11\/fejlec.jpg 2048w, https:\/\/regeszet.bibl.u-szeged.hu\/wp-content\/uploads\/2021\/11\/fejlec-300x123.jpg 300w, https:\/\/regeszet.bibl.u-szeged.hu\/wp-content\/uploads\/2021\/11\/fejlec-1024x420.jpg 1024w, https:\/\/regeszet.bibl.u-szeged.hu\/wp-content\/uploads\/2021\/11\/fejlec-768x315.jpg 768w, https:\/\/regeszet.bibl.u-szeged.hu\/wp-content\/uploads\/2021\/11\/fejlec-1536x630.jpg 1536w\" sizes=\"auto, (max-width: 2048px) 100vw, 2048px\" \/><\/a><\/p>\n<p>&nbsp;<\/p>\n<h6 style=\"text-align: center;\">Program<\/h6>\n<p><a href=\"http:\/\/regeszet.bibl.u-szeged.hu\/wp-content\/uploads\/2021\/11\/Program-01-ENG_1-scaled.jpg\"><img loading=\"lazy\" decoding=\"async\" class=\"aligncenter wp-image-4324 size-full\" src=\"http:\/\/regeszet.bibl.u-szeged.hu\/wp-content\/uploads\/2021\/11\/Program-01-ENG_1-scaled.jpg\" alt=\"\" width=\"2560\" height=\"2560\" srcset=\"https:\/\/regeszet.bibl.u-szeged.hu\/wp-content\/uploads\/2021\/11\/Program-01-ENG_1-scaled.jpg 2560w, https:\/\/regeszet.bibl.u-szeged.hu\/wp-content\/uploads\/2021\/11\/Program-01-ENG_1-300x300.jpg 300w, https:\/\/regeszet.bibl.u-szeged.hu\/wp-content\/uploads\/2021\/11\/Program-01-ENG_1-1024x1024.jpg 1024w, https:\/\/regeszet.bibl.u-szeged.hu\/wp-content\/uploads\/2021\/11\/Program-01-ENG_1-150x150.jpg 150w, https:\/\/regeszet.bibl.u-szeged.hu\/wp-content\/uploads\/2021\/11\/Program-01-ENG_1-768x768.jpg 768w, https:\/\/regeszet.bibl.u-szeged.hu\/wp-content\/uploads\/2021\/11\/Program-01-ENG_1-1536x1536.jpg 1536w, https:\/\/regeszet.bibl.u-szeged.hu\/wp-content\/uploads\/2021\/11\/Program-01-ENG_1-2048x2048.jpg 2048w\" sizes=\"auto, (max-width: 2560px) 100vw, 2560px\" \/><\/a><br \/>\n<a href=\"http:\/\/regeszet.bibl.u-szeged.hu\/wp-content\/uploads\/2021\/11\/Program-01-ENG_2-scaled.jpg\"><img loading=\"lazy\" decoding=\"async\" class=\"aligncenter wp-image-4325 size-full\" src=\"http:\/\/regeszet.bibl.u-szeged.hu\/wp-content\/uploads\/2021\/11\/Program-01-ENG_2-scaled.jpg\" alt=\"\" width=\"2560\" height=\"2560\" srcset=\"https:\/\/regeszet.bibl.u-szeged.hu\/wp-content\/uploads\/2021\/11\/Program-01-ENG_2-scaled.jpg 2560w, https:\/\/regeszet.bibl.u-szeged.hu\/wp-content\/uploads\/2021\/11\/Program-01-ENG_2-300x300.jpg 300w, https:\/\/regeszet.bibl.u-szeged.hu\/wp-content\/uploads\/2021\/11\/Program-01-ENG_2-1024x1024.jpg 1024w, https:\/\/regeszet.bibl.u-szeged.hu\/wp-content\/uploads\/2021\/11\/Program-01-ENG_2-150x150.jpg 150w, https:\/\/regeszet.bibl.u-szeged.hu\/wp-content\/uploads\/2021\/11\/Program-01-ENG_2-768x768.jpg 768w, https:\/\/regeszet.bibl.u-szeged.hu\/wp-content\/uploads\/2021\/11\/Program-01-ENG_2-1536x1536.jpg 1536w, https:\/\/regeszet.bibl.u-szeged.hu\/wp-content\/uploads\/2021\/11\/Program-01-ENG_2-2048x2048.jpg 2048w\" sizes=\"auto, (max-width: 2560px) 100vw, 2560px\" \/><\/a><br \/>\n<a href=\"http:\/\/regeszet.bibl.u-szeged.hu\/wp-content\/uploads\/2021\/11\/Program-01-ENG_3-scaled.jpg\"><img loading=\"lazy\" decoding=\"async\" class=\"aligncenter wp-image-4326 size-full\" src=\"http:\/\/regeszet.bibl.u-szeged.hu\/wp-content\/uploads\/2021\/11\/Program-01-ENG_3-scaled.jpg\" alt=\"\" width=\"2560\" height=\"2560\" srcset=\"https:\/\/regeszet.bibl.u-szeged.hu\/wp-content\/uploads\/2021\/11\/Program-01-ENG_3-scaled.jpg 2560w, https:\/\/regeszet.bibl.u-szeged.hu\/wp-content\/uploads\/2021\/11\/Program-01-ENG_3-300x300.jpg 300w, https:\/\/regeszet.bibl.u-szeged.hu\/wp-content\/uploads\/2021\/11\/Program-01-ENG_3-1024x1024.jpg 1024w, https:\/\/regeszet.bibl.u-szeged.hu\/wp-content\/uploads\/2021\/11\/Program-01-ENG_3-150x150.jpg 150w, https:\/\/regeszet.bibl.u-szeged.hu\/wp-content\/uploads\/2021\/11\/Program-01-ENG_3-768x768.jpg 768w, https:\/\/regeszet.bibl.u-szeged.hu\/wp-content\/uploads\/2021\/11\/Program-01-ENG_3-1536x1536.jpg 1536w, https:\/\/regeszet.bibl.u-szeged.hu\/wp-content\/uploads\/2021\/11\/Program-01-ENG_3-2048x2048.jpg 2048w\" sizes=\"auto, (max-width: 2560px) 100vw, 2560px\" \/><\/a><br \/>\n<a href=\"http:\/\/regeszet.bibl.u-szeged.hu\/wp-content\/uploads\/2021\/11\/Program-01-ENG_4-scaled.jpg\"><img loading=\"lazy\" decoding=\"async\" class=\"aligncenter wp-image-4327 size-full\" src=\"http:\/\/regeszet.bibl.u-szeged.hu\/wp-content\/uploads\/2021\/11\/Program-01-ENG_4-scaled.jpg\" alt=\"\" width=\"2560\" height=\"2560\" srcset=\"https:\/\/regeszet.bibl.u-szeged.hu\/wp-content\/uploads\/2021\/11\/Program-01-ENG_4-scaled.jpg 2560w, https:\/\/regeszet.bibl.u-szeged.hu\/wp-content\/uploads\/2021\/11\/Program-01-ENG_4-300x300.jpg 300w, https:\/\/regeszet.bibl.u-szeged.hu\/wp-content\/uploads\/2021\/11\/Program-01-ENG_4-1024x1024.jpg 1024w, https:\/\/regeszet.bibl.u-szeged.hu\/wp-content\/uploads\/2021\/11\/Program-01-ENG_4-150x150.jpg 150w, https:\/\/regeszet.bibl.u-szeged.hu\/wp-content\/uploads\/2021\/11\/Program-01-ENG_4-768x768.jpg 768w, https:\/\/regeszet.bibl.u-szeged.hu\/wp-content\/uploads\/2021\/11\/Program-01-ENG_4-1536x1536.jpg 1536w, https:\/\/regeszet.bibl.u-szeged.hu\/wp-content\/uploads\/2021\/11\/Program-01-ENG_4-2048x2048.jpg 2048w\" sizes=\"auto, (max-width: 2560px) 100vw, 2560px\" \/><\/a><br \/>\n<a href=\"http:\/\/regeszet.bibl.u-szeged.hu\/wp-content\/uploads\/2021\/11\/Program-01-ENG_5-scaled.jpg\"><img loading=\"lazy\" decoding=\"async\" class=\"aligncenter wp-image-4328 size-full\" src=\"http:\/\/regeszet.bibl.u-szeged.hu\/wp-content\/uploads\/2021\/11\/Program-01-ENG_5-scaled.jpg\" alt=\"\" width=\"2560\" height=\"2560\" srcset=\"https:\/\/regeszet.bibl.u-szeged.hu\/wp-content\/uploads\/2021\/11\/Program-01-ENG_5-scaled.jpg 2560w, https:\/\/regeszet.bibl.u-szeged.hu\/wp-content\/uploads\/2021\/11\/Program-01-ENG_5-300x300.jpg 300w, https:\/\/regeszet.bibl.u-szeged.hu\/wp-content\/uploads\/2021\/11\/Program-01-ENG_5-1024x1024.jpg 1024w, https:\/\/regeszet.bibl.u-szeged.hu\/wp-content\/uploads\/2021\/11\/Program-01-ENG_5-150x150.jpg 150w, https:\/\/regeszet.bibl.u-szeged.hu\/wp-content\/uploads\/2021\/11\/Program-01-ENG_5-768x768.jpg 768w, https:\/\/regeszet.bibl.u-szeged.hu\/wp-content\/uploads\/2021\/11\/Program-01-ENG_5-1536x1536.jpg 1536w, https:\/\/regeszet.bibl.u-szeged.hu\/wp-content\/uploads\/2021\/11\/Program-01-ENG_5-2048x2048.jpg 2048w\" sizes=\"auto, (max-width: 2560px) 100vw, 2560px\" \/><\/a><br \/>\n<a href=\"http:\/\/regeszet.bibl.u-szeged.hu\/wp-content\/uploads\/2021\/11\/Program-01-ENG_6-scaled.jpg\"><img loading=\"lazy\" decoding=\"async\" class=\"aligncenter wp-image-4322 size-full\" src=\"http:\/\/regeszet.bibl.u-szeged.hu\/wp-content\/uploads\/2021\/11\/Program-01-ENG_6-scaled.jpg\" alt=\"\" width=\"2560\" height=\"2560\" srcset=\"https:\/\/regeszet.bibl.u-szeged.hu\/wp-content\/uploads\/2021\/11\/Program-01-ENG_6-scaled.jpg 2560w, https:\/\/regeszet.bibl.u-szeged.hu\/wp-content\/uploads\/2021\/11\/Program-01-ENG_6-300x300.jpg 300w, https:\/\/regeszet.bibl.u-szeged.hu\/wp-content\/uploads\/2021\/11\/Program-01-ENG_6-1024x1024.jpg 1024w, https:\/\/regeszet.bibl.u-szeged.hu\/wp-content\/uploads\/2021\/11\/Program-01-ENG_6-150x150.jpg 150w, https:\/\/regeszet.bibl.u-szeged.hu\/wp-content\/uploads\/2021\/11\/Program-01-ENG_6-768x768.jpg 768w, https:\/\/regeszet.bibl.u-szeged.hu\/wp-content\/uploads\/2021\/11\/Program-01-ENG_6-1536x1536.jpg 1536w, https:\/\/regeszet.bibl.u-szeged.hu\/wp-content\/uploads\/2021\/11\/Program-01-ENG_6-2048x2048.jpg 2048w\" sizes=\"auto, (max-width: 2560px) 100vw, 2560px\" \/><\/a><br \/>\n<a href=\"http:\/\/regeszet.bibl.u-szeged.hu\/wp-content\/uploads\/2021\/11\/Program-01-ENG_7-scaled.jpg\"><img loading=\"lazy\" decoding=\"async\" class=\"aligncenter wp-image-4323 size-full\" src=\"http:\/\/regeszet.bibl.u-szeged.hu\/wp-content\/uploads\/2021\/11\/Program-01-ENG_7-scaled.jpg\" alt=\"\" width=\"2560\" height=\"2560\" srcset=\"https:\/\/regeszet.bibl.u-szeged.hu\/wp-content\/uploads\/2021\/11\/Program-01-ENG_7-scaled.jpg 2560w, https:\/\/regeszet.bibl.u-szeged.hu\/wp-content\/uploads\/2021\/11\/Program-01-ENG_7-300x300.jpg 300w, https:\/\/regeszet.bibl.u-szeged.hu\/wp-content\/uploads\/2021\/11\/Program-01-ENG_7-1024x1024.jpg 1024w, https:\/\/regeszet.bibl.u-szeged.hu\/wp-content\/uploads\/2021\/11\/Program-01-ENG_7-150x150.jpg 150w, https:\/\/regeszet.bibl.u-szeged.hu\/wp-content\/uploads\/2021\/11\/Program-01-ENG_7-768x768.jpg 768w, https:\/\/regeszet.bibl.u-szeged.hu\/wp-content\/uploads\/2021\/11\/Program-01-ENG_7-1536x1536.jpg 1536w, https:\/\/regeszet.bibl.u-szeged.hu\/wp-content\/uploads\/2021\/11\/Program-01-ENG_7-2048x2048.jpg 2048w\" sizes=\"auto, (max-width: 2560px) 100vw, 2560px\" \/><\/a><\/p>\n<p style=\"text-align: center;\"><a href=\"http:\/\/regeszet.bibl.u-szeged.hu\/wp-content\/uploads\/2021\/11\/Program-01-ENG.pdf\" target=\"_blank\" rel=\"noopener\">Download the program in pdf \/ Program let\u00f6lt\u00e9se pdf-ben<\/a><\/p>\n<p>&nbsp;<\/p>\n<table style=\"border-collapse: collapse; width: 100%;\">\n<tbody>\n<tr>\n<td style=\"width: 50%;\">\n<h6 style=\"text-align: center;\">Abstracts<\/h6>\n<\/td>\n<td style=\"width: 50%;\">\n<h6 style=\"text-align: center;\">Absztraktok<\/h6>\n<\/td>\n<\/tr>\n<tr>\n<td style=\"width: 50%; vertical-align: top;\"><a href=\"http:\/\/regeszet.bibl.u-szeged.hu\/wp-content\/uploads\/2021\/11\/MUseum_History_2021_Abstracts.pdf\" target=\"_blank\" rel=\"noopener\"><img loading=\"lazy\" decoding=\"async\" class=\"aligncenter wp-image-4368\" src=\"http:\/\/regeszet.bibl.u-szeged.hu\/wp-content\/uploads\/2021\/11\/MUseum_History_2021_Abstracts-212x300.jpg\" alt=\"\" width=\"300\" height=\"424\" srcset=\"https:\/\/regeszet.bibl.u-szeged.hu\/wp-content\/uploads\/2021\/11\/MUseum_History_2021_Abstracts-212x300.jpg 212w, https:\/\/regeszet.bibl.u-szeged.hu\/wp-content\/uploads\/2021\/11\/MUseum_History_2021_Abstracts-724x1024.jpg 724w, https:\/\/regeszet.bibl.u-szeged.hu\/wp-content\/uploads\/2021\/11\/MUseum_History_2021_Abstracts-768x1086.jpg 768w, https:\/\/regeszet.bibl.u-szeged.hu\/wp-content\/uploads\/2021\/11\/MUseum_History_2021_Abstracts-1086x1536.jpg 1086w, https:\/\/regeszet.bibl.u-szeged.hu\/wp-content\/uploads\/2021\/11\/MUseum_History_2021_Abstracts-1448x2048.jpg 1448w, https:\/\/regeszet.bibl.u-szeged.hu\/wp-content\/uploads\/2021\/11\/MUseum_History_2021_Abstracts-scaled.jpg 1810w\" sizes=\"auto, (max-width: 300px) 100vw, 300px\" \/><\/a><\/td>\n<td style=\"width: 50%; text-align: center;\">Felt\u00f6lt\u00e9s alatt<\/td>\n<\/tr>\n<\/tbody>\n<\/table>\n<p>&nbsp;<\/p>\n<p>&nbsp;<\/p>\n<p>&nbsp;<\/p>\n<p>&nbsp;<\/p>\n<table style=\"border-collapse: collapse; width: 100%;\">\n<tbody>\n<tr>\n<td style=\"width: 50%; text-align: center;\"><a href=\"http:\/\/regeszet.bibl.u-szeged.hu\/wp-content\/uploads\/2021\/11\/NKA_ENG_logo_final_colour.png\"><img loading=\"lazy\" decoding=\"async\" class=\"wp-image-4202 aligncenter\" src=\"http:\/\/regeszet.bibl.u-szeged.hu\/wp-content\/uploads\/2021\/11\/NKA_ENG_logo_final_colour-300x69.png\" alt=\"\" width=\"100\" height=\"23\" srcset=\"https:\/\/regeszet.bibl.u-szeged.hu\/wp-content\/uploads\/2021\/11\/NKA_ENG_logo_final_colour-300x69.png 300w, https:\/\/regeszet.bibl.u-szeged.hu\/wp-content\/uploads\/2021\/11\/NKA_ENG_logo_final_colour-1024x236.png 1024w, https:\/\/regeszet.bibl.u-szeged.hu\/wp-content\/uploads\/2021\/11\/NKA_ENG_logo_final_colour-768x177.png 768w, https:\/\/regeszet.bibl.u-szeged.hu\/wp-content\/uploads\/2021\/11\/NKA_ENG_logo_final_colour-1536x354.png 1536w, https:\/\/regeszet.bibl.u-szeged.hu\/wp-content\/uploads\/2021\/11\/NKA_ENG_logo_final_colour.png 2027w\" sizes=\"auto, (max-width: 100px) 100vw, 100px\" \/><\/a><\/td>\n<td style=\"width: 50%; text-align: center;\"><a href=\"http:\/\/regeszet.bibl.u-szeged.hu\/wp-content\/uploads\/2021\/11\/NKA_logo_2012-01.png\"><img loading=\"lazy\" decoding=\"async\" class=\"wp-image-4201 aligncenter\" src=\"http:\/\/regeszet.bibl.u-szeged.hu\/wp-content\/uploads\/2021\/11\/NKA_logo_2012-01-300x121.png\" alt=\"\" width=\"100\" height=\"40\" srcset=\"https:\/\/regeszet.bibl.u-szeged.hu\/wp-content\/uploads\/2021\/11\/NKA_logo_2012-01-300x121.png 300w, https:\/\/regeszet.bibl.u-szeged.hu\/wp-content\/uploads\/2021\/11\/NKA_logo_2012-01-1024x412.png 1024w, https:\/\/regeszet.bibl.u-szeged.hu\/wp-content\/uploads\/2021\/11\/NKA_logo_2012-01-768x309.png 768w, https:\/\/regeszet.bibl.u-szeged.hu\/wp-content\/uploads\/2021\/11\/NKA_logo_2012-01-1536x618.png 1536w, https:\/\/regeszet.bibl.u-szeged.hu\/wp-content\/uploads\/2021\/11\/NKA_logo_2012-01-2048x825.png 2048w\" sizes=\"auto, (max-width: 100px) 100vw, 100px\" \/><\/a><\/td>\n<\/tr>\n<\/tbody>\n<\/table>\n","protected":false},"excerpt":{"rendered":"<p>&nbsp; Program Download the program in pdf \/ Program let\u00f6lt\u00e9se pdf-ben &nbsp; Abstracts Absztraktok Felt\u00f6lt\u00e9s alatt &nbsp; &nbsp; &nbsp; &nbsp;<\/p>\n","protected":false},"author":1,"featured_media":0,"parent":4079,"menu_order":2,"comment_status":"closed","ping_status":"closed","template":"","meta":{"footnotes":""},"class_list":["post-4149","page","type-page","status-publish","hentry"],"_links":{"self":[{"href":"https:\/\/regeszet.bibl.u-szeged.hu\/index.php\/wp-json\/wp\/v2\/pages\/4149","targetHints":{"allow":["GET"]}}],"collection":[{"href":"https:\/\/regeszet.bibl.u-szeged.hu\/index.php\/wp-json\/wp\/v2\/pages"}],"about":[{"href":"https:\/\/regeszet.bibl.u-szeged.hu\/index.php\/wp-json\/wp\/v2\/types\/page"}],"author":[{"embeddable":true,"href":"https:\/\/regeszet.bibl.u-szeged.hu\/index.php\/wp-json\/wp\/v2\/users\/1"}],"replies":[{"embeddable":true,"href":"https:\/\/regeszet.bibl.u-szeged.hu\/index.php\/wp-json\/wp\/v2\/comments?post=4149"}],"version-history":[{"count":14,"href":"https:\/\/regeszet.bibl.u-szeged.hu\/index.php\/wp-json\/wp\/v2\/pages\/4149\/revisions"}],"predecessor-version":[{"id":4372,"href":"https:\/\/regeszet.bibl.u-szeged.hu\/index.php\/wp-json\/wp\/v2\/pages\/4149\/revisions\/4372"}],"up":[{"embeddable":true,"href":"https:\/\/regeszet.bibl.u-szeged.hu\/index.php\/wp-json\/wp\/v2\/pages\/4079"}],"wp:attachment":[{"href":"https:\/\/regeszet.bibl.u-szeged.hu\/index.php\/wp-json\/wp\/v2\/media?parent=4149"}],"curies":[{"name":"wp","href":"https:\/\/api.w.org\/{rel}","templated":true}]}}