{"id":4155,"date":"2021-10-26T12:20:23","date_gmt":"2021-10-26T10:20:23","guid":{"rendered":"https:\/\/regeszet.bibl.u-szeged.hu\/?page_id=4155"},"modified":"2021-11-10T23:51:24","modified_gmt":"2021-11-10T22:51:24","slug":"poszter-szekcio-poster-section","status":"publish","type":"page","link":"https:\/\/regeszet.bibl.u-szeged.hu\/index.php\/kutatas\/muzeumtorteneti-konferencia-museum-history-conference\/poszter-szekcio-poster-section\/","title":{"rendered":"Poster section \/ Poszter szekci\u00f3"},"content":{"rendered":"<p><a href=\"http:\/\/regeszet.bibl.u-szeged.hu\/wp-content\/uploads\/2021\/11\/fejlec.jpg\"><img loading=\"lazy\" decoding=\"async\" class=\"aligncenter wp-image-4179 size-full\" src=\"http:\/\/regeszet.bibl.u-szeged.hu\/wp-content\/uploads\/2021\/11\/fejlec.jpg\" alt=\"\" width=\"2048\" height=\"840\" srcset=\"https:\/\/regeszet.bibl.u-szeged.hu\/wp-content\/uploads\/2021\/11\/fejlec.jpg 2048w, https:\/\/regeszet.bibl.u-szeged.hu\/wp-content\/uploads\/2021\/11\/fejlec-300x123.jpg 300w, https:\/\/regeszet.bibl.u-szeged.hu\/wp-content\/uploads\/2021\/11\/fejlec-1024x420.jpg 1024w, https:\/\/regeszet.bibl.u-szeged.hu\/wp-content\/uploads\/2021\/11\/fejlec-768x315.jpg 768w, https:\/\/regeszet.bibl.u-szeged.hu\/wp-content\/uploads\/2021\/11\/fejlec-1536x630.jpg 1536w\" sizes=\"auto, (max-width: 2048px) 100vw, 2048px\" \/><\/a><\/p>\n<p>&nbsp;<\/p>\n<table style=\"border-collapse: collapse; width: 100%; height: 696px;\">\n<tbody>\n<tr style=\"height: 55px;\">\n<td style=\"width: 50%; height: 55px; vertical-align: top;\">VIZI, M\u00e1rta<br \/>\nDr. J\u00f3zsef Csalog(ovits) und das Komitatsmuseum Tolna (1933-1945)<\/p>\n<p><a href=\"http:\/\/regeszet.bibl.u-szeged.hu\/wp-content\/uploads\/2021\/11\/Vizi_Marta_poszterhez.pdf\" target=\"_blank\" rel=\"noopener\">Poster description<\/a><\/td>\n<td style=\"width: 50%; height: 55px; vertical-align: top;\"><a href=\"https:\/\/drive.google.com\/file\/d\/1N1m7EhiwVA7Glu9EJO12-Y6KZlpmgqRp\/view?usp=sharing\" target=\"_blank\" rel=\"noopener\"><img loading=\"lazy\" decoding=\"async\" class=\"size-medium wp-image-4379 aligncenter\" src=\"http:\/\/regeszet.bibl.u-szeged.hu\/wp-content\/uploads\/2021\/11\/Vizi_Marta_poster_small-300x277.jpg\" alt=\"\" width=\"300\" height=\"277\" srcset=\"https:\/\/regeszet.bibl.u-szeged.hu\/wp-content\/uploads\/2021\/11\/Vizi_Marta_poster_small-300x277.jpg 300w, https:\/\/regeszet.bibl.u-szeged.hu\/wp-content\/uploads\/2021\/11\/Vizi_Marta_poster_small-1024x946.jpg 1024w, https:\/\/regeszet.bibl.u-szeged.hu\/wp-content\/uploads\/2021\/11\/Vizi_Marta_poster_small-768x709.jpg 768w, https:\/\/regeszet.bibl.u-szeged.hu\/wp-content\/uploads\/2021\/11\/Vizi_Marta_poster_small-1536x1418.jpg 1536w, https:\/\/regeszet.bibl.u-szeged.hu\/wp-content\/uploads\/2021\/11\/Vizi_Marta_poster_small-2048x1891.jpg 2048w\" sizes=\"auto, (max-width: 300px) 100vw, 300px\" \/><\/a><\/td>\n<\/tr>\n<tr style=\"height: 83px;\">\n<td style=\"width: 50%; height: 83px; vertical-align: top;\">ZOMBORKA, M\u00e1rta<br \/>\nMuseum Buildings, the Housing of the Collections &#8211; Their Changes in the Course of Time<\/td>\n<td style=\"width: 50%; height: 83px; vertical-align: top;\"><a href=\"http:\/\/regeszet.bibl.u-szeged.hu\/wp-content\/uploads\/2021\/11\/Zomborka_Marta_poster.pdf\" target=\"_blank\" rel=\"noopener\"><img loading=\"lazy\" decoding=\"async\" class=\"aligncenter wp-image-4380\" src=\"http:\/\/regeszet.bibl.u-szeged.hu\/wp-content\/uploads\/2021\/11\/Zomborka_Marta_poster_small-214x300.jpg\" alt=\"\" width=\"300\" height=\"420\" srcset=\"https:\/\/regeszet.bibl.u-szeged.hu\/wp-content\/uploads\/2021\/11\/Zomborka_Marta_poster_small-214x300.jpg 214w, https:\/\/regeszet.bibl.u-szeged.hu\/wp-content\/uploads\/2021\/11\/Zomborka_Marta_poster_small-731x1024.jpg 731w, https:\/\/regeszet.bibl.u-szeged.hu\/wp-content\/uploads\/2021\/11\/Zomborka_Marta_poster_small-768x1075.jpg 768w, https:\/\/regeszet.bibl.u-szeged.hu\/wp-content\/uploads\/2021\/11\/Zomborka_Marta_poster_small-1097x1536.jpg 1097w, https:\/\/regeszet.bibl.u-szeged.hu\/wp-content\/uploads\/2021\/11\/Zomborka_Marta_poster_small-1463x2048.jpg 1463w, https:\/\/regeszet.bibl.u-szeged.hu\/wp-content\/uploads\/2021\/11\/Zomborka_Marta_poster_small-scaled.jpg 1829w\" sizes=\"auto, (max-width: 300px) 100vw, 300px\" \/><\/a><\/td>\n<\/tr>\n<tr style=\"height: 27px;\">\n<td style=\"width: 50%; height: 27px; vertical-align: top;\">GEORGESCU, \u015et<span style=\"font-family: inherit; font-size: inherit;\">efan<\/span><br \/>\nA Short History about the Foundation of the Museum of National History and Archaeology Constan\u0163a<\/td>\n<td style=\"width: 50%; height: 27px; vertical-align: top;\"><a href=\"http:\/\/regeszet.bibl.u-szeged.hu\/wp-content\/uploads\/2021\/11\/Georgescu_Stefan_poster-scaled.jpg\" target=\"_blank\" rel=\"noopener\"><img loading=\"lazy\" decoding=\"async\" class=\"aligncenter wp-image-4417\" src=\"http:\/\/regeszet.bibl.u-szeged.hu\/wp-content\/uploads\/2021\/11\/Georgescu_Stefan_poster-212x300.jpg\" alt=\"\" width=\"300\" height=\"424\" srcset=\"https:\/\/regeszet.bibl.u-szeged.hu\/wp-content\/uploads\/2021\/11\/Georgescu_Stefan_poster-212x300.jpg 212w, https:\/\/regeszet.bibl.u-szeged.hu\/wp-content\/uploads\/2021\/11\/Georgescu_Stefan_poster-725x1024.jpg 725w, https:\/\/regeszet.bibl.u-szeged.hu\/wp-content\/uploads\/2021\/11\/Georgescu_Stefan_poster-768x1084.jpg 768w, https:\/\/regeszet.bibl.u-szeged.hu\/wp-content\/uploads\/2021\/11\/Georgescu_Stefan_poster-1088x1536.jpg 1088w, https:\/\/regeszet.bibl.u-szeged.hu\/wp-content\/uploads\/2021\/11\/Georgescu_Stefan_poster-1450x2048.jpg 1450w, https:\/\/regeszet.bibl.u-szeged.hu\/wp-content\/uploads\/2021\/11\/Georgescu_Stefan_poster-scaled.jpg 1813w\" sizes=\"auto, (max-width: 300px) 100vw, 300px\" \/><\/a><\/td>\n<\/tr>\n<tr style=\"height: 111px;\">\n<td style=\"width: 50%; height: 111px; vertical-align: top;\">PINT\u00c9R-NAGY, Katalin<br \/>\nRelationship between the Institute of Archaeology of Szeged and the Archaeological Collection of the Mak\u00f3 Museum<\/td>\n<td style=\"width: 50%; height: 111px; vertical-align: top;\"><a href=\"http:\/\/regeszet.bibl.u-szeged.hu\/wp-content\/uploads\/2021\/11\/Pinter_Nagy_Katalin_poster.pdf\" target=\"_blank\" rel=\"noopener\"><img loading=\"lazy\" decoding=\"async\" class=\"aligncenter wp-image-4375\" src=\"http:\/\/regeszet.bibl.u-szeged.hu\/wp-content\/uploads\/2021\/11\/Pinter_Nagy_Katalin_poster-212x300.jpg\" alt=\"\" width=\"300\" height=\"424\" srcset=\"https:\/\/regeszet.bibl.u-szeged.hu\/wp-content\/uploads\/2021\/11\/Pinter_Nagy_Katalin_poster-212x300.jpg 212w, https:\/\/regeszet.bibl.u-szeged.hu\/wp-content\/uploads\/2021\/11\/Pinter_Nagy_Katalin_poster-725x1024.jpg 725w, https:\/\/regeszet.bibl.u-szeged.hu\/wp-content\/uploads\/2021\/11\/Pinter_Nagy_Katalin_poster-768x1085.jpg 768w, https:\/\/regeszet.bibl.u-szeged.hu\/wp-content\/uploads\/2021\/11\/Pinter_Nagy_Katalin_poster-1087x1536.jpg 1087w, https:\/\/regeszet.bibl.u-szeged.hu\/wp-content\/uploads\/2021\/11\/Pinter_Nagy_Katalin_poster.jpg 1241w\" sizes=\"auto, (max-width: 300px) 100vw, 300px\" \/><\/a><\/td>\n<\/tr>\n<tr style=\"height: 420px;\">\n<td style=\"width: 50%; vertical-align: top; height: 420px;\">TIMOC, C\u0103lin<br \/>\nThe 3D Lapidarium of the National Museum of Banat from Temesvar between Virtual Exhibition and Scientific Epigraphic Corpus<\/td>\n<td style=\"width: 50%; vertical-align: top; height: 420px;\"><a href=\"http:\/\/regeszet.bibl.u-szeged.hu\/wp-content\/uploads\/2021\/11\/Timoc_Calin_poster.pdf\" target=\"_blank\" rel=\"noopener\"><img loading=\"lazy\" decoding=\"async\" class=\"aligncenter wp-image-4377\" src=\"http:\/\/regeszet.bibl.u-szeged.hu\/wp-content\/uploads\/2021\/11\/Timoc_Calin_poster-212x300.jpg\" alt=\"\" width=\"300\" height=\"424\" srcset=\"https:\/\/regeszet.bibl.u-szeged.hu\/wp-content\/uploads\/2021\/11\/Timoc_Calin_poster-212x300.jpg 212w, https:\/\/regeszet.bibl.u-szeged.hu\/wp-content\/uploads\/2021\/11\/Timoc_Calin_poster-724x1024.jpg 724w, https:\/\/regeszet.bibl.u-szeged.hu\/wp-content\/uploads\/2021\/11\/Timoc_Calin_poster-768x1086.jpg 768w, https:\/\/regeszet.bibl.u-szeged.hu\/wp-content\/uploads\/2021\/11\/Timoc_Calin_poster-1086x1536.jpg 1086w, https:\/\/regeszet.bibl.u-szeged.hu\/wp-content\/uploads\/2021\/11\/Timoc_Calin_poster.jpg 1241w\" sizes=\"auto, (max-width: 300px) 100vw, 300px\" \/><\/a><\/td>\n<\/tr>\n<\/tbody>\n<\/table>\n<p>&nbsp;<\/p>\n<p>&nbsp;<\/p>\n<p>&nbsp;<\/p>\n<p>&nbsp;<\/p>\n<p>&nbsp;<\/p>\n<table style=\"border-collapse: collapse; width: 100%;\">\n<tbody>\n<tr>\n<td style=\"width: 50%; text-align: center;\"><a href=\"http:\/\/regeszet.bibl.u-szeged.hu\/wp-content\/uploads\/2021\/11\/NKA_ENG_logo_final_colour.png\"><img loading=\"lazy\" decoding=\"async\" class=\"wp-image-4202 aligncenter\" src=\"http:\/\/regeszet.bibl.u-szeged.hu\/wp-content\/uploads\/2021\/11\/NKA_ENG_logo_final_colour-300x69.png\" alt=\"\" width=\"100\" height=\"23\" srcset=\"https:\/\/regeszet.bibl.u-szeged.hu\/wp-content\/uploads\/2021\/11\/NKA_ENG_logo_final_colour-300x69.png 300w, https:\/\/regeszet.bibl.u-szeged.hu\/wp-content\/uploads\/2021\/11\/NKA_ENG_logo_final_colour-1024x236.png 1024w, https:\/\/regeszet.bibl.u-szeged.hu\/wp-content\/uploads\/2021\/11\/NKA_ENG_logo_final_colour-768x177.png 768w, https:\/\/regeszet.bibl.u-szeged.hu\/wp-content\/uploads\/2021\/11\/NKA_ENG_logo_final_colour-1536x354.png 1536w, https:\/\/regeszet.bibl.u-szeged.hu\/wp-content\/uploads\/2021\/11\/NKA_ENG_logo_final_colour.png 2027w\" sizes=\"auto, (max-width: 100px) 100vw, 100px\" \/><\/a><\/td>\n<td style=\"width: 50%; text-align: center;\"><a href=\"http:\/\/regeszet.bibl.u-szeged.hu\/wp-content\/uploads\/2021\/11\/NKA_logo_2012-01.png\"><img loading=\"lazy\" decoding=\"async\" class=\"wp-image-4201 aligncenter\" src=\"http:\/\/regeszet.bibl.u-szeged.hu\/wp-content\/uploads\/2021\/11\/NKA_logo_2012-01-300x121.png\" alt=\"\" width=\"100\" height=\"40\" srcset=\"https:\/\/regeszet.bibl.u-szeged.hu\/wp-content\/uploads\/2021\/11\/NKA_logo_2012-01-300x121.png 300w, https:\/\/regeszet.bibl.u-szeged.hu\/wp-content\/uploads\/2021\/11\/NKA_logo_2012-01-1024x412.png 1024w, https:\/\/regeszet.bibl.u-szeged.hu\/wp-content\/uploads\/2021\/11\/NKA_logo_2012-01-768x309.png 768w, https:\/\/regeszet.bibl.u-szeged.hu\/wp-content\/uploads\/2021\/11\/NKA_logo_2012-01-1536x618.png 1536w, https:\/\/regeszet.bibl.u-szeged.hu\/wp-content\/uploads\/2021\/11\/NKA_logo_2012-01-2048x825.png 2048w\" sizes=\"auto, (max-width: 100px) 100vw, 100px\" \/><\/a><\/td>\n<\/tr>\n<\/tbody>\n<\/table>\n","protected":false},"excerpt":{"rendered":"<p>&nbsp; VIZI, M\u00e1rta Dr. J\u00f3zsef Csalog(ovits) und das Komitatsmuseum Tolna (1933-1945) Poster description ZOMBORKA, M\u00e1rta Museum Buildings, the Housing of the Collections &#8211; Their Changes in the Course of Time GEORGESCU, \u015etefan A Short History about the Foundation of the Museum of National History and Archaeology Constan\u0163a PINT\u00c9R-NAGY, Katalin Relationship between the Institute of Archaeology &hellip; <a href=\"https:\/\/regeszet.bibl.u-szeged.hu\/index.php\/kutatas\/muzeumtorteneti-konferencia-museum-history-conference\/poszter-szekcio-poster-section\/\" class=\"more-link\"><span class=\"screen-reader-text\">Poster section \/ Poszter szekci\u00f3<\/span> b\u0151vebben&#8230; <span class=\"meta-nav\">&rarr;<\/span><\/a><\/p>\n","protected":false},"author":1,"featured_media":0,"parent":4079,"menu_order":5,"comment_status":"closed","ping_status":"closed","template":"","meta":{"footnotes":""},"class_list":["post-4155","page","type-page","status-publish","hentry"],"_links":{"self":[{"href":"https:\/\/regeszet.bibl.u-szeged.hu\/index.php\/wp-json\/wp\/v2\/pages\/4155","targetHints":{"allow":["GET"]}}],"collection":[{"href":"https:\/\/regeszet.bibl.u-szeged.hu\/index.php\/wp-json\/wp\/v2\/pages"}],"about":[{"href":"https:\/\/regeszet.bibl.u-szeged.hu\/index.php\/wp-json\/wp\/v2\/types\/page"}],"author":[{"embeddable":true,"href":"https:\/\/regeszet.bibl.u-szeged.hu\/index.php\/wp-json\/wp\/v2\/users\/1"}],"replies":[{"embeddable":true,"href":"https:\/\/regeszet.bibl.u-szeged.hu\/index.php\/wp-json\/wp\/v2\/comments?post=4155"}],"version-history":[{"count":16,"href":"https:\/\/regeszet.bibl.u-szeged.hu\/index.php\/wp-json\/wp\/v2\/pages\/4155\/revisions"}],"predecessor-version":[{"id":4421,"href":"https:\/\/regeszet.bibl.u-szeged.hu\/index.php\/wp-json\/wp\/v2\/pages\/4155\/revisions\/4421"}],"up":[{"embeddable":true,"href":"https:\/\/regeszet.bibl.u-szeged.hu\/index.php\/wp-json\/wp\/v2\/pages\/4079"}],"wp:attachment":[{"href":"https:\/\/regeszet.bibl.u-szeged.hu\/index.php\/wp-json\/wp\/v2\/media?parent=4155"}],"curies":[{"name":"wp","href":"https:\/\/api.w.org\/{rel}","templated":true}]}}