{"id":43,"date":"2017-11-22T08:02:18","date_gmt":"2017-11-22T07:02:18","guid":{"rendered":"http:\/\/regeszet.bibl.u-szeged.hu\/?page_id=43"},"modified":"2022-02-08T09:54:14","modified_gmt":"2022-02-08T08:54:14","slug":"oktatas","status":"publish","type":"page","link":"https:\/\/regeszet.bibl.u-szeged.hu\/index.php\/oktatas\/","title":{"rendered":"Oktat\u00e1s"},"content":{"rendered":"<p>Tansz\u00e9k\u00fcnk h\u00e1romszint\u0171 oktat\u00e1si strukt\u00far\u00e1val rendelkezik, vagyis BA (Bachelor), MA (Master) \u00e9s doktori k\u00e9pz\u00e9st is biztos\u00edt hallgat\u00f3inak. Emellett m\u00e1s szakos hallgat\u00f3k sz\u00e1m\u00e1ra a r\u00e9g\u00e9szet minor k\u00e9pz\u00e9s is el\u00e9rhet\u0151.<\/p>\n","protected":false},"excerpt":{"rendered":"<p>Tansz\u00e9k\u00fcnk h\u00e1romszint\u0171 oktat\u00e1si strukt\u00far\u00e1val rendelkezik, vagyis BA (Bachelor), MA (Master) \u00e9s doktori k\u00e9pz\u00e9st is biztos\u00edt hallgat\u00f3inak. Emellett m\u00e1s szakos hallgat\u00f3k sz\u00e1m\u00e1ra a r\u00e9g\u00e9szet minor k\u00e9pz\u00e9s is el\u00e9rhet\u0151.<\/p>\n","protected":false},"author":1,"featured_media":0,"parent":0,"menu_order":4,"comment_status":"closed","ping_status":"closed","template":"","meta":{"footnotes":""},"class_list":["post-43","page","type-page","status-publish","hentry"],"_links":{"self":[{"href":"https:\/\/regeszet.bibl.u-szeged.hu\/index.php\/wp-json\/wp\/v2\/pages\/43","targetHints":{"allow":["GET"]}}],"collection":[{"href":"https:\/\/regeszet.bibl.u-szeged.hu\/index.php\/wp-json\/wp\/v2\/pages"}],"about":[{"href":"https:\/\/regeszet.bibl.u-szeged.hu\/index.php\/wp-json\/wp\/v2\/types\/page"}],"author":[{"embeddable":true,"href":"https:\/\/regeszet.bibl.u-szeged.hu\/index.php\/wp-json\/wp\/v2\/users\/1"}],"replies":[{"embeddable":true,"href":"https:\/\/regeszet.bibl.u-szeged.hu\/index.php\/wp-json\/wp\/v2\/comments?post=43"}],"version-history":[{"count":4,"href":"https:\/\/regeszet.bibl.u-szeged.hu\/index.php\/wp-json\/wp\/v2\/pages\/43\/revisions"}],"predecessor-version":[{"id":4554,"href":"https:\/\/regeszet.bibl.u-szeged.hu\/index.php\/wp-json\/wp\/v2\/pages\/43\/revisions\/4554"}],"wp:attachment":[{"href":"https:\/\/regeszet.bibl.u-szeged.hu\/index.php\/wp-json\/wp\/v2\/media?parent=43"}],"curies":[{"name":"wp","href":"https:\/\/api.w.org\/{rel}","templated":true}]}}