{"id":46,"date":"2017-11-22T08:02:26","date_gmt":"2017-11-22T07:02:26","guid":{"rendered":"http:\/\/regeszet.bibl.u-szeged.hu\/?page_id=46"},"modified":"2021-12-20T13:17:46","modified_gmt":"2021-12-20T12:17:46","slug":"kutatas","status":"publish","type":"page","link":"https:\/\/regeszet.bibl.u-szeged.hu\/index.php\/kutatas\/","title":{"rendered":"Kutat\u00e1s"},"content":{"rendered":"<p>Munkat\u00e1rsaink az egyetemi \u00f3ratart\u00e1s mellett sz\u00e1mos kutat\u00e1si programban vesznek r\u00e9szt, illetve r\u00e9g\u00e9szeti felt\u00e1r\u00e1sokat vezetnek.<\/p>\n","protected":false},"excerpt":{"rendered":"<p>Munkat\u00e1rsaink az egyetemi \u00f3ratart\u00e1s mellett sz\u00e1mos kutat\u00e1si programban vesznek r\u00e9szt, illetve r\u00e9g\u00e9szeti felt\u00e1r\u00e1sokat vezetnek.<\/p>\n","protected":false},"author":1,"featured_media":0,"parent":0,"menu_order":5,"comment_status":"closed","ping_status":"closed","template":"","meta":{"footnotes":""},"class_list":["post-46","page","type-page","status-publish","hentry"],"_links":{"self":[{"href":"https:\/\/regeszet.bibl.u-szeged.hu\/index.php\/wp-json\/wp\/v2\/pages\/46","targetHints":{"allow":["GET"]}}],"collection":[{"href":"https:\/\/regeszet.bibl.u-szeged.hu\/index.php\/wp-json\/wp\/v2\/pages"}],"about":[{"href":"https:\/\/regeszet.bibl.u-szeged.hu\/index.php\/wp-json\/wp\/v2\/types\/page"}],"author":[{"embeddable":true,"href":"https:\/\/regeszet.bibl.u-szeged.hu\/index.php\/wp-json\/wp\/v2\/users\/1"}],"replies":[{"embeddable":true,"href":"https:\/\/regeszet.bibl.u-szeged.hu\/index.php\/wp-json\/wp\/v2\/comments?post=46"}],"version-history":[{"count":4,"href":"https:\/\/regeszet.bibl.u-szeged.hu\/index.php\/wp-json\/wp\/v2\/pages\/46\/revisions"}],"predecessor-version":[{"id":4459,"href":"https:\/\/regeszet.bibl.u-szeged.hu\/index.php\/wp-json\/wp\/v2\/pages\/46\/revisions\/4459"}],"wp:attachment":[{"href":"https:\/\/regeszet.bibl.u-szeged.hu\/index.php\/wp-json\/wp\/v2\/media?parent=46"}],"curies":[{"name":"wp","href":"https:\/\/api.w.org\/{rel}","templated":true}]}}