{"id":4603,"date":"2022-02-10T09:59:14","date_gmt":"2022-02-10T08:59:14","guid":{"rendered":"https:\/\/regeszet.bibl.u-szeged.hu\/?page_id=4603"},"modified":"2025-10-31T16:25:59","modified_gmt":"2025-10-31T15:25:59","slug":"dr-marko-andras","status":"publish","type":"page","link":"https:\/\/regeszet.bibl.u-szeged.hu\/index.php\/munkatarsak\/oktatoink\/dr-marko-andras\/","title":{"rendered":"Dr. Mark\u00f3 Andr\u00e1s"},"content":{"rendered":"<p><img loading=\"lazy\" decoding=\"async\" class=\"alignright wp-image-4606\" src=\"http:\/\/regeszet.bibl.u-szeged.hu\/wp-content\/uploads\/2022\/02\/Marko-Andras.jpg\" alt=\"\" width=\"300\" height=\"320\" \/>egyetemi adjunktus<\/p>\n<p><strong>V\u00e9gzetts\u00e9g:<\/strong> r\u00e9g\u00e9sz<\/p>\n<p><strong>Kutat\u00e1si ter\u00fclet:<\/strong> \u0151sk\u0151kori r\u00e9g\u00e9szet<\/p>\n<p><strong>E-mail:<\/strong> marko.andras75@gmail.com<\/p>\n<p><strong>Fogad\u00f3\u00f3ra:<\/strong> kedden vagy szerd\u00e1n el\u0151re egyeztetett id\u0151pontban<\/p>\n<p><strong>Linkek:<\/strong><br \/>\n<a href=\"http:\/\/regeszet.bibl.u-szeged.hu\/wp-content\/uploads\/2022\/02\/Marko-Andras_szakmai-eletrajz_2021.pdf\" target=\"_blank\" rel=\"noopener\">Szakmai \u00f6n\u00e9letrajz<\/a><br \/>\n<a href=\"https:\/\/m2.mtmt.hu\/gui2\/?type=authors&amp;mode=browse&amp;sel=10031483\" target=\"_blank\" rel=\"noopener\">Publik\u00e1ci\u00f3k<\/a><br \/>\n<a href=\"https:\/\/independent.academia.edu\/AMark%C3%B3\" target=\"_blank\" rel=\"noopener\">Academia.edu profil<\/a><br \/>\n<a href=\"https:\/\/www.researchgate.net\/profile\/A-Marko\" target=\"_blank\" rel=\"noopener\">ResearchGate profil<\/a><\/p>\n<p>&nbsp;<\/p>\n","protected":false},"excerpt":{"rendered":"<p>egyetemi adjunktus V\u00e9gzetts\u00e9g: r\u00e9g\u00e9sz Kutat\u00e1si ter\u00fclet: \u0151sk\u0151kori r\u00e9g\u00e9szet E-mail: marko.andras75@gmail.com Fogad\u00f3\u00f3ra: kedden vagy szerd\u00e1n el\u0151re egyeztetett id\u0151pontban Linkek: Szakmai \u00f6n\u00e9letrajz Publik\u00e1ci\u00f3k Academia.edu profil ResearchGate profil &nbsp;<\/p>\n","protected":false},"author":1,"featured_media":0,"parent":102,"menu_order":6,"comment_status":"closed","ping_status":"closed","template":"","meta":{"footnotes":""},"class_list":["post-4603","page","type-page","status-publish","hentry"],"_links":{"self":[{"href":"https:\/\/regeszet.bibl.u-szeged.hu\/index.php\/wp-json\/wp\/v2\/pages\/4603","targetHints":{"allow":["GET"]}}],"collection":[{"href":"https:\/\/regeszet.bibl.u-szeged.hu\/index.php\/wp-json\/wp\/v2\/pages"}],"about":[{"href":"https:\/\/regeszet.bibl.u-szeged.hu\/index.php\/wp-json\/wp\/v2\/types\/page"}],"author":[{"embeddable":true,"href":"https:\/\/regeszet.bibl.u-szeged.hu\/index.php\/wp-json\/wp\/v2\/users\/1"}],"replies":[{"embeddable":true,"href":"https:\/\/regeszet.bibl.u-szeged.hu\/index.php\/wp-json\/wp\/v2\/comments?post=4603"}],"version-history":[{"count":5,"href":"https:\/\/regeszet.bibl.u-szeged.hu\/index.php\/wp-json\/wp\/v2\/pages\/4603\/revisions"}],"predecessor-version":[{"id":7002,"href":"https:\/\/regeszet.bibl.u-szeged.hu\/index.php\/wp-json\/wp\/v2\/pages\/4603\/revisions\/7002"}],"up":[{"embeddable":true,"href":"https:\/\/regeszet.bibl.u-szeged.hu\/index.php\/wp-json\/wp\/v2\/pages\/102"}],"wp:attachment":[{"href":"https:\/\/regeszet.bibl.u-szeged.hu\/index.php\/wp-json\/wp\/v2\/media?parent=4603"}],"curies":[{"name":"wp","href":"https:\/\/api.w.org\/{rel}","templated":true}]}}