{"id":4664,"date":"2022-03-03T10:16:02","date_gmt":"2022-03-03T09:16:02","guid":{"rendered":"https:\/\/regeszet.bibl.u-szeged.hu\/?page_id=4664"},"modified":"2022-03-07T10:35:08","modified_gmt":"2022-03-07T09:35:08","slug":"2021-2022","status":"publish","type":"page","link":"https:\/\/regeszet.bibl.u-szeged.hu\/index.php\/partiscon-tdk\/farsang\/2021-2022\/","title":{"rendered":"2021\/2022"},"content":{"rendered":"<p>Az idei tansz\u00e9ki farsangi mulats\u00e1gra 2022. m\u00e1rcius 2-\u00e1n ker\u00fclt sor a V\u00e1rosi Rock Klubban. A Partiscon TDK szervez\u0151i el\u0151ad\u00e1ssal, jelmezversennyel, csapatversennyel gondoskodtak munkat\u00e1rsaink \u00e9s hallgat\u00f3ink sz\u00f3rakoztat\u00e1s\u00e1r\u00f3l. A versenyt a 3. csapat nyerte, a 2. csapat v\u00e9gzett a m\u00e1sodik, az 1. csapat a harmadik, a 4. csapat pedig a negyedik helyen.<\/p>\n<p>A jelmezversenyen a Mohai Vir\u00e1g Gizella, Kakas Gerg\u0151 J\u00f3zsef \u00e9s Ol\u00e1h Szabolcs \u00e1ltal kre\u00e1lt <em>Pind\u00far pand\u00farok<\/em> \u00e9rt\u00e9k el az els\u0151 helyez\u00e9st. A m\u00e1sodik helyezett a Dud\u00e1s-Szab\u00f3 Kata \u00e9s Labundy Bertalan \u00e1ltal megform\u00e1lt <em>Piroska \u00e9s a nagymama <\/em>c. produkci\u00f3 lett, a harmadik helyen a Pill\u00e9r P\u00e9ter \u00e1ltal alak\u00edtott <em>Senator<\/em>, a negyedik helyen pedig Bors\u00f3di Martin, <em>A bajor<\/em> v\u00e9gzett.<\/p>\n<p>A rendezv\u00e9ny szervez\u0151i: B\u00f3dai Eszter, Varr\u00f3 Bal\u00e1zs, So\u00f3s Roland, Megyesi \u00c1kos, Szikszer B\u00e1lint, Varga Zsolt<\/p>\n<p>K\u00f6sz\u00f6nj\u00fck a szervez\u0151knek a j\u00f3 hangulat\u00fa est\u00e9t!<\/p>\n<div class=\"rgg-container\" data-rgg-id=\"1\">    <div class=\"rgg-imagegrid captions-title captions-effect-none \" data-rgg-id=\"1\">\n                    <a href=\"https:\/\/regeszet.bibl.u-szeged.hu\/wp-content\/uploads\/2022\/03\/Regesz-farsang_13-1024x768.jpg\" data-rel=\"rgg\" rel=\"rgg\" title=\"\" class=\"rgg-disabled size-medium rgg-img\" data-src=\"https:\/\/regeszet.bibl.u-szeged.hu\/wp-content\/uploads\/2022\/03\/Regesz-farsang_13-300x225.jpg\" data-ratio=\"1.3333333333333\" data-height=\"225\" data-width=\"300\" aria-label=\"\">\n                            <\/a>\n                    <a href=\"https:\/\/regeszet.bibl.u-szeged.hu\/wp-content\/uploads\/2022\/03\/Regesz-farsang_2-1024x768.jpg\" data-rel=\"rgg\" rel=\"rgg\" title=\"\" class=\"rgg-disabled size-medium rgg-img\" data-src=\"https:\/\/regeszet.bibl.u-szeged.hu\/wp-content\/uploads\/2022\/03\/Regesz-farsang_2-300x225.jpg\" data-ratio=\"1.3333333333333\" data-height=\"225\" data-width=\"300\" aria-label=\"\">\n                            <\/a>\n                    <a href=\"https:\/\/regeszet.bibl.u-szeged.hu\/wp-content\/uploads\/2022\/03\/Regesz-farsang_3-1024x768.jpg\" data-rel=\"rgg\" rel=\"rgg\" title=\"\" class=\"rgg-disabled size-medium rgg-img\" data-src=\"https:\/\/regeszet.bibl.u-szeged.hu\/wp-content\/uploads\/2022\/03\/Regesz-farsang_3-300x225.jpg\" data-ratio=\"1.3333333333333\" data-height=\"225\" data-width=\"300\" aria-label=\"\">\n                            <\/a>\n                    <a href=\"https:\/\/regeszet.bibl.u-szeged.hu\/wp-content\/uploads\/2022\/03\/Regesz-farsang_4-1024x768.jpg\" data-rel=\"rgg\" rel=\"rgg\" title=\"\" class=\"rgg-disabled size-medium rgg-img\" data-src=\"https:\/\/regeszet.bibl.u-szeged.hu\/wp-content\/uploads\/2022\/03\/Regesz-farsang_4-300x225.jpg\" data-ratio=\"1.3333333333333\" data-height=\"225\" data-width=\"300\" aria-label=\"\">\n                            <\/a>\n                    <a href=\"https:\/\/regeszet.bibl.u-szeged.hu\/wp-content\/uploads\/2022\/03\/Regesz-farsang_5-762x1024.jpg\" data-rel=\"rgg\" rel=\"rgg\" title=\"\" class=\"rgg-disabled size-medium rgg-img\" data-src=\"https:\/\/regeszet.bibl.u-szeged.hu\/wp-content\/uploads\/2022\/03\/Regesz-farsang_5-223x300.jpg\" data-ratio=\"0.74333333333333\" data-height=\"300\" data-width=\"223\" aria-label=\"\">\n                            <\/a>\n                    <a href=\"https:\/\/regeszet.bibl.u-szeged.hu\/wp-content\/uploads\/2022\/03\/Regesz-farsang_6-1024x768.jpg\" data-rel=\"rgg\" rel=\"rgg\" title=\"\" class=\"rgg-disabled size-medium rgg-img\" data-src=\"https:\/\/regeszet.bibl.u-szeged.hu\/wp-content\/uploads\/2022\/03\/Regesz-farsang_6-300x225.jpg\" data-ratio=\"1.3333333333333\" data-height=\"225\" data-width=\"300\" aria-label=\"\">\n                            <\/a>\n                    <a href=\"https:\/\/regeszet.bibl.u-szeged.hu\/wp-content\/uploads\/2022\/03\/Regesz-farsang_7-1024x768.jpg\" data-rel=\"rgg\" rel=\"rgg\" title=\"\" class=\"rgg-disabled size-medium rgg-img\" data-src=\"https:\/\/regeszet.bibl.u-szeged.hu\/wp-content\/uploads\/2022\/03\/Regesz-farsang_7-300x225.jpg\" data-ratio=\"1.3333333333333\" data-height=\"225\" data-width=\"300\" aria-label=\"\">\n                            <\/a>\n                    <a href=\"https:\/\/regeszet.bibl.u-szeged.hu\/wp-content\/uploads\/2022\/03\/Regesz-farsang_8-762x1024.jpg\" data-rel=\"rgg\" rel=\"rgg\" title=\"\" class=\"rgg-disabled size-medium rgg-img\" data-src=\"https:\/\/regeszet.bibl.u-szeged.hu\/wp-content\/uploads\/2022\/03\/Regesz-farsang_8-223x300.jpg\" data-ratio=\"0.74333333333333\" data-height=\"300\" data-width=\"223\" aria-label=\"\">\n                            <\/a>\n                    <a href=\"https:\/\/regeszet.bibl.u-szeged.hu\/wp-content\/uploads\/2022\/03\/Regesz-farsang_9-762x1024.jpg\" data-rel=\"rgg\" rel=\"rgg\" title=\"\" class=\"rgg-disabled size-medium rgg-img\" data-src=\"https:\/\/regeszet.bibl.u-szeged.hu\/wp-content\/uploads\/2022\/03\/Regesz-farsang_9-223x300.jpg\" data-ratio=\"0.74333333333333\" data-height=\"300\" data-width=\"223\" aria-label=\"\">\n                            <\/a>\n                    <a href=\"https:\/\/regeszet.bibl.u-szeged.hu\/wp-content\/uploads\/2022\/03\/Regesz-farsang_10-762x1024.jpg\" data-rel=\"rgg\" rel=\"rgg\" title=\"\" class=\"rgg-disabled size-medium rgg-img\" data-src=\"https:\/\/regeszet.bibl.u-szeged.hu\/wp-content\/uploads\/2022\/03\/Regesz-farsang_10-223x300.jpg\" data-ratio=\"0.74333333333333\" data-height=\"300\" data-width=\"223\" aria-label=\"\">\n                            <\/a>\n                    <a href=\"https:\/\/regeszet.bibl.u-szeged.hu\/wp-content\/uploads\/2022\/03\/Regesz-farsang_11-1024x768.jpg\" data-rel=\"rgg\" rel=\"rgg\" title=\"\" class=\"rgg-disabled size-medium rgg-img\" data-src=\"https:\/\/regeszet.bibl.u-szeged.hu\/wp-content\/uploads\/2022\/03\/Regesz-farsang_11-300x225.jpg\" data-ratio=\"1.3333333333333\" data-height=\"225\" data-width=\"300\" aria-label=\"\">\n                            <\/a>\n                    <a href=\"https:\/\/regeszet.bibl.u-szeged.hu\/wp-content\/uploads\/2022\/03\/Regesz-farsang_12-1024x768.jpg\" data-rel=\"rgg\" rel=\"rgg\" title=\"\" class=\"rgg-disabled size-medium rgg-img\" data-src=\"https:\/\/regeszet.bibl.u-szeged.hu\/wp-content\/uploads\/2022\/03\/Regesz-farsang_12-300x225.jpg\" data-ratio=\"1.3333333333333\" data-height=\"225\" data-width=\"300\" aria-label=\"\">\n                            <\/a>\n            <\/div>\n<\/div>\n","protected":false},"excerpt":{"rendered":"<p>Az idei tansz\u00e9ki farsangi mulats\u00e1gra 2022. m\u00e1rcius 2-\u00e1n ker\u00fclt sor a V\u00e1rosi Rock Klubban. A Partiscon TDK szervez\u0151i el\u0151ad\u00e1ssal, jelmezversennyel, csapatversennyel gondoskodtak munkat\u00e1rsaink \u00e9s hallgat\u00f3ink sz\u00f3rakoztat\u00e1s\u00e1r\u00f3l. A versenyt a 3. csapat nyerte, a 2. csapat v\u00e9gzett a m\u00e1sodik, az 1. csapat a harmadik, a 4. csapat pedig a negyedik helyen. A jelmezversenyen a Mohai Vir\u00e1g &hellip; <a href=\"https:\/\/regeszet.bibl.u-szeged.hu\/index.php\/partiscon-tdk\/farsang\/2021-2022\/\" class=\"more-link\"><span class=\"screen-reader-text\">2021\/2022<\/span> b\u0151vebben&#8230; <span class=\"meta-nav\">&rarr;<\/span><\/a><\/p>\n","protected":false},"author":1,"featured_media":0,"parent":219,"menu_order":0,"comment_status":"closed","ping_status":"closed","template":"","meta":{"footnotes":""},"class_list":["post-4664","page","type-page","status-publish","hentry"],"_links":{"self":[{"href":"https:\/\/regeszet.bibl.u-szeged.hu\/index.php\/wp-json\/wp\/v2\/pages\/4664","targetHints":{"allow":["GET"]}}],"collection":[{"href":"https:\/\/regeszet.bibl.u-szeged.hu\/index.php\/wp-json\/wp\/v2\/pages"}],"about":[{"href":"https:\/\/regeszet.bibl.u-szeged.hu\/index.php\/wp-json\/wp\/v2\/types\/page"}],"author":[{"embeddable":true,"href":"https:\/\/regeszet.bibl.u-szeged.hu\/index.php\/wp-json\/wp\/v2\/users\/1"}],"replies":[{"embeddable":true,"href":"https:\/\/regeszet.bibl.u-szeged.hu\/index.php\/wp-json\/wp\/v2\/comments?post=4664"}],"version-history":[{"count":3,"href":"https:\/\/regeszet.bibl.u-szeged.hu\/index.php\/wp-json\/wp\/v2\/pages\/4664\/revisions"}],"predecessor-version":[{"id":4680,"href":"https:\/\/regeszet.bibl.u-szeged.hu\/index.php\/wp-json\/wp\/v2\/pages\/4664\/revisions\/4680"}],"up":[{"embeddable":true,"href":"https:\/\/regeszet.bibl.u-szeged.hu\/index.php\/wp-json\/wp\/v2\/pages\/219"}],"wp:attachment":[{"href":"https:\/\/regeszet.bibl.u-szeged.hu\/index.php\/wp-json\/wp\/v2\/media?parent=4664"}],"curies":[{"name":"wp","href":"https:\/\/api.w.org\/{rel}","templated":true}]}}