{"id":49,"date":"2017-11-22T08:02:41","date_gmt":"2017-11-22T07:02:41","guid":{"rendered":"http:\/\/regeszet.bibl.u-szeged.hu\/?page_id=49"},"modified":"2017-11-25T09:56:05","modified_gmt":"2017-11-25T08:56:05","slug":"tehetseggondozas","status":"publish","type":"page","link":"https:\/\/regeszet.bibl.u-szeged.hu\/index.php\/tehetseggondozas\/","title":{"rendered":"Tehets\u00e9ggondoz\u00e1s"},"content":{"rendered":"<p>Tansz\u00e9k\u00fcnk munkat\u00e1rsai nagy hangs\u00falyt fektetnek a tehets\u00e9ggondoz\u00e1sra. Hallgat\u00f3inkat j\u00f3l fel\u00e9p\u00edtett rendszer szerint k\u00e9sz\u00edtj\u00fck fel az OTDK-ra. Az Erasmus-program keret\u00e9ben di\u00e1kjainknak lehet\u0151s\u00e9g\u00fck van a torin\u00f3i, a mainzi \u00e9s a kolozsv\u00e1ri egyetemen b\u0151v\u00edteni tud\u00e1sukat. A tehets\u00e9ggondoz\u00e1s t\u00e1rgyi \u00e9s anyagi h\u00e1tter\u00e9nek biztos\u00edt\u00e1s\u00e1ban jelent\u0151s seg\u00edts\u00e9g\u00fcnkre vannak a T\u00c1MOP \u00e9s NTP p\u00e1ly\u00e1zatok, melyekre \u00e9vente p\u00e1ly\u00e1zunk.<\/p>\n","protected":false},"excerpt":{"rendered":"<p>Tansz\u00e9k\u00fcnk munkat\u00e1rsai nagy hangs\u00falyt fektetnek a tehets\u00e9ggondoz\u00e1sra. Hallgat\u00f3inkat j\u00f3l fel\u00e9p\u00edtett rendszer szerint k\u00e9sz\u00edtj\u00fck fel az OTDK-ra. Az Erasmus-program keret\u00e9ben di\u00e1kjainknak lehet\u0151s\u00e9g\u00fck van a torin\u00f3i, a mainzi \u00e9s a kolozsv\u00e1ri egyetemen b\u0151v\u00edteni tud\u00e1sukat. A tehets\u00e9ggondoz\u00e1s t\u00e1rgyi \u00e9s anyagi h\u00e1tter\u00e9nek biztos\u00edt\u00e1s\u00e1ban jelent\u0151s seg\u00edts\u00e9g\u00fcnkre vannak a T\u00c1MOP \u00e9s NTP p\u00e1ly\u00e1zatok, melyekre \u00e9vente p\u00e1ly\u00e1zunk.<\/p>\n","protected":false},"author":1,"featured_media":0,"parent":0,"menu_order":6,"comment_status":"closed","ping_status":"closed","template":"","meta":{"footnotes":""},"class_list":["post-49","page","type-page","status-publish","hentry"],"_links":{"self":[{"href":"https:\/\/regeszet.bibl.u-szeged.hu\/index.php\/wp-json\/wp\/v2\/pages\/49","targetHints":{"allow":["GET"]}}],"collection":[{"href":"https:\/\/regeszet.bibl.u-szeged.hu\/index.php\/wp-json\/wp\/v2\/pages"}],"about":[{"href":"https:\/\/regeszet.bibl.u-szeged.hu\/index.php\/wp-json\/wp\/v2\/types\/page"}],"author":[{"embeddable":true,"href":"https:\/\/regeszet.bibl.u-szeged.hu\/index.php\/wp-json\/wp\/v2\/users\/1"}],"replies":[{"embeddable":true,"href":"https:\/\/regeszet.bibl.u-szeged.hu\/index.php\/wp-json\/wp\/v2\/comments?post=49"}],"version-history":[{"count":2,"href":"https:\/\/regeszet.bibl.u-szeged.hu\/index.php\/wp-json\/wp\/v2\/pages\/49\/revisions"}],"predecessor-version":[{"id":1175,"href":"https:\/\/regeszet.bibl.u-szeged.hu\/index.php\/wp-json\/wp\/v2\/pages\/49\/revisions\/1175"}],"wp:attachment":[{"href":"https:\/\/regeszet.bibl.u-szeged.hu\/index.php\/wp-json\/wp\/v2\/media?parent=49"}],"curies":[{"name":"wp","href":"https:\/\/api.w.org\/{rel}","templated":true}]}}