{"id":5169,"date":"2022-09-03T10:25:15","date_gmt":"2022-09-03T08:25:15","guid":{"rendered":"https:\/\/regeszet.bibl.u-szeged.hu\/?page_id=5169"},"modified":"2023-08-07T12:15:24","modified_gmt":"2023-08-07T10:15:24","slug":"ntp-2022-2023","status":"publish","type":"page","link":"https:\/\/regeszet.bibl.u-szeged.hu\/index.php\/del-alfoldi-regeszeti-egylet\/ntp-2022-2023\/","title":{"rendered":"NTP 2022-2023"},"content":{"rendered":"<p><img loading=\"lazy\" decoding=\"async\" class=\"alignright size-medium wp-image-5175\" src=\"http:\/\/regeszet.bibl.u-szeged.hu\/wp-content\/uploads\/2022\/10\/palyazati-tamogatas-300x212.jpg\" alt=\"\" width=\"300\" height=\"212\" srcset=\"https:\/\/regeszet.bibl.u-szeged.hu\/wp-content\/uploads\/2022\/10\/palyazati-tamogatas-300x212.jpg 300w, https:\/\/regeszet.bibl.u-szeged.hu\/wp-content\/uploads\/2022\/10\/palyazati-tamogatas-1024x724.jpg 1024w, https:\/\/regeszet.bibl.u-szeged.hu\/wp-content\/uploads\/2022\/10\/palyazati-tamogatas-768x543.jpg 768w, https:\/\/regeszet.bibl.u-szeged.hu\/wp-content\/uploads\/2022\/10\/palyazati-tamogatas-1536x1086.jpg 1536w, https:\/\/regeszet.bibl.u-szeged.hu\/wp-content\/uploads\/2022\/10\/palyazati-tamogatas.jpg 1653w\" sizes=\"auto, (max-width: 300px) 100vw, 300px\" \/>\u00d6r\u00f6mmel adjuk h\u00edr\u00fcl, hogy a D\u00e9l-alf\u00f6ldi R\u00e9g\u00e9szeti Egylet 3 144 000 Ft t\u00e1mogat\u00e1st nyert el a \u201e<em>Hazai \u00e9s hat\u00e1ron t\u00fali, tehets\u00e9ggondoz\u00f3 tev\u00e9kenys\u00e9get v\u00e9gz\u0151 szervezetek t\u00e1mogat\u00e1sa<\/em>\u201d c\u00edm\u0171 p\u00e1ly\u00e1zat keret\u00e9ben. A p\u00e1ly\u00e1zati kateg\u00f3ria k\u00f3dja: NTP-TSZM-22<\/p>\n<p>A t\u00e1mogat\u00e1st a szegedi r\u00e9g\u00e9szhallgat\u00f3k tehets\u00e9ggondoz\u00e1s\u00e1ra ford\u00edtja az egylet.<\/p>\n<p>A p\u00e1ly\u00e1zat keret\u00e9ben megval\u00f3sult programjainkr\u00f3l b\u0151vebben:<\/p>\n<ul>\n<li><a href=\"https:\/\/regeszet.bibl.u-szeged.hu\/index.php\/2022\/05\/27\/tanasatas-tiszavasvariban\/\" target=\"_blank\" rel=\"noopener\">Tan\u00e1sat\u00e1s Tiszavasv\u00e1riban<\/a><\/li>\n<li><a href=\"https:\/\/regeszet.bibl.u-szeged.hu\/index.php\/2022\/07\/01\/tanszeki-asatas-tiszavasvariban-elkezdodott\/\" target=\"_blank\" rel=\"noopener\">Tansz\u00e9ki \u00e1sat\u00e1s Tiszavasv\u00e1riban \u2013 elkezd\u0151d\u00f6tt<\/a><\/li>\n<li><a href=\"https:\/\/regeszet.bibl.u-szeged.hu\/index.php\/2022\/07\/11\/eletkepek-a-tiszavasvaribol\/\" target=\"_blank\" rel=\"noopener\">\u00c9letk\u00e9pek a Tiszavasv\u00e1rib\u00f3l<\/a><\/li>\n<li><a href=\"https:\/\/regeszet.bibl.u-szeged.hu\/index.php\/2022\/07\/18\/kepes-beszamolo-az-asatasrol\/\" target=\"_blank\" rel=\"noopener\">K\u00e9pes besz\u00e1mol\u00f3 az \u00e1sat\u00e1sr\u00f3l<\/a><\/li>\n<li><a href=\"https:\/\/regeszet.bibl.u-szeged.hu\/index.php\/2022\/07\/20\/ujabb-kepes-beszamolo-a-tiszavasvariban-zajlo-feltarasrol\/\" target=\"_blank\" rel=\"noopener\">\u00dajabb k\u00e9pes besz\u00e1mol\u00f3 a Tiszavasv\u00e1riban zajl\u00f3 felt\u00e1r\u00e1sr\u00f3l<\/a><\/li>\n<li><a href=\"https:\/\/regeszet.bibl.u-szeged.hu\/index.php\/2022\/07\/25\/avar-kori-telepreszlet-feltarasa-tiszavasvariban\/\" target=\"_blank\" rel=\"noopener\">Avar kori telepr\u00e9szlet felt\u00e1r\u00e1sa Tiszavasv\u00e1riban<\/a><\/li>\n<li><a href=\"https:\/\/regeszet.bibl.u-szeged.hu\/index.php\/2022\/07\/26\/latogatok-az-asatasunkon\/\" target=\"_blank\" rel=\"noopener\">L\u00e1togat\u00f3k az \u00e1sat\u00e1sunkon<\/a><\/li>\n<li><a href=\"https:\/\/regeszet.bibl.u-szeged.hu\/index.php\/2022\/09\/25\/kutatok-ejszakaja-a-regeszeti-tanszeken-2\/\" target=\"_blank\" rel=\"noopener\">Kutat\u00f3k \u00c9jszak\u00e1ja a R\u00e9g\u00e9szeti Tansz\u00e9ken<\/a><\/li>\n<li><a href=\"https:\/\/regeszet.bibl.u-szeged.hu\/index.php\/2022\/10\/04\/kutatok-ejszakaja-a-szegedi-regeszeti-tanszeken\/\" target=\"_blank\" rel=\"noopener\">Kutat\u00f3k \u00c9jszak\u00e1ja a szegedi R\u00e9g\u00e9szeti Tansz\u00e9ken<\/a><\/li>\n<li><a href=\"https:\/\/regeszet.bibl.u-szeged.hu\/index.php\/2022\/10\/06\/palyazati-felhivas-archeometriai-vizsgalatokra\/\" target=\"_blank\" rel=\"noopener\">P\u00e1ly\u00e1zati felh\u00edv\u00e1s archeometriai vizsg\u00e1latokra<\/a><\/li>\n<li><a href=\"https:\/\/regeszet.bibl.u-szeged.hu\/index.php\/2022\/10\/25\/eredmenyhirdetes-archaeometriai-vizsgalatok-elvegzesere-iranyulo-palyazattal-kapcsolatban\/\" target=\"_blank\" rel=\"noopener\">Eredm\u00e9nyhirdet\u00e9s archaeometriai vizsg\u00e1latok elv\u00e9gz\u00e9s\u00e9re ir\u00e1nyul\u00f3 p\u00e1ly\u00e1zattal kapcsolatban<\/a><\/li>\n<li><a href=\"https:\/\/regeszet.bibl.u-szeged.hu\/index.php\/2022\/12\/12\/tanszeki-kirandulas-eszaknyugat-magyarorszagon\/\" target=\"_blank\" rel=\"noopener\">Tansz\u00e9ki kir\u00e1ndul\u00e1s az \u00c9szak-Dun\u00e1nt\u00falon<\/a><\/li>\n<li><a href=\"https:\/\/regeszet.bibl.u-szeged.hu\/index.php\/2023\/01\/11\/regeszeti-kiallitas-hodmezovasarhelyen\/\" target=\"_blank\" rel=\"noopener\">R\u00e9g\u00e9szeti ki\u00e1ll\u00edt\u00e1s H\u00f3dmez\u0151v\u00e1s\u00e1rhelyen<\/a><\/li>\n<li><a href=\"https:\/\/regeszet.bibl.u-szeged.hu\/index.php\/2023\/01\/20\/megnyilt-a-tanszeki-kiallitasunk-a-hodmezovasarhelyi-muzeumban\/\" target=\"_blank\" rel=\"noopener\">Megny\u00edlt a tansz\u00e9ki ki\u00e1ll\u00edt\u00e1sunk a h\u00f3dmez\u0151v\u00e1s\u00e1rhelyi m\u00fazeumban<\/a><\/li>\n<li><a href=\"https:\/\/regeszet.bibl.u-szeged.hu\/index.php\/2023\/01\/20\/regeszkedj-velunk-online-tanulmanyi-verseny-kozepiskolasok-szamara\/\" target=\"_blank\" rel=\"noopener\">R\u00e9g\u00e9szkedj vel\u00fcnk! &#8211; Online tanulm\u00e1nyi verseny k\u00f6z\u00e9piskol\u00e1sok sz\u00e1m\u00e1ra<\/a><\/li>\n<li><a href=\"https:\/\/regeszet.bibl.u-szeged.hu\/index.php\/2023\/03\/13\/muzeumpedagogiai-foglalkozasok-a-tanszeki-kiallitasunkban\/\" target=\"_blank\" rel=\"noopener\">M\u00fazeumpedag\u00f3giai foglalkoz\u00e1sok a tansz\u00e9ki ki\u00e1ll\u00edt\u00e1sunkban<\/a><\/li>\n<li><a href=\"https:\/\/regeszet.bibl.u-szeged.hu\/index.php\/2023\/03\/29\/tanszeki-kirandulas-a-dunantulon\/\" target=\"_blank\" rel=\"noopener\">Tansz\u00e9ki kir\u00e1ndul\u00e1s a Dun\u00e1nt\u00falon<\/a><\/li>\n<li><a href=\"https:\/\/regeszet.bibl.u-szeged.hu\/index.php\/2023\/03\/30\/keszulunk-az-otdk-ra\/\" target=\"_blank\" rel=\"noopener\">K\u00e9sz\u00fcl\u00fcnk az OTDK-ra<\/a><\/li>\n<li><a href=\"https:\/\/regeszet.bibl.u-szeged.hu\/index.php\/2023\/05\/23\/palyazati-zarokonferencia-es-beszamolo\/\" target=\"_blank\" rel=\"noopener\">P\u00e1ly\u00e1zati z\u00e1r\u00f3konferencia \u00e9s besz\u00e1mol\u00f3<\/a><\/li>\n<li><a href=\"https:\/\/regeszet.bibl.u-szeged.hu\/index.php\/2023\/05\/28\/szakmai-eredmenyek-palyazati-tamogatasbol\/\" target=\"_blank\" rel=\"noopener\">Szakmai eredm\u00e9nyek p\u00e1ly\u00e1zati t\u00e1mogat\u00e1sb\u00f3l<\/a><\/li>\n<li><a href=\"https:\/\/regeszet.bibl.u-szeged.hu\/index.php\/2023\/05\/31\/regeszkedj-velunk-online-kozepiskolai-tanulmanyi-verseny-eredmenyhirdetese\/\" target=\"_blank\" rel=\"noopener\">R\u00e9g\u00e9szkedj vel\u00fcnk! Online k\u00f6z\u00e9piskolai tanulm\u00e1nyi verseny eredm\u00e9nyhirdet\u00e9se<\/a><\/li>\n<li><a href=\"https:\/\/regeszet.bibl.u-szeged.hu\/index.php\/2023\/05\/29\/regeszet-napja-a-szegedi-regeszeti-tanszeken\/\" target=\"_blank\" rel=\"noopener\">R\u00e9g\u00e9szet Napja a szegedi R\u00e9g\u00e9szeti Tansz\u00e9ken<\/a><\/li>\n<li><a href=\"https:\/\/regeszet.bibl.u-szeged.hu\/index.php\/2023\/05\/30\/bucsuzunk-vasarhelytol\/\" target=\"_blank\" rel=\"noopener\">B\u00facs\u00fazunk V\u00e1s\u00e1rhelyt\u0151l<\/a><\/li>\n<li><a href=\"https:\/\/regeszet.bibl.u-szeged.hu\/index.php\/2023\/06\/05\/istenek-ideak-es-hosok-a-regeszet-napjan\/\" target=\"_blank\" rel=\"noopener\">Istenek, ide\u00e1k, h\u0151s\u00f6k a R\u00e9g\u00e9szet Napj\u00e1n<\/a><\/li>\n<li><a href=\"https:\/\/regeszet.bibl.u-szeged.hu\/index.php\/kiadvanyaink\/valogatas-a-szegedi-egyetem-regeszeti-tanszekenek-leleteibol\/\" target=\"_blank\" rel=\"noopener\">\u201eAz\u00e9rt m\u00e9gis csin\u00e1lunk int\u00e9zetet is, gy\u0171jtem\u00e9nyt is\u2026\u201d V\u00e1logat\u00e1s a szegedi egyetem R\u00e9g\u00e9szeti Tansz\u00e9k\u00e9nek leleteib\u0151l<\/a><\/li>\n<li><a href=\"https:\/\/regeszet.bibl.u-szeged.hu\/index.php\/2023\/08\/01\/a-del-alfoldi-regeszeti-egylet-ntp-tszm-22-palyazatanak-zarokonferenciaja-es-beszamoloja\/\" target=\"_blank\" rel=\"noopener\">A D\u00e9l-alf\u00f6ldi R\u00e9g\u00e9szeti Egylet NTP-TSZM-22 p\u00e1ly\u00e1zat\u00e1nak z\u00e1r\u00f3konferenci\u00e1ja \u00e9s besz\u00e1mol\u00f3ja<\/a><\/li>\n<\/ul>\n<p>&nbsp;<\/p>\n","protected":false},"excerpt":{"rendered":"<p>\u00d6r\u00f6mmel adjuk h\u00edr\u00fcl, hogy a D\u00e9l-alf\u00f6ldi R\u00e9g\u00e9szeti Egylet 3 144 000 Ft t\u00e1mogat\u00e1st nyert el a \u201eHazai \u00e9s hat\u00e1ron t\u00fali, tehets\u00e9ggondoz\u00f3 tev\u00e9kenys\u00e9get v\u00e9gz\u0151 szervezetek t\u00e1mogat\u00e1sa\u201d c\u00edm\u0171 p\u00e1ly\u00e1zat keret\u00e9ben. A p\u00e1ly\u00e1zati kateg\u00f3ria k\u00f3dja: NTP-TSZM-22 A t\u00e1mogat\u00e1st a szegedi r\u00e9g\u00e9szhallgat\u00f3k tehets\u00e9ggondoz\u00e1s\u00e1ra ford\u00edtja az egylet. A p\u00e1ly\u00e1zat keret\u00e9ben megval\u00f3sult programjainkr\u00f3l b\u0151vebben: Tan\u00e1sat\u00e1s Tiszavasv\u00e1riban Tansz\u00e9ki \u00e1sat\u00e1s Tiszavasv\u00e1riban \u2013 elkezd\u0151d\u00f6tt &hellip; <a href=\"https:\/\/regeszet.bibl.u-szeged.hu\/index.php\/del-alfoldi-regeszeti-egylet\/ntp-2022-2023\/\" class=\"more-link\"><span class=\"screen-reader-text\">NTP 2022-2023<\/span> b\u0151vebben&#8230; <span class=\"meta-nav\">&rarr;<\/span><\/a><\/p>\n","protected":false},"author":1,"featured_media":0,"parent":2227,"menu_order":0,"comment_status":"closed","ping_status":"closed","template":"","meta":{"footnotes":""},"class_list":["post-5169","page","type-page","status-publish","hentry"],"_links":{"self":[{"href":"https:\/\/regeszet.bibl.u-szeged.hu\/index.php\/wp-json\/wp\/v2\/pages\/5169","targetHints":{"allow":["GET"]}}],"collection":[{"href":"https:\/\/regeszet.bibl.u-szeged.hu\/index.php\/wp-json\/wp\/v2\/pages"}],"about":[{"href":"https:\/\/regeszet.bibl.u-szeged.hu\/index.php\/wp-json\/wp\/v2\/types\/page"}],"author":[{"embeddable":true,"href":"https:\/\/regeszet.bibl.u-szeged.hu\/index.php\/wp-json\/wp\/v2\/users\/1"}],"replies":[{"embeddable":true,"href":"https:\/\/regeszet.bibl.u-szeged.hu\/index.php\/wp-json\/wp\/v2\/comments?post=5169"}],"version-history":[{"count":24,"href":"https:\/\/regeszet.bibl.u-szeged.hu\/index.php\/wp-json\/wp\/v2\/pages\/5169\/revisions"}],"predecessor-version":[{"id":5768,"href":"https:\/\/regeszet.bibl.u-szeged.hu\/index.php\/wp-json\/wp\/v2\/pages\/5169\/revisions\/5768"}],"up":[{"embeddable":true,"href":"https:\/\/regeszet.bibl.u-szeged.hu\/index.php\/wp-json\/wp\/v2\/pages\/2227"}],"wp:attachment":[{"href":"https:\/\/regeszet.bibl.u-szeged.hu\/index.php\/wp-json\/wp\/v2\/media?parent=5169"}],"curies":[{"name":"wp","href":"https:\/\/api.w.org\/{rel}","templated":true}]}}