{"id":52,"date":"2017-11-22T08:03:00","date_gmt":"2017-11-22T07:03:00","guid":{"rendered":"http:\/\/regeszet.bibl.u-szeged.hu\/?page_id=52"},"modified":"2022-02-08T12:16:39","modified_gmt":"2022-02-08T11:16:39","slug":"partiscon-tdk","status":"publish","type":"page","link":"https:\/\/regeszet.bibl.u-szeged.hu\/index.php\/partiscon-tdk\/","title":{"rendered":"Partiscon TDK"},"content":{"rendered":"<p><a href=\"http:\/\/regeszet.bibl.u-szeged.hu\/wp-content\/uploads\/2017\/11\/fejlec_a_Partiscon_kezdolapjara.jpg\"><img loading=\"lazy\" decoding=\"async\" class=\"alignnone size-full wp-image-1259\" src=\"http:\/\/regeszet.bibl.u-szeged.hu\/wp-content\/uploads\/2017\/11\/fejlec_a_Partiscon_kezdolapjara.jpg\" alt=\"\" width=\"900\" height=\"184\" \/><\/a><\/p>\n<p><strong>\u201cPARTISCON\u201d R\u00e9g\u00e9szhallgat\u00f3k Klubja \u00e9s Tudom\u00e1nyos Di\u00e1kk\u00f6r<\/strong><\/p>\n<p>A \u201cPARTISCON\u201d R\u00e9g\u00e9szhallgat\u00f3k Klubja \u00e9s Tudom\u00e1nyos Di\u00e1kk\u00f6r egyetemista szervezet, mely 2010. m\u00e1jus 27-\u00e9n alakult meg. Tagja minden akt\u00edv hallgat\u00f3i jogviszonnyal rendelkez\u0151 szegedi r\u00e9g\u00e9szhallgat\u00f3.<\/p>\n<p>A szervezet c\u00e9ljai:<\/p>\n<p>A Szegedi Tudom\u00e1nyegyetem B\u00f6lcs\u00e9szettudom\u00e1nyi Kar R\u00e9g\u00e9szeti Tansz\u00e9k\u00e9nek tudom\u00e1nyos, kultur\u00e1lis \u00e9s k\u00f6z\u00f6ss\u00e9gi \u00e9let\u00e9ben val\u00f3 r\u00e9szv\u00e9tele, illetve szervez\u00e9si feladatok ell\u00e1t\u00e1sa.<\/p>\n<p>a) bel- \u00e9s k\u00fclf\u00f6ldi kapcsolatok \u00e9p\u00edt\u00e9se<br \/>\nb) a hallgat\u00f3k tanterven k\u00edv\u00fcli tov\u00e1bbk\u00e9pz\u00e9se el\u0151ad\u00e1ssorozatok, vitaestek, konferenci\u00e1k, tanulm\u00e1nyi kir\u00e1ndul\u00e1sok szervez\u00e9se r\u00e9v\u00e9n<br \/>\nc) a tansz\u00e9ken tanul\u00f3 tehets\u00e9ges r\u00e9g\u00e9szhallgat\u00f3k a TDK-n \u00e9s az OTDK-n t\u00f6rt\u00e9n\u0151 r\u00e9szv\u00e9tel\u00e9ben sz\u00fcks\u00e9ges t\u00e1mogat\u00e1sa \u00e9s\/vagy p\u00e1ly\u00e1zatokban t\u00f6rt\u00e9n\u0151 r\u00e9szes\u00edt\u00e9se<br \/>\nd) a \u201cPARTISCON\u201d tagjai \u00e1ltal kezdem\u00e9nyezett kutat\u00e1si programok\/projektek m\u0171k\u00f6d\u00e9s\u00e9hez sz\u00fcks\u00e9ges szervezeti \u00e9s infrastruktur\u00e1lis h\u00e1tt\u00e9r biztos\u00edt\u00e1sa<br \/>\ne) rendezv\u00e9nyek szervez\u00e9se: els\u0151s\u00f6k bemutatkoz\u00f3 estje, mikul\u00e1s-b\u00e1l, farsang, tansz\u00e9ki f\u0151z\u0151verseny, R\u00e9g\u00e9szhallgat\u00f3k Orsz\u00e1gos Tal\u00e1lkoz\u00f3ja,<br \/>\nf) egy\u00fcttm\u0171k\u00f6d\u00e9s m\u00e1s egyetemek r\u00e9g\u00e9szeti TDK-j\u00e1val, a t\u00e1rs- \u00e9s rokontudom\u00e1nyok TDK-j\u00e1val, a H\u00d6K-kel \u00e9s az EH\u00d6K-kel<\/p>\n<p><strong>A\u00a0 \u201cPARTISCON\u201d Tudom\u00e1nyos Di\u00e1kk\u00f6r tiszts\u00e9gvisel\u0151i:<br \/>\n<\/strong>Varr\u00f3 Bal\u00e1zs &#8211; titk\u00e1r<\/p>\n<p><strong>Vezet\u0151 oktat\u00f3k:<br \/>\n<\/strong>R\u00e9v\u00e9sz L\u00e1szl\u00f3<br \/>\nPint\u00e9r-Nagy Katalin<\/p>\n<p>Partiscon TDK e-mail c\u00edme: partiscon@gmail.com<br \/>\nA Particon TDK facebook oldala: <a href=\"https:\/\/www.facebook.com\/partiscontdk\" target=\"_blank\" rel=\"noopener\">https:\/\/www.facebook.com\/partiscontdk<\/a><\/p>\n","protected":false},"excerpt":{"rendered":"<p>\u201cPARTISCON\u201d R\u00e9g\u00e9szhallgat\u00f3k Klubja \u00e9s Tudom\u00e1nyos Di\u00e1kk\u00f6r A \u201cPARTISCON\u201d R\u00e9g\u00e9szhallgat\u00f3k Klubja \u00e9s Tudom\u00e1nyos Di\u00e1kk\u00f6r egyetemista szervezet, mely 2010. m\u00e1jus 27-\u00e9n alakult meg. Tagja minden akt\u00edv hallgat\u00f3i jogviszonnyal rendelkez\u0151 szegedi r\u00e9g\u00e9szhallgat\u00f3. A szervezet c\u00e9ljai: A Szegedi Tudom\u00e1nyegyetem B\u00f6lcs\u00e9szettudom\u00e1nyi Kar R\u00e9g\u00e9szeti Tansz\u00e9k\u00e9nek tudom\u00e1nyos, kultur\u00e1lis \u00e9s k\u00f6z\u00f6ss\u00e9gi \u00e9let\u00e9ben val\u00f3 r\u00e9szv\u00e9tele, illetve szervez\u00e9si feladatok ell\u00e1t\u00e1sa. a) bel- \u00e9s k\u00fclf\u00f6ldi kapcsolatok &hellip; <a href=\"https:\/\/regeszet.bibl.u-szeged.hu\/index.php\/partiscon-tdk\/\" class=\"more-link\"><span class=\"screen-reader-text\">Partiscon TDK<\/span> b\u0151vebben&#8230; <span class=\"meta-nav\">&rarr;<\/span><\/a><\/p>\n","protected":false},"author":1,"featured_media":0,"parent":0,"menu_order":7,"comment_status":"closed","ping_status":"closed","template":"","meta":{"footnotes":""},"class_list":["post-52","page","type-page","status-publish","hentry"],"_links":{"self":[{"href":"https:\/\/regeszet.bibl.u-szeged.hu\/index.php\/wp-json\/wp\/v2\/pages\/52","targetHints":{"allow":["GET"]}}],"collection":[{"href":"https:\/\/regeszet.bibl.u-szeged.hu\/index.php\/wp-json\/wp\/v2\/pages"}],"about":[{"href":"https:\/\/regeszet.bibl.u-szeged.hu\/index.php\/wp-json\/wp\/v2\/types\/page"}],"author":[{"embeddable":true,"href":"https:\/\/regeszet.bibl.u-szeged.hu\/index.php\/wp-json\/wp\/v2\/users\/1"}],"replies":[{"embeddable":true,"href":"https:\/\/regeszet.bibl.u-szeged.hu\/index.php\/wp-json\/wp\/v2\/comments?post=52"}],"version-history":[{"count":4,"href":"https:\/\/regeszet.bibl.u-szeged.hu\/index.php\/wp-json\/wp\/v2\/pages\/52\/revisions"}],"predecessor-version":[{"id":4565,"href":"https:\/\/regeszet.bibl.u-szeged.hu\/index.php\/wp-json\/wp\/v2\/pages\/52\/revisions\/4565"}],"wp:attachment":[{"href":"https:\/\/regeszet.bibl.u-szeged.hu\/index.php\/wp-json\/wp\/v2\/media?parent=52"}],"curies":[{"name":"wp","href":"https:\/\/api.w.org\/{rel}","templated":true}]}}