{"id":522,"date":"2019-05-06T10:59:41","date_gmt":"2019-05-06T08:59:41","guid":{"rendered":"http:\/\/regeszet.bibl.u-szeged.hu\/?page_id=522"},"modified":"2026-03-21T19:40:12","modified_gmt":"2026-03-21T18:40:12","slug":"asatasi-lehetosegek","status":"publish","type":"page","link":"https:\/\/regeszet.bibl.u-szeged.hu\/index.php\/hallgatoknak\/asatasi-lehetosegek\/","title":{"rendered":"\u00c1sat\u00e1si lehet\u0151s\u00e9gek"},"content":{"rendered":"<h3>\u00c1sat\u00e1si lehet\u0151s\u00e9g \u00c9nlak\u00e1n<\/h3>\n<p><span style=\"font-size: 14pt;\"><br \/>\nR\u00e9g\u00e9szhallgat\u00f3k jelentkez\u00e9s\u00e9t v\u00e1rj\u00e1k az \u00c9nlak\u00e1n tervezett felt\u00e1r\u00e1sra.<\/span><\/p>\n<ul>\n<li><span style=\"font-size: 14pt;\">Korszak: r\u00f3mai kor<\/span><\/li>\n<li><span style=\"font-size: 14pt;\">Id\u0151tartam: 2026. augusztus 3-28.<\/span><\/li>\n<li><span style=\"font-size: 14pt;\">\u00c1sat\u00e1svezet\u0151: Prof. emer. Dr. Visy Zsolt<\/span><\/li>\n<li><span style=\"font-size: 14pt;\">L\u00e9tsz\u00e1m: 10 f\u0151<\/span><\/li>\n<li><span style=\"font-size: 14pt;\">Juttat\u00e1s: ki- \u00e9s visszautaz\u00e1s egy\u00e9nileg, a jegyek megt\u00e9r\u00edt\u00e9s\u00e9vel; sz\u00e1ll\u00e1s \u00e9s teljes ell\u00e1t\u00e1s; kir\u00e1ndul\u00e1s<\/span><\/li>\n<li><span style=\"font-size: 14pt;\">Jelentkez\u00e9si felt\u00e9telek:<br \/>\n&#8211; az \u00e1sat\u00e1sra els\u0151sorban r\u00e9g\u00e9szhallgat\u00f3k jelentkezhetnek, de m\u00e1s szakter\u00fcletek hallgat\u00f3i is bekapcsol\u00f3dhatnak a munk\u00e1ba<br \/>\n<\/span><span style=\"font-size: 14pt;\">&#8211; k\u00edv\u00e1natos az \u00e1sat\u00e1s teljes id\u0151tartam\u00e1ra val\u00f3 jelentkez\u00e9s, de indokolt esetben lehet\u0151s\u00e9g van az els\u0151 vagy m\u00e1sodik k\u00e9thetes id\u0151szakra is jelentkezni<\/span><\/li>\n<li><span style=\"font-size: 14pt;\">Jelentkezni a n\u00e9v, int\u00e9zm\u00e9ny, szak\/\u00e9vfolyam, valamint telefonsz\u00e1m \u00e9s e-postac\u00edm megad\u00e1s\u00e1val lehet a <strong>visy.zsolt@pte.hu<\/strong> c\u00edmen<\/span><\/li>\n<\/ul>\n<p><span style=\"font-size: 14pt;\">Tov\u00e1bbi r\u00e9szletek a felh\u00edv\u00e1son. Az al\u00e1bbi dokumentum <a href=\"http:\/\/regeszet.bibl.u-szeged.hu\/wp-content\/uploads\/2026\/03\/Asatas-Enlakan_2026.pdf\" target=\"_blank\" rel=\"noopener\">ide kattintva<\/a> pdf f\u00e1jlk\u00e9nt let\u00f6lthet\u0151.<\/span><\/p>\n<p><img loading=\"lazy\" decoding=\"async\" class=\"alignright wp-image-7200 size-full\" src=\"http:\/\/regeszet.bibl.u-szeged.hu\/wp-content\/uploads\/2026\/03\/Asatas-Enlakan_2026.jpg\" alt=\"\" width=\"1241\" height=\"1754\" srcset=\"https:\/\/regeszet.bibl.u-szeged.hu\/wp-content\/uploads\/2026\/03\/Asatas-Enlakan_2026.jpg 1241w, https:\/\/regeszet.bibl.u-szeged.hu\/wp-content\/uploads\/2026\/03\/Asatas-Enlakan_2026-212x300.jpg 212w, https:\/\/regeszet.bibl.u-szeged.hu\/wp-content\/uploads\/2026\/03\/Asatas-Enlakan_2026-725x1024.jpg 725w, https:\/\/regeszet.bibl.u-szeged.hu\/wp-content\/uploads\/2026\/03\/Asatas-Enlakan_2026-768x1085.jpg 768w, https:\/\/regeszet.bibl.u-szeged.hu\/wp-content\/uploads\/2026\/03\/Asatas-Enlakan_2026-1087x1536.jpg 1087w\" sizes=\"auto, (max-width: 1241px) 100vw, 1241px\" \/><\/p>\n<p>&nbsp;<\/p>\n<p>&nbsp;<\/p>\n","protected":false},"excerpt":{"rendered":"<p>\u00c1sat\u00e1si lehet\u0151s\u00e9g \u00c9nlak\u00e1n R\u00e9g\u00e9szhallgat\u00f3k jelentkez\u00e9s\u00e9t v\u00e1rj\u00e1k az \u00c9nlak\u00e1n tervezett felt\u00e1r\u00e1sra. Korszak: r\u00f3mai kor Id\u0151tartam: 2026. augusztus 3-28. \u00c1sat\u00e1svezet\u0151: Prof. emer. Dr. Visy Zsolt L\u00e9tsz\u00e1m: 10 f\u0151 Juttat\u00e1s: ki- \u00e9s visszautaz\u00e1s egy\u00e9nileg, a jegyek megt\u00e9r\u00edt\u00e9s\u00e9vel; sz\u00e1ll\u00e1s \u00e9s teljes ell\u00e1t\u00e1s; kir\u00e1ndul\u00e1s Jelentkez\u00e9si felt\u00e9telek: &#8211; az \u00e1sat\u00e1sra els\u0151sorban r\u00e9g\u00e9szhallgat\u00f3k jelentkezhetnek, de m\u00e1s szakter\u00fcletek hallgat\u00f3i is bekapcsol\u00f3dhatnak a munk\u00e1ba &hellip; <a href=\"https:\/\/regeszet.bibl.u-szeged.hu\/index.php\/hallgatoknak\/asatasi-lehetosegek\/\" class=\"more-link\"><span class=\"screen-reader-text\">\u00c1sat\u00e1si lehet\u0151s\u00e9gek<\/span> b\u0151vebben&#8230; <span class=\"meta-nav\">&rarr;<\/span><\/a><\/p>\n","protected":false},"author":1,"featured_media":0,"parent":64,"menu_order":3,"comment_status":"closed","ping_status":"closed","template":"","meta":{"footnotes":""},"class_list":["post-522","page","type-page","status-publish","hentry"],"_links":{"self":[{"href":"https:\/\/regeszet.bibl.u-szeged.hu\/index.php\/wp-json\/wp\/v2\/pages\/522","targetHints":{"allow":["GET"]}}],"collection":[{"href":"https:\/\/regeszet.bibl.u-szeged.hu\/index.php\/wp-json\/wp\/v2\/pages"}],"about":[{"href":"https:\/\/regeszet.bibl.u-szeged.hu\/index.php\/wp-json\/wp\/v2\/types\/page"}],"author":[{"embeddable":true,"href":"https:\/\/regeszet.bibl.u-szeged.hu\/index.php\/wp-json\/wp\/v2\/users\/1"}],"replies":[{"embeddable":true,"href":"https:\/\/regeszet.bibl.u-szeged.hu\/index.php\/wp-json\/wp\/v2\/comments?post=522"}],"version-history":[{"count":40,"href":"https:\/\/regeszet.bibl.u-szeged.hu\/index.php\/wp-json\/wp\/v2\/pages\/522\/revisions"}],"predecessor-version":[{"id":7202,"href":"https:\/\/regeszet.bibl.u-szeged.hu\/index.php\/wp-json\/wp\/v2\/pages\/522\/revisions\/7202"}],"up":[{"embeddable":true,"href":"https:\/\/regeszet.bibl.u-szeged.hu\/index.php\/wp-json\/wp\/v2\/pages\/64"}],"wp:attachment":[{"href":"https:\/\/regeszet.bibl.u-szeged.hu\/index.php\/wp-json\/wp\/v2\/media?parent=522"}],"curies":[{"name":"wp","href":"https:\/\/api.w.org\/{rel}","templated":true}]}}