{"id":524,"date":"2017-11-23T10:59:58","date_gmt":"2017-11-23T09:59:58","guid":{"rendered":"http:\/\/regeszet.bibl.u-szeged.hu\/?page_id=524"},"modified":"2024-10-11T12:33:57","modified_gmt":"2024-10-11T10:33:57","slug":"allaslehetoseg","status":"publish","type":"page","link":"https:\/\/regeszet.bibl.u-szeged.hu\/index.php\/hallgatoknak\/allaslehetoseg\/","title":{"rendered":"\u00c1ll\u00e1slehet\u0151s\u00e9g"},"content":{"rendered":"<div class=\"mceTemp\"><\/div>\n<h6>R\u00e9g\u00e9szeti \u00e1ll\u00e1slehet\u0151s\u00e9g N\u00e9metorsz\u00e1gban<\/h6>\n<p>N\u00e9met partner<strong> v\u00e9gz\u0151s r\u00e9g\u00e9szhallgat\u00f3k<\/strong> jelentkez\u00e9s\u00e9t v\u00e1rja terepi munkav\u00e9gz\u00e9sre.<\/p>\n<p><strong>A jelentkez\u0151k munkak\u00f6r\u00e9be tartoz\u00f3 feladatok: <\/strong>r\u00e9g\u00e9szeti munkav\u00e9gz\u00e9s optikai k\u00e1belfektet\u00e9s nyomvonal\u00e1n.<\/p>\n<p><strong>A munkav\u00e9gz\u00e9s helye: <\/strong>N\u00e9metorsz\u00e1g (kezd\u00e9s M\u00fcnchen k\u00f6rny\u00e9k\u00e9n)<\/p>\n<p><strong>Munkav\u00e9gz\u00e9s jellege:<\/strong><\/p>\n<ul>\n<li>\n<div>Bejelentett munkav\u00e9gz\u00e9s<\/div>\n<\/li>\n<li>\n<div>Heti 40, maximum 48 \u00f3ra munkaid\u0151<\/div>\n<\/li>\n<\/ul>\n<div><strong>P\u00e1ly\u00e1zati felt\u00e9tel: <\/strong>n\u00e9met vagy angol nyelvtud\u00e1s<\/div>\n<div><\/div>\n<p><strong>Amit biztos\u00edtanak:<\/strong><\/p>\n<ul>\n<li>\n<div>Sz\u00e1ll\u00e1s<\/div>\n<\/li>\n<li>\n<div>Sz\u00e1ll\u00e1st\u00f3l a munkav\u00e9gz\u00e9s hely\u00e9re t\u00f6rt\u00e9n\u0151 utaz\u00e1s<\/div>\n<\/li>\n<li>\n<div>K\u00e9zi szersz\u00e1mok (de saj\u00e1t eszk\u00f6zt is lehet vinni)<\/div>\n<\/li>\n<li>Munkaruha (a munkab\u00e9rb\u0151l levon\u00e1sra ker\u00fcl)<\/li>\n<li>A ki- \u00e9s hazautaz\u00e1s k\u00f6lts\u00e9geihez is hozz\u00e1j\u00e1rulnak, de ez m\u00e9g egyeztet\u00e9s alatt \u00e1ll.<\/li>\n<\/ul>\n<p><strong>B\u00e9rez\u00e9s:<\/strong><\/p>\n<ul>\n<li>Nett\u00f3 14 eur\/\u00f3ra<\/li>\n<\/ul>\n<p><strong>Tov\u00e1bbi inform\u00e1ci\u00f3k:<\/strong><\/p>\n<ul>\n<li>\n<div>N\u00e9metorsz\u00e1g eg\u00e9sz ter\u00fclet\u00e9n (kezd\u00e9s M\u00fcnchen k\u00f6rny\u00e9k\u00e9n) optikai k\u00e1belfektet\u00e9s t\u00f6rt\u00e9nik, a munkav\u00e9gz\u00e9s ezen a nyomvonalon van.<\/div>\n<\/li>\n<li>\n<div>A sz\u00e1ll\u00e1s 30 km-es k\u00f6rzet\u00e9ben egyszerre t\u00f6bb helyen t\u00f6rt\u00e9nik a munkav\u00e9gz\u00e9s.<\/div>\n<\/li>\n<li>\n<div>1 helyen 8 seg\u00e9dmunk\u00e1s mell\u00e9 2-4 r\u00e9g\u00e9szre van sz\u00fcks\u00e9g.<\/div>\n<\/li>\n<li>Kezd\u00e9sn\u00e9l 2-4 f\u0151 r\u00e9g\u00e9szre van sz\u00fcks\u00e9g, mely l\u00e9tsz\u00e1m folyamatosan b\u0151v\u00fcl.<\/li>\n<li>\n<div>Munkav\u00e9gz\u00e9s es\u0151ben is folyik, kiv\u00e9ve, ha az ir\u00e1ny\u00edt\u00e1s \u00fagy d\u00f6nt, hogy m\u00e9gsem (ezekre a napokra az \u00e1ll\u00e1s id\u0151 t\u00e1rgyal\u00e1s alatt \u00e1ll).<\/div>\n<\/li>\n<li>\n<div>Munkaruha egys\u00e9ges, amit biztos\u00edtanak, viszont az \u00e9rt\u00e9ke a munkab\u00e9rb\u0151l levon\u00e1sra ker\u00fcl (a munkaruha, illetve a bakancs j\u00f3 min\u0151s\u00e9g\u0171). S3 v\u00e9d\u0151bakancs 12-14.000,- Ft, b\u00e9lelt nadr\u00e1g 16.000,- Ft, b\u00e9lelt kab\u00e1t 16.000,- Ft, ork\u00e1n es\u0151ruha 5.000,- Ft.<\/div>\n<\/li>\n<li>\n<div>A munkav\u00e9gz\u00e9st egy \u00e1llami c\u00e9g fel\u00fcgyeli, alkoholfogyaszt\u00e1sn\u00e1l z\u00e9r\u00f3 tolerancia.<\/div>\n<\/li>\n<li>A munkab\u00e9r kifizet\u00e9se havonta utal\u00e1ssal t\u00f6rt\u00e9nik, el\u0151leg felv\u00e9tel\u00e9re van lehet\u0151s\u00e9g.<\/li>\n<\/ul>\n<p><strong>Munkakezd\u00e9s:<\/strong> a munkakezd\u00e9s 2 h\u00e9t m\u00falva esed\u00e9kes (2024. okt\u00f3ber 10-hez k\u00e9pest), a kezd\u00e9sn\u00e9l 2-4 f\u0151 r\u00e9g\u00e9szre van sz\u00fcks\u00e9g, mely l\u00e9tsz\u00e1m folyamatosan b\u0151v\u00fcl.<\/p>\n<p><strong>Jelentkez\u00e9s, tov\u00e1bbi inform\u00e1ci\u00f3:<br \/>\n<\/strong>Madar\u00e1sz K\u00e1roly +36 20 380 1200<\/p>\n","protected":false},"excerpt":{"rendered":"<p>R\u00e9g\u00e9szeti \u00e1ll\u00e1slehet\u0151s\u00e9g N\u00e9metorsz\u00e1gban N\u00e9met partner v\u00e9gz\u0151s r\u00e9g\u00e9szhallgat\u00f3k jelentkez\u00e9s\u00e9t v\u00e1rja terepi munkav\u00e9gz\u00e9sre. A jelentkez\u0151k munkak\u00f6r\u00e9be tartoz\u00f3 feladatok: r\u00e9g\u00e9szeti munkav\u00e9gz\u00e9s optikai k\u00e1belfektet\u00e9s nyomvonal\u00e1n. A munkav\u00e9gz\u00e9s helye: N\u00e9metorsz\u00e1g (kezd\u00e9s M\u00fcnchen k\u00f6rny\u00e9k\u00e9n) Munkav\u00e9gz\u00e9s jellege: Bejelentett munkav\u00e9gz\u00e9s Heti 40, maximum 48 \u00f3ra munkaid\u0151 P\u00e1ly\u00e1zati felt\u00e9tel: n\u00e9met vagy angol nyelvtud\u00e1s Amit biztos\u00edtanak: Sz\u00e1ll\u00e1s Sz\u00e1ll\u00e1st\u00f3l a munkav\u00e9gz\u00e9s hely\u00e9re t\u00f6rt\u00e9n\u0151 utaz\u00e1s K\u00e9zi szersz\u00e1mok &hellip; <a href=\"https:\/\/regeszet.bibl.u-szeged.hu\/index.php\/hallgatoknak\/allaslehetoseg\/\" class=\"more-link\"><span class=\"screen-reader-text\">\u00c1ll\u00e1slehet\u0151s\u00e9g<\/span> b\u0151vebben&#8230; <span class=\"meta-nav\">&rarr;<\/span><\/a><\/p>\n","protected":false},"author":1,"featured_media":0,"parent":64,"menu_order":4,"comment_status":"closed","ping_status":"closed","template":"","meta":{"footnotes":""},"class_list":["post-524","page","type-page","status-publish","hentry"],"_links":{"self":[{"href":"https:\/\/regeszet.bibl.u-szeged.hu\/index.php\/wp-json\/wp\/v2\/pages\/524","targetHints":{"allow":["GET"]}}],"collection":[{"href":"https:\/\/regeszet.bibl.u-szeged.hu\/index.php\/wp-json\/wp\/v2\/pages"}],"about":[{"href":"https:\/\/regeszet.bibl.u-szeged.hu\/index.php\/wp-json\/wp\/v2\/types\/page"}],"author":[{"embeddable":true,"href":"https:\/\/regeszet.bibl.u-szeged.hu\/index.php\/wp-json\/wp\/v2\/users\/1"}],"replies":[{"embeddable":true,"href":"https:\/\/regeszet.bibl.u-szeged.hu\/index.php\/wp-json\/wp\/v2\/comments?post=524"}],"version-history":[{"count":6,"href":"https:\/\/regeszet.bibl.u-szeged.hu\/index.php\/wp-json\/wp\/v2\/pages\/524\/revisions"}],"predecessor-version":[{"id":5618,"href":"https:\/\/regeszet.bibl.u-szeged.hu\/index.php\/wp-json\/wp\/v2\/pages\/524\/revisions\/5618"}],"up":[{"embeddable":true,"href":"https:\/\/regeszet.bibl.u-szeged.hu\/index.php\/wp-json\/wp\/v2\/pages\/64"}],"wp:attachment":[{"href":"https:\/\/regeszet.bibl.u-szeged.hu\/index.php\/wp-json\/wp\/v2\/media?parent=524"}],"curies":[{"name":"wp","href":"https:\/\/api.w.org\/{rel}","templated":true}]}}