{"id":5347,"date":"2023-03-30T10:31:08","date_gmt":"2023-03-30T08:31:08","guid":{"rendered":"https:\/\/regeszet.bibl.u-szeged.hu\/?page_id=5347"},"modified":"2023-03-30T10:31:08","modified_gmt":"2023-03-30T08:31:08","slug":"2022-2023","status":"publish","type":"page","link":"https:\/\/regeszet.bibl.u-szeged.hu\/index.php\/partiscon-tdk\/tanszeki-kirandulas\/2022-2023\/","title":{"rendered":"2022\/2023"},"content":{"rendered":"<p><strong>Tansz\u00e9ki kir\u00e1ndul\u00e1s a Dun\u00e1nt\u00falon<\/strong><\/p>\n<p>Hossz\u00fa, t\u00f6bb \u00e9ves k\u00e9nyszer\u0171 kihagy\u00e1s ut\u00e1n 2023. m\u00e1rcius 16. \u00e9s 19. k\u00f6z\u00f6tt \u00fajb\u00f3l \u00fatra kelt\u00fcnk a hallgat\u00f3inkkal. A n\u00e9gy napos tansz\u00e9ki kir\u00e1ndul\u00e1s keret\u00e9ben Visegr\u00e1dra, Esztergomba, Tat\u00e1ra, V\u00e9rtessz\u0151l\u0151sre, Zs\u00e1mb\u00e9kra, Gy\u0151rbe, Pozsonyba, L\u00e9b\u00e9nybe \u00e9s Pannonhalm\u00e1ra l\u00e1togattunk el.<\/p>\n<p>Szervez\u0151k: Megyesi \u00c1kos, So\u00f3s Roland<br \/>\nFot\u00f3: Szikszer B\u00e1lint<\/p>\n<div class=\"rgg-container\" data-rgg-id=\"1\">    <div class=\"rgg-imagegrid captions-title captions-effect-none \" data-rgg-id=\"1\">\n                    <a href=\"https:\/\/regeszet.bibl.u-szeged.hu\/wp-content\/uploads\/2023\/03\/29-768x1024.jpg\" data-rel=\"rgg\" rel=\"rgg\" title=\"\" class=\"rgg-disabled size-medium rgg-img\" data-src=\"https:\/\/regeszet.bibl.u-szeged.hu\/wp-content\/uploads\/2023\/03\/29-225x300.jpg\" data-ratio=\"0.75\" data-height=\"300\" data-width=\"225\" aria-label=\"\">\n                            <\/a>\n                    <a href=\"https:\/\/regeszet.bibl.u-szeged.hu\/wp-content\/uploads\/2023\/03\/20-1024x768.jpg\" data-rel=\"rgg\" rel=\"rgg\" title=\"\" class=\"rgg-disabled size-medium rgg-img\" data-src=\"https:\/\/regeszet.bibl.u-szeged.hu\/wp-content\/uploads\/2023\/03\/20-300x225.jpg\" data-ratio=\"1.3333333333333\" data-height=\"225\" data-width=\"300\" aria-label=\"\">\n                            <\/a>\n                    <a href=\"https:\/\/regeszet.bibl.u-szeged.hu\/wp-content\/uploads\/2023\/03\/12-1024x768.jpg\" data-rel=\"rgg\" rel=\"rgg\" title=\"\" class=\"rgg-disabled size-medium rgg-img\" data-src=\"https:\/\/regeszet.bibl.u-szeged.hu\/wp-content\/uploads\/2023\/03\/12-300x225.jpg\" data-ratio=\"1.3333333333333\" data-height=\"225\" data-width=\"300\" aria-label=\"\">\n                            <\/a>\n                    <a href=\"https:\/\/regeszet.bibl.u-szeged.hu\/wp-content\/uploads\/2023\/03\/11-1024x768.jpg\" data-rel=\"rgg\" rel=\"rgg\" title=\"\" class=\"rgg-disabled size-medium rgg-img\" data-src=\"https:\/\/regeszet.bibl.u-szeged.hu\/wp-content\/uploads\/2023\/03\/11-300x225.jpg\" data-ratio=\"1.3333333333333\" data-height=\"225\" data-width=\"300\" aria-label=\"\">\n                            <\/a>\n                    <a href=\"https:\/\/regeszet.bibl.u-szeged.hu\/wp-content\/uploads\/2023\/03\/04-1024x768.jpg\" data-rel=\"rgg\" rel=\"rgg\" title=\"\" class=\"rgg-disabled size-medium rgg-img\" data-src=\"https:\/\/regeszet.bibl.u-szeged.hu\/wp-content\/uploads\/2023\/03\/04-300x225.jpg\" data-ratio=\"1.3333333333333\" data-height=\"225\" data-width=\"300\" aria-label=\"\">\n                            <\/a>\n                    <a href=\"https:\/\/regeszet.bibl.u-szeged.hu\/wp-content\/uploads\/2023\/03\/02-1024x768.jpg\" data-rel=\"rgg\" rel=\"rgg\" title=\"\" class=\"rgg-disabled size-medium rgg-img\" data-src=\"https:\/\/regeszet.bibl.u-szeged.hu\/wp-content\/uploads\/2023\/03\/02-300x225.jpg\" data-ratio=\"1.3333333333333\" data-height=\"225\" data-width=\"300\" aria-label=\"\">\n                            <\/a>\n                    <a href=\"https:\/\/regeszet.bibl.u-szeged.hu\/wp-content\/uploads\/2023\/03\/30-1024x768.jpg\" data-rel=\"rgg\" rel=\"rgg\" title=\"\" class=\"rgg-disabled size-medium rgg-img\" data-src=\"https:\/\/regeszet.bibl.u-szeged.hu\/wp-content\/uploads\/2023\/03\/30-300x225.jpg\" data-ratio=\"1.3333333333333\" data-height=\"225\" data-width=\"300\" aria-label=\"\">\n                            <\/a>\n                    <a href=\"https:\/\/regeszet.bibl.u-szeged.hu\/wp-content\/uploads\/2023\/03\/01-768x1024.jpg\" data-rel=\"rgg\" rel=\"rgg\" title=\"\" class=\"rgg-disabled size-medium rgg-img\" data-src=\"https:\/\/regeszet.bibl.u-szeged.hu\/wp-content\/uploads\/2023\/03\/01-225x300.jpg\" data-ratio=\"0.75\" data-height=\"300\" data-width=\"225\" aria-label=\"\">\n                            <\/a>\n            <\/div>\n<\/div>\n","protected":false},"excerpt":{"rendered":"<p>Tansz\u00e9ki kir\u00e1ndul\u00e1s a Dun\u00e1nt\u00falon Hossz\u00fa, t\u00f6bb \u00e9ves k\u00e9nyszer\u0171 kihagy\u00e1s ut\u00e1n 2023. m\u00e1rcius 16. \u00e9s 19. k\u00f6z\u00f6tt \u00fajb\u00f3l \u00fatra kelt\u00fcnk a hallgat\u00f3inkkal. A n\u00e9gy napos tansz\u00e9ki kir\u00e1ndul\u00e1s keret\u00e9ben Visegr\u00e1dra, Esztergomba, Tat\u00e1ra, V\u00e9rtessz\u0151l\u0151sre, Zs\u00e1mb\u00e9kra, Gy\u0151rbe, Pozsonyba, L\u00e9b\u00e9nybe \u00e9s Pannonhalm\u00e1ra l\u00e1togattunk el. Szervez\u0151k: Megyesi \u00c1kos, So\u00f3s Roland Fot\u00f3: Szikszer B\u00e1lint<\/p>\n","protected":false},"author":1,"featured_media":0,"parent":223,"menu_order":0,"comment_status":"closed","ping_status":"closed","template":"","meta":{"footnotes":""},"class_list":["post-5347","page","type-page","status-publish","hentry"],"_links":{"self":[{"href":"https:\/\/regeszet.bibl.u-szeged.hu\/index.php\/wp-json\/wp\/v2\/pages\/5347","targetHints":{"allow":["GET"]}}],"collection":[{"href":"https:\/\/regeszet.bibl.u-szeged.hu\/index.php\/wp-json\/wp\/v2\/pages"}],"about":[{"href":"https:\/\/regeszet.bibl.u-szeged.hu\/index.php\/wp-json\/wp\/v2\/types\/page"}],"author":[{"embeddable":true,"href":"https:\/\/regeszet.bibl.u-szeged.hu\/index.php\/wp-json\/wp\/v2\/users\/1"}],"replies":[{"embeddable":true,"href":"https:\/\/regeszet.bibl.u-szeged.hu\/index.php\/wp-json\/wp\/v2\/comments?post=5347"}],"version-history":[{"count":1,"href":"https:\/\/regeszet.bibl.u-szeged.hu\/index.php\/wp-json\/wp\/v2\/pages\/5347\/revisions"}],"predecessor-version":[{"id":5362,"href":"https:\/\/regeszet.bibl.u-szeged.hu\/index.php\/wp-json\/wp\/v2\/pages\/5347\/revisions\/5362"}],"up":[{"embeddable":true,"href":"https:\/\/regeszet.bibl.u-szeged.hu\/index.php\/wp-json\/wp\/v2\/pages\/223"}],"wp:attachment":[{"href":"https:\/\/regeszet.bibl.u-szeged.hu\/index.php\/wp-json\/wp\/v2\/media?parent=5347"}],"curies":[{"name":"wp","href":"https:\/\/api.w.org\/{rel}","templated":true}]}}